{"id":90,"date":"2020-10-29T11:42:18","date_gmt":"2020-10-29T11:42:18","guid":{"rendered":"http:\/\/89.166.51.80\/~pohjoispaij\/rutalahti\/?page_id=90"},"modified":"2023-06-25T18:03:23","modified_gmt":"2023-06-25T18:03:23","slug":"luvanmyyjat-ja-lupakartta","status":"publish","type":"page","link":"https:\/\/pohjoispaijanteenkalatalousalue.fi\/rutalahti\/luvat\/luvanmyyjat-ja-lupakartta\/","title":{"rendered":"Luvanmyyj\u00e4t ja lupakartta"},"content":{"rendered":"\n<h2 class=\"wp-block-heading\">Luvanmyyj\u00e4t<\/h2>\n\n\n\n<p>Autokorjaamo Heinonen, 040 749 1369 &#8211; V\u00e4llyhoilontie 10, 41710 Rutalahti<br>Jouko Vanhatalo, puh. 040 566 8562 &#8211; Nisulan Kyl\u00e4tie 614, 41660 Toivakka<\/p>\n\n\n\n<p><a href=\"https:\/\/www.ostaluvat.fi\/lupa.tmpl?sivu_id=113&amp;id=1075\" target=\"_blank\" rel=\"noreferrer noopener\"><strong>Rutajoen luvat voit my\u00f6s ostaa verkosta t\u00e4st\u00e4 linkist\u00e4<\/strong><\/a><\/p>\n\n\n\n<figure class=\"wp-block-image size-full\"><img loading=\"lazy\" decoding=\"async\" width=\"1024\" height=\"724\" src=\"https:\/\/pohjoispaijanteenkalatalousalue.fi\/rutalahti\/wp-content\/uploads\/sites\/73\/2023\/06\/kartta-pdf-1024x724-1.jpg\" alt=\"\" class=\"wp-image-346\" srcset=\"https:\/\/pohjoispaijanteenkalatalousalue.fi\/rutalahti\/wp-content\/uploads\/sites\/73\/2023\/06\/kartta-pdf-1024x724-1.jpg 1024w, https:\/\/pohjoispaijanteenkalatalousalue.fi\/rutalahti\/wp-content\/uploads\/sites\/73\/2023\/06\/kartta-pdf-1024x724-1-300x212.jpg 300w, https:\/\/pohjoispaijanteenkalatalousalue.fi\/rutalahti\/wp-content\/uploads\/sites\/73\/2023\/06\/kartta-pdf-1024x724-1-768x543.jpg 768w\" sizes=\"auto, (max-width: 1024px) 100vw, 1024px\" \/><\/figure>\n","protected":false},"excerpt":{"rendered":"<p>Luvanmyyj\u00e4t Autokorjaamo Heinonen, 040 749 1369 &#8211; V\u00e4llyhoilontie 10, 41710 RutalahtiJouko Vanhatalo, puh. 040 566 8562 &#8211; Nisulan Kyl\u00e4tie 614, 41660 Toivakka Rutajoen luvat voit my\u00f6s ostaa verkosta t\u00e4st\u00e4 linkist\u00e4<\/p>\n","protected":false},"author":1,"featured_media":0,"parent":45,"menu_order":0,"comment_status":"closed","ping_status":"closed","template":"basic-sivu.php","meta":{"_acf_changed":false,"footnotes":""},"class_list":["post-90","page","type-page","status-publish","hentry"],"acf":[],"yoast_head":"<!-- This site is optimized with the Yoast SEO plugin v27.1.1 - https:\/\/yoast.com\/product\/yoast-seo-wordpress\/ -->\n<title>Luvanmyyj\u00e4t ja lupakartta - Rutalahden osakaskunta<\/title>\n<meta name=\"robots\" content=\"index, follow, max-snippet:-1, max-image-preview:large, max-video-preview:-1\" \/>\n<link rel=\"canonical\" href=\"https:\/\/pohjoispaijanteenkalatalousalue.fi\/rutalahti\/luvat\/luvanmyyjat-ja-lupakartta\/\" \/>\n<meta property=\"og:locale\" content=\"fi_FI\" \/>\n<meta property=\"og:type\" content=\"article\" \/>\n<meta property=\"og:title\" content=\"Luvanmyyj\u00e4t ja lupakartta - Rutalahden osakaskunta\" \/>\n<meta property=\"og:description\" content=\"Luvanmyyj\u00e4t Autokorjaamo Heinonen, 040 749 1369 &#8211; V\u00e4llyhoilontie 10, 41710 RutalahtiJouko Vanhatalo, puh. 040 566 8562 &#8211; Nisulan Kyl\u00e4tie 614, 41660 Toivakka Rutajoen luvat voit my\u00f6s ostaa verkosta t\u00e4st\u00e4 linkist\u00e4\" \/>\n<meta property=\"og:url\" content=\"https:\/\/pohjoispaijanteenkalatalousalue.fi\/rutalahti\/luvat\/luvanmyyjat-ja-lupakartta\/\" \/>\n<meta property=\"og:site_name\" content=\"Rutalahden osakaskunta\" \/>\n<meta property=\"article:modified_time\" content=\"2023-06-25T18:03:23+00:00\" \/>\n<meta property=\"og:image\" content=\"https:\/\/pohjoispaijanteenkalatalousalue.fi\/rutalahti\/wp-content\/uploads\/sites\/73\/2023\/06\/kartta-pdf-1024x724-1.jpg\" \/>\n<meta name=\"twitter:card\" content=\"summary_large_image\" \/>\n<meta name=\"twitter:label1\" content=\"Arvioitu lukuaika\" \/>\n\t<meta name=\"twitter:data1\" content=\"1 minuutti\" \/>\n<script type=\"application\/ld+json\" class=\"yoast-schema-graph\">{\"@context\":\"https:\/\/schema.org\",\"@graph\":[{\"@type\":\"WebPage\",\"@id\":\"https:\/\/pohjoispaijanteenkalatalousalue.fi\/rutalahti\/luvat\/luvanmyyjat-ja-lupakartta\/\",\"url\":\"https:\/\/pohjoispaijanteenkalatalousalue.fi\/rutalahti\/luvat\/luvanmyyjat-ja-lupakartta\/\",\"name\":\"Luvanmyyj\u00e4t ja lupakartta - Rutalahden osakaskunta\",\"isPartOf\":{\"@id\":\"https:\/\/pohjoispaijanteenkalatalousalue.fi\/rutalahti\/#website\"},\"primaryImageOfPage\":{\"@id\":\"https:\/\/pohjoispaijanteenkalatalousalue.fi\/rutalahti\/luvat\/luvanmyyjat-ja-lupakartta\/#primaryimage\"},\"image\":{\"@id\":\"https:\/\/pohjoispaijanteenkalatalousalue.fi\/rutalahti\/luvat\/luvanmyyjat-ja-lupakartta\/#primaryimage\"},\"thumbnailUrl\":\"https:\/\/pohjoispaijanteenkalatalousalue.fi\/rutalahti\/wp-content\/uploads\/sites\/73\/2023\/06\/kartta-pdf-1024x724-1.jpg\",\"datePublished\":\"2020-10-29T11:42:18+00:00\",\"dateModified\":\"2023-06-25T18:03:23+00:00\",\"breadcrumb\":{\"@id\":\"https:\/\/pohjoispaijanteenkalatalousalue.fi\/rutalahti\/luvat\/luvanmyyjat-ja-lupakartta\/#breadcrumb\"},\"inLanguage\":\"fi\",\"potentialAction\":[{\"@type\":\"ReadAction\",\"target\":[\"https:\/\/pohjoispaijanteenkalatalousalue.fi\/rutalahti\/luvat\/luvanmyyjat-ja-lupakartta\/\"]}]},{\"@type\":\"ImageObject\",\"inLanguage\":\"fi\",\"@id\":\"https:\/\/pohjoispaijanteenkalatalousalue.fi\/rutalahti\/luvat\/luvanmyyjat-ja-lupakartta\/#primaryimage\",\"url\":\"https:\/\/pohjoispaijanteenkalatalousalue.fi\/rutalahti\/wp-content\/uploads\/sites\/73\/2023\/06\/kartta-pdf-1024x724-1.jpg\",\"contentUrl\":\"https:\/\/pohjoispaijanteenkalatalousalue.fi\/rutalahti\/wp-content\/uploads\/sites\/73\/2023\/06\/kartta-pdf-1024x724-1.jpg\",\"width\":1024,\"height\":724},{\"@type\":\"BreadcrumbList\",\"@id\":\"https:\/\/pohjoispaijanteenkalatalousalue.fi\/rutalahti\/luvat\/luvanmyyjat-ja-lupakartta\/#breadcrumb\",\"itemListElement\":[{\"@type\":\"ListItem\",\"position\":1,\"name\":\"Home\",\"item\":\"https:\/\/pohjoispaijanteenkalatalousalue.fi\/rutalahti\/\"},{\"@type\":\"ListItem\",\"position\":2,\"name\":\"Luvat\",\"item\":\"https:\/\/pohjoispaijanteenkalatalousalue.fi\/rutalahti\/luvat\/\"},{\"@type\":\"ListItem\",\"position\":3,\"name\":\"Luvanmyyj\u00e4t ja lupakartta\"}]},{\"@type\":\"WebSite\",\"@id\":\"https:\/\/pohjoispaijanteenkalatalousalue.fi\/rutalahti\/#website\",\"url\":\"https:\/\/pohjoispaijanteenkalatalousalue.fi\/rutalahti\/\",\"name\":\"Rutalahden osakaskunta\",\"description\":\"\",\"potentialAction\":[{\"@type\":\"SearchAction\",\"target\":{\"@type\":\"EntryPoint\",\"urlTemplate\":\"https:\/\/pohjoispaijanteenkalatalousalue.fi\/rutalahti\/?s={search_term_string}\"},\"query-input\":{\"@type\":\"PropertyValueSpecification\",\"valueRequired\":true,\"valueName\":\"search_term_string\"}}],\"inLanguage\":\"fi\"}]}<\/script>\n<!-- \/ Yoast SEO plugin. -->","yoast_head_json":{"title":"Luvanmyyj\u00e4t ja lupakartta - Rutalahden osakaskunta","robots":{"index":"index","follow":"follow","max-snippet":"max-snippet:-1","max-image-preview":"max-image-preview:large","max-video-preview":"max-video-preview:-1"},"canonical":"https:\/\/pohjoispaijanteenkalatalousalue.fi\/rutalahti\/luvat\/luvanmyyjat-ja-lupakartta\/","og_locale":"fi_FI","og_type":"article","og_title":"Luvanmyyj\u00e4t ja lupakartta - Rutalahden osakaskunta","og_description":"Luvanmyyj\u00e4t Autokorjaamo Heinonen, 040 749 1369 &#8211; V\u00e4llyhoilontie 10, 41710 RutalahtiJouko Vanhatalo, puh. 040 566 8562 &#8211; Nisulan Kyl\u00e4tie 614, 41660 Toivakka Rutajoen luvat voit my\u00f6s ostaa verkosta t\u00e4st\u00e4 linkist\u00e4","og_url":"https:\/\/pohjoispaijanteenkalatalousalue.fi\/rutalahti\/luvat\/luvanmyyjat-ja-lupakartta\/","og_site_name":"Rutalahden osakaskunta","article_modified_time":"2023-06-25T18:03:23+00:00","og_image":[{"url":"https:\/\/pohjoispaijanteenkalatalousalue.fi\/rutalahti\/wp-content\/uploads\/sites\/73\/2023\/06\/kartta-pdf-1024x724-1.jpg","type":"","width":"","height":""}],"twitter_card":"summary_large_image","twitter_misc":{"Arvioitu lukuaika":"1 minuutti"},"schema":{"@context":"https:\/\/schema.org","@graph":[{"@type":"WebPage","@id":"https:\/\/pohjoispaijanteenkalatalousalue.fi\/rutalahti\/luvat\/luvanmyyjat-ja-lupakartta\/","url":"https:\/\/pohjoispaijanteenkalatalousalue.fi\/rutalahti\/luvat\/luvanmyyjat-ja-lupakartta\/","name":"Luvanmyyj\u00e4t ja lupakartta - Rutalahden osakaskunta","isPartOf":{"@id":"https:\/\/pohjoispaijanteenkalatalousalue.fi\/rutalahti\/#website"},"primaryImageOfPage":{"@id":"https:\/\/pohjoispaijanteenkalatalousalue.fi\/rutalahti\/luvat\/luvanmyyjat-ja-lupakartta\/#primaryimage"},"image":{"@id":"https:\/\/pohjoispaijanteenkalatalousalue.fi\/rutalahti\/luvat\/luvanmyyjat-ja-lupakartta\/#primaryimage"},"thumbnailUrl":"https:\/\/pohjoispaijanteenkalatalousalue.fi\/rutalahti\/wp-content\/uploads\/sites\/73\/2023\/06\/kartta-pdf-1024x724-1.jpg","datePublished":"2020-10-29T11:42:18+00:00","dateModified":"2023-06-25T18:03:23+00:00","breadcrumb":{"@id":"https:\/\/pohjoispaijanteenkalatalousalue.fi\/rutalahti\/luvat\/luvanmyyjat-ja-lupakartta\/#breadcrumb"},"inLanguage":"fi","potentialAction":[{"@type":"ReadAction","target":["https:\/\/pohjoispaijanteenkalatalousalue.fi\/rutalahti\/luvat\/luvanmyyjat-ja-lupakartta\/"]}]},{"@type":"ImageObject","inLanguage":"fi","@id":"https:\/\/pohjoispaijanteenkalatalousalue.fi\/rutalahti\/luvat\/luvanmyyjat-ja-lupakartta\/#primaryimage","url":"https:\/\/pohjoispaijanteenkalatalousalue.fi\/rutalahti\/wp-content\/uploads\/sites\/73\/2023\/06\/kartta-pdf-1024x724-1.jpg","contentUrl":"https:\/\/pohjoispaijanteenkalatalousalue.fi\/rutalahti\/wp-content\/uploads\/sites\/73\/2023\/06\/kartta-pdf-1024x724-1.jpg","width":1024,"height":724},{"@type":"BreadcrumbList","@id":"https:\/\/pohjoispaijanteenkalatalousalue.fi\/rutalahti\/luvat\/luvanmyyjat-ja-lupakartta\/#breadcrumb","itemListElement":[{"@type":"ListItem","position":1,"name":"Home","item":"https:\/\/pohjoispaijanteenkalatalousalue.fi\/rutalahti\/"},{"@type":"ListItem","position":2,"name":"Luvat","item":"https:\/\/pohjoispaijanteenkalatalousalue.fi\/rutalahti\/luvat\/"},{"@type":"ListItem","position":3,"name":"Luvanmyyj\u00e4t ja lupakartta"}]},{"@type":"WebSite","@id":"https:\/\/pohjoispaijanteenkalatalousalue.fi\/rutalahti\/#website","url":"https:\/\/pohjoispaijanteenkalatalousalue.fi\/rutalahti\/","name":"Rutalahden osakaskunta","description":"","potentialAction":[{"@type":"SearchAction","target":{"@type":"EntryPoint","urlTemplate":"https:\/\/pohjoispaijanteenkalatalousalue.fi\/rutalahti\/?s={search_term_string}"},"query-input":{"@type":"PropertyValueSpecification","valueRequired":true,"valueName":"search_term_string"}}],"inLanguage":"fi"}]}},"_links":{"self":[{"href":"https:\/\/pohjoispaijanteenkalatalousalue.fi\/rutalahti\/wp-json\/wp\/v2\/pages\/90","targetHints":{"allow":["GET"]}}],"collection":[{"href":"https:\/\/pohjoispaijanteenkalatalousalue.fi\/rutalahti\/wp-json\/wp\/v2\/pages"}],"about":[{"href":"https:\/\/pohjoispaijanteenkalatalousalue.fi\/rutalahti\/wp-json\/wp\/v2\/types\/page"}],"author":[{"embeddable":true,"href":"https:\/\/pohjoispaijanteenkalatalousalue.fi\/rutalahti\/wp-json\/wp\/v2\/users\/1"}],"replies":[{"embeddable":true,"href":"https:\/\/pohjoispaijanteenkalatalousalue.fi\/rutalahti\/wp-json\/wp\/v2\/comments?post=90"}],"version-history":[{"count":10,"href":"https:\/\/pohjoispaijanteenkalatalousalue.fi\/rutalahti\/wp-json\/wp\/v2\/pages\/90\/revisions"}],"predecessor-version":[{"id":347,"href":"https:\/\/pohjoispaijanteenkalatalousalue.fi\/rutalahti\/wp-json\/wp\/v2\/pages\/90\/revisions\/347"}],"up":[{"embeddable":true,"href":"https:\/\/pohjoispaijanteenkalatalousalue.fi\/rutalahti\/wp-json\/wp\/v2\/pages\/45"}],"wp:attachment":[{"href":"https:\/\/pohjoispaijanteenkalatalousalue.fi\/rutalahti\/wp-json\/wp\/v2\/media?parent=90"}],"curies":[{"name":"wp","href":"https:\/\/api.w.org\/{rel}","templated":true}]}}