{"id":86,"date":"2020-10-29T11:39:36","date_gmt":"2020-10-29T11:39:36","guid":{"rendered":"http:\/\/89.166.51.80\/~pohjoispaij\/rutalahti\/?page_id=86"},"modified":"2024-04-21T18:47:40","modified_gmt":"2024-04-21T18:47:40","slug":"lupamaksut-ja-ohjeet","status":"publish","type":"page","link":"https:\/\/pohjoispaijanteenkalatalousalue.fi\/rutalahti\/luvat\/lupamaksut-ja-ohjeet\/","title":{"rendered":"Kalastusohje"},"content":{"rendered":"\n<h2 class=\"wp-block-heading\">Lupamaksut ja ohjeet<\/h2>\n\n\n\n<p>RUTALAHDEN KALASTUSKUNNAN KALASTUSOHJEET<\/p>\n\n\n\n<p>Pdf-versio ladattavissa <a href=\"https:\/\/pohjoispaijanteenkalatalousalue.fi\/rutalahti\/wp-content\/uploads\/sites\/73\/2023\/05\/Rutalahden-osakaskunnan-kalastusohje.pdf\" target=\"_blank\" rel=\"noreferrer noopener\">t\u00e4st\u00e4<\/a>. Vastaava tieto my\u00f6s alla.<\/p>\n\n\n\n<p>Huom. Kuhan alamitassa t\u00e4ss\u00e4 versiossa virhe: Oikea lainmukainen kuhan alamitta 42 cm.<\/p>\n\n\n\n<div class=\"wp-block-group is-vertical is-layout-flex wp-container-core-group-is-layout-8cf370e7 wp-block-group-is-layout-flex\">\n<p><strong>Pyydysmerkkej\u00e4 ostettaessa:<\/strong><\/p>\n\n\n\n<ul class=\"wp-block-list\">\n<li>On esitett\u00e4v\u00e4 kalastuksenhoitomaksukuitti.<\/li>\n\n\n\n<li>Ilmoitettava ostajan tilan nimi ja rekisterinumero.<\/li>\n\n\n\n<li>Ilmoitettava, onko kalastuskunnan osakas vai ulkopuolinen kalastaja.<\/li>\n\n\n\n<li>Ulkopuolinen tai toinen henkil\u00f6 ei saa kalastaa toisen henkil\u00f6n merkill\u00e4 varustetuilla pyydyksill\u00e4.<\/li>\n<\/ul>\n<\/div>\n\n\n\n<div class=\"wp-block-group is-vertical is-layout-flex wp-container-core-group-is-layout-8cf370e7 wp-block-group-is-layout-flex\">\n<p><strong>Pyydysmerkkien hinta:<\/strong><\/p>\n\n\n\n<ul class=\"wp-block-list\">\n<li>Osakkaat 3 \u20ac\/kpl<\/li>\n\n\n\n<li>Ulkopuoliset 10 \u20ac\/kpl<\/li>\n<\/ul>\n<\/div>\n\n\n\n<div class=\"wp-block-group is-vertical is-layout-flex wp-container-core-group-is-layout-8cf370e7 wp-block-group-is-layout-flex\">\n<p><strong>Myyt\u00e4vien pyydysmerkkien m\u00e4\u00e4r\u00e4t:<\/strong><\/p>\n\n\n\n<ul class=\"wp-block-list\">\n<li>Kalastuskunnan osakkaalla on oikeus lunastaa enint\u00e4\u00e4n 10 pyydysmerkki\u00e4 (3 \u20ac\/kpl). Lis\u00e4ksi osakkaalla, jonka osuusluvun mukainen pyydysmerkkiyksikk\u00f6m\u00e4\u00e4r\u00e4 ylitt\u00e4\u00e4 10 pyydysyksikk\u00f6\u00e4, on oikeus lunastaa osuuslukuaan vastaava pyydysyksikk\u00f6m\u00e4\u00e4r\u00e4.<\/li>\n\n\n\n<li>Kalastuskunnan ulkopuolisille henkil\u00f6ille myyd\u00e4\u00e4n 5 pyydysmerkki\u00e4 vuodessa, 10 \u20ac\/kpl (erikoismerkit).<\/li>\n<\/ul>\n<\/div>\n\n\n\n<p><br><strong>Pyydysmerkkej\u00e4 jokaisessa pyydyksess\u00e4 oltava seuraavasti:<\/strong><\/p>\n\n\n\n<figure class=\"wp-block-table\"><table><tbody><tr><td>Rys\u00e4<\/td><td>korkeus 2 m tai alle<\/td><td><\/td><td>2 kpl<\/td><\/tr><tr><td>Rantarys\u00e4<\/td><td>korkeus alle 1 m<\/td><td><\/td><td>1 kpl<\/td><\/tr><tr><td>Verkko<\/td><td>3 m * 30 m tai alle<\/td><td><\/td><td>1 kpl<\/td><\/tr><tr><td>Verkko<\/td><td>korkeus yli 3 m ja pituus alle 30 m<\/td><td><\/td><td>2 kpl<\/td><\/tr><tr><td>Verkko<\/td><td>korkeus alle 3 m ja pituus 30 m &#8211; 60 m<\/td><td><\/td><td>2 kpl<\/td><\/tr><tr><td>Verkko<\/td><td>korkeus yli 3 m ja pituus 30 m &#8211; 60 m<\/td><td><\/td><td>4 kpl<\/td><\/tr><tr><td>Pitk\u00e4siima<\/td><td>100 koukkua<\/td><td><\/td><td>1 kpl<\/td><\/tr><tr><td>Kaikenlaiset koukut<\/td><td>5 koukkua<\/td><td><\/td><td>1 kpl<\/td><\/tr><tr><td>Tuulastus<\/td><td><\/td><td><\/td><td>1 kpl<\/td><\/tr><tr><td>Rapumerrat (osakkaat)<\/td><td>Ei ostorajoitusta rapumerkkeihin<\/td><td>1 \u20ac\/kpl<\/td><td>1 kpl<\/td><\/tr><tr><td>Rapumerrat (ulkopuoliset)<\/td><td>Ostorajoitus 20 kpl rapumerkkej\u00e4\/hl\u00f6<\/td><td>5 \u20ac\/kpl<\/td><td>1 kpl<\/td><\/tr><\/tbody><\/table><\/figure>\n\n\n\n<p>Sorsalupa osakkaille 20 \u20ac, ulkopuolisille 50 \u20ac<\/p>\n\n\n\n<p>Viehekalastus kalastuskunnan j\u00e4rvialueilla osakkaalle (ei koske vuokrattuja vesialueita) maksutonta (ei vieherajoitusta).<br>Ulkopuolisille viehelupa 10 \u20ac (ei koske P\u00e4ij\u00e4nnett\u00e4).<br>Ulkopuolisille lunastettava Pohjois-P\u00e4ij\u00e4nteen viehekalastuslupa esim. ahven.net.<br>Katiskalla osakkaat voivat kalastaa ilman pyydysmerkkej\u00e4, mutta katiskat on varustettava omistajan nimilapulla. Ulkopuolisille 3 \u20ac\/kpl.<\/p>\n\n\n\n<p>Ilman pyydysmerkkej\u00e4 olevavat tai vajain pyydysmerkein varustetut, sek\u00e4 nimilaputtomat pyydykset poistetaan kalastuksenvalvojan toimesta kalastuskunnan vesialueilla ilman ennakkovaraoitusta. Kyseisiss\u00e4 tapauksissa yhteytt\u00e4 voi ottaa Jouko Vanhataloon.<\/p>\n\n\n\n<p>Pyydykset on merkitt\u00e4v\u00e4 selv\u00e4sti n\u00e4kyvin merkein, kes\u00e4ll\u00e4 merkkipoijuin ja talvella avannon merkkirisulla. Pyydysmerkit tulee olla kiinni merkkipoijussa tai merkkirisulla. Lis\u00e4ksi on oltava selv\u00e4sti n\u00e4kyviss\u00e4 pyydysten omistajan nimilappu.<\/p>\n\n\n\n<div class=\"wp-block-group is-vertical is-layout-flex wp-container-core-group-is-layout-8cf370e7 wp-block-group-is-layout-flex\">\n<p><br><strong>Pyyntirajoitukset:<br>P\u00e4ij\u00e4nne<\/strong><\/p>\n\n\n\n<ul class=\"wp-block-list\">\n<li>Taululla merkityin linjan Rutapohjan puoleisella alueella verkkojen pit\u00e4minen on kielletty ymp\u00e4ri vuoden. Edell\u00e4 mainittu rajoitus laajenee ajalla 1.9.-31.12. linjalla Haukkavuoren kummeli &#8211; Madekallio. Lis\u00e4ksi verkkokalastus kielletty alle 55 mm:n verkoilla 1.4.-10.6.<\/li>\n\n\n\n<li>Verkkokalastus on kielletty ymp\u00e4ri vuoden Rutajoessa, Rutajoen v\u00e4lisuvannoissa ja Rutajoen luusuassa Rutaj\u00e4rven Kolkkapohjassa.<\/li>\n\n\n\n<li>Trooli- ja avorys\u00e4kalastus kiellet\u00e4\u00e4n ymp\u00e4ri vuoden Rutalahdella linjan Kipponiemi &#8211; P\u00e4ti\u00e4nsaaren etel\u00e4k\u00e4rki &#8211; Satokallion etel\u00e4puolella lahden kapeuden ja taimenen Rutajokeen nousun turvaaamisen vuoksi.<\/li>\n\n\n\n<li>1.5. &#8211; 30.6. t\u00e4ydellinen rauhoitus (rauhoitettu kaikelta kalastukselta) Lepp\u00e4luodoilla, jotka sijaitsevat Ravionlahdella poijuilla merkityll\u00e4 alueella.<\/li>\n\n\n\n<li>Kuoreen liippiminen sallittu vain osakkaille.<\/li>\n<\/ul>\n\n\n\n<div class=\"wp-block-group is-vertical is-layout-flex wp-container-core-group-is-layout-8cf370e7 wp-block-group-is-layout-flex\">\n<p><br><strong>Kivij\u00e4rvi ja Vihij\u00e4rvi<\/strong><\/p>\n\n\n\n<ul class=\"wp-block-list\">\n<li>Saa kalastaa enint\u00e4\u00e4n 5 verkolla\/osakas.<\/li>\n<\/ul>\n\n\n\n<p><br><strong>Vesilintujen mets\u00e4stys<\/strong><\/p>\n\n\n\n<ul class=\"wp-block-list\">\n<li>Kielletty P\u00e4ij\u00e4nteell\u00e4 Luotokivi, Pudotuslaituri, Rutajoki, Rutajoensuu ja Kemian laiturin sis\u00e4isell\u00e4 alueella.<\/li>\n<\/ul>\n<\/div>\n\n\n\n<div class=\"wp-block-group is-vertical is-layout-flex wp-container-core-group-is-layout-8cf370e7 wp-block-group-is-layout-flex\">\n<p><strong>Rutajoki<\/strong><\/p>\n\n\n\n<ul class=\"wp-block-list\">\n<li>Pyyntilupia myy Rutalahdessa Autokorjaamo J. Heinonen, V\u00e4llyhoilontie 10, 41710 Rutalahti, puh. 040 749 1369<\/li>\n\n\n\n<li>Verkkosivuilta: <a href=\"https:\/\/www.ostaluvat.fi\/\" target=\"_blank\" rel=\"noreferrer noopener\">https:\/\/www.ostaluvat.fi\/<\/a><\/li>\n<\/ul>\n<\/div>\n\n\n\n<p><\/p>\n\n\n\n<p><strong>Pyydysmerkkej\u00e4 myy:<br><\/strong>Jouko Vanhatalo, puh. 040 566 8562<\/p>\n<\/div>\n\n\n\n<div class=\"wp-block-group is-vertical is-layout-flex wp-container-core-group-is-layout-8cf370e7 wp-block-group-is-layout-flex\">\n<p><strong>TIEDOTE POHJOIS-P\u00c4IJ\u00c4NTEEN KALASTAJILLE<\/strong><\/p>\n\n\n\n<ul class=\"wp-block-list\">\n<li>Pohjois-P\u00e4ij\u00e4nteen kalastusalueella P\u00e4ij\u00e4nteess\u00e4 j\u00e4rvitaimenen alamitaksi m\u00e4\u00e4r\u00e4t\u00e4\u00e4n 60 cm, kuhan 42 cm, j\u00e4rvilohen 60 cm ja nieri\u00e4n 50 cm.<\/li>\n\n\n\n<li>Pohjois-P\u00e4ij\u00e4nteen kalastusalue kielt\u00e4\u00e4 solmuv\u00e4lilt\u00e4\u00e4n 41-54 mm verkkojen k\u00e4yt\u00f6n P\u00e4ij\u00e4nteess\u00e4 Rutalahden Osakaskunnan alueella. <\/li>\n\n\n\n<li>Kalastusalueen hallitus voi my\u00f6s erityisest\u00e4 syyst\u00e4 ja hakemuksesta my\u00f6nt\u00e4\u00e4 Kl 6 a \u00a7:n 2. mom. mukaisille kalastajille oikeuden poiketa n\u00e4ist\u00e4 m\u00e4\u00e4r\u00e4yksist\u00e4.<\/li>\n<\/ul>\n<\/div>\n","protected":false},"excerpt":{"rendered":"<p>Lupamaksut ja ohjeet RUTALAHDEN KALASTUSKUNNAN KALASTUSOHJEET Pdf-versio ladattavissa t\u00e4st\u00e4. Vastaava tieto my\u00f6s alla. Huom. Kuhan alamitassa t\u00e4ss\u00e4 versiossa virhe: Oikea lainmukainen kuhan alamitta 42 cm. Pyydysmerkkej\u00e4 ostettaessa: Pyydysmerkkien hinta: Myyt\u00e4vien pyydysmerkkien m\u00e4\u00e4r\u00e4t: Pyydysmerkkej\u00e4 jokaisessa pyydyksess\u00e4 oltava seuraavasti: Rys\u00e4 korkeus 2 m tai alle 2 kpl Rantarys\u00e4 korkeus alle 1 m 1 kpl Verkko 3 m<\/p>\n<p><a class=\"moretag\" href=\"https:\/\/pohjoispaijanteenkalatalousalue.fi\/rutalahti\/luvat\/lupamaksut-ja-ohjeet\/\"> Lue lis\u00e4\u00e4 ><\/a><\/p>\n","protected":false},"author":1,"featured_media":0,"parent":45,"menu_order":0,"comment_status":"closed","ping_status":"closed","template":"basic-sivu.php","meta":{"_acf_changed":false,"footnotes":""},"class_list":["post-86","page","type-page","status-publish","hentry"],"acf":[],"yoast_head":"<!-- This site is optimized with the Yoast SEO plugin v27.1.1 - https:\/\/yoast.com\/product\/yoast-seo-wordpress\/ -->\n<title>Kalastusohje - Rutalahden osakaskunta<\/title>\n<meta name=\"robots\" content=\"index, follow, max-snippet:-1, max-image-preview:large, max-video-preview:-1\" \/>\n<link rel=\"canonical\" href=\"https:\/\/pohjoispaijanteenkalatalousalue.fi\/rutalahti\/luvat\/lupamaksut-ja-ohjeet\/\" \/>\n<meta property=\"og:locale\" content=\"fi_FI\" \/>\n<meta property=\"og:type\" content=\"article\" \/>\n<meta property=\"og:title\" content=\"Kalastusohje - Rutalahden osakaskunta\" \/>\n<meta property=\"og:description\" content=\"Lupamaksut ja ohjeet RUTALAHDEN KALASTUSKUNNAN KALASTUSOHJEET Pdf-versio ladattavissa t\u00e4st\u00e4. Vastaava tieto my\u00f6s alla. Huom. Kuhan alamitassa t\u00e4ss\u00e4 versiossa virhe: Oikea lainmukainen kuhan alamitta 42 cm. Pyydysmerkkej\u00e4 ostettaessa: Pyydysmerkkien hinta: Myyt\u00e4vien pyydysmerkkien m\u00e4\u00e4r\u00e4t: Pyydysmerkkej\u00e4 jokaisessa pyydyksess\u00e4 oltava seuraavasti: Rys\u00e4 korkeus 2 m tai alle 2 kpl Rantarys\u00e4 korkeus alle 1 m 1 kpl Verkko 3 m Lue lis\u00e4\u00e4 &gt;\" \/>\n<meta property=\"og:url\" content=\"https:\/\/pohjoispaijanteenkalatalousalue.fi\/rutalahti\/luvat\/lupamaksut-ja-ohjeet\/\" \/>\n<meta property=\"og:site_name\" content=\"Rutalahden osakaskunta\" \/>\n<meta property=\"article:modified_time\" content=\"2024-04-21T18:47:40+00:00\" \/>\n<meta name=\"twitter:card\" content=\"summary_large_image\" \/>\n<meta name=\"twitter:label1\" content=\"Arvioitu lukuaika\" \/>\n\t<meta name=\"twitter:data1\" content=\"4 minuuttia\" \/>\n<script type=\"application\/ld+json\" class=\"yoast-schema-graph\">{\"@context\":\"https:\/\/schema.org\",\"@graph\":[{\"@type\":\"WebPage\",\"@id\":\"https:\/\/pohjoispaijanteenkalatalousalue.fi\/rutalahti\/luvat\/lupamaksut-ja-ohjeet\/\",\"url\":\"https:\/\/pohjoispaijanteenkalatalousalue.fi\/rutalahti\/luvat\/lupamaksut-ja-ohjeet\/\",\"name\":\"Kalastusohje - Rutalahden osakaskunta\",\"isPartOf\":{\"@id\":\"https:\/\/pohjoispaijanteenkalatalousalue.fi\/rutalahti\/#website\"},\"datePublished\":\"2020-10-29T11:39:36+00:00\",\"dateModified\":\"2024-04-21T18:47:40+00:00\",\"breadcrumb\":{\"@id\":\"https:\/\/pohjoispaijanteenkalatalousalue.fi\/rutalahti\/luvat\/lupamaksut-ja-ohjeet\/#breadcrumb\"},\"inLanguage\":\"fi\",\"potentialAction\":[{\"@type\":\"ReadAction\",\"target\":[\"https:\/\/pohjoispaijanteenkalatalousalue.fi\/rutalahti\/luvat\/lupamaksut-ja-ohjeet\/\"]}]},{\"@type\":\"BreadcrumbList\",\"@id\":\"https:\/\/pohjoispaijanteenkalatalousalue.fi\/rutalahti\/luvat\/lupamaksut-ja-ohjeet\/#breadcrumb\",\"itemListElement\":[{\"@type\":\"ListItem\",\"position\":1,\"name\":\"Home\",\"item\":\"https:\/\/pohjoispaijanteenkalatalousalue.fi\/rutalahti\/\"},{\"@type\":\"ListItem\",\"position\":2,\"name\":\"Luvat\",\"item\":\"https:\/\/pohjoispaijanteenkalatalousalue.fi\/rutalahti\/luvat\/\"},{\"@type\":\"ListItem\",\"position\":3,\"name\":\"Kalastusohje\"}]},{\"@type\":\"WebSite\",\"@id\":\"https:\/\/pohjoispaijanteenkalatalousalue.fi\/rutalahti\/#website\",\"url\":\"https:\/\/pohjoispaijanteenkalatalousalue.fi\/rutalahti\/\",\"name\":\"Rutalahden osakaskunta\",\"description\":\"\",\"potentialAction\":[{\"@type\":\"SearchAction\",\"target\":{\"@type\":\"EntryPoint\",\"urlTemplate\":\"https:\/\/pohjoispaijanteenkalatalousalue.fi\/rutalahti\/?s={search_term_string}\"},\"query-input\":{\"@type\":\"PropertyValueSpecification\",\"valueRequired\":true,\"valueName\":\"search_term_string\"}}],\"inLanguage\":\"fi\"}]}<\/script>\n<!-- \/ Yoast SEO plugin. -->","yoast_head_json":{"title":"Kalastusohje - Rutalahden osakaskunta","robots":{"index":"index","follow":"follow","max-snippet":"max-snippet:-1","max-image-preview":"max-image-preview:large","max-video-preview":"max-video-preview:-1"},"canonical":"https:\/\/pohjoispaijanteenkalatalousalue.fi\/rutalahti\/luvat\/lupamaksut-ja-ohjeet\/","og_locale":"fi_FI","og_type":"article","og_title":"Kalastusohje - Rutalahden osakaskunta","og_description":"Lupamaksut ja ohjeet RUTALAHDEN KALASTUSKUNNAN KALASTUSOHJEET Pdf-versio ladattavissa t\u00e4st\u00e4. Vastaava tieto my\u00f6s alla. Huom. Kuhan alamitassa t\u00e4ss\u00e4 versiossa virhe: Oikea lainmukainen kuhan alamitta 42 cm. Pyydysmerkkej\u00e4 ostettaessa: Pyydysmerkkien hinta: Myyt\u00e4vien pyydysmerkkien m\u00e4\u00e4r\u00e4t: Pyydysmerkkej\u00e4 jokaisessa pyydyksess\u00e4 oltava seuraavasti: Rys\u00e4 korkeus 2 m tai alle 2 kpl Rantarys\u00e4 korkeus alle 1 m 1 kpl Verkko 3 m Lue lis\u00e4\u00e4 >","og_url":"https:\/\/pohjoispaijanteenkalatalousalue.fi\/rutalahti\/luvat\/lupamaksut-ja-ohjeet\/","og_site_name":"Rutalahden osakaskunta","article_modified_time":"2024-04-21T18:47:40+00:00","twitter_card":"summary_large_image","twitter_misc":{"Arvioitu lukuaika":"4 minuuttia"},"schema":{"@context":"https:\/\/schema.org","@graph":[{"@type":"WebPage","@id":"https:\/\/pohjoispaijanteenkalatalousalue.fi\/rutalahti\/luvat\/lupamaksut-ja-ohjeet\/","url":"https:\/\/pohjoispaijanteenkalatalousalue.fi\/rutalahti\/luvat\/lupamaksut-ja-ohjeet\/","name":"Kalastusohje - Rutalahden osakaskunta","isPartOf":{"@id":"https:\/\/pohjoispaijanteenkalatalousalue.fi\/rutalahti\/#website"},"datePublished":"2020-10-29T11:39:36+00:00","dateModified":"2024-04-21T18:47:40+00:00","breadcrumb":{"@id":"https:\/\/pohjoispaijanteenkalatalousalue.fi\/rutalahti\/luvat\/lupamaksut-ja-ohjeet\/#breadcrumb"},"inLanguage":"fi","potentialAction":[{"@type":"ReadAction","target":["https:\/\/pohjoispaijanteenkalatalousalue.fi\/rutalahti\/luvat\/lupamaksut-ja-ohjeet\/"]}]},{"@type":"BreadcrumbList","@id":"https:\/\/pohjoispaijanteenkalatalousalue.fi\/rutalahti\/luvat\/lupamaksut-ja-ohjeet\/#breadcrumb","itemListElement":[{"@type":"ListItem","position":1,"name":"Home","item":"https:\/\/pohjoispaijanteenkalatalousalue.fi\/rutalahti\/"},{"@type":"ListItem","position":2,"name":"Luvat","item":"https:\/\/pohjoispaijanteenkalatalousalue.fi\/rutalahti\/luvat\/"},{"@type":"ListItem","position":3,"name":"Kalastusohje"}]},{"@type":"WebSite","@id":"https:\/\/pohjoispaijanteenkalatalousalue.fi\/rutalahti\/#website","url":"https:\/\/pohjoispaijanteenkalatalousalue.fi\/rutalahti\/","name":"Rutalahden osakaskunta","description":"","potentialAction":[{"@type":"SearchAction","target":{"@type":"EntryPoint","urlTemplate":"https:\/\/pohjoispaijanteenkalatalousalue.fi\/rutalahti\/?s={search_term_string}"},"query-input":{"@type":"PropertyValueSpecification","valueRequired":true,"valueName":"search_term_string"}}],"inLanguage":"fi"}]}},"_links":{"self":[{"href":"https:\/\/pohjoispaijanteenkalatalousalue.fi\/rutalahti\/wp-json\/wp\/v2\/pages\/86","targetHints":{"allow":["GET"]}}],"collection":[{"href":"https:\/\/pohjoispaijanteenkalatalousalue.fi\/rutalahti\/wp-json\/wp\/v2\/pages"}],"about":[{"href":"https:\/\/pohjoispaijanteenkalatalousalue.fi\/rutalahti\/wp-json\/wp\/v2\/types\/page"}],"author":[{"embeddable":true,"href":"https:\/\/pohjoispaijanteenkalatalousalue.fi\/rutalahti\/wp-json\/wp\/v2\/users\/1"}],"replies":[{"embeddable":true,"href":"https:\/\/pohjoispaijanteenkalatalousalue.fi\/rutalahti\/wp-json\/wp\/v2\/comments?post=86"}],"version-history":[{"count":14,"href":"https:\/\/pohjoispaijanteenkalatalousalue.fi\/rutalahti\/wp-json\/wp\/v2\/pages\/86\/revisions"}],"predecessor-version":[{"id":361,"href":"https:\/\/pohjoispaijanteenkalatalousalue.fi\/rutalahti\/wp-json\/wp\/v2\/pages\/86\/revisions\/361"}],"up":[{"embeddable":true,"href":"https:\/\/pohjoispaijanteenkalatalousalue.fi\/rutalahti\/wp-json\/wp\/v2\/pages\/45"}],"wp:attachment":[{"href":"https:\/\/pohjoispaijanteenkalatalousalue.fi\/rutalahti\/wp-json\/wp\/v2\/media?parent=86"}],"curies":[{"name":"wp","href":"https:\/\/api.w.org\/{rel}","templated":true}]}}