{"id":244,"date":"2023-03-10T17:17:35","date_gmt":"2023-03-10T17:17:35","guid":{"rendered":"https:\/\/pohjoispaijanteenkalatalousalue.fi\/rutalahti\/?page_id=244"},"modified":"2026-04-30T12:59:09","modified_gmt":"2026-04-30T12:59:09","slug":"ajankohtaista","status":"publish","type":"page","link":"https:\/\/pohjoispaijanteenkalatalousalue.fi\/rutalahti\/etusivu\/ajankohtaista\/","title":{"rendered":"Ajankohtaista"},"content":{"rendered":"\n<h3 class=\"wp-block-heading\">Ajankohtaista<\/h3>\n\n\n\n<p>Vuosikokousten p\u00f6yt\u00e4kirjat n\u00e4ht\u00e4vill\u00e4 <a href=\"https:\/\/pohjoispaijanteenkalatalousalue.fi\/rutalahti\/hallinto\/vuosikokous\/\" id=\"https:\/\/pohjoispaijanteenkalatalousalue.fi\/rutalahti\/hallinto\/vuosikokous\/\">t\u00e4\u00e4ll\u00e4<\/a><\/p>\n\n\n\n<p><a href=\"https:\/\/pohjoispaijanteenkalatalousalue.fi\/rutalahti\/2026\/03\/17\/rutajoen-kunnostus-2024\/\" id=\"https:\/\/pohjoispaijanteenkalatalousalue.fi\/rutalahti\/2026\/03\/17\/rutajoen-kunnostus-2024\/\">Rutajoen kunnostus 2024<\/a><\/p>\n\n\n\n<p><\/p>\n","protected":false},"excerpt":{"rendered":"<p>Ajankohtaista Vuosikokousten p\u00f6yt\u00e4kirjat n\u00e4ht\u00e4vill\u00e4 t\u00e4\u00e4ll\u00e4 Rutajoen kunnostus 2024<\/p>\n","protected":false},"author":46,"featured_media":0,"parent":2,"menu_order":0,"comment_status":"closed","ping_status":"closed","template":"","meta":{"_acf_changed":false,"footnotes":""},"class_list":["post-244","page","type-page","status-publish","hentry"],"acf":[],"yoast_head":"<!-- This site is optimized with the Yoast SEO plugin v27.1.1 - https:\/\/yoast.com\/product\/yoast-seo-wordpress\/ -->\n<title>Ajankohtaista - Rutalahden osakaskunta<\/title>\n<meta name=\"robots\" content=\"index, follow, max-snippet:-1, max-image-preview:large, max-video-preview:-1\" \/>\n<link rel=\"canonical\" href=\"https:\/\/pohjoispaijanteenkalatalousalue.fi\/rutalahti\/etusivu\/ajankohtaista\/\" \/>\n<meta property=\"og:locale\" content=\"fi_FI\" \/>\n<meta property=\"og:type\" content=\"article\" \/>\n<meta property=\"og:title\" content=\"Ajankohtaista - Rutalahden osakaskunta\" \/>\n<meta property=\"og:description\" content=\"Ajankohtaista Vuosikokousten p\u00f6yt\u00e4kirjat n\u00e4ht\u00e4vill\u00e4 t\u00e4\u00e4ll\u00e4 Rutajoen kunnostus 2024\" \/>\n<meta property=\"og:url\" content=\"https:\/\/pohjoispaijanteenkalatalousalue.fi\/rutalahti\/etusivu\/ajankohtaista\/\" \/>\n<meta property=\"og:site_name\" content=\"Rutalahden osakaskunta\" \/>\n<meta property=\"article:modified_time\" content=\"2026-04-30T12:59:09+00:00\" \/>\n<meta name=\"twitter:card\" content=\"summary_large_image\" \/>\n<meta name=\"twitter:label1\" content=\"Arvioitu lukuaika\" \/>\n\t<meta name=\"twitter:data1\" content=\"1 minuutti\" \/>\n<script type=\"application\/ld+json\" class=\"yoast-schema-graph\">{\"@context\":\"https:\/\/schema.org\",\"@graph\":[{\"@type\":\"WebPage\",\"@id\":\"https:\/\/pohjoispaijanteenkalatalousalue.fi\/rutalahti\/etusivu\/ajankohtaista\/\",\"url\":\"https:\/\/pohjoispaijanteenkalatalousalue.fi\/rutalahti\/etusivu\/ajankohtaista\/\",\"name\":\"Ajankohtaista - Rutalahden osakaskunta\",\"isPartOf\":{\"@id\":\"https:\/\/pohjoispaijanteenkalatalousalue.fi\/rutalahti\/#website\"},\"datePublished\":\"2023-03-10T17:17:35+00:00\",\"dateModified\":\"2026-04-30T12:59:09+00:00\",\"breadcrumb\":{\"@id\":\"https:\/\/pohjoispaijanteenkalatalousalue.fi\/rutalahti\/etusivu\/ajankohtaista\/#breadcrumb\"},\"inLanguage\":\"fi\",\"potentialAction\":[{\"@type\":\"ReadAction\",\"target\":[\"https:\/\/pohjoispaijanteenkalatalousalue.fi\/rutalahti\/etusivu\/ajankohtaista\/\"]}]},{\"@type\":\"BreadcrumbList\",\"@id\":\"https:\/\/pohjoispaijanteenkalatalousalue.fi\/rutalahti\/etusivu\/ajankohtaista\/#breadcrumb\",\"itemListElement\":[{\"@type\":\"ListItem\",\"position\":1,\"name\":\"Home\",\"item\":\"https:\/\/pohjoispaijanteenkalatalousalue.fi\/rutalahti\/\"},{\"@type\":\"ListItem\",\"position\":2,\"name\":\"Etusivu\",\"item\":\"https:\/\/pohjoispaijanteenkalatalousalue.fi\/rutalahti\/\"},{\"@type\":\"ListItem\",\"position\":3,\"name\":\"Ajankohtaista\"}]},{\"@type\":\"WebSite\",\"@id\":\"https:\/\/pohjoispaijanteenkalatalousalue.fi\/rutalahti\/#website\",\"url\":\"https:\/\/pohjoispaijanteenkalatalousalue.fi\/rutalahti\/\",\"name\":\"Rutalahden osakaskunta\",\"description\":\"\",\"potentialAction\":[{\"@type\":\"SearchAction\",\"target\":{\"@type\":\"EntryPoint\",\"urlTemplate\":\"https:\/\/pohjoispaijanteenkalatalousalue.fi\/rutalahti\/?s={search_term_string}\"},\"query-input\":{\"@type\":\"PropertyValueSpecification\",\"valueRequired\":true,\"valueName\":\"search_term_string\"}}],\"inLanguage\":\"fi\"}]}<\/script>\n<!-- \/ Yoast SEO plugin. -->","yoast_head_json":{"title":"Ajankohtaista - Rutalahden osakaskunta","robots":{"index":"index","follow":"follow","max-snippet":"max-snippet:-1","max-image-preview":"max-image-preview:large","max-video-preview":"max-video-preview:-1"},"canonical":"https:\/\/pohjoispaijanteenkalatalousalue.fi\/rutalahti\/etusivu\/ajankohtaista\/","og_locale":"fi_FI","og_type":"article","og_title":"Ajankohtaista - Rutalahden osakaskunta","og_description":"Ajankohtaista Vuosikokousten p\u00f6yt\u00e4kirjat n\u00e4ht\u00e4vill\u00e4 t\u00e4\u00e4ll\u00e4 Rutajoen kunnostus 2024","og_url":"https:\/\/pohjoispaijanteenkalatalousalue.fi\/rutalahti\/etusivu\/ajankohtaista\/","og_site_name":"Rutalahden osakaskunta","article_modified_time":"2026-04-30T12:59:09+00:00","twitter_card":"summary_large_image","twitter_misc":{"Arvioitu lukuaika":"1 minuutti"},"schema":{"@context":"https:\/\/schema.org","@graph":[{"@type":"WebPage","@id":"https:\/\/pohjoispaijanteenkalatalousalue.fi\/rutalahti\/etusivu\/ajankohtaista\/","url":"https:\/\/pohjoispaijanteenkalatalousalue.fi\/rutalahti\/etusivu\/ajankohtaista\/","name":"Ajankohtaista - Rutalahden osakaskunta","isPartOf":{"@id":"https:\/\/pohjoispaijanteenkalatalousalue.fi\/rutalahti\/#website"},"datePublished":"2023-03-10T17:17:35+00:00","dateModified":"2026-04-30T12:59:09+00:00","breadcrumb":{"@id":"https:\/\/pohjoispaijanteenkalatalousalue.fi\/rutalahti\/etusivu\/ajankohtaista\/#breadcrumb"},"inLanguage":"fi","potentialAction":[{"@type":"ReadAction","target":["https:\/\/pohjoispaijanteenkalatalousalue.fi\/rutalahti\/etusivu\/ajankohtaista\/"]}]},{"@type":"BreadcrumbList","@id":"https:\/\/pohjoispaijanteenkalatalousalue.fi\/rutalahti\/etusivu\/ajankohtaista\/#breadcrumb","itemListElement":[{"@type":"ListItem","position":1,"name":"Home","item":"https:\/\/pohjoispaijanteenkalatalousalue.fi\/rutalahti\/"},{"@type":"ListItem","position":2,"name":"Etusivu","item":"https:\/\/pohjoispaijanteenkalatalousalue.fi\/rutalahti\/"},{"@type":"ListItem","position":3,"name":"Ajankohtaista"}]},{"@type":"WebSite","@id":"https:\/\/pohjoispaijanteenkalatalousalue.fi\/rutalahti\/#website","url":"https:\/\/pohjoispaijanteenkalatalousalue.fi\/rutalahti\/","name":"Rutalahden osakaskunta","description":"","potentialAction":[{"@type":"SearchAction","target":{"@type":"EntryPoint","urlTemplate":"https:\/\/pohjoispaijanteenkalatalousalue.fi\/rutalahti\/?s={search_term_string}"},"query-input":{"@type":"PropertyValueSpecification","valueRequired":true,"valueName":"search_term_string"}}],"inLanguage":"fi"}]}},"_links":{"self":[{"href":"https:\/\/pohjoispaijanteenkalatalousalue.fi\/rutalahti\/wp-json\/wp\/v2\/pages\/244","targetHints":{"allow":["GET"]}}],"collection":[{"href":"https:\/\/pohjoispaijanteenkalatalousalue.fi\/rutalahti\/wp-json\/wp\/v2\/pages"}],"about":[{"href":"https:\/\/pohjoispaijanteenkalatalousalue.fi\/rutalahti\/wp-json\/wp\/v2\/types\/page"}],"author":[{"embeddable":true,"href":"https:\/\/pohjoispaijanteenkalatalousalue.fi\/rutalahti\/wp-json\/wp\/v2\/users\/46"}],"replies":[{"embeddable":true,"href":"https:\/\/pohjoispaijanteenkalatalousalue.fi\/rutalahti\/wp-json\/wp\/v2\/comments?post=244"}],"version-history":[{"count":19,"href":"https:\/\/pohjoispaijanteenkalatalousalue.fi\/rutalahti\/wp-json\/wp\/v2\/pages\/244\/revisions"}],"predecessor-version":[{"id":408,"href":"https:\/\/pohjoispaijanteenkalatalousalue.fi\/rutalahti\/wp-json\/wp\/v2\/pages\/244\/revisions\/408"}],"up":[{"embeddable":true,"href":"https:\/\/pohjoispaijanteenkalatalousalue.fi\/rutalahti\/wp-json\/wp\/v2\/pages\/2"}],"wp:attachment":[{"href":"https:\/\/pohjoispaijanteenkalatalousalue.fi\/rutalahti\/wp-json\/wp\/v2\/media?parent=244"}],"curies":[{"name":"wp","href":"https:\/\/api.w.org\/{rel}","templated":true}]}}