{"id":2,"date":"2020-10-22T07:32:51","date_gmt":"2020-10-22T07:32:51","guid":{"rendered":"http:\/\/89.166.51.80\/~pohjoispaij\/rutalahti\/?page_id=2"},"modified":"2026-04-30T12:59:59","modified_gmt":"2026-04-30T12:59:59","slug":"etusivu","status":"publish","type":"page","link":"https:\/\/pohjoispaijanteenkalatalousalue.fi\/rutalahti\/","title":{"rendered":"Etusivu"},"content":{"rendered":"\n<h2 class=\"wp-block-heading\">Tervetuloa Rutalahden osakaskuntaan<\/h2>\n\n\n\n<p>Osakaskunta sijaitsee Jyv\u00e4skyl\u00e4n, Joutsan ja Toivakan kuntien alueella P\u00e4ij\u00e4nteen Rutalahdessa. P\u00e4ij\u00e4nteen lis\u00e4ksi osakaskunnalla on vett\u00e4 mm. Vihij\u00e4rvess\u00e4, Rutaj\u00e4rvess\u00e4, Palosj\u00e4rvess\u00e4, Kivij\u00e4rvess\u00e4, S\u00e4rkij\u00e4rvess\u00e4, Siikaj\u00e4rvess\u00e4 ja Rutajoessa.<\/p>\n\n\n\n<p><strong>Rutalahden Osakaskunnan Vuosikokous pidettiin 21.4.2026 kello 18:00 Nisulan kyl\u00e4talolla osoitteessa Niemel\u00e4 19 41660 Toivakka<\/strong>. Katso <a href=\"https:\/\/pohjoispaijanteenkalatalousalue.fi\/rutalahti\/hallinto\/vuosikokous\/\">p\u00f6yt\u00e4kirja<\/a>. <\/p>\n\n\n\n<p><strong><a href=\"https:\/\/pohjoispaijanteenkalatalousalue.fi\/rutalahti\/etusivu\/ajankohtaista\/\">Ajankohtaista<\/a><\/strong><\/p>\n\n\n\n<h2 class=\"wp-block-heading\"><\/h2>\n","protected":false},"excerpt":{"rendered":"<p>Tervetuloa Rutalahden osakaskuntaan Osakaskunta sijaitsee Jyv\u00e4skyl\u00e4n, Joutsan ja Toivakan kuntien alueella P\u00e4ij\u00e4nteen Rutalahdessa. P\u00e4ij\u00e4nteen lis\u00e4ksi osakaskunnalla on vett\u00e4 mm. Vihij\u00e4rvess\u00e4, Rutaj\u00e4rvess\u00e4, Palosj\u00e4rvess\u00e4, Kivij\u00e4rvess\u00e4, S\u00e4rkij\u00e4rvess\u00e4, Siikaj\u00e4rvess\u00e4 ja Rutajoessa. Rutalahden Osakaskunnan Vuosikokous pidettiin 21.4.2026 kello 18:00 Nisulan kyl\u00e4talolla osoitteessa Niemel\u00e4 19 41660 Toivakka. Katso p\u00f6yt\u00e4kirja. Ajankohtaista<\/p>\n","protected":false},"author":1,"featured_media":0,"parent":0,"menu_order":0,"comment_status":"closed","ping_status":"open","template":"","meta":{"_acf_changed":false,"footnotes":""},"class_list":["post-2","page","type-page","status-publish","hentry"],"acf":[],"yoast_head":"<!-- This site is optimized with the Yoast SEO plugin v27.1.1 - https:\/\/yoast.com\/product\/yoast-seo-wordpress\/ -->\n<title>Etusivu - Rutalahden osakaskunta<\/title>\n<meta name=\"robots\" content=\"index, follow, max-snippet:-1, max-image-preview:large, max-video-preview:-1\" \/>\n<link rel=\"canonical\" href=\"https:\/\/pohjoispaijanteenkalatalousalue.fi\/rutalahti\/\" \/>\n<meta property=\"og:locale\" content=\"fi_FI\" \/>\n<meta property=\"og:type\" content=\"article\" \/>\n<meta property=\"og:title\" content=\"Etusivu - Rutalahden osakaskunta\" \/>\n<meta property=\"og:description\" content=\"Tervetuloa Rutalahden osakaskuntaan Osakaskunta sijaitsee Jyv\u00e4skyl\u00e4n, Joutsan ja Toivakan kuntien alueella P\u00e4ij\u00e4nteen Rutalahdessa. P\u00e4ij\u00e4nteen lis\u00e4ksi osakaskunnalla on vett\u00e4 mm. Vihij\u00e4rvess\u00e4, Rutaj\u00e4rvess\u00e4, Palosj\u00e4rvess\u00e4, Kivij\u00e4rvess\u00e4, S\u00e4rkij\u00e4rvess\u00e4, Siikaj\u00e4rvess\u00e4 ja Rutajoessa. Rutalahden Osakaskunnan Vuosikokous pidettiin 21.4.2026 kello 18:00 Nisulan kyl\u00e4talolla osoitteessa Niemel\u00e4 19 41660 Toivakka. Katso p\u00f6yt\u00e4kirja. Ajankohtaista\" \/>\n<meta property=\"og:url\" content=\"https:\/\/pohjoispaijanteenkalatalousalue.fi\/rutalahti\/\" \/>\n<meta property=\"og:site_name\" content=\"Rutalahden osakaskunta\" \/>\n<meta property=\"article:modified_time\" content=\"2026-04-30T12:59:59+00:00\" \/>\n<meta name=\"twitter:card\" content=\"summary_large_image\" \/>\n<meta name=\"twitter:label1\" content=\"Arvioitu lukuaika\" \/>\n\t<meta name=\"twitter:data1\" content=\"1 minuutti\" \/>\n<script type=\"application\/ld+json\" class=\"yoast-schema-graph\">{\"@context\":\"https:\/\/schema.org\",\"@graph\":[{\"@type\":\"WebPage\",\"@id\":\"https:\/\/pohjoispaijanteenkalatalousalue.fi\/rutalahti\/\",\"url\":\"https:\/\/pohjoispaijanteenkalatalousalue.fi\/rutalahti\/\",\"name\":\"Etusivu - Rutalahden osakaskunta\",\"isPartOf\":{\"@id\":\"https:\/\/pohjoispaijanteenkalatalousalue.fi\/rutalahti\/#website\"},\"datePublished\":\"2020-10-22T07:32:51+00:00\",\"dateModified\":\"2026-04-30T12:59:59+00:00\",\"breadcrumb\":{\"@id\":\"https:\/\/pohjoispaijanteenkalatalousalue.fi\/rutalahti\/#breadcrumb\"},\"inLanguage\":\"fi\",\"potentialAction\":[{\"@type\":\"ReadAction\",\"target\":[\"https:\/\/pohjoispaijanteenkalatalousalue.fi\/rutalahti\/\"]}]},{\"@type\":\"BreadcrumbList\",\"@id\":\"https:\/\/pohjoispaijanteenkalatalousalue.fi\/rutalahti\/#breadcrumb\",\"itemListElement\":[{\"@type\":\"ListItem\",\"position\":1,\"name\":\"Home\",\"item\":\"https:\/\/pohjoispaijanteenkalatalousalue.fi\/rutalahti\/\"},{\"@type\":\"ListItem\",\"position\":2,\"name\":\"Etusivu\"}]},{\"@type\":\"WebSite\",\"@id\":\"https:\/\/pohjoispaijanteenkalatalousalue.fi\/rutalahti\/#website\",\"url\":\"https:\/\/pohjoispaijanteenkalatalousalue.fi\/rutalahti\/\",\"name\":\"Rutalahden osakaskunta\",\"description\":\"\",\"potentialAction\":[{\"@type\":\"SearchAction\",\"target\":{\"@type\":\"EntryPoint\",\"urlTemplate\":\"https:\/\/pohjoispaijanteenkalatalousalue.fi\/rutalahti\/?s={search_term_string}\"},\"query-input\":{\"@type\":\"PropertyValueSpecification\",\"valueRequired\":true,\"valueName\":\"search_term_string\"}}],\"inLanguage\":\"fi\"}]}<\/script>\n<!-- \/ Yoast SEO plugin. -->","yoast_head_json":{"title":"Etusivu - Rutalahden osakaskunta","robots":{"index":"index","follow":"follow","max-snippet":"max-snippet:-1","max-image-preview":"max-image-preview:large","max-video-preview":"max-video-preview:-1"},"canonical":"https:\/\/pohjoispaijanteenkalatalousalue.fi\/rutalahti\/","og_locale":"fi_FI","og_type":"article","og_title":"Etusivu - Rutalahden osakaskunta","og_description":"Tervetuloa Rutalahden osakaskuntaan Osakaskunta sijaitsee Jyv\u00e4skyl\u00e4n, Joutsan ja Toivakan kuntien alueella P\u00e4ij\u00e4nteen Rutalahdessa. P\u00e4ij\u00e4nteen lis\u00e4ksi osakaskunnalla on vett\u00e4 mm. Vihij\u00e4rvess\u00e4, Rutaj\u00e4rvess\u00e4, Palosj\u00e4rvess\u00e4, Kivij\u00e4rvess\u00e4, S\u00e4rkij\u00e4rvess\u00e4, Siikaj\u00e4rvess\u00e4 ja Rutajoessa. Rutalahden Osakaskunnan Vuosikokous pidettiin 21.4.2026 kello 18:00 Nisulan kyl\u00e4talolla osoitteessa Niemel\u00e4 19 41660 Toivakka. Katso p\u00f6yt\u00e4kirja. Ajankohtaista","og_url":"https:\/\/pohjoispaijanteenkalatalousalue.fi\/rutalahti\/","og_site_name":"Rutalahden osakaskunta","article_modified_time":"2026-04-30T12:59:59+00:00","twitter_card":"summary_large_image","twitter_misc":{"Arvioitu lukuaika":"1 minuutti"},"schema":{"@context":"https:\/\/schema.org","@graph":[{"@type":"WebPage","@id":"https:\/\/pohjoispaijanteenkalatalousalue.fi\/rutalahti\/","url":"https:\/\/pohjoispaijanteenkalatalousalue.fi\/rutalahti\/","name":"Etusivu - Rutalahden osakaskunta","isPartOf":{"@id":"https:\/\/pohjoispaijanteenkalatalousalue.fi\/rutalahti\/#website"},"datePublished":"2020-10-22T07:32:51+00:00","dateModified":"2026-04-30T12:59:59+00:00","breadcrumb":{"@id":"https:\/\/pohjoispaijanteenkalatalousalue.fi\/rutalahti\/#breadcrumb"},"inLanguage":"fi","potentialAction":[{"@type":"ReadAction","target":["https:\/\/pohjoispaijanteenkalatalousalue.fi\/rutalahti\/"]}]},{"@type":"BreadcrumbList","@id":"https:\/\/pohjoispaijanteenkalatalousalue.fi\/rutalahti\/#breadcrumb","itemListElement":[{"@type":"ListItem","position":1,"name":"Home","item":"https:\/\/pohjoispaijanteenkalatalousalue.fi\/rutalahti\/"},{"@type":"ListItem","position":2,"name":"Etusivu"}]},{"@type":"WebSite","@id":"https:\/\/pohjoispaijanteenkalatalousalue.fi\/rutalahti\/#website","url":"https:\/\/pohjoispaijanteenkalatalousalue.fi\/rutalahti\/","name":"Rutalahden osakaskunta","description":"","potentialAction":[{"@type":"SearchAction","target":{"@type":"EntryPoint","urlTemplate":"https:\/\/pohjoispaijanteenkalatalousalue.fi\/rutalahti\/?s={search_term_string}"},"query-input":{"@type":"PropertyValueSpecification","valueRequired":true,"valueName":"search_term_string"}}],"inLanguage":"fi"}]}},"_links":{"self":[{"href":"https:\/\/pohjoispaijanteenkalatalousalue.fi\/rutalahti\/wp-json\/wp\/v2\/pages\/2","targetHints":{"allow":["GET"]}}],"collection":[{"href":"https:\/\/pohjoispaijanteenkalatalousalue.fi\/rutalahti\/wp-json\/wp\/v2\/pages"}],"about":[{"href":"https:\/\/pohjoispaijanteenkalatalousalue.fi\/rutalahti\/wp-json\/wp\/v2\/types\/page"}],"author":[{"embeddable":true,"href":"https:\/\/pohjoispaijanteenkalatalousalue.fi\/rutalahti\/wp-json\/wp\/v2\/users\/1"}],"replies":[{"embeddable":true,"href":"https:\/\/pohjoispaijanteenkalatalousalue.fi\/rutalahti\/wp-json\/wp\/v2\/comments?post=2"}],"version-history":[{"count":39,"href":"https:\/\/pohjoispaijanteenkalatalousalue.fi\/rutalahti\/wp-json\/wp\/v2\/pages\/2\/revisions"}],"predecessor-version":[{"id":409,"href":"https:\/\/pohjoispaijanteenkalatalousalue.fi\/rutalahti\/wp-json\/wp\/v2\/pages\/2\/revisions\/409"}],"wp:attachment":[{"href":"https:\/\/pohjoispaijanteenkalatalousalue.fi\/rutalahti\/wp-json\/wp\/v2\/media?parent=2"}],"curies":[{"name":"wp","href":"https:\/\/api.w.org\/{rel}","templated":true}]}}