{"id":158,"date":"2020-10-29T12:25:46","date_gmt":"2020-10-29T12:25:46","guid":{"rendered":"http:\/\/89.166.51.80\/~pohjoispaij\/rutalahti\/?page_id=158"},"modified":"2025-05-04T19:19:40","modified_gmt":"2025-05-04T19:19:40","slug":"vuosikokous","status":"publish","type":"page","link":"https:\/\/pohjoispaijanteenkalatalousalue.fi\/rutalahti\/hallinto\/vuosikokous\/","title":{"rendered":"Vuosikokous"},"content":{"rendered":"\n<h2 class=\"wp-block-heading\">Vuosikokous<\/h2>\n\n\n\n<p><strong>Vuosikokousmateriaali<\/strong><\/p>\n\n\n\n<p><a href=\"https:\/\/pohjoispaijanteenkalatalousalue.fi\/rutalahti\/wp-content\/uploads\/sites\/73\/2025\/05\/poytakirja2025.pdf\" target=\"_blank\" rel=\"noreferrer noopener\">Vuosikokouksen 2025 p\u00f6yt\u00e4kirja<\/a><\/p>\n\n\n\n<p><a href=\"https:\/\/pohjoispaijanteenkalatalousalue.fi\/rutalahti\/wp-content\/uploads\/sites\/73\/2024\/06\/vuosikokous2024poytakirja.pdf\" target=\"_blank\" rel=\"noreferrer noopener\">Vuosikokouksen 2024 p\u00f6yt\u00e4kirja<\/a><\/p>\n\n\n\n<p><a href=\"https:\/\/pohjoispaijanteenkalatalousalue.fi\/rutalahti\/wp-content\/uploads\/sites\/73\/2023\/04\/Vuosikokous_2023.pdf\" target=\"_blank\" rel=\"noreferrer noopener\">Vuosikokouksen 2023 p\u00f6yt\u00e4kirja<\/a><\/p>\n\n\n\n<p><a href=\"https:\/\/pohjoispaijanteenkalatalousalue.fi\/rutalahti\/wp-content\/uploads\/sites\/73\/2023\/04\/vuosikokous_2022.pdf\" target=\"_blank\" rel=\"noreferrer noopener\">Vuosikokouksen 2022 p\u00f6yt\u00e4kirja<\/a><\/p>\n\n\n\n<p><a href=\"https:\/\/pohjoispaijanteenkalatalousalue.fi\/rutalahti\/wp-content\/uploads\/sites\/73\/2023\/04\/vuosikokous_2021.pdf\" target=\"_blank\" rel=\"noreferrer noopener\">Vuosikokouksen 2021 p\u00f6yt\u00e4kirja<\/a><\/p>\n\n\n\n<p><a href=\"https:\/\/pohjoispaijanteenkalatalousalue.fi\/rutalahti\/wp-content\/uploads\/sites\/73\/2023\/05\/vuosikokous_2020.pdf\" target=\"_blank\" rel=\"noreferrer noopener\">Vuosikokouksen 2020 p\u00f6yt\u00e4kirja<\/a><\/p>\n\n\n\n<p><\/p>\n\n\n\n<p><\/p>\n\n\n\n<p><\/p>\n\n\n\n<p><\/p>\n","protected":false},"excerpt":{"rendered":"<p>Vuosikokous Vuosikokousmateriaali Vuosikokouksen 2025 p\u00f6yt\u00e4kirja Vuosikokouksen 2024 p\u00f6yt\u00e4kirja Vuosikokouksen 2023 p\u00f6yt\u00e4kirja Vuosikokouksen 2022 p\u00f6yt\u00e4kirja Vuosikokouksen 2021 p\u00f6yt\u00e4kirja Vuosikokouksen 2020 p\u00f6yt\u00e4kirja<\/p>\n","protected":false},"author":1,"featured_media":0,"parent":32,"menu_order":0,"comment_status":"closed","ping_status":"closed","template":"basic-sivu.php","meta":{"_acf_changed":false,"footnotes":""},"class_list":["post-158","page","type-page","status-publish","hentry"],"acf":[],"yoast_head":"<!-- This site is optimized with the Yoast SEO plugin v27.1.1 - https:\/\/yoast.com\/product\/yoast-seo-wordpress\/ -->\n<title>Vuosikokous - Rutalahden osakaskunta<\/title>\n<meta name=\"robots\" content=\"index, follow, max-snippet:-1, max-image-preview:large, max-video-preview:-1\" \/>\n<link rel=\"canonical\" href=\"https:\/\/pohjoispaijanteenkalatalousalue.fi\/rutalahti\/hallinto\/vuosikokous\/\" \/>\n<meta property=\"og:locale\" content=\"fi_FI\" \/>\n<meta property=\"og:type\" content=\"article\" \/>\n<meta property=\"og:title\" content=\"Vuosikokous - Rutalahden osakaskunta\" \/>\n<meta property=\"og:description\" content=\"Vuosikokous Vuosikokousmateriaali Vuosikokouksen 2025 p\u00f6yt\u00e4kirja Vuosikokouksen 2024 p\u00f6yt\u00e4kirja Vuosikokouksen 2023 p\u00f6yt\u00e4kirja Vuosikokouksen 2022 p\u00f6yt\u00e4kirja Vuosikokouksen 2021 p\u00f6yt\u00e4kirja Vuosikokouksen 2020 p\u00f6yt\u00e4kirja\" \/>\n<meta property=\"og:url\" content=\"https:\/\/pohjoispaijanteenkalatalousalue.fi\/rutalahti\/hallinto\/vuosikokous\/\" \/>\n<meta property=\"og:site_name\" content=\"Rutalahden osakaskunta\" \/>\n<meta property=\"article:modified_time\" content=\"2025-05-04T19:19:40+00:00\" \/>\n<meta name=\"twitter:card\" content=\"summary_large_image\" \/>\n<meta name=\"twitter:label1\" content=\"Arvioitu lukuaika\" \/>\n\t<meta name=\"twitter:data1\" content=\"1 minuutti\" \/>\n<script type=\"application\/ld+json\" class=\"yoast-schema-graph\">{\"@context\":\"https:\/\/schema.org\",\"@graph\":[{\"@type\":\"WebPage\",\"@id\":\"https:\/\/pohjoispaijanteenkalatalousalue.fi\/rutalahti\/hallinto\/vuosikokous\/\",\"url\":\"https:\/\/pohjoispaijanteenkalatalousalue.fi\/rutalahti\/hallinto\/vuosikokous\/\",\"name\":\"Vuosikokous - Rutalahden osakaskunta\",\"isPartOf\":{\"@id\":\"https:\/\/pohjoispaijanteenkalatalousalue.fi\/rutalahti\/#website\"},\"datePublished\":\"2020-10-29T12:25:46+00:00\",\"dateModified\":\"2025-05-04T19:19:40+00:00\",\"breadcrumb\":{\"@id\":\"https:\/\/pohjoispaijanteenkalatalousalue.fi\/rutalahti\/hallinto\/vuosikokous\/#breadcrumb\"},\"inLanguage\":\"fi\",\"potentialAction\":[{\"@type\":\"ReadAction\",\"target\":[\"https:\/\/pohjoispaijanteenkalatalousalue.fi\/rutalahti\/hallinto\/vuosikokous\/\"]}]},{\"@type\":\"BreadcrumbList\",\"@id\":\"https:\/\/pohjoispaijanteenkalatalousalue.fi\/rutalahti\/hallinto\/vuosikokous\/#breadcrumb\",\"itemListElement\":[{\"@type\":\"ListItem\",\"position\":1,\"name\":\"Home\",\"item\":\"https:\/\/pohjoispaijanteenkalatalousalue.fi\/rutalahti\/\"},{\"@type\":\"ListItem\",\"position\":2,\"name\":\"Yksityinen: Hallinto\",\"item\":\"https:\/\/pohjoispaijanteenkalatalousalue.fi\/rutalahti\/?page_id=32\"},{\"@type\":\"ListItem\",\"position\":3,\"name\":\"Vuosikokous\"}]},{\"@type\":\"WebSite\",\"@id\":\"https:\/\/pohjoispaijanteenkalatalousalue.fi\/rutalahti\/#website\",\"url\":\"https:\/\/pohjoispaijanteenkalatalousalue.fi\/rutalahti\/\",\"name\":\"Rutalahden osakaskunta\",\"description\":\"\",\"potentialAction\":[{\"@type\":\"SearchAction\",\"target\":{\"@type\":\"EntryPoint\",\"urlTemplate\":\"https:\/\/pohjoispaijanteenkalatalousalue.fi\/rutalahti\/?s={search_term_string}\"},\"query-input\":{\"@type\":\"PropertyValueSpecification\",\"valueRequired\":true,\"valueName\":\"search_term_string\"}}],\"inLanguage\":\"fi\"}]}<\/script>\n<!-- \/ Yoast SEO plugin. -->","yoast_head_json":{"title":"Vuosikokous - Rutalahden osakaskunta","robots":{"index":"index","follow":"follow","max-snippet":"max-snippet:-1","max-image-preview":"max-image-preview:large","max-video-preview":"max-video-preview:-1"},"canonical":"https:\/\/pohjoispaijanteenkalatalousalue.fi\/rutalahti\/hallinto\/vuosikokous\/","og_locale":"fi_FI","og_type":"article","og_title":"Vuosikokous - Rutalahden osakaskunta","og_description":"Vuosikokous Vuosikokousmateriaali Vuosikokouksen 2025 p\u00f6yt\u00e4kirja Vuosikokouksen 2024 p\u00f6yt\u00e4kirja Vuosikokouksen 2023 p\u00f6yt\u00e4kirja Vuosikokouksen 2022 p\u00f6yt\u00e4kirja Vuosikokouksen 2021 p\u00f6yt\u00e4kirja Vuosikokouksen 2020 p\u00f6yt\u00e4kirja","og_url":"https:\/\/pohjoispaijanteenkalatalousalue.fi\/rutalahti\/hallinto\/vuosikokous\/","og_site_name":"Rutalahden osakaskunta","article_modified_time":"2025-05-04T19:19:40+00:00","twitter_card":"summary_large_image","twitter_misc":{"Arvioitu lukuaika":"1 minuutti"},"schema":{"@context":"https:\/\/schema.org","@graph":[{"@type":"WebPage","@id":"https:\/\/pohjoispaijanteenkalatalousalue.fi\/rutalahti\/hallinto\/vuosikokous\/","url":"https:\/\/pohjoispaijanteenkalatalousalue.fi\/rutalahti\/hallinto\/vuosikokous\/","name":"Vuosikokous - Rutalahden osakaskunta","isPartOf":{"@id":"https:\/\/pohjoispaijanteenkalatalousalue.fi\/rutalahti\/#website"},"datePublished":"2020-10-29T12:25:46+00:00","dateModified":"2025-05-04T19:19:40+00:00","breadcrumb":{"@id":"https:\/\/pohjoispaijanteenkalatalousalue.fi\/rutalahti\/hallinto\/vuosikokous\/#breadcrumb"},"inLanguage":"fi","potentialAction":[{"@type":"ReadAction","target":["https:\/\/pohjoispaijanteenkalatalousalue.fi\/rutalahti\/hallinto\/vuosikokous\/"]}]},{"@type":"BreadcrumbList","@id":"https:\/\/pohjoispaijanteenkalatalousalue.fi\/rutalahti\/hallinto\/vuosikokous\/#breadcrumb","itemListElement":[{"@type":"ListItem","position":1,"name":"Home","item":"https:\/\/pohjoispaijanteenkalatalousalue.fi\/rutalahti\/"},{"@type":"ListItem","position":2,"name":"Yksityinen: Hallinto","item":"https:\/\/pohjoispaijanteenkalatalousalue.fi\/rutalahti\/?page_id=32"},{"@type":"ListItem","position":3,"name":"Vuosikokous"}]},{"@type":"WebSite","@id":"https:\/\/pohjoispaijanteenkalatalousalue.fi\/rutalahti\/#website","url":"https:\/\/pohjoispaijanteenkalatalousalue.fi\/rutalahti\/","name":"Rutalahden osakaskunta","description":"","potentialAction":[{"@type":"SearchAction","target":{"@type":"EntryPoint","urlTemplate":"https:\/\/pohjoispaijanteenkalatalousalue.fi\/rutalahti\/?s={search_term_string}"},"query-input":{"@type":"PropertyValueSpecification","valueRequired":true,"valueName":"search_term_string"}}],"inLanguage":"fi"}]}},"_links":{"self":[{"href":"https:\/\/pohjoispaijanteenkalatalousalue.fi\/rutalahti\/wp-json\/wp\/v2\/pages\/158","targetHints":{"allow":["GET"]}}],"collection":[{"href":"https:\/\/pohjoispaijanteenkalatalousalue.fi\/rutalahti\/wp-json\/wp\/v2\/pages"}],"about":[{"href":"https:\/\/pohjoispaijanteenkalatalousalue.fi\/rutalahti\/wp-json\/wp\/v2\/types\/page"}],"author":[{"embeddable":true,"href":"https:\/\/pohjoispaijanteenkalatalousalue.fi\/rutalahti\/wp-json\/wp\/v2\/users\/1"}],"replies":[{"embeddable":true,"href":"https:\/\/pohjoispaijanteenkalatalousalue.fi\/rutalahti\/wp-json\/wp\/v2\/comments?post=158"}],"version-history":[{"count":14,"href":"https:\/\/pohjoispaijanteenkalatalousalue.fi\/rutalahti\/wp-json\/wp\/v2\/pages\/158\/revisions"}],"predecessor-version":[{"id":382,"href":"https:\/\/pohjoispaijanteenkalatalousalue.fi\/rutalahti\/wp-json\/wp\/v2\/pages\/158\/revisions\/382"}],"up":[{"embeddable":true,"href":"https:\/\/pohjoispaijanteenkalatalousalue.fi\/rutalahti\/wp-json\/wp\/v2\/pages\/32"}],"wp:attachment":[{"href":"https:\/\/pohjoispaijanteenkalatalousalue.fi\/rutalahti\/wp-json\/wp\/v2\/media?parent=158"}],"curies":[{"name":"wp","href":"https:\/\/api.w.org\/{rel}","templated":true}]}}