{"id":158,"date":"2020-10-29T12:25:46","date_gmt":"2020-10-29T12:25:46","guid":{"rendered":"http:\/\/89.166.51.80\/~pohjoispaij\/patalahti\/?page_id=158"},"modified":"2021-01-14T10:06:21","modified_gmt":"2021-01-14T10:06:21","slug":"vuosikokous","status":"publish","type":"page","link":"https:\/\/pohjoispaijanteenkalatalousalue.fi\/patalahti\/hallinto\/vuosikokous\/","title":{"rendered":"Vuosikokous"},"content":{"rendered":"\n<h2 class=\"wp-block-heading\">Vuosikokous<\/h2>\n\n\n\n<p>Vuosikokous pidettiin 24.5.2016.<\/p>\n\n\n\n<p>&#8212;&#8212;&#8212;&#8212;&#8212;&#8212;&#8212;&#8212;&#8212;&#8212;&#8212;&#8211;<\/p>\n\n\n\n<p>PATALAHTI JA APAJAPAIKAT osakaskunta&nbsp;&nbsp;&nbsp;&nbsp;&nbsp;&nbsp;&nbsp;&nbsp;&nbsp;&nbsp;&nbsp;&nbsp;&nbsp;&nbsp;&nbsp;&nbsp;&nbsp;&nbsp;&nbsp;&nbsp;&nbsp;&nbsp;&nbsp;&nbsp;&nbsp;&nbsp;&nbsp;&nbsp;&nbsp;&nbsp;&nbsp;&nbsp;&nbsp;&nbsp;&nbsp;&nbsp;&nbsp;&nbsp;&nbsp;&nbsp;&nbsp;&nbsp;<\/p>\n\n\n\n<p>Kiinteist\u00f6tunnus 182-876-7-0&nbsp;&nbsp;&nbsp;&nbsp;&nbsp;&nbsp;&nbsp;&nbsp;&nbsp;&nbsp;&nbsp;&nbsp;&nbsp;&nbsp;&nbsp;&nbsp;&nbsp;&nbsp;&nbsp;&nbsp;&nbsp;&nbsp;&nbsp;&nbsp;&nbsp;&nbsp;&nbsp;&nbsp;&nbsp;&nbsp;&nbsp;&nbsp;&nbsp;&nbsp;&nbsp;&nbsp;&nbsp;&nbsp;&nbsp;&nbsp;&nbsp;&nbsp;&nbsp;&nbsp;&nbsp;&nbsp;&nbsp;&nbsp;&nbsp;&nbsp;&nbsp;&nbsp;&nbsp;&nbsp;&nbsp;&nbsp;&nbsp;&nbsp;&nbsp;&nbsp;&nbsp;<\/p>\n\n\n\n<p><strong>OSAKASKOKOUS 24.5.2016<\/strong>&nbsp;klo 18 \u2013 19.49<\/p>\n\n\n\n<p>Ravintola Patapirtti, Jyv\u00e4skyl\u00e4ntie 848, 42100 J\u00e4ms\u00e4<\/p>\n\n\n\n<p>P\u00d6YT\u00c4KIRJA:<\/p>\n\n\n\n<ol class=\"wp-block-list\"><li>Kokouksen avaus<\/li><\/ol>\n\n\n\n<ul class=\"wp-block-list\"><li>Kalle Virtanen avasi kokouksen klo 18.03.&nbsp;<\/li><\/ul>\n\n\n\n<ol class=\"wp-block-list\"><li>Valitaan kokoukselle puheenjohtaja ja sihteeri<\/li><\/ol>\n\n\n\n<ul class=\"wp-block-list\"><li>Puheenjohtajaksi valittiin Hannu Iivonen ja sihteeriksi Tarja Uusipaasto.&nbsp;<\/li><\/ul>\n\n\n\n<ol class=\"wp-block-list\"><li>P\u00e4\u00e4tet\u00e4\u00e4n \u00e4\u00e4nestystavasta (mies ja \u00e4\u00e4ni \/ manttaali)<\/li><\/ol>\n\n\n\n<ul class=\"wp-block-list\"><li>Noudatetaan mies ja \u00e4\u00e4ni \u2013periaatetta ja tarpeen mukaan manttaaliluvun perusteella.&nbsp;<\/li><\/ul>\n\n\n\n<ol class=\"wp-block-list\"><li>Todetaan kokouksen laillisuus ja p\u00e4\u00e4t\u00f6svaltaisuus<\/li><\/ol>\n\n\n\n<ul class=\"wp-block-list\"><li>Kokous on kutsuttu koolle J\u00e4ms\u00e4n seutu \u2013lehdess\u00e4 ohjeen mukaisella ilmoituksella 6.5.2016 ja on siis laillisesti koolle kutsuttu ja p\u00e4\u00e4t\u00f6svaltainen.&nbsp;<\/li><\/ul>\n\n\n\n<ol class=\"wp-block-list\"><li>Valitaan kaksi p\u00f6yt\u00e4kirjan tarkastajaa ja \u00e4\u00e4ntenlaskijat<\/li><\/ol>\n\n\n\n<ul class=\"wp-block-list\"><li>Valittiin p\u00f6yt\u00e4kirjan tarkastajiksi Veikko Kaarnij\u00e4rvi Ja Risto Rantanen, jotka toimivat my\u00f6s \u00e4\u00e4ntenlaskijoina.&nbsp;<\/li><\/ul>\n\n\n\n<ol class=\"wp-block-list\"><li>Hyv\u00e4ksyt\u00e4\u00e4n kokouksen ty\u00f6j\u00e4rjestys (liite 1 )<\/li><\/ol>\n\n\n\n<ul class=\"wp-block-list\"><li>Hyv\u00e4ksyttiin.&nbsp;<\/li><\/ul>\n\n\n\n<ol class=\"wp-block-list\"><li>Todetaan kokouksen osanottajat<\/li><\/ol>\n\n\n\n<ul class=\"wp-block-list\"><li>Todettiin kokouksen osanottajat (osallistujalista ja valtakirjat, liite 2)&nbsp;<\/li><\/ul>\n\n\n\n<ol class=\"wp-block-list\"><li>Esitet\u00e4\u00e4n osakaskunnan vuosien 2014 ja 2015 toimintakertomus (liite 3) ja p\u00e4\u00e4tet\u00e4\u00e4n sen hyv\u00e4ksymisest\u00e4<\/li><\/ol>\n\n\n\n<ul class=\"wp-block-list\"><li>Hyv\u00e4ksyttiin vuosien 2014 ja 2015 toimintakertomukset.&nbsp;<\/li><\/ul>\n\n\n\n<ol class=\"wp-block-list\"><li>Esitet\u00e4\u00e4n osakaskunnan vuosien 2014 ja 2015 tilinp\u00e4\u00e4t\u00f6s (liite 4) sek\u00e4 toiminnantarkastajien lausunto (liite 5) ja p\u00e4\u00e4tet\u00e4\u00e4n vastuuvapauden my\u00f6nt\u00e4misest\u00e4 hoitokunnalle.<\/li><\/ol>\n\n\n\n<ul class=\"wp-block-list\"><li>Esitettiin vuosien 2014 ja 2015 tilinp\u00e4\u00e4t\u00f6ksen ja kuultiin toiminnantarkastajien lausunto, joka puolsi vastuuvapauden my\u00f6nt\u00e4mist\u00e4.<\/li><li>Vahvistettiin tilinp\u00e4\u00e4t\u00f6kset vuosilta 2014 ja 2015. My\u00f6nnettiin vastuuvapaus hoitokunnalle.&nbsp;<\/li><\/ul>\n\n\n\n<ol class=\"wp-block-list\"><li>Hyv\u00e4ksyt\u00e4\u00e4n toimintasuunnitelma sek\u00e4 tulo- ja menoarvio vuodelle 2016 (liite 6)<\/li><\/ol>\n\n\n\n<ul class=\"wp-block-list\"><li>Hyv\u00e4ksyttiin toimintasuunnitelma kalanistutuksen osalta.<\/li><li>Todettiin, ett\u00e4 osakaskunnan talous ei kest\u00e4 Kalatalouskeskuksen \/ Timo Meronen palvelujen ostoa jatkuvasti. Timo on k\u00e4ytett\u00e4viss\u00e4 erilaisten sopimusten tekemiseen ja asiantuntijana.<\/li><li>Keskusteltiin siit\u00e4, miten jatkossa osakaskunnan asioita voitaisiin hoitaa. Selvitet\u00e4\u00e4n vuokrasopimuksen tekoa Vanhansel\u00e4n osakaskunnan kanssa.<\/li><li>Hyv\u00e4ksyttiin toimintasuunnitelma ja tulo- ja menoarvio vuodelle 2016.&nbsp;<\/li><\/ul>\n\n\n\n<ol class=\"wp-block-list\"><li>P\u00e4\u00e4tet\u00e4\u00e4n osakaskunnan hoitokunnan j\u00e4senten sek\u00e4 toiminnantarkastajien palkkioista vuodelle 2016<\/li><\/ol>\n\n\n\n<ul class=\"wp-block-list\"><li>Hoitokunnan j\u00e4senten ja toiminnantarkastajien eritellyt kohtuulliset kulut korvataan.&nbsp;<\/li><\/ul>\n\n\n\n<ol class=\"wp-block-list\"><li>Valitaan erovuoroiset hoitokunnan j\u00e4senet ja heid\u00e4n henkil\u00f6kohtaiset varaj\u00e4senens\u00e4<\/li><\/ol>\n\n\n\n<ul class=\"wp-block-list\"><li>Risto Rantanen (varalle Terho Helminen)<\/li><li>Pertti Paasonen (varalle Tuomas Helminen)<\/li><li>Tarja Uusipaasto (varalle Ilkka Pitk\u00e4nen)<\/li><li>Sami Rantanen (varalle Esa Kivel\u00e4)<\/li><li>Kalle Virtanen (varalle Matti Harju)<\/li><li>Erovuorossa v. 2017 Risto Rantanen ja Kalle Virtanen<\/li><li>Erovuodossa v. 2018 Pertti Paasonen ja Tarja Uusipaasto ja Sami Rantanen<\/li><li>Hoitokunta kokoontuu j\u00e4rjest\u00e4ytymiskokoukseen v\u00e4litt\u00f6m\u00e4sti t\u00e4m\u00e4n vuosikokouksen j\u00e4lkeen.&nbsp;<\/li><\/ul>\n\n\n\n<ol class=\"wp-block-list\"><li>Valitaan toiminnantarkastajat<\/li><\/ol>\n\n\n\n<ul class=\"wp-block-list\"><li>Valittiin toiminnantarkastajiksi Veikko Kaarnij\u00e4rvi ja Hannu Iivonen. Varahenkil\u00f6t heille ovat Markku Uusipaasto ja Pentti Rantala.&nbsp;<\/li><\/ul>\n\n\n\n<ol class=\"wp-block-list\"><li>P\u00e4\u00e4tet\u00e4\u00e4n kalanpyydysten merkitsemisest\u00e4 ja peritt\u00e4vist\u00e4 maksuista sek\u00e4 lupien myynnist\u00e4 2017.<\/li><\/ol>\n\n\n\n<ul class=\"wp-block-list\"><li>Hyv\u00e4ksyttiin liite 7.<\/li><li>Merkitseminen Kalastusasetuksen 7 \u00a7 mukaan.&nbsp;<\/li><\/ul>\n\n\n\n<ol class=\"wp-block-list\"><li>P\u00e4\u00e4tet\u00e4\u00e4n istutustoiminnasta sek\u00e4 muista vesialueen hoitotoimenpiteist\u00e4<\/li><\/ol>\n\n\n\n<ul class=\"wp-block-list\"><li>P\u00e4\u00e4tettiin istuttaa kuhanpoikasia syksyll\u00e4 2016 450 \u20ac edest\u00e4.<\/li><li>Uudistettiin p\u00e4\u00e4t\u00f6s vesijettikilpailujen kielt\u00e4misest\u00e4. Syyn\u00e4 kiellolle on kalanpoikasten suojelu.&nbsp;<\/li><\/ul>\n\n\n\n<ol class=\"wp-block-list\"><li>Valitaan kokousedustajat ja varamiehet kalastusalueen kokoukseen vuodelle 2017 ja muihin kokouksiin vuodelle 2016 \u2013 2017<\/li><\/ol>\n\n\n\n<ul class=\"wp-block-list\"><li>Osakaskunta valtuuttaa hoitokunnan nime\u00e4m\u00e4\u00e4n edustajat eri kokouksiin.&nbsp;<\/li><\/ul>\n\n\n\n<ol class=\"wp-block-list\"><li>P\u00e4\u00e4tet\u00e4\u00e4n Kalastuslehden tilaamisesta toimihenkil\u00f6ille<\/li><\/ol>\n\n\n\n<ul class=\"wp-block-list\"><li>Tilataan yksi kappale hoitokunnalle. Tilaukset Timo Meronen.&nbsp;<\/li><\/ul>\n\n\n\n<ol class=\"wp-block-list\"><li>P\u00e4\u00e4tet\u00e4\u00e4n muun toimintavallan siirt\u00e4misest\u00e4 hoitokunnalle<\/li><\/ol>\n\n\n\n<ul class=\"wp-block-list\"><li>Ei ole tarvetta toimivallan siirt\u00e4misest\u00e4 t\u00e4ll\u00e4 hetkell\u00e4.&nbsp;<\/li><\/ul>\n\n\n\n<ol class=\"wp-block-list\"><li>Muut esille tulevat asiat:<\/li><\/ol>\n\n\n\n<ul class=\"wp-block-list\"><li>kalastonhoitomaksumuutoksen vaikutus tuloihin \/ Timo Meronen<\/li><li>Kortteja myyty t\u00e4h\u00e4n menness\u00e4 70.000, tavoite 280.000 myyty\u00e4 lupaa \/ vuosi. Vanhoja viehekorttipalautuksia tulee viel\u00e4 2017. Jos tulopuoli romahtaa, on todenn\u00e4k\u00f6ist\u00e4, ett\u00e4 lakiin tulee muutos, jolla yli 65-vuotiaat velvoitetaan kalastusmaksun maksamiseen.&nbsp;<\/li><\/ul>\n\n\n\n<ol class=\"wp-block-list\"><li>P\u00f6yt\u00e4kirjan n\u00e4ht\u00e4vill\u00e4oloaika ja paikka<\/li><\/ol>\n\n\n\n<ul class=\"wp-block-list\"><li>P\u00f6yt\u00e4kirja on n\u00e4ht\u00e4vill\u00e4 Patapirtill\u00e4 24.5.-14.6.2016. Valitusaika on 60 vrk kokouksen p\u00e4\u00e4ttymisest\u00e4.&nbsp;<\/li><\/ul>\n\n\n\n<ol class=\"wp-block-list\"><li>Kokouksen p\u00e4\u00e4tt\u00e4minen<\/li><\/ol>\n\n\n\n<ul class=\"wp-block-list\"><li>Kokous p\u00e4\u00e4tettiin klo 19.49.&nbsp;<\/li><\/ul>\n\n\n\n<p>Kokouksen vakuudeksi 24.5.2016<\/p>\n\n\n\n<p>__________________________&nbsp;&nbsp;&nbsp;&nbsp;&nbsp;&nbsp;&nbsp;&nbsp;&nbsp;&nbsp;&nbsp;&nbsp; ___________________________<\/p>\n\n\n\n<p>Hannu Iivonen pj&nbsp;&nbsp;&nbsp;&nbsp;&nbsp;&nbsp;&nbsp;&nbsp;&nbsp;&nbsp;&nbsp;&nbsp;&nbsp;&nbsp;&nbsp;&nbsp;&nbsp;&nbsp;&nbsp;&nbsp;&nbsp;&nbsp;&nbsp;&nbsp;&nbsp;&nbsp;&nbsp;&nbsp;&nbsp;&nbsp;&nbsp;&nbsp;&nbsp;&nbsp;&nbsp;&nbsp;&nbsp; Tarja Uusipaasto<\/p>\n\n\n\n<p>_________________________&nbsp;&nbsp;&nbsp;&nbsp;&nbsp;&nbsp;&nbsp;&nbsp;&nbsp;&nbsp;&nbsp;&nbsp;&nbsp;&nbsp; __________________________<\/p>\n\n\n\n<p>Veikko Kaarnij\u00e4rvi&nbsp;&nbsp;&nbsp;&nbsp;&nbsp;&nbsp;&nbsp;&nbsp;&nbsp;&nbsp;&nbsp;&nbsp;&nbsp;&nbsp;&nbsp;&nbsp;&nbsp;&nbsp;&nbsp;&nbsp;&nbsp;&nbsp;&nbsp;&nbsp;&nbsp;&nbsp;&nbsp;&nbsp;&nbsp;&nbsp;&nbsp;&nbsp;&nbsp;&nbsp;&nbsp; Risto Rantanen<\/p>\n","protected":false},"excerpt":{"rendered":"<p>Vuosikokous Vuosikokous pidettiin 24.5.2016. &#8212;&#8212;&#8212;&#8212;&#8212;&#8212;&#8212;&#8212;&#8212;&#8212;&#8212;&#8211; PATALAHTI JA APAJAPAIKAT osakaskunta&nbsp;&nbsp;&nbsp;&nbsp;&nbsp;&nbsp;&nbsp;&nbsp;&nbsp;&nbsp;&nbsp;&nbsp;&nbsp;&nbsp;&nbsp;&nbsp;&nbsp;&nbsp;&nbsp;&nbsp;&nbsp;&nbsp;&nbsp;&nbsp;&nbsp;&nbsp;&nbsp;&nbsp;&nbsp;&nbsp;&nbsp;&nbsp;&nbsp;&nbsp;&nbsp;&nbsp;&nbsp;&nbsp;&nbsp;&nbsp;&nbsp;&nbsp; Kiinteist\u00f6tunnus 182-876-7-0&nbsp;&nbsp;&nbsp;&nbsp;&nbsp;&nbsp;&nbsp;&nbsp;&nbsp;&nbsp;&nbsp;&nbsp;&nbsp;&nbsp;&nbsp;&nbsp;&nbsp;&nbsp;&nbsp;&nbsp;&nbsp;&nbsp;&nbsp;&nbsp;&nbsp;&nbsp;&nbsp;&nbsp;&nbsp;&nbsp;&nbsp;&nbsp;&nbsp;&nbsp;&nbsp;&nbsp;&nbsp;&nbsp;&nbsp;&nbsp;&nbsp;&nbsp;&nbsp;&nbsp;&nbsp;&nbsp;&nbsp;&nbsp;&nbsp;&nbsp;&nbsp;&nbsp;&nbsp;&nbsp;&nbsp;&nbsp;&nbsp;&nbsp;&nbsp;&nbsp;&nbsp; OSAKASKOKOUS 24.5.2016&nbsp;klo 18 \u2013 19.49 Ravintola Patapirtti, Jyv\u00e4skyl\u00e4ntie 848, 42100 J\u00e4ms\u00e4 P\u00d6YT\u00c4KIRJA: Kokouksen avaus Kalle Virtanen avasi kokouksen klo 18.03.&nbsp; Valitaan kokoukselle puheenjohtaja ja sihteeri Puheenjohtajaksi valittiin Hannu Iivonen ja sihteeriksi Tarja Uusipaasto.&nbsp; P\u00e4\u00e4tet\u00e4\u00e4n \u00e4\u00e4nestystavasta (mies ja \u00e4\u00e4ni \/ manttaali) Noudatetaan mies ja \u00e4\u00e4ni<\/p>\n<p><a class=\"moretag\" href=\"https:\/\/pohjoispaijanteenkalatalousalue.fi\/patalahti\/hallinto\/vuosikokous\/\"> Lue lis\u00e4\u00e4 ><\/a><\/p>\n","protected":false},"author":1,"featured_media":0,"parent":32,"menu_order":0,"comment_status":"closed","ping_status":"closed","template":"basic-sivu.php","meta":{"_acf_changed":false,"footnotes":""},"class_list":["post-158","page","type-page","status-publish","hentry"],"acf":[],"yoast_head":"<!-- This site is optimized with the Yoast SEO plugin v27.1.1 - https:\/\/yoast.com\/product\/yoast-seo-wordpress\/ -->\n<title>Vuosikokous - Patalahden osakaskunta<\/title>\n<meta name=\"robots\" content=\"index, follow, max-snippet:-1, max-image-preview:large, max-video-preview:-1\" \/>\n<link rel=\"canonical\" href=\"https:\/\/pohjoispaijanteenkalatalousalue.fi\/patalahti\/hallinto\/vuosikokous\/\" \/>\n<meta property=\"og:locale\" content=\"fi_FI\" \/>\n<meta property=\"og:type\" content=\"article\" \/>\n<meta property=\"og:title\" content=\"Vuosikokous - Patalahden osakaskunta\" \/>\n<meta property=\"og:description\" content=\"Vuosikokous Vuosikokous pidettiin 24.5.2016. &#8212;&#8212;&#8212;&#8212;&#8212;&#8212;&#8212;&#8212;&#8212;&#8212;&#8212;&#8211; PATALAHTI JA APAJAPAIKAT osakaskunta&nbsp;&nbsp;&nbsp;&nbsp;&nbsp;&nbsp;&nbsp;&nbsp;&nbsp;&nbsp;&nbsp;&nbsp;&nbsp;&nbsp;&nbsp;&nbsp;&nbsp;&nbsp;&nbsp;&nbsp;&nbsp;&nbsp;&nbsp;&nbsp;&nbsp;&nbsp;&nbsp;&nbsp;&nbsp;&nbsp;&nbsp;&nbsp;&nbsp;&nbsp;&nbsp;&nbsp;&nbsp;&nbsp;&nbsp;&nbsp;&nbsp;&nbsp; Kiinteist\u00f6tunnus 182-876-7-0&nbsp;&nbsp;&nbsp;&nbsp;&nbsp;&nbsp;&nbsp;&nbsp;&nbsp;&nbsp;&nbsp;&nbsp;&nbsp;&nbsp;&nbsp;&nbsp;&nbsp;&nbsp;&nbsp;&nbsp;&nbsp;&nbsp;&nbsp;&nbsp;&nbsp;&nbsp;&nbsp;&nbsp;&nbsp;&nbsp;&nbsp;&nbsp;&nbsp;&nbsp;&nbsp;&nbsp;&nbsp;&nbsp;&nbsp;&nbsp;&nbsp;&nbsp;&nbsp;&nbsp;&nbsp;&nbsp;&nbsp;&nbsp;&nbsp;&nbsp;&nbsp;&nbsp;&nbsp;&nbsp;&nbsp;&nbsp;&nbsp;&nbsp;&nbsp;&nbsp;&nbsp; OSAKASKOKOUS 24.5.2016&nbsp;klo 18 \u2013 19.49 Ravintola Patapirtti, Jyv\u00e4skyl\u00e4ntie 848, 42100 J\u00e4ms\u00e4 P\u00d6YT\u00c4KIRJA: Kokouksen avaus Kalle Virtanen avasi kokouksen klo 18.03.&nbsp; Valitaan kokoukselle puheenjohtaja ja sihteeri Puheenjohtajaksi valittiin Hannu Iivonen ja sihteeriksi Tarja Uusipaasto.&nbsp; P\u00e4\u00e4tet\u00e4\u00e4n \u00e4\u00e4nestystavasta (mies ja \u00e4\u00e4ni \/ manttaali) Noudatetaan mies ja \u00e4\u00e4ni Lue lis\u00e4\u00e4 &gt;\" \/>\n<meta property=\"og:url\" content=\"https:\/\/pohjoispaijanteenkalatalousalue.fi\/patalahti\/hallinto\/vuosikokous\/\" \/>\n<meta property=\"og:site_name\" content=\"Patalahden osakaskunta\" \/>\n<meta property=\"article:modified_time\" content=\"2021-01-14T10:06:21+00:00\" \/>\n<meta name=\"twitter:card\" content=\"summary_large_image\" \/>\n<meta name=\"twitter:label1\" content=\"Arvioitu lukuaika\" \/>\n\t<meta name=\"twitter:data1\" content=\"4 minuuttia\" \/>\n<script type=\"application\/ld+json\" class=\"yoast-schema-graph\">{\"@context\":\"https:\/\/schema.org\",\"@graph\":[{\"@type\":\"WebPage\",\"@id\":\"https:\/\/pohjoispaijanteenkalatalousalue.fi\/patalahti\/hallinto\/vuosikokous\/\",\"url\":\"https:\/\/pohjoispaijanteenkalatalousalue.fi\/patalahti\/hallinto\/vuosikokous\/\",\"name\":\"Vuosikokous - Patalahden osakaskunta\",\"isPartOf\":{\"@id\":\"https:\/\/pohjoispaijanteenkalatalousalue.fi\/patalahti\/#website\"},\"datePublished\":\"2020-10-29T12:25:46+00:00\",\"dateModified\":\"2021-01-14T10:06:21+00:00\",\"breadcrumb\":{\"@id\":\"https:\/\/pohjoispaijanteenkalatalousalue.fi\/patalahti\/hallinto\/vuosikokous\/#breadcrumb\"},\"inLanguage\":\"fi\",\"potentialAction\":[{\"@type\":\"ReadAction\",\"target\":[\"https:\/\/pohjoispaijanteenkalatalousalue.fi\/patalahti\/hallinto\/vuosikokous\/\"]}]},{\"@type\":\"BreadcrumbList\",\"@id\":\"https:\/\/pohjoispaijanteenkalatalousalue.fi\/patalahti\/hallinto\/vuosikokous\/#breadcrumb\",\"itemListElement\":[{\"@type\":\"ListItem\",\"position\":1,\"name\":\"Home\",\"item\":\"https:\/\/pohjoispaijanteenkalatalousalue.fi\/patalahti\/\"},{\"@type\":\"ListItem\",\"position\":2,\"name\":\"Yksityinen: Hallinto\",\"item\":\"https:\/\/pohjoispaijanteenkalatalousalue.fi\/patalahti\/?page_id=32\"},{\"@type\":\"ListItem\",\"position\":3,\"name\":\"Vuosikokous\"}]},{\"@type\":\"WebSite\",\"@id\":\"https:\/\/pohjoispaijanteenkalatalousalue.fi\/patalahti\/#website\",\"url\":\"https:\/\/pohjoispaijanteenkalatalousalue.fi\/patalahti\/\",\"name\":\"Patalahden osakaskunta\",\"description\":\"\",\"potentialAction\":[{\"@type\":\"SearchAction\",\"target\":{\"@type\":\"EntryPoint\",\"urlTemplate\":\"https:\/\/pohjoispaijanteenkalatalousalue.fi\/patalahti\/?s={search_term_string}\"},\"query-input\":{\"@type\":\"PropertyValueSpecification\",\"valueRequired\":true,\"valueName\":\"search_term_string\"}}],\"inLanguage\":\"fi\"}]}<\/script>\n<!-- \/ Yoast SEO plugin. -->","yoast_head_json":{"title":"Vuosikokous - Patalahden osakaskunta","robots":{"index":"index","follow":"follow","max-snippet":"max-snippet:-1","max-image-preview":"max-image-preview:large","max-video-preview":"max-video-preview:-1"},"canonical":"https:\/\/pohjoispaijanteenkalatalousalue.fi\/patalahti\/hallinto\/vuosikokous\/","og_locale":"fi_FI","og_type":"article","og_title":"Vuosikokous - Patalahden osakaskunta","og_description":"Vuosikokous Vuosikokous pidettiin 24.5.2016. &#8212;&#8212;&#8212;&#8212;&#8212;&#8212;&#8212;&#8212;&#8212;&#8212;&#8212;&#8211; PATALAHTI JA APAJAPAIKAT osakaskunta&nbsp;&nbsp;&nbsp;&nbsp;&nbsp;&nbsp;&nbsp;&nbsp;&nbsp;&nbsp;&nbsp;&nbsp;&nbsp;&nbsp;&nbsp;&nbsp;&nbsp;&nbsp;&nbsp;&nbsp;&nbsp;&nbsp;&nbsp;&nbsp;&nbsp;&nbsp;&nbsp;&nbsp;&nbsp;&nbsp;&nbsp;&nbsp;&nbsp;&nbsp;&nbsp;&nbsp;&nbsp;&nbsp;&nbsp;&nbsp;&nbsp;&nbsp; Kiinteist\u00f6tunnus 182-876-7-0&nbsp;&nbsp;&nbsp;&nbsp;&nbsp;&nbsp;&nbsp;&nbsp;&nbsp;&nbsp;&nbsp;&nbsp;&nbsp;&nbsp;&nbsp;&nbsp;&nbsp;&nbsp;&nbsp;&nbsp;&nbsp;&nbsp;&nbsp;&nbsp;&nbsp;&nbsp;&nbsp;&nbsp;&nbsp;&nbsp;&nbsp;&nbsp;&nbsp;&nbsp;&nbsp;&nbsp;&nbsp;&nbsp;&nbsp;&nbsp;&nbsp;&nbsp;&nbsp;&nbsp;&nbsp;&nbsp;&nbsp;&nbsp;&nbsp;&nbsp;&nbsp;&nbsp;&nbsp;&nbsp;&nbsp;&nbsp;&nbsp;&nbsp;&nbsp;&nbsp;&nbsp; OSAKASKOKOUS 24.5.2016&nbsp;klo 18 \u2013 19.49 Ravintola Patapirtti, Jyv\u00e4skyl\u00e4ntie 848, 42100 J\u00e4ms\u00e4 P\u00d6YT\u00c4KIRJA: Kokouksen avaus Kalle Virtanen avasi kokouksen klo 18.03.&nbsp; Valitaan kokoukselle puheenjohtaja ja sihteeri Puheenjohtajaksi valittiin Hannu Iivonen ja sihteeriksi Tarja Uusipaasto.&nbsp; P\u00e4\u00e4tet\u00e4\u00e4n \u00e4\u00e4nestystavasta (mies ja \u00e4\u00e4ni \/ manttaali) Noudatetaan mies ja \u00e4\u00e4ni Lue lis\u00e4\u00e4 >","og_url":"https:\/\/pohjoispaijanteenkalatalousalue.fi\/patalahti\/hallinto\/vuosikokous\/","og_site_name":"Patalahden osakaskunta","article_modified_time":"2021-01-14T10:06:21+00:00","twitter_card":"summary_large_image","twitter_misc":{"Arvioitu lukuaika":"4 minuuttia"},"schema":{"@context":"https:\/\/schema.org","@graph":[{"@type":"WebPage","@id":"https:\/\/pohjoispaijanteenkalatalousalue.fi\/patalahti\/hallinto\/vuosikokous\/","url":"https:\/\/pohjoispaijanteenkalatalousalue.fi\/patalahti\/hallinto\/vuosikokous\/","name":"Vuosikokous - Patalahden osakaskunta","isPartOf":{"@id":"https:\/\/pohjoispaijanteenkalatalousalue.fi\/patalahti\/#website"},"datePublished":"2020-10-29T12:25:46+00:00","dateModified":"2021-01-14T10:06:21+00:00","breadcrumb":{"@id":"https:\/\/pohjoispaijanteenkalatalousalue.fi\/patalahti\/hallinto\/vuosikokous\/#breadcrumb"},"inLanguage":"fi","potentialAction":[{"@type":"ReadAction","target":["https:\/\/pohjoispaijanteenkalatalousalue.fi\/patalahti\/hallinto\/vuosikokous\/"]}]},{"@type":"BreadcrumbList","@id":"https:\/\/pohjoispaijanteenkalatalousalue.fi\/patalahti\/hallinto\/vuosikokous\/#breadcrumb","itemListElement":[{"@type":"ListItem","position":1,"name":"Home","item":"https:\/\/pohjoispaijanteenkalatalousalue.fi\/patalahti\/"},{"@type":"ListItem","position":2,"name":"Yksityinen: Hallinto","item":"https:\/\/pohjoispaijanteenkalatalousalue.fi\/patalahti\/?page_id=32"},{"@type":"ListItem","position":3,"name":"Vuosikokous"}]},{"@type":"WebSite","@id":"https:\/\/pohjoispaijanteenkalatalousalue.fi\/patalahti\/#website","url":"https:\/\/pohjoispaijanteenkalatalousalue.fi\/patalahti\/","name":"Patalahden osakaskunta","description":"","potentialAction":[{"@type":"SearchAction","target":{"@type":"EntryPoint","urlTemplate":"https:\/\/pohjoispaijanteenkalatalousalue.fi\/patalahti\/?s={search_term_string}"},"query-input":{"@type":"PropertyValueSpecification","valueRequired":true,"valueName":"search_term_string"}}],"inLanguage":"fi"}]}},"_links":{"self":[{"href":"https:\/\/pohjoispaijanteenkalatalousalue.fi\/patalahti\/wp-json\/wp\/v2\/pages\/158","targetHints":{"allow":["GET"]}}],"collection":[{"href":"https:\/\/pohjoispaijanteenkalatalousalue.fi\/patalahti\/wp-json\/wp\/v2\/pages"}],"about":[{"href":"https:\/\/pohjoispaijanteenkalatalousalue.fi\/patalahti\/wp-json\/wp\/v2\/types\/page"}],"author":[{"embeddable":true,"href":"https:\/\/pohjoispaijanteenkalatalousalue.fi\/patalahti\/wp-json\/wp\/v2\/users\/1"}],"replies":[{"embeddable":true,"href":"https:\/\/pohjoispaijanteenkalatalousalue.fi\/patalahti\/wp-json\/wp\/v2\/comments?post=158"}],"version-history":[{"count":7,"href":"https:\/\/pohjoispaijanteenkalatalousalue.fi\/patalahti\/wp-json\/wp\/v2\/pages\/158\/revisions"}],"predecessor-version":[{"id":219,"href":"https:\/\/pohjoispaijanteenkalatalousalue.fi\/patalahti\/wp-json\/wp\/v2\/pages\/158\/revisions\/219"}],"up":[{"embeddable":true,"href":"https:\/\/pohjoispaijanteenkalatalousalue.fi\/patalahti\/wp-json\/wp\/v2\/pages\/32"}],"wp:attachment":[{"href":"https:\/\/pohjoispaijanteenkalatalousalue.fi\/patalahti\/wp-json\/wp\/v2\/media?parent=158"}],"curies":[{"name":"wp","href":"https:\/\/api.w.org\/{rel}","templated":true}]}}