{"id":26,"date":"2020-10-29T08:31:59","date_gmt":"2020-10-29T08:31:59","guid":{"rendered":"http:\/\/89.166.51.80\/~pohjoispaij\/patala\/?page_id=26"},"modified":"2023-03-01T12:04:43","modified_gmt":"2023-03-01T12:04:43","slug":"tiedot","status":"publish","type":"page","link":"https:\/\/pohjoispaijanteenkalatalousalue.fi\/patala\/tiedot\/","title":{"rendered":"Tiedot"},"content":{"rendered":"\n<h2 class=\"wp-block-heading\">Yhteystiedot<\/h2>\n\n\n\n<p>Juha T\u00f6yry<br>Korpilahdentie 185<br>42440 KOSKENP\u00c4\u00c4<br>Puh. 050 359 1602<\/p>\n\n\n\n<h2 class=\"wp-block-heading\">Sijainti<\/h2>\n\n\n\n<figure class=\"wp-block-image size-large\"><img loading=\"lazy\" decoding=\"async\" width=\"724\" height=\"1024\" src=\"https:\/\/pohjoispaijanteenkalatalousalue.fi\/patala\/wp-content\/uploads\/sites\/67\/2023\/03\/patalan-ok-724x1024.png\" alt=\"\" class=\"wp-image-226\" srcset=\"https:\/\/pohjoispaijanteenkalatalousalue.fi\/patala\/wp-content\/uploads\/sites\/67\/2023\/03\/patalan-ok-724x1024.png 724w, https:\/\/pohjoispaijanteenkalatalousalue.fi\/patala\/wp-content\/uploads\/sites\/67\/2023\/03\/patalan-ok-212x300.png 212w, https:\/\/pohjoispaijanteenkalatalousalue.fi\/patala\/wp-content\/uploads\/sites\/67\/2023\/03\/patalan-ok-768x1086.png 768w, https:\/\/pohjoispaijanteenkalatalousalue.fi\/patala\/wp-content\/uploads\/sites\/67\/2023\/03\/patalan-ok-1086x1536.png 1086w, https:\/\/pohjoispaijanteenkalatalousalue.fi\/patala\/wp-content\/uploads\/sites\/67\/2023\/03\/patalan-ok-1448x2048.png 1448w\" sizes=\"auto, (max-width: 724px) 100vw, 724px\" \/><\/figure>\n","protected":false},"excerpt":{"rendered":"<p>Yhteystiedot Juha T\u00f6yryKorpilahdentie 18542440 KOSKENP\u00c4\u00c4Puh. 050 359 1602 Sijainti<\/p>\n","protected":false},"author":1,"featured_media":0,"parent":0,"menu_order":0,"comment_status":"closed","ping_status":"closed","template":"basic-sivu.php","meta":{"_acf_changed":false,"footnotes":""},"class_list":["post-26","page","type-page","status-publish","hentry"],"acf":[],"yoast_head":"<!-- This site is optimized with the Yoast SEO plugin v27.1.1 - https:\/\/yoast.com\/product\/yoast-seo-wordpress\/ -->\n<title>Tiedot - Patalan osakaskunta<\/title>\n<meta name=\"robots\" content=\"index, follow, max-snippet:-1, max-image-preview:large, max-video-preview:-1\" \/>\n<link rel=\"canonical\" href=\"https:\/\/pohjoispaijanteenkalatalousalue.fi\/patala\/tiedot\/\" \/>\n<meta property=\"og:locale\" content=\"fi_FI\" \/>\n<meta property=\"og:type\" content=\"article\" \/>\n<meta property=\"og:title\" content=\"Tiedot - Patalan osakaskunta\" \/>\n<meta property=\"og:description\" content=\"Yhteystiedot Juha T\u00f6yryKorpilahdentie 18542440 KOSKENP\u00c4\u00c4Puh. 050 359 1602 Sijainti\" \/>\n<meta property=\"og:url\" content=\"https:\/\/pohjoispaijanteenkalatalousalue.fi\/patala\/tiedot\/\" \/>\n<meta property=\"og:site_name\" content=\"Patalan osakaskunta\" \/>\n<meta property=\"article:modified_time\" content=\"2023-03-01T12:04:43+00:00\" \/>\n<meta property=\"og:image\" content=\"https:\/\/pohjoispaijanteenkalatalousalue.fi\/patala\/wp-content\/uploads\/sites\/67\/2023\/03\/patalan-ok-724x1024.png\" \/>\n<meta name=\"twitter:card\" content=\"summary_large_image\" \/>\n<meta name=\"twitter:label1\" content=\"Arvioitu lukuaika\" \/>\n\t<meta name=\"twitter:data1\" content=\"1 minuutti\" \/>\n<script type=\"application\/ld+json\" class=\"yoast-schema-graph\">{\"@context\":\"https:\/\/schema.org\",\"@graph\":[{\"@type\":\"WebPage\",\"@id\":\"https:\/\/pohjoispaijanteenkalatalousalue.fi\/patala\/tiedot\/\",\"url\":\"https:\/\/pohjoispaijanteenkalatalousalue.fi\/patala\/tiedot\/\",\"name\":\"Tiedot - Patalan osakaskunta\",\"isPartOf\":{\"@id\":\"https:\/\/pohjoispaijanteenkalatalousalue.fi\/patala\/#website\"},\"primaryImageOfPage\":{\"@id\":\"https:\/\/pohjoispaijanteenkalatalousalue.fi\/patala\/tiedot\/#primaryimage\"},\"image\":{\"@id\":\"https:\/\/pohjoispaijanteenkalatalousalue.fi\/patala\/tiedot\/#primaryimage\"},\"thumbnailUrl\":\"https:\/\/pohjoispaijanteenkalatalousalue.fi\/patala\/wp-content\/uploads\/sites\/67\/2023\/03\/patalan-ok-724x1024.png\",\"datePublished\":\"2020-10-29T08:31:59+00:00\",\"dateModified\":\"2023-03-01T12:04:43+00:00\",\"breadcrumb\":{\"@id\":\"https:\/\/pohjoispaijanteenkalatalousalue.fi\/patala\/tiedot\/#breadcrumb\"},\"inLanguage\":\"fi\",\"potentialAction\":[{\"@type\":\"ReadAction\",\"target\":[\"https:\/\/pohjoispaijanteenkalatalousalue.fi\/patala\/tiedot\/\"]}]},{\"@type\":\"ImageObject\",\"inLanguage\":\"fi\",\"@id\":\"https:\/\/pohjoispaijanteenkalatalousalue.fi\/patala\/tiedot\/#primaryimage\",\"url\":\"https:\/\/pohjoispaijanteenkalatalousalue.fi\/patala\/wp-content\/uploads\/sites\/67\/2023\/03\/patalan-ok.png\",\"contentUrl\":\"https:\/\/pohjoispaijanteenkalatalousalue.fi\/patala\/wp-content\/uploads\/sites\/67\/2023\/03\/patalan-ok.png\",\"width\":4960,\"height\":7015},{\"@type\":\"BreadcrumbList\",\"@id\":\"https:\/\/pohjoispaijanteenkalatalousalue.fi\/patala\/tiedot\/#breadcrumb\",\"itemListElement\":[{\"@type\":\"ListItem\",\"position\":1,\"name\":\"Home\",\"item\":\"https:\/\/pohjoispaijanteenkalatalousalue.fi\/patala\/\"},{\"@type\":\"ListItem\",\"position\":2,\"name\":\"Tiedot\"}]},{\"@type\":\"WebSite\",\"@id\":\"https:\/\/pohjoispaijanteenkalatalousalue.fi\/patala\/#website\",\"url\":\"https:\/\/pohjoispaijanteenkalatalousalue.fi\/patala\/\",\"name\":\"Patalan osakaskunta\",\"description\":\"\",\"potentialAction\":[{\"@type\":\"SearchAction\",\"target\":{\"@type\":\"EntryPoint\",\"urlTemplate\":\"https:\/\/pohjoispaijanteenkalatalousalue.fi\/patala\/?s={search_term_string}\"},\"query-input\":{\"@type\":\"PropertyValueSpecification\",\"valueRequired\":true,\"valueName\":\"search_term_string\"}}],\"inLanguage\":\"fi\"}]}<\/script>\n<!-- \/ Yoast SEO plugin. -->","yoast_head_json":{"title":"Tiedot - Patalan osakaskunta","robots":{"index":"index","follow":"follow","max-snippet":"max-snippet:-1","max-image-preview":"max-image-preview:large","max-video-preview":"max-video-preview:-1"},"canonical":"https:\/\/pohjoispaijanteenkalatalousalue.fi\/patala\/tiedot\/","og_locale":"fi_FI","og_type":"article","og_title":"Tiedot - Patalan osakaskunta","og_description":"Yhteystiedot Juha T\u00f6yryKorpilahdentie 18542440 KOSKENP\u00c4\u00c4Puh. 050 359 1602 Sijainti","og_url":"https:\/\/pohjoispaijanteenkalatalousalue.fi\/patala\/tiedot\/","og_site_name":"Patalan osakaskunta","article_modified_time":"2023-03-01T12:04:43+00:00","og_image":[{"url":"https:\/\/pohjoispaijanteenkalatalousalue.fi\/patala\/wp-content\/uploads\/sites\/67\/2023\/03\/patalan-ok-724x1024.png","type":"","width":"","height":""}],"twitter_card":"summary_large_image","twitter_misc":{"Arvioitu lukuaika":"1 minuutti"},"schema":{"@context":"https:\/\/schema.org","@graph":[{"@type":"WebPage","@id":"https:\/\/pohjoispaijanteenkalatalousalue.fi\/patala\/tiedot\/","url":"https:\/\/pohjoispaijanteenkalatalousalue.fi\/patala\/tiedot\/","name":"Tiedot - Patalan osakaskunta","isPartOf":{"@id":"https:\/\/pohjoispaijanteenkalatalousalue.fi\/patala\/#website"},"primaryImageOfPage":{"@id":"https:\/\/pohjoispaijanteenkalatalousalue.fi\/patala\/tiedot\/#primaryimage"},"image":{"@id":"https:\/\/pohjoispaijanteenkalatalousalue.fi\/patala\/tiedot\/#primaryimage"},"thumbnailUrl":"https:\/\/pohjoispaijanteenkalatalousalue.fi\/patala\/wp-content\/uploads\/sites\/67\/2023\/03\/patalan-ok-724x1024.png","datePublished":"2020-10-29T08:31:59+00:00","dateModified":"2023-03-01T12:04:43+00:00","breadcrumb":{"@id":"https:\/\/pohjoispaijanteenkalatalousalue.fi\/patala\/tiedot\/#breadcrumb"},"inLanguage":"fi","potentialAction":[{"@type":"ReadAction","target":["https:\/\/pohjoispaijanteenkalatalousalue.fi\/patala\/tiedot\/"]}]},{"@type":"ImageObject","inLanguage":"fi","@id":"https:\/\/pohjoispaijanteenkalatalousalue.fi\/patala\/tiedot\/#primaryimage","url":"https:\/\/pohjoispaijanteenkalatalousalue.fi\/patala\/wp-content\/uploads\/sites\/67\/2023\/03\/patalan-ok.png","contentUrl":"https:\/\/pohjoispaijanteenkalatalousalue.fi\/patala\/wp-content\/uploads\/sites\/67\/2023\/03\/patalan-ok.png","width":4960,"height":7015},{"@type":"BreadcrumbList","@id":"https:\/\/pohjoispaijanteenkalatalousalue.fi\/patala\/tiedot\/#breadcrumb","itemListElement":[{"@type":"ListItem","position":1,"name":"Home","item":"https:\/\/pohjoispaijanteenkalatalousalue.fi\/patala\/"},{"@type":"ListItem","position":2,"name":"Tiedot"}]},{"@type":"WebSite","@id":"https:\/\/pohjoispaijanteenkalatalousalue.fi\/patala\/#website","url":"https:\/\/pohjoispaijanteenkalatalousalue.fi\/patala\/","name":"Patalan osakaskunta","description":"","potentialAction":[{"@type":"SearchAction","target":{"@type":"EntryPoint","urlTemplate":"https:\/\/pohjoispaijanteenkalatalousalue.fi\/patala\/?s={search_term_string}"},"query-input":{"@type":"PropertyValueSpecification","valueRequired":true,"valueName":"search_term_string"}}],"inLanguage":"fi"}]}},"_links":{"self":[{"href":"https:\/\/pohjoispaijanteenkalatalousalue.fi\/patala\/wp-json\/wp\/v2\/pages\/26","targetHints":{"allow":["GET"]}}],"collection":[{"href":"https:\/\/pohjoispaijanteenkalatalousalue.fi\/patala\/wp-json\/wp\/v2\/pages"}],"about":[{"href":"https:\/\/pohjoispaijanteenkalatalousalue.fi\/patala\/wp-json\/wp\/v2\/types\/page"}],"author":[{"embeddable":true,"href":"https:\/\/pohjoispaijanteenkalatalousalue.fi\/patala\/wp-json\/wp\/v2\/users\/1"}],"replies":[{"embeddable":true,"href":"https:\/\/pohjoispaijanteenkalatalousalue.fi\/patala\/wp-json\/wp\/v2\/comments?post=26"}],"version-history":[{"count":12,"href":"https:\/\/pohjoispaijanteenkalatalousalue.fi\/patala\/wp-json\/wp\/v2\/pages\/26\/revisions"}],"predecessor-version":[{"id":227,"href":"https:\/\/pohjoispaijanteenkalatalousalue.fi\/patala\/wp-json\/wp\/v2\/pages\/26\/revisions\/227"}],"wp:attachment":[{"href":"https:\/\/pohjoispaijanteenkalatalousalue.fi\/patala\/wp-json\/wp\/v2\/media?parent=26"}],"curies":[{"name":"wp","href":"https:\/\/api.w.org\/{rel}","templated":true}]}}