{"id":49,"date":"2020-10-29T09:51:51","date_gmt":"2020-10-29T09:51:51","guid":{"rendered":"http:\/\/89.166.51.80\/~pohjoispaij\/palokka\/?page_id=49"},"modified":"2025-04-15T16:41:00","modified_gmt":"2025-04-15T16:41:00","slug":"paatokset","status":"publish","type":"page","link":"https:\/\/pohjoispaijanteenkalatalousalue.fi\/palokka\/paatokset\/","title":{"rendered":"P\u00f6yt\u00e4kirjat"},"content":{"rendered":"\n<h2 class=\"wp-block-heading\">P\u00f6yt\u00e4kirjat<\/h2>\n\n\n\n<p><\/p>\n\n\n\n<figure class=\"wp-block-image size-large is-resized\"><img loading=\"lazy\" decoding=\"async\" width=\"1024\" height=\"576\" src=\"https:\/\/pohjoispaijanteenkalatalousalue.fi\/palokka\/wp-content\/uploads\/sites\/66\/2021\/06\/Palokkajoki-1024x576.jpg\" alt=\"\" class=\"wp-image-280\" style=\"width:842px;height:473px\" srcset=\"https:\/\/pohjoispaijanteenkalatalousalue.fi\/palokka\/wp-content\/uploads\/sites\/66\/2021\/06\/Palokkajoki-1024x576.jpg 1024w, https:\/\/pohjoispaijanteenkalatalousalue.fi\/palokka\/wp-content\/uploads\/sites\/66\/2021\/06\/Palokkajoki-300x169.jpg 300w, https:\/\/pohjoispaijanteenkalatalousalue.fi\/palokka\/wp-content\/uploads\/sites\/66\/2021\/06\/Palokkajoki-768x432.jpg 768w, https:\/\/pohjoispaijanteenkalatalousalue.fi\/palokka\/wp-content\/uploads\/sites\/66\/2021\/06\/Palokkajoki-1536x864.jpg 1536w, https:\/\/pohjoispaijanteenkalatalousalue.fi\/palokka\/wp-content\/uploads\/sites\/66\/2021\/06\/Palokkajoki-2048x1152.jpg 2048w\" sizes=\"auto, (max-width: 1024px) 100vw, 1024px\" \/><figcaption class=\"wp-element-caption\">Pappilanjoki laskee Palokkaj\u00e4rveen<\/figcaption><\/figure>\n\n\n\n<div data-wp-interactive=\"core\/file\" class=\"wp-block-file\"><object data-wp-bind--hidden=\"!state.hasPdfPreview\" hidden class=\"wp-block-file__embed\" data=\"https:\/\/pohjoispaijanteenkalatalousalue.fi\/palokka\/wp-content\/uploads\/sites\/66\/2025\/04\/Pkkpyotakirja2025.pdf\" type=\"application\/pdf\" style=\"width:100%;height:600px\" aria-label=\"Tiedoston Pkkpy\u00f6t\u00e4kirja2025 upotus.\"><\/object><a id=\"wp-block-file--media-c1466ed4-5572-41d6-99fc-1fe9d6ac8946\" href=\"https:\/\/pohjoispaijanteenkalatalousalue.fi\/palokka\/wp-content\/uploads\/sites\/66\/2025\/04\/Pkkpyotakirja2025.pdf\">Pkkpy\u00f6t\u00e4kirja2025<\/a><a href=\"https:\/\/pohjoispaijanteenkalatalousalue.fi\/palokka\/wp-content\/uploads\/sites\/66\/2025\/04\/Pkkpyotakirja2025.pdf\" class=\"wp-block-file__button wp-element-button\" download aria-describedby=\"wp-block-file--media-c1466ed4-5572-41d6-99fc-1fe9d6ac8946\">Lataa<\/a><\/div>\n","protected":false},"excerpt":{"rendered":"<p>P\u00f6yt\u00e4kirjat<\/p>\n","protected":false},"author":1,"featured_media":0,"parent":0,"menu_order":0,"comment_status":"closed","ping_status":"closed","template":"basic-sivu.php","meta":{"_acf_changed":false,"footnotes":""},"class_list":["post-49","page","type-page","status-publish","hentry"],"acf":[],"yoast_head":"<!-- This site is optimized with the Yoast SEO plugin v27.1.1 - https:\/\/yoast.com\/product\/yoast-seo-wordpress\/ -->\n<title>P\u00f6yt\u00e4kirjat - Palokan osakaskunta<\/title>\n<meta name=\"robots\" content=\"index, follow, max-snippet:-1, max-image-preview:large, max-video-preview:-1\" \/>\n<link rel=\"canonical\" href=\"https:\/\/pohjoispaijanteenkalatalousalue.fi\/palokka\/paatokset\/\" \/>\n<meta property=\"og:locale\" content=\"fi_FI\" \/>\n<meta property=\"og:type\" content=\"article\" \/>\n<meta property=\"og:title\" content=\"P\u00f6yt\u00e4kirjat - Palokan osakaskunta\" \/>\n<meta property=\"og:description\" content=\"P\u00f6yt\u00e4kirjat\" \/>\n<meta property=\"og:url\" content=\"https:\/\/pohjoispaijanteenkalatalousalue.fi\/palokka\/paatokset\/\" \/>\n<meta property=\"og:site_name\" content=\"Palokan osakaskunta\" \/>\n<meta property=\"article:modified_time\" content=\"2025-04-15T16:41:00+00:00\" \/>\n<meta property=\"og:image\" content=\"https:\/\/pohjoispaijanteenkalatalousalue.fi\/palokka\/wp-content\/uploads\/sites\/66\/2021\/06\/Palokkajoki-scaled.jpg\" \/>\n\t<meta property=\"og:image:width\" content=\"2560\" \/>\n\t<meta property=\"og:image:height\" content=\"1440\" \/>\n\t<meta property=\"og:image:type\" content=\"image\/jpeg\" \/>\n<meta name=\"twitter:card\" content=\"summary_large_image\" \/>\n<meta name=\"twitter:label1\" content=\"Arvioitu lukuaika\" \/>\n\t<meta name=\"twitter:data1\" content=\"1 minuutti\" \/>\n<script type=\"application\/ld+json\" class=\"yoast-schema-graph\">{\"@context\":\"https:\/\/schema.org\",\"@graph\":[{\"@type\":\"WebPage\",\"@id\":\"https:\/\/pohjoispaijanteenkalatalousalue.fi\/palokka\/paatokset\/\",\"url\":\"https:\/\/pohjoispaijanteenkalatalousalue.fi\/palokka\/paatokset\/\",\"name\":\"P\u00f6yt\u00e4kirjat - Palokan osakaskunta\",\"isPartOf\":{\"@id\":\"https:\/\/pohjoispaijanteenkalatalousalue.fi\/palokka\/#website\"},\"primaryImageOfPage\":{\"@id\":\"https:\/\/pohjoispaijanteenkalatalousalue.fi\/palokka\/paatokset\/#primaryimage\"},\"image\":{\"@id\":\"https:\/\/pohjoispaijanteenkalatalousalue.fi\/palokka\/paatokset\/#primaryimage\"},\"thumbnailUrl\":\"https:\/\/pohjoispaijanteenkalatalousalue.fi\/palokka\/wp-content\/uploads\/sites\/66\/2021\/06\/Palokkajoki-1024x576.jpg\",\"datePublished\":\"2020-10-29T09:51:51+00:00\",\"dateModified\":\"2025-04-15T16:41:00+00:00\",\"breadcrumb\":{\"@id\":\"https:\/\/pohjoispaijanteenkalatalousalue.fi\/palokka\/paatokset\/#breadcrumb\"},\"inLanguage\":\"fi\",\"potentialAction\":[{\"@type\":\"ReadAction\",\"target\":[\"https:\/\/pohjoispaijanteenkalatalousalue.fi\/palokka\/paatokset\/\"]}]},{\"@type\":\"ImageObject\",\"inLanguage\":\"fi\",\"@id\":\"https:\/\/pohjoispaijanteenkalatalousalue.fi\/palokka\/paatokset\/#primaryimage\",\"url\":\"https:\/\/pohjoispaijanteenkalatalousalue.fi\/palokka\/wp-content\/uploads\/sites\/66\/2021\/06\/Palokkajoki-scaled.jpg\",\"contentUrl\":\"https:\/\/pohjoispaijanteenkalatalousalue.fi\/palokka\/wp-content\/uploads\/sites\/66\/2021\/06\/Palokkajoki-scaled.jpg\",\"width\":2560,\"height\":1440},{\"@type\":\"BreadcrumbList\",\"@id\":\"https:\/\/pohjoispaijanteenkalatalousalue.fi\/palokka\/paatokset\/#breadcrumb\",\"itemListElement\":[{\"@type\":\"ListItem\",\"position\":1,\"name\":\"Home\",\"item\":\"https:\/\/pohjoispaijanteenkalatalousalue.fi\/palokka\/\"},{\"@type\":\"ListItem\",\"position\":2,\"name\":\"P\u00f6yt\u00e4kirjat\"}]},{\"@type\":\"WebSite\",\"@id\":\"https:\/\/pohjoispaijanteenkalatalousalue.fi\/palokka\/#website\",\"url\":\"https:\/\/pohjoispaijanteenkalatalousalue.fi\/palokka\/\",\"name\":\"Palokan osakaskunta\",\"description\":\"\",\"potentialAction\":[{\"@type\":\"SearchAction\",\"target\":{\"@type\":\"EntryPoint\",\"urlTemplate\":\"https:\/\/pohjoispaijanteenkalatalousalue.fi\/palokka\/?s={search_term_string}\"},\"query-input\":{\"@type\":\"PropertyValueSpecification\",\"valueRequired\":true,\"valueName\":\"search_term_string\"}}],\"inLanguage\":\"fi\"}]}<\/script>\n<!-- \/ Yoast SEO plugin. -->","yoast_head_json":{"title":"P\u00f6yt\u00e4kirjat - Palokan osakaskunta","robots":{"index":"index","follow":"follow","max-snippet":"max-snippet:-1","max-image-preview":"max-image-preview:large","max-video-preview":"max-video-preview:-1"},"canonical":"https:\/\/pohjoispaijanteenkalatalousalue.fi\/palokka\/paatokset\/","og_locale":"fi_FI","og_type":"article","og_title":"P\u00f6yt\u00e4kirjat - Palokan osakaskunta","og_description":"P\u00f6yt\u00e4kirjat","og_url":"https:\/\/pohjoispaijanteenkalatalousalue.fi\/palokka\/paatokset\/","og_site_name":"Palokan osakaskunta","article_modified_time":"2025-04-15T16:41:00+00:00","og_image":[{"width":2560,"height":1440,"url":"https:\/\/pohjoispaijanteenkalatalousalue.fi\/palokka\/wp-content\/uploads\/sites\/66\/2021\/06\/Palokkajoki-scaled.jpg","type":"image\/jpeg"}],"twitter_card":"summary_large_image","twitter_misc":{"Arvioitu lukuaika":"1 minuutti"},"schema":{"@context":"https:\/\/schema.org","@graph":[{"@type":"WebPage","@id":"https:\/\/pohjoispaijanteenkalatalousalue.fi\/palokka\/paatokset\/","url":"https:\/\/pohjoispaijanteenkalatalousalue.fi\/palokka\/paatokset\/","name":"P\u00f6yt\u00e4kirjat - Palokan osakaskunta","isPartOf":{"@id":"https:\/\/pohjoispaijanteenkalatalousalue.fi\/palokka\/#website"},"primaryImageOfPage":{"@id":"https:\/\/pohjoispaijanteenkalatalousalue.fi\/palokka\/paatokset\/#primaryimage"},"image":{"@id":"https:\/\/pohjoispaijanteenkalatalousalue.fi\/palokka\/paatokset\/#primaryimage"},"thumbnailUrl":"https:\/\/pohjoispaijanteenkalatalousalue.fi\/palokka\/wp-content\/uploads\/sites\/66\/2021\/06\/Palokkajoki-1024x576.jpg","datePublished":"2020-10-29T09:51:51+00:00","dateModified":"2025-04-15T16:41:00+00:00","breadcrumb":{"@id":"https:\/\/pohjoispaijanteenkalatalousalue.fi\/palokka\/paatokset\/#breadcrumb"},"inLanguage":"fi","potentialAction":[{"@type":"ReadAction","target":["https:\/\/pohjoispaijanteenkalatalousalue.fi\/palokka\/paatokset\/"]}]},{"@type":"ImageObject","inLanguage":"fi","@id":"https:\/\/pohjoispaijanteenkalatalousalue.fi\/palokka\/paatokset\/#primaryimage","url":"https:\/\/pohjoispaijanteenkalatalousalue.fi\/palokka\/wp-content\/uploads\/sites\/66\/2021\/06\/Palokkajoki-scaled.jpg","contentUrl":"https:\/\/pohjoispaijanteenkalatalousalue.fi\/palokka\/wp-content\/uploads\/sites\/66\/2021\/06\/Palokkajoki-scaled.jpg","width":2560,"height":1440},{"@type":"BreadcrumbList","@id":"https:\/\/pohjoispaijanteenkalatalousalue.fi\/palokka\/paatokset\/#breadcrumb","itemListElement":[{"@type":"ListItem","position":1,"name":"Home","item":"https:\/\/pohjoispaijanteenkalatalousalue.fi\/palokka\/"},{"@type":"ListItem","position":2,"name":"P\u00f6yt\u00e4kirjat"}]},{"@type":"WebSite","@id":"https:\/\/pohjoispaijanteenkalatalousalue.fi\/palokka\/#website","url":"https:\/\/pohjoispaijanteenkalatalousalue.fi\/palokka\/","name":"Palokan osakaskunta","description":"","potentialAction":[{"@type":"SearchAction","target":{"@type":"EntryPoint","urlTemplate":"https:\/\/pohjoispaijanteenkalatalousalue.fi\/palokka\/?s={search_term_string}"},"query-input":{"@type":"PropertyValueSpecification","valueRequired":true,"valueName":"search_term_string"}}],"inLanguage":"fi"}]}},"_links":{"self":[{"href":"https:\/\/pohjoispaijanteenkalatalousalue.fi\/palokka\/wp-json\/wp\/v2\/pages\/49","targetHints":{"allow":["GET"]}}],"collection":[{"href":"https:\/\/pohjoispaijanteenkalatalousalue.fi\/palokka\/wp-json\/wp\/v2\/pages"}],"about":[{"href":"https:\/\/pohjoispaijanteenkalatalousalue.fi\/palokka\/wp-json\/wp\/v2\/types\/page"}],"author":[{"embeddable":true,"href":"https:\/\/pohjoispaijanteenkalatalousalue.fi\/palokka\/wp-json\/wp\/v2\/users\/1"}],"replies":[{"embeddable":true,"href":"https:\/\/pohjoispaijanteenkalatalousalue.fi\/palokka\/wp-json\/wp\/v2\/comments?post=49"}],"version-history":[{"count":30,"href":"https:\/\/pohjoispaijanteenkalatalousalue.fi\/palokka\/wp-json\/wp\/v2\/pages\/49\/revisions"}],"predecessor-version":[{"id":424,"href":"https:\/\/pohjoispaijanteenkalatalousalue.fi\/palokka\/wp-json\/wp\/v2\/pages\/49\/revisions\/424"}],"wp:attachment":[{"href":"https:\/\/pohjoispaijanteenkalatalousalue.fi\/palokka\/wp-json\/wp\/v2\/media?parent=49"}],"curies":[{"name":"wp","href":"https:\/\/api.w.org\/{rel}","templated":true}]}}