{"id":226,"date":"2021-01-14T14:50:29","date_gmt":"2021-01-14T14:50:29","guid":{"rendered":"http:\/\/89.166.51.80\/~pohjoispaij\/palokka\/?page_id=226"},"modified":"2025-08-17T17:42:37","modified_gmt":"2025-08-17T17:42:37","slug":"kalastuksenvalvojat","status":"publish","type":"page","link":"https:\/\/pohjoispaijanteenkalatalousalue.fi\/palokka\/luvat\/kalastuksenvalvojat\/","title":{"rendered":"Kalastuksenvalvojat"},"content":{"rendered":"\n<h2 class=\"wp-block-heading\" id=\"kalastuksenvalvojat\">Kalastuksenvalvojat<\/h2>\n\n\n\n<p>Henrik Taulu<\/p>\n\n\n\n<p>Juhani Taulu<\/p>\n\n\n\n<p>Kalastuksen valvonta asioissa ota yhteytt\u00e4 pj. Joonas Rautiainen puh 0400811057. Palokkaj\u00e4rvell\u00e4 on havaittu luvatonta toisten pyydyksiin puutumista, n\u00e4m\u00e4 ovat luvattomia toisen omaisuuteen puuttumisia n\u00e4in ollen ovat rikoslain alaisia polisiasioita. Kalastuslaki linkki l\u00f6ytyy osakaskunnan etusivulta, sielt\u00e4 pyk\u00e4l\u00e4t 99-120 k\u00e4sittelee valvontaa sek\u00e4 kalastusrikkomuksia. Harmillista toimintaa mit\u00e4 Palokkaj\u00e4rvell\u00e4 tapahtuu, toivottavasti saadaa loppumaan.<\/p>\n","protected":false},"excerpt":{"rendered":"<p>Kalastuksenvalvojat Henrik Taulu Juhani Taulu Kalastuksen valvonta asioissa ota yhteytt\u00e4 pj. Joonas Rautiainen puh 0400811057. Palokkaj\u00e4rvell\u00e4 on havaittu luvatonta toisten pyydyksiin puutumista, n\u00e4m\u00e4 ovat luvattomia toisen omaisuuteen puuttumisia n\u00e4in ollen ovat rikoslain alaisia polisiasioita. Kalastuslaki linkki l\u00f6ytyy osakaskunnan etusivulta, sielt\u00e4 pyk\u00e4l\u00e4t 99-120 k\u00e4sittelee valvontaa sek\u00e4 kalastusrikkomuksia. Harmillista toimintaa mit\u00e4 Palokkaj\u00e4rvell\u00e4 tapahtuu, toivottavasti saadaa loppumaan.<\/p>\n","protected":false},"author":1,"featured_media":0,"parent":45,"menu_order":0,"comment_status":"closed","ping_status":"closed","template":"basic-sivu.php","meta":{"_acf_changed":false,"footnotes":""},"class_list":["post-226","page","type-page","status-publish","hentry"],"acf":[],"yoast_head":"<!-- This site is optimized with the Yoast SEO plugin v27.1.1 - https:\/\/yoast.com\/product\/yoast-seo-wordpress\/ -->\n<title>Kalastuksenvalvojat - Palokan osakaskunta<\/title>\n<meta name=\"robots\" content=\"index, follow, max-snippet:-1, max-image-preview:large, max-video-preview:-1\" \/>\n<link rel=\"canonical\" href=\"https:\/\/pohjoispaijanteenkalatalousalue.fi\/palokka\/luvat\/kalastuksenvalvojat\/\" \/>\n<meta property=\"og:locale\" content=\"fi_FI\" \/>\n<meta property=\"og:type\" content=\"article\" \/>\n<meta property=\"og:title\" content=\"Kalastuksenvalvojat - Palokan osakaskunta\" \/>\n<meta property=\"og:description\" content=\"Kalastuksenvalvojat Henrik Taulu Juhani Taulu Kalastuksen valvonta asioissa ota yhteytt\u00e4 pj. Joonas Rautiainen puh 0400811057. Palokkaj\u00e4rvell\u00e4 on havaittu luvatonta toisten pyydyksiin puutumista, n\u00e4m\u00e4 ovat luvattomia toisen omaisuuteen puuttumisia n\u00e4in ollen ovat rikoslain alaisia polisiasioita. Kalastuslaki linkki l\u00f6ytyy osakaskunnan etusivulta, sielt\u00e4 pyk\u00e4l\u00e4t 99-120 k\u00e4sittelee valvontaa sek\u00e4 kalastusrikkomuksia. Harmillista toimintaa mit\u00e4 Palokkaj\u00e4rvell\u00e4 tapahtuu, toivottavasti saadaa loppumaan.\" \/>\n<meta property=\"og:url\" content=\"https:\/\/pohjoispaijanteenkalatalousalue.fi\/palokka\/luvat\/kalastuksenvalvojat\/\" \/>\n<meta property=\"og:site_name\" content=\"Palokan osakaskunta\" \/>\n<meta property=\"article:modified_time\" content=\"2025-08-17T17:42:37+00:00\" \/>\n<meta name=\"twitter:card\" content=\"summary_large_image\" \/>\n<meta name=\"twitter:label1\" content=\"Arvioitu lukuaika\" \/>\n\t<meta name=\"twitter:data1\" content=\"1 minuutti\" \/>\n<script type=\"application\/ld+json\" class=\"yoast-schema-graph\">{\"@context\":\"https:\/\/schema.org\",\"@graph\":[{\"@type\":\"WebPage\",\"@id\":\"https:\/\/pohjoispaijanteenkalatalousalue.fi\/palokka\/luvat\/kalastuksenvalvojat\/\",\"url\":\"https:\/\/pohjoispaijanteenkalatalousalue.fi\/palokka\/luvat\/kalastuksenvalvojat\/\",\"name\":\"Kalastuksenvalvojat - Palokan osakaskunta\",\"isPartOf\":{\"@id\":\"https:\/\/pohjoispaijanteenkalatalousalue.fi\/palokka\/#website\"},\"datePublished\":\"2021-01-14T14:50:29+00:00\",\"dateModified\":\"2025-08-17T17:42:37+00:00\",\"breadcrumb\":{\"@id\":\"https:\/\/pohjoispaijanteenkalatalousalue.fi\/palokka\/luvat\/kalastuksenvalvojat\/#breadcrumb\"},\"inLanguage\":\"fi\",\"potentialAction\":[{\"@type\":\"ReadAction\",\"target\":[\"https:\/\/pohjoispaijanteenkalatalousalue.fi\/palokka\/luvat\/kalastuksenvalvojat\/\"]}]},{\"@type\":\"BreadcrumbList\",\"@id\":\"https:\/\/pohjoispaijanteenkalatalousalue.fi\/palokka\/luvat\/kalastuksenvalvojat\/#breadcrumb\",\"itemListElement\":[{\"@type\":\"ListItem\",\"position\":1,\"name\":\"Home\",\"item\":\"https:\/\/pohjoispaijanteenkalatalousalue.fi\/palokka\/\"},{\"@type\":\"ListItem\",\"position\":2,\"name\":\"Yksityinen: Luvat\",\"item\":\"https:\/\/pohjoispaijanteenkalatalousalue.fi\/palokka\/?page_id=45\"},{\"@type\":\"ListItem\",\"position\":3,\"name\":\"Kalastuksenvalvojat\"}]},{\"@type\":\"WebSite\",\"@id\":\"https:\/\/pohjoispaijanteenkalatalousalue.fi\/palokka\/#website\",\"url\":\"https:\/\/pohjoispaijanteenkalatalousalue.fi\/palokka\/\",\"name\":\"Palokan osakaskunta\",\"description\":\"\",\"potentialAction\":[{\"@type\":\"SearchAction\",\"target\":{\"@type\":\"EntryPoint\",\"urlTemplate\":\"https:\/\/pohjoispaijanteenkalatalousalue.fi\/palokka\/?s={search_term_string}\"},\"query-input\":{\"@type\":\"PropertyValueSpecification\",\"valueRequired\":true,\"valueName\":\"search_term_string\"}}],\"inLanguage\":\"fi\"}]}<\/script>\n<!-- \/ Yoast SEO plugin. -->","yoast_head_json":{"title":"Kalastuksenvalvojat - Palokan osakaskunta","robots":{"index":"index","follow":"follow","max-snippet":"max-snippet:-1","max-image-preview":"max-image-preview:large","max-video-preview":"max-video-preview:-1"},"canonical":"https:\/\/pohjoispaijanteenkalatalousalue.fi\/palokka\/luvat\/kalastuksenvalvojat\/","og_locale":"fi_FI","og_type":"article","og_title":"Kalastuksenvalvojat - Palokan osakaskunta","og_description":"Kalastuksenvalvojat Henrik Taulu Juhani Taulu Kalastuksen valvonta asioissa ota yhteytt\u00e4 pj. Joonas Rautiainen puh 0400811057. Palokkaj\u00e4rvell\u00e4 on havaittu luvatonta toisten pyydyksiin puutumista, n\u00e4m\u00e4 ovat luvattomia toisen omaisuuteen puuttumisia n\u00e4in ollen ovat rikoslain alaisia polisiasioita. Kalastuslaki linkki l\u00f6ytyy osakaskunnan etusivulta, sielt\u00e4 pyk\u00e4l\u00e4t 99-120 k\u00e4sittelee valvontaa sek\u00e4 kalastusrikkomuksia. Harmillista toimintaa mit\u00e4 Palokkaj\u00e4rvell\u00e4 tapahtuu, toivottavasti saadaa loppumaan.","og_url":"https:\/\/pohjoispaijanteenkalatalousalue.fi\/palokka\/luvat\/kalastuksenvalvojat\/","og_site_name":"Palokan osakaskunta","article_modified_time":"2025-08-17T17:42:37+00:00","twitter_card":"summary_large_image","twitter_misc":{"Arvioitu lukuaika":"1 minuutti"},"schema":{"@context":"https:\/\/schema.org","@graph":[{"@type":"WebPage","@id":"https:\/\/pohjoispaijanteenkalatalousalue.fi\/palokka\/luvat\/kalastuksenvalvojat\/","url":"https:\/\/pohjoispaijanteenkalatalousalue.fi\/palokka\/luvat\/kalastuksenvalvojat\/","name":"Kalastuksenvalvojat - Palokan osakaskunta","isPartOf":{"@id":"https:\/\/pohjoispaijanteenkalatalousalue.fi\/palokka\/#website"},"datePublished":"2021-01-14T14:50:29+00:00","dateModified":"2025-08-17T17:42:37+00:00","breadcrumb":{"@id":"https:\/\/pohjoispaijanteenkalatalousalue.fi\/palokka\/luvat\/kalastuksenvalvojat\/#breadcrumb"},"inLanguage":"fi","potentialAction":[{"@type":"ReadAction","target":["https:\/\/pohjoispaijanteenkalatalousalue.fi\/palokka\/luvat\/kalastuksenvalvojat\/"]}]},{"@type":"BreadcrumbList","@id":"https:\/\/pohjoispaijanteenkalatalousalue.fi\/palokka\/luvat\/kalastuksenvalvojat\/#breadcrumb","itemListElement":[{"@type":"ListItem","position":1,"name":"Home","item":"https:\/\/pohjoispaijanteenkalatalousalue.fi\/palokka\/"},{"@type":"ListItem","position":2,"name":"Yksityinen: Luvat","item":"https:\/\/pohjoispaijanteenkalatalousalue.fi\/palokka\/?page_id=45"},{"@type":"ListItem","position":3,"name":"Kalastuksenvalvojat"}]},{"@type":"WebSite","@id":"https:\/\/pohjoispaijanteenkalatalousalue.fi\/palokka\/#website","url":"https:\/\/pohjoispaijanteenkalatalousalue.fi\/palokka\/","name":"Palokan osakaskunta","description":"","potentialAction":[{"@type":"SearchAction","target":{"@type":"EntryPoint","urlTemplate":"https:\/\/pohjoispaijanteenkalatalousalue.fi\/palokka\/?s={search_term_string}"},"query-input":{"@type":"PropertyValueSpecification","valueRequired":true,"valueName":"search_term_string"}}],"inLanguage":"fi"}]}},"_links":{"self":[{"href":"https:\/\/pohjoispaijanteenkalatalousalue.fi\/palokka\/wp-json\/wp\/v2\/pages\/226","targetHints":{"allow":["GET"]}}],"collection":[{"href":"https:\/\/pohjoispaijanteenkalatalousalue.fi\/palokka\/wp-json\/wp\/v2\/pages"}],"about":[{"href":"https:\/\/pohjoispaijanteenkalatalousalue.fi\/palokka\/wp-json\/wp\/v2\/types\/page"}],"author":[{"embeddable":true,"href":"https:\/\/pohjoispaijanteenkalatalousalue.fi\/palokka\/wp-json\/wp\/v2\/users\/1"}],"replies":[{"embeddable":true,"href":"https:\/\/pohjoispaijanteenkalatalousalue.fi\/palokka\/wp-json\/wp\/v2\/comments?post=226"}],"version-history":[{"count":8,"href":"https:\/\/pohjoispaijanteenkalatalousalue.fi\/palokka\/wp-json\/wp\/v2\/pages\/226\/revisions"}],"predecessor-version":[{"id":438,"href":"https:\/\/pohjoispaijanteenkalatalousalue.fi\/palokka\/wp-json\/wp\/v2\/pages\/226\/revisions\/438"}],"up":[{"embeddable":true,"href":"https:\/\/pohjoispaijanteenkalatalousalue.fi\/palokka\/wp-json\/wp\/v2\/pages\/45"}],"wp:attachment":[{"href":"https:\/\/pohjoispaijanteenkalatalousalue.fi\/palokka\/wp-json\/wp\/v2\/media?parent=226"}],"curies":[{"name":"wp","href":"https:\/\/api.w.org\/{rel}","templated":true}]}}