{"id":2,"date":"2020-10-22T07:32:51","date_gmt":"2020-10-22T07:32:51","guid":{"rendered":"http:\/\/89.166.51.80\/~pohjoispaij\/palokka\/?page_id=2"},"modified":"2026-03-31T04:45:02","modified_gmt":"2026-03-31T04:45:02","slug":"etusivu","status":"publish","type":"page","link":"https:\/\/pohjoispaijanteenkalatalousalue.fi\/palokka\/","title":{"rendered":"Etusivu"},"content":{"rendered":"\n<h2 class=\"wp-block-heading\">Tervetuloa Palokan osakaskuntaan<\/h2>\n\n\n\n<p><strong><em>Tervetuloa Palokan osakaskunnan sivuille!<\/em><\/strong><\/p>\n\n\n\n<p>KOKOUSKUTSU: Palokan kalastuskunnan osakaskunnan vuosikokoukseen la 11.4.2026 klo:14:15 Palokan ABC:lle<\/p>\n\n\n\n<p><strong>Vuoden 2026 merkkien sek\u00e4 lupien myynti Piazza Cafe Palokan Prismassa. K\u00e4teismaksu ja mieluiten tasaraha. Katso hinnat ja ohjeet kohdasta Luvat\/Lupamaksut ja ohjeet. Lis\u00e4tietoa puh. 0400811057, rautiainen.joonas814@gmail.com<\/strong><\/p>\n\n\n\n<p>Kaikki kalastusmerkit voimassa kalenterivuoden, eli verkkomerkki vaihdettava vuodenvaihteessa. Lupa voimassa myyntip\u00e4iv\u00e4st\u00e4 merkiss\u00e4 olevan vuoden loppuun. J\u00e4rvikohtaisia lupia ei ole, luvalla voi kalastaa kaikilla Palokan osakaskunnan vesialueilla. Verkkomerkit: 1 merkki 30 metri\u00e4, 2 merkill\u00e4 60 metri\u00e4.<\/p>\n\n\n\n<p><strong>Merkitse pyydyksesi oikein!<\/strong> Ohje l\u00f6ytyy <a href=\"https:\/\/ahven.net\/kalastus\/pyydysten-merkinta\/\" target=\"_blank\" rel=\"noreferrer noopener\">Ahven.net<\/a> sivuilta, merkitse pyydykset oikein. T\u00e4lt\u00e4 sivulta l\u00f6ytyy paljon tietoa kalstuksesta, kannattaa katsoa.<\/p>\n\n\n\n<p>Palautetta osakaskuntaan, tietoja eri j\u00e4rvien kalansaaliista tai kalakannasta voi laittaa tekstiviestill\u00e4\/s\u00e4hk\u00f6postilla. Yhteystiedot l\u00f6ytyv\u00e4t tiedot osiosta. Osakaskunta olisi hyvin kiitollinen palautteesta.<\/p>\n\n\n\n<p>Kuhan uusi alamitta 42cm! <\/p>\n\n\n\n<p><a href=\"https:\/\/finlex.fi\/fi\/laki\/ajantasa\/2015\/20150379\" target=\"_blank\" rel=\"noreferrer noopener\">Uusi kalastuslaki l\u00f6ytyy t\u00e4st\u00e4<\/a><\/p>\n","protected":false},"excerpt":{"rendered":"<p>Tervetuloa Palokan osakaskuntaan Tervetuloa Palokan osakaskunnan sivuille! KOKOUSKUTSU: Palokan kalastuskunnan osakaskunnan vuosikokoukseen la 11.4.2026 klo:14:15 Palokan ABC:lle Vuoden 2026 merkkien sek\u00e4 lupien myynti Piazza Cafe Palokan Prismassa. K\u00e4teismaksu ja mieluiten tasaraha. Katso hinnat ja ohjeet kohdasta Luvat\/Lupamaksut ja ohjeet. Lis\u00e4tietoa puh. 0400811057, rautiainen.joonas814@gmail.com Kaikki kalastusmerkit voimassa kalenterivuoden, eli verkkomerkki vaihdettava vuodenvaihteessa. Lupa voimassa myyntip\u00e4iv\u00e4st\u00e4 merkiss\u00e4<\/p>\n<p><a class=\"moretag\" href=\"https:\/\/pohjoispaijanteenkalatalousalue.fi\/palokka\/\"> Lue lis\u00e4\u00e4 ><\/a><\/p>\n","protected":false},"author":1,"featured_media":0,"parent":0,"menu_order":0,"comment_status":"closed","ping_status":"open","template":"","meta":{"_acf_changed":false,"footnotes":""},"class_list":["post-2","page","type-page","status-publish","hentry"],"acf":[],"yoast_head":"<!-- This site is optimized with the Yoast SEO plugin v27.1.1 - https:\/\/yoast.com\/product\/yoast-seo-wordpress\/ -->\n<title>Etusivu - Palokan osakaskunta<\/title>\n<meta name=\"robots\" content=\"index, follow, max-snippet:-1, max-image-preview:large, max-video-preview:-1\" \/>\n<link rel=\"canonical\" href=\"https:\/\/pohjoispaijanteenkalatalousalue.fi\/palokka\/\" \/>\n<meta property=\"og:locale\" content=\"fi_FI\" \/>\n<meta property=\"og:type\" content=\"article\" \/>\n<meta property=\"og:title\" content=\"Etusivu - Palokan osakaskunta\" \/>\n<meta property=\"og:description\" content=\"Tervetuloa Palokan osakaskuntaan Tervetuloa Palokan osakaskunnan sivuille! KOKOUSKUTSU: Palokan kalastuskunnan osakaskunnan vuosikokoukseen la 11.4.2026 klo:14:15 Palokan ABC:lle Vuoden 2026 merkkien sek\u00e4 lupien myynti Piazza Cafe Palokan Prismassa. K\u00e4teismaksu ja mieluiten tasaraha. Katso hinnat ja ohjeet kohdasta Luvat\/Lupamaksut ja ohjeet. Lis\u00e4tietoa puh. 0400811057, rautiainen.joonas814@gmail.com Kaikki kalastusmerkit voimassa kalenterivuoden, eli verkkomerkki vaihdettava vuodenvaihteessa. Lupa voimassa myyntip\u00e4iv\u00e4st\u00e4 merkiss\u00e4 Lue lis\u00e4\u00e4 &gt;\" \/>\n<meta property=\"og:url\" content=\"https:\/\/pohjoispaijanteenkalatalousalue.fi\/palokka\/\" \/>\n<meta property=\"og:site_name\" content=\"Palokan osakaskunta\" \/>\n<meta property=\"article:modified_time\" content=\"2026-03-31T04:45:02+00:00\" \/>\n<meta name=\"twitter:card\" content=\"summary_large_image\" \/>\n<meta name=\"twitter:label1\" content=\"Arvioitu lukuaika\" \/>\n\t<meta name=\"twitter:data1\" content=\"1 minuutti\" \/>\n<script type=\"application\/ld+json\" class=\"yoast-schema-graph\">{\"@context\":\"https:\/\/schema.org\",\"@graph\":[{\"@type\":\"WebPage\",\"@id\":\"https:\/\/pohjoispaijanteenkalatalousalue.fi\/palokka\/\",\"url\":\"https:\/\/pohjoispaijanteenkalatalousalue.fi\/palokka\/\",\"name\":\"Etusivu - Palokan osakaskunta\",\"isPartOf\":{\"@id\":\"https:\/\/pohjoispaijanteenkalatalousalue.fi\/palokka\/#website\"},\"datePublished\":\"2020-10-22T07:32:51+00:00\",\"dateModified\":\"2026-03-31T04:45:02+00:00\",\"breadcrumb\":{\"@id\":\"https:\/\/pohjoispaijanteenkalatalousalue.fi\/palokka\/#breadcrumb\"},\"inLanguage\":\"fi\",\"potentialAction\":[{\"@type\":\"ReadAction\",\"target\":[\"https:\/\/pohjoispaijanteenkalatalousalue.fi\/palokka\/\"]}]},{\"@type\":\"BreadcrumbList\",\"@id\":\"https:\/\/pohjoispaijanteenkalatalousalue.fi\/palokka\/#breadcrumb\",\"itemListElement\":[{\"@type\":\"ListItem\",\"position\":1,\"name\":\"Home\",\"item\":\"https:\/\/pohjoispaijanteenkalatalousalue.fi\/palokka\/\"},{\"@type\":\"ListItem\",\"position\":2,\"name\":\"Etusivu\"}]},{\"@type\":\"WebSite\",\"@id\":\"https:\/\/pohjoispaijanteenkalatalousalue.fi\/palokka\/#website\",\"url\":\"https:\/\/pohjoispaijanteenkalatalousalue.fi\/palokka\/\",\"name\":\"Palokan osakaskunta\",\"description\":\"\",\"potentialAction\":[{\"@type\":\"SearchAction\",\"target\":{\"@type\":\"EntryPoint\",\"urlTemplate\":\"https:\/\/pohjoispaijanteenkalatalousalue.fi\/palokka\/?s={search_term_string}\"},\"query-input\":{\"@type\":\"PropertyValueSpecification\",\"valueRequired\":true,\"valueName\":\"search_term_string\"}}],\"inLanguage\":\"fi\"}]}<\/script>\n<!-- \/ Yoast SEO plugin. -->","yoast_head_json":{"title":"Etusivu - Palokan osakaskunta","robots":{"index":"index","follow":"follow","max-snippet":"max-snippet:-1","max-image-preview":"max-image-preview:large","max-video-preview":"max-video-preview:-1"},"canonical":"https:\/\/pohjoispaijanteenkalatalousalue.fi\/palokka\/","og_locale":"fi_FI","og_type":"article","og_title":"Etusivu - Palokan osakaskunta","og_description":"Tervetuloa Palokan osakaskuntaan Tervetuloa Palokan osakaskunnan sivuille! KOKOUSKUTSU: Palokan kalastuskunnan osakaskunnan vuosikokoukseen la 11.4.2026 klo:14:15 Palokan ABC:lle Vuoden 2026 merkkien sek\u00e4 lupien myynti Piazza Cafe Palokan Prismassa. K\u00e4teismaksu ja mieluiten tasaraha. Katso hinnat ja ohjeet kohdasta Luvat\/Lupamaksut ja ohjeet. Lis\u00e4tietoa puh. 0400811057, rautiainen.joonas814@gmail.com Kaikki kalastusmerkit voimassa kalenterivuoden, eli verkkomerkki vaihdettava vuodenvaihteessa. Lupa voimassa myyntip\u00e4iv\u00e4st\u00e4 merkiss\u00e4 Lue lis\u00e4\u00e4 >","og_url":"https:\/\/pohjoispaijanteenkalatalousalue.fi\/palokka\/","og_site_name":"Palokan osakaskunta","article_modified_time":"2026-03-31T04:45:02+00:00","twitter_card":"summary_large_image","twitter_misc":{"Arvioitu lukuaika":"1 minuutti"},"schema":{"@context":"https:\/\/schema.org","@graph":[{"@type":"WebPage","@id":"https:\/\/pohjoispaijanteenkalatalousalue.fi\/palokka\/","url":"https:\/\/pohjoispaijanteenkalatalousalue.fi\/palokka\/","name":"Etusivu - Palokan osakaskunta","isPartOf":{"@id":"https:\/\/pohjoispaijanteenkalatalousalue.fi\/palokka\/#website"},"datePublished":"2020-10-22T07:32:51+00:00","dateModified":"2026-03-31T04:45:02+00:00","breadcrumb":{"@id":"https:\/\/pohjoispaijanteenkalatalousalue.fi\/palokka\/#breadcrumb"},"inLanguage":"fi","potentialAction":[{"@type":"ReadAction","target":["https:\/\/pohjoispaijanteenkalatalousalue.fi\/palokka\/"]}]},{"@type":"BreadcrumbList","@id":"https:\/\/pohjoispaijanteenkalatalousalue.fi\/palokka\/#breadcrumb","itemListElement":[{"@type":"ListItem","position":1,"name":"Home","item":"https:\/\/pohjoispaijanteenkalatalousalue.fi\/palokka\/"},{"@type":"ListItem","position":2,"name":"Etusivu"}]},{"@type":"WebSite","@id":"https:\/\/pohjoispaijanteenkalatalousalue.fi\/palokka\/#website","url":"https:\/\/pohjoispaijanteenkalatalousalue.fi\/palokka\/","name":"Palokan osakaskunta","description":"","potentialAction":[{"@type":"SearchAction","target":{"@type":"EntryPoint","urlTemplate":"https:\/\/pohjoispaijanteenkalatalousalue.fi\/palokka\/?s={search_term_string}"},"query-input":{"@type":"PropertyValueSpecification","valueRequired":true,"valueName":"search_term_string"}}],"inLanguage":"fi"}]}},"_links":{"self":[{"href":"https:\/\/pohjoispaijanteenkalatalousalue.fi\/palokka\/wp-json\/wp\/v2\/pages\/2","targetHints":{"allow":["GET"]}}],"collection":[{"href":"https:\/\/pohjoispaijanteenkalatalousalue.fi\/palokka\/wp-json\/wp\/v2\/pages"}],"about":[{"href":"https:\/\/pohjoispaijanteenkalatalousalue.fi\/palokka\/wp-json\/wp\/v2\/types\/page"}],"author":[{"embeddable":true,"href":"https:\/\/pohjoispaijanteenkalatalousalue.fi\/palokka\/wp-json\/wp\/v2\/users\/1"}],"replies":[{"embeddable":true,"href":"https:\/\/pohjoispaijanteenkalatalousalue.fi\/palokka\/wp-json\/wp\/v2\/comments?post=2"}],"version-history":[{"count":65,"href":"https:\/\/pohjoispaijanteenkalatalousalue.fi\/palokka\/wp-json\/wp\/v2\/pages\/2\/revisions"}],"predecessor-version":[{"id":451,"href":"https:\/\/pohjoispaijanteenkalatalousalue.fi\/palokka\/wp-json\/wp\/v2\/pages\/2\/revisions\/451"}],"wp:attachment":[{"href":"https:\/\/pohjoispaijanteenkalatalousalue.fi\/palokka\/wp-json\/wp\/v2\/media?parent=2"}],"curies":[{"name":"wp","href":"https:\/\/api.w.org\/{rel}","templated":true}]}}