{"id":158,"date":"2020-10-29T12:25:46","date_gmt":"2020-10-29T12:25:46","guid":{"rendered":"http:\/\/89.166.51.80\/~pohjoispaij\/luonetjarvi\/?page_id=158"},"modified":"2023-05-19T08:54:33","modified_gmt":"2023-05-19T08:54:33","slug":"vuosikokous","status":"publish","type":"page","link":"https:\/\/pohjoispaijanteenkalatalousalue.fi\/luonetjarvi\/hallinto\/vuosikokous\/","title":{"rendered":"Vuosikokous"},"content":{"rendered":"\n<h2 class=\"wp-block-heading\">Vuosikokous<\/h2>\n\n\n\n<p>Vuosikokous\u00a0on pidetty maanantaina 27.4.2023 klo 17.00. K\u00e4siteltiin s\u00e4\u00e4nt\u00f6m\u00e4\u00e4r\u00e4iset asiat ja s\u00e4\u00e4nt\u00f6muutos osakaskunnan hallinnon j\u00e4rjest\u00e4misest\u00e4 toimitsijamallin mukaiseksi. Toimitsijaksi valittiin Tuomo Kumpulainen ja varahenkil\u00f6ksi Sakari Hartikka. Kokouksen p\u00f6yt\u00e4kirja on osakasten n\u00e4ht\u00e4vill\u00e4 osakaskunnan toimitsijan Tuomo Kumpulaisen luona os. Puuppolantie 692.\u00a0\u00a0<\/p>\n","protected":false},"excerpt":{"rendered":"<p>Vuosikokous Vuosikokous\u00a0on pidetty maanantaina 27.4.2023 klo 17.00. K\u00e4siteltiin s\u00e4\u00e4nt\u00f6m\u00e4\u00e4r\u00e4iset asiat ja s\u00e4\u00e4nt\u00f6muutos osakaskunnan hallinnon j\u00e4rjest\u00e4misest\u00e4 toimitsijamallin mukaiseksi. Toimitsijaksi valittiin Tuomo Kumpulainen ja varahenkil\u00f6ksi Sakari Hartikka. Kokouksen p\u00f6yt\u00e4kirja on osakasten n\u00e4ht\u00e4vill\u00e4 osakaskunnan toimitsijan Tuomo Kumpulaisen luona os. Puuppolantie 692.\u00a0\u00a0<\/p>\n","protected":false},"author":1,"featured_media":0,"parent":32,"menu_order":0,"comment_status":"closed","ping_status":"closed","template":"basic-sivu.php","meta":{"_acf_changed":false,"footnotes":""},"class_list":["post-158","page","type-page","status-publish","hentry"],"acf":[],"yoast_head":"<!-- This site is optimized with the Yoast SEO plugin v27.1.1 - https:\/\/yoast.com\/product\/yoast-seo-wordpress\/ -->\n<title>Vuosikokous - Luonetj\u00e4rven osakaskunta<\/title>\n<meta name=\"robots\" content=\"index, follow, max-snippet:-1, max-image-preview:large, max-video-preview:-1\" \/>\n<link rel=\"canonical\" href=\"https:\/\/pohjoispaijanteenkalatalousalue.fi\/luonetjarvi\/hallinto\/vuosikokous\/\" \/>\n<meta property=\"og:locale\" content=\"fi_FI\" \/>\n<meta property=\"og:type\" content=\"article\" \/>\n<meta property=\"og:title\" content=\"Vuosikokous - Luonetj\u00e4rven osakaskunta\" \/>\n<meta property=\"og:description\" content=\"Vuosikokous Vuosikokous\u00a0on pidetty maanantaina 27.4.2023 klo 17.00. K\u00e4siteltiin s\u00e4\u00e4nt\u00f6m\u00e4\u00e4r\u00e4iset asiat ja s\u00e4\u00e4nt\u00f6muutos osakaskunnan hallinnon j\u00e4rjest\u00e4misest\u00e4 toimitsijamallin mukaiseksi. Toimitsijaksi valittiin Tuomo Kumpulainen ja varahenkil\u00f6ksi Sakari Hartikka. Kokouksen p\u00f6yt\u00e4kirja on osakasten n\u00e4ht\u00e4vill\u00e4 osakaskunnan toimitsijan Tuomo Kumpulaisen luona os. Puuppolantie 692.\u00a0\u00a0\" \/>\n<meta property=\"og:url\" content=\"https:\/\/pohjoispaijanteenkalatalousalue.fi\/luonetjarvi\/hallinto\/vuosikokous\/\" \/>\n<meta property=\"og:site_name\" content=\"Luonetj\u00e4rven osakaskunta\" \/>\n<meta property=\"article:modified_time\" content=\"2023-05-19T08:54:33+00:00\" \/>\n<meta name=\"twitter:card\" content=\"summary_large_image\" \/>\n<meta name=\"twitter:label1\" content=\"Arvioitu lukuaika\" \/>\n\t<meta name=\"twitter:data1\" content=\"1 minuutti\" \/>\n<script type=\"application\/ld+json\" class=\"yoast-schema-graph\">{\"@context\":\"https:\/\/schema.org\",\"@graph\":[{\"@type\":\"WebPage\",\"@id\":\"https:\/\/pohjoispaijanteenkalatalousalue.fi\/luonetjarvi\/hallinto\/vuosikokous\/\",\"url\":\"https:\/\/pohjoispaijanteenkalatalousalue.fi\/luonetjarvi\/hallinto\/vuosikokous\/\",\"name\":\"Vuosikokous - Luonetj\u00e4rven osakaskunta\",\"isPartOf\":{\"@id\":\"https:\/\/pohjoispaijanteenkalatalousalue.fi\/luonetjarvi\/#website\"},\"datePublished\":\"2020-10-29T12:25:46+00:00\",\"dateModified\":\"2023-05-19T08:54:33+00:00\",\"breadcrumb\":{\"@id\":\"https:\/\/pohjoispaijanteenkalatalousalue.fi\/luonetjarvi\/hallinto\/vuosikokous\/#breadcrumb\"},\"inLanguage\":\"fi\",\"potentialAction\":[{\"@type\":\"ReadAction\",\"target\":[\"https:\/\/pohjoispaijanteenkalatalousalue.fi\/luonetjarvi\/hallinto\/vuosikokous\/\"]}]},{\"@type\":\"BreadcrumbList\",\"@id\":\"https:\/\/pohjoispaijanteenkalatalousalue.fi\/luonetjarvi\/hallinto\/vuosikokous\/#breadcrumb\",\"itemListElement\":[{\"@type\":\"ListItem\",\"position\":1,\"name\":\"Home\",\"item\":\"https:\/\/pohjoispaijanteenkalatalousalue.fi\/luonetjarvi\/\"},{\"@type\":\"ListItem\",\"position\":2,\"name\":\"Yksityinen: Hallinto\",\"item\":\"https:\/\/pohjoispaijanteenkalatalousalue.fi\/luonetjarvi\/?page_id=32\"},{\"@type\":\"ListItem\",\"position\":3,\"name\":\"Vuosikokous\"}]},{\"@type\":\"WebSite\",\"@id\":\"https:\/\/pohjoispaijanteenkalatalousalue.fi\/luonetjarvi\/#website\",\"url\":\"https:\/\/pohjoispaijanteenkalatalousalue.fi\/luonetjarvi\/\",\"name\":\"Luonetj\u00e4rven osakaskunta\",\"description\":\"\",\"potentialAction\":[{\"@type\":\"SearchAction\",\"target\":{\"@type\":\"EntryPoint\",\"urlTemplate\":\"https:\/\/pohjoispaijanteenkalatalousalue.fi\/luonetjarvi\/?s={search_term_string}\"},\"query-input\":{\"@type\":\"PropertyValueSpecification\",\"valueRequired\":true,\"valueName\":\"search_term_string\"}}],\"inLanguage\":\"fi\"}]}<\/script>\n<!-- \/ Yoast SEO plugin. -->","yoast_head_json":{"title":"Vuosikokous - Luonetj\u00e4rven osakaskunta","robots":{"index":"index","follow":"follow","max-snippet":"max-snippet:-1","max-image-preview":"max-image-preview:large","max-video-preview":"max-video-preview:-1"},"canonical":"https:\/\/pohjoispaijanteenkalatalousalue.fi\/luonetjarvi\/hallinto\/vuosikokous\/","og_locale":"fi_FI","og_type":"article","og_title":"Vuosikokous - Luonetj\u00e4rven osakaskunta","og_description":"Vuosikokous Vuosikokous\u00a0on pidetty maanantaina 27.4.2023 klo 17.00. K\u00e4siteltiin s\u00e4\u00e4nt\u00f6m\u00e4\u00e4r\u00e4iset asiat ja s\u00e4\u00e4nt\u00f6muutos osakaskunnan hallinnon j\u00e4rjest\u00e4misest\u00e4 toimitsijamallin mukaiseksi. Toimitsijaksi valittiin Tuomo Kumpulainen ja varahenkil\u00f6ksi Sakari Hartikka. Kokouksen p\u00f6yt\u00e4kirja on osakasten n\u00e4ht\u00e4vill\u00e4 osakaskunnan toimitsijan Tuomo Kumpulaisen luona os. Puuppolantie 692.\u00a0\u00a0","og_url":"https:\/\/pohjoispaijanteenkalatalousalue.fi\/luonetjarvi\/hallinto\/vuosikokous\/","og_site_name":"Luonetj\u00e4rven osakaskunta","article_modified_time":"2023-05-19T08:54:33+00:00","twitter_card":"summary_large_image","twitter_misc":{"Arvioitu lukuaika":"1 minuutti"},"schema":{"@context":"https:\/\/schema.org","@graph":[{"@type":"WebPage","@id":"https:\/\/pohjoispaijanteenkalatalousalue.fi\/luonetjarvi\/hallinto\/vuosikokous\/","url":"https:\/\/pohjoispaijanteenkalatalousalue.fi\/luonetjarvi\/hallinto\/vuosikokous\/","name":"Vuosikokous - Luonetj\u00e4rven osakaskunta","isPartOf":{"@id":"https:\/\/pohjoispaijanteenkalatalousalue.fi\/luonetjarvi\/#website"},"datePublished":"2020-10-29T12:25:46+00:00","dateModified":"2023-05-19T08:54:33+00:00","breadcrumb":{"@id":"https:\/\/pohjoispaijanteenkalatalousalue.fi\/luonetjarvi\/hallinto\/vuosikokous\/#breadcrumb"},"inLanguage":"fi","potentialAction":[{"@type":"ReadAction","target":["https:\/\/pohjoispaijanteenkalatalousalue.fi\/luonetjarvi\/hallinto\/vuosikokous\/"]}]},{"@type":"BreadcrumbList","@id":"https:\/\/pohjoispaijanteenkalatalousalue.fi\/luonetjarvi\/hallinto\/vuosikokous\/#breadcrumb","itemListElement":[{"@type":"ListItem","position":1,"name":"Home","item":"https:\/\/pohjoispaijanteenkalatalousalue.fi\/luonetjarvi\/"},{"@type":"ListItem","position":2,"name":"Yksityinen: Hallinto","item":"https:\/\/pohjoispaijanteenkalatalousalue.fi\/luonetjarvi\/?page_id=32"},{"@type":"ListItem","position":3,"name":"Vuosikokous"}]},{"@type":"WebSite","@id":"https:\/\/pohjoispaijanteenkalatalousalue.fi\/luonetjarvi\/#website","url":"https:\/\/pohjoispaijanteenkalatalousalue.fi\/luonetjarvi\/","name":"Luonetj\u00e4rven osakaskunta","description":"","potentialAction":[{"@type":"SearchAction","target":{"@type":"EntryPoint","urlTemplate":"https:\/\/pohjoispaijanteenkalatalousalue.fi\/luonetjarvi\/?s={search_term_string}"},"query-input":{"@type":"PropertyValueSpecification","valueRequired":true,"valueName":"search_term_string"}}],"inLanguage":"fi"}]}},"_links":{"self":[{"href":"https:\/\/pohjoispaijanteenkalatalousalue.fi\/luonetjarvi\/wp-json\/wp\/v2\/pages\/158","targetHints":{"allow":["GET"]}}],"collection":[{"href":"https:\/\/pohjoispaijanteenkalatalousalue.fi\/luonetjarvi\/wp-json\/wp\/v2\/pages"}],"about":[{"href":"https:\/\/pohjoispaijanteenkalatalousalue.fi\/luonetjarvi\/wp-json\/wp\/v2\/types\/page"}],"author":[{"embeddable":true,"href":"https:\/\/pohjoispaijanteenkalatalousalue.fi\/luonetjarvi\/wp-json\/wp\/v2\/users\/1"}],"replies":[{"embeddable":true,"href":"https:\/\/pohjoispaijanteenkalatalousalue.fi\/luonetjarvi\/wp-json\/wp\/v2\/comments?post=158"}],"version-history":[{"count":10,"href":"https:\/\/pohjoispaijanteenkalatalousalue.fi\/luonetjarvi\/wp-json\/wp\/v2\/pages\/158\/revisions"}],"predecessor-version":[{"id":294,"href":"https:\/\/pohjoispaijanteenkalatalousalue.fi\/luonetjarvi\/wp-json\/wp\/v2\/pages\/158\/revisions\/294"}],"up":[{"embeddable":true,"href":"https:\/\/pohjoispaijanteenkalatalousalue.fi\/luonetjarvi\/wp-json\/wp\/v2\/pages\/32"}],"wp:attachment":[{"href":"https:\/\/pohjoispaijanteenkalatalousalue.fi\/luonetjarvi\/wp-json\/wp\/v2\/media?parent=158"}],"curies":[{"name":"wp","href":"https:\/\/api.w.org\/{rel}","templated":true}]}}