{"id":90,"date":"2020-10-29T11:42:18","date_gmt":"2020-10-29T11:42:18","guid":{"rendered":"http:\/\/89.166.51.80\/~pohjoispaij\/leivonmaki\/?page_id=90"},"modified":"2023-04-04T10:25:59","modified_gmt":"2023-04-04T10:25:59","slug":"luvanmyyjat-ja-lupakartta","status":"publish","type":"page","link":"https:\/\/pohjoispaijanteenkalatalousalue.fi\/leivonmaki\/luvat\/luvanmyyjat-ja-lupakartta\/","title":{"rendered":"Luvanmyyj\u00e4t ja lupakartta"},"content":{"rendered":"\n<h2 class=\"wp-block-heading\">Luvanmyyj\u00e4t<\/h2>\n\n\n\n<p>Lupia\/pyydysmerkkej\u00e4 myy Hyv\u00e4n Mielen Kyl\u00e4kauppa, Leivonm\u00e4entie 11&nbsp;41770 Leivonm\u00e4ki, puh. 044 9727844<\/p>\n\n\n\n<h4 class=\"wp-block-heading\"><strong>Pyydysmerkkien hinnat<\/strong><\/h4>\n\n\n\n<p>Pyydysmerkin hinta on 5,00 \u20ac<br>Lis\u00e4vavan hinta on 10,00 \u20ac (viehekalastuslupia myyd\u00e4\u00e4n kaikille halukkaille)<br>Sorsastulupa on 10,00 \u20ac&nbsp;<\/p>\n\n\n\n<p>Yhdess\u00e4 uisteluveneess\u00e4 saa olla enint\u00e4\u00e4n 6 vapaa kerralla.<\/p>\n\n\n\n<h4 class=\"wp-block-heading\"><strong>KALASTUSV\u00c4LINE &#8211;&nbsp; HINTA\/YKSIKK\u00d6\u00c4<\/strong><\/h4>\n\n\n\n<p>Verkko 3 m x 30 m tai alle &#8211; 1 yksikk\u00f6\u00e4<br>Verkko yli 30 m pitk\u00e4 &#8211; 2 yksikk\u00f6\u00e4<br>Verkko yli 3 m korkea &#8211; 2 yksikk\u00f6\u00e4<br>Nuotta &#8211; 20 yksikk\u00f6\u00e4<br>Talvinuotta &#8211; 40 yksikk\u00f6\u00e4<br>Pitk\u00e4siima (100 koukkua) &#8211; 1 yksikk\u00f6\u00e4<br>Rantarys\u00e4 &#8211;&nbsp; 1 yksikk\u00f6\u00e4<br>Rys\u00e4n korkeus 2 m tai alle &#8211; 2 yksikk\u00f6\u00e4<br>Rys\u00e4nkorkeus yli 2 m &#8211;&nbsp; 4 yksikk\u00f6\u00e4<br>Avorys\u00e4 ja paunetti &#8211;&nbsp; 20 yksikk\u00f6\u00e4<br>Koukkuja 5 kpl &#8211;&nbsp; 1 yksikk\u00f6\u00e4<\/p>\n\n\n\n<p>Yhden yksik\u00f6n arvo on yksi pyydysmerkki.<\/p>\n\n\n\n<h2 class=\"wp-block-heading\">Lupakartta<\/h2>\n\n\n\n<p><a href=\"https:\/\/pohjoispaijanteenkalatalousalue.fi\/leivonmaki\/wp-content\/uploads\/sites\/57\/2023\/03\/leivonmaen-ok.png\" target=\"_blank\" rel=\"noreferrer noopener\"> Leivonm\u00e4en osakaskunnan kartta<\/a><\/p>\n","protected":false},"excerpt":{"rendered":"<p>Luvanmyyj\u00e4t Lupia\/pyydysmerkkej\u00e4 myy Hyv\u00e4n Mielen Kyl\u00e4kauppa, Leivonm\u00e4entie 11&nbsp;41770 Leivonm\u00e4ki, puh. 044 9727844 Pyydysmerkkien hinnat Pyydysmerkin hinta on 5,00 \u20acLis\u00e4vavan hinta on 10,00 \u20ac (viehekalastuslupia myyd\u00e4\u00e4n kaikille halukkaille)Sorsastulupa on 10,00 \u20ac&nbsp; Yhdess\u00e4 uisteluveneess\u00e4 saa olla enint\u00e4\u00e4n 6 vapaa kerralla. KALASTUSV\u00c4LINE &#8211;&nbsp; HINTA\/YKSIKK\u00d6\u00c4 Verkko 3 m x 30 m tai alle &#8211; 1 yksikk\u00f6\u00e4Verkko yli 30 m<\/p>\n<p><a class=\"moretag\" href=\"https:\/\/pohjoispaijanteenkalatalousalue.fi\/leivonmaki\/luvat\/luvanmyyjat-ja-lupakartta\/\"> Lue lis\u00e4\u00e4 ><\/a><\/p>\n","protected":false},"author":1,"featured_media":0,"parent":45,"menu_order":0,"comment_status":"closed","ping_status":"closed","template":"basic-sivu.php","meta":{"_acf_changed":false,"footnotes":""},"class_list":["post-90","page","type-page","status-publish","hentry"],"acf":[],"yoast_head":"<!-- This site is optimized with the Yoast SEO plugin v27.1.1 - https:\/\/yoast.com\/product\/yoast-seo-wordpress\/ -->\n<title>Luvanmyyj\u00e4t ja lupakartta - Leivonm\u00e4en osakaskunta<\/title>\n<meta name=\"robots\" content=\"index, follow, max-snippet:-1, max-image-preview:large, max-video-preview:-1\" \/>\n<link rel=\"canonical\" href=\"https:\/\/pohjoispaijanteenkalatalousalue.fi\/leivonmaki\/luvat\/luvanmyyjat-ja-lupakartta\/\" \/>\n<meta property=\"og:locale\" content=\"fi_FI\" \/>\n<meta property=\"og:type\" content=\"article\" \/>\n<meta property=\"og:title\" content=\"Luvanmyyj\u00e4t ja lupakartta - Leivonm\u00e4en osakaskunta\" \/>\n<meta property=\"og:description\" content=\"Luvanmyyj\u00e4t Lupia\/pyydysmerkkej\u00e4 myy Hyv\u00e4n Mielen Kyl\u00e4kauppa, Leivonm\u00e4entie 11&nbsp;41770 Leivonm\u00e4ki, puh. 044 9727844 Pyydysmerkkien hinnat Pyydysmerkin hinta on 5,00 \u20acLis\u00e4vavan hinta on 10,00 \u20ac (viehekalastuslupia myyd\u00e4\u00e4n kaikille halukkaille)Sorsastulupa on 10,00 \u20ac&nbsp; Yhdess\u00e4 uisteluveneess\u00e4 saa olla enint\u00e4\u00e4n 6 vapaa kerralla. KALASTUSV\u00c4LINE &#8211;&nbsp; HINTA\/YKSIKK\u00d6\u00c4 Verkko 3 m x 30 m tai alle &#8211; 1 yksikk\u00f6\u00e4Verkko yli 30 m Lue lis\u00e4\u00e4 &gt;\" \/>\n<meta property=\"og:url\" content=\"https:\/\/pohjoispaijanteenkalatalousalue.fi\/leivonmaki\/luvat\/luvanmyyjat-ja-lupakartta\/\" \/>\n<meta property=\"og:site_name\" content=\"Leivonm\u00e4en osakaskunta\" \/>\n<meta property=\"article:modified_time\" content=\"2023-04-04T10:25:59+00:00\" \/>\n<meta name=\"twitter:card\" content=\"summary_large_image\" \/>\n<meta name=\"twitter:label1\" content=\"Arvioitu lukuaika\" \/>\n\t<meta name=\"twitter:data1\" content=\"1 minuutti\" \/>\n<script type=\"application\/ld+json\" class=\"yoast-schema-graph\">{\"@context\":\"https:\/\/schema.org\",\"@graph\":[{\"@type\":\"WebPage\",\"@id\":\"https:\/\/pohjoispaijanteenkalatalousalue.fi\/leivonmaki\/luvat\/luvanmyyjat-ja-lupakartta\/\",\"url\":\"https:\/\/pohjoispaijanteenkalatalousalue.fi\/leivonmaki\/luvat\/luvanmyyjat-ja-lupakartta\/\",\"name\":\"Luvanmyyj\u00e4t ja lupakartta - Leivonm\u00e4en osakaskunta\",\"isPartOf\":{\"@id\":\"https:\/\/pohjoispaijanteenkalatalousalue.fi\/leivonmaki\/#website\"},\"datePublished\":\"2020-10-29T11:42:18+00:00\",\"dateModified\":\"2023-04-04T10:25:59+00:00\",\"breadcrumb\":{\"@id\":\"https:\/\/pohjoispaijanteenkalatalousalue.fi\/leivonmaki\/luvat\/luvanmyyjat-ja-lupakartta\/#breadcrumb\"},\"inLanguage\":\"fi\",\"potentialAction\":[{\"@type\":\"ReadAction\",\"target\":[\"https:\/\/pohjoispaijanteenkalatalousalue.fi\/leivonmaki\/luvat\/luvanmyyjat-ja-lupakartta\/\"]}]},{\"@type\":\"BreadcrumbList\",\"@id\":\"https:\/\/pohjoispaijanteenkalatalousalue.fi\/leivonmaki\/luvat\/luvanmyyjat-ja-lupakartta\/#breadcrumb\",\"itemListElement\":[{\"@type\":\"ListItem\",\"position\":1,\"name\":\"Home\",\"item\":\"https:\/\/pohjoispaijanteenkalatalousalue.fi\/leivonmaki\/\"},{\"@type\":\"ListItem\",\"position\":2,\"name\":\"Yksityinen: Luvat\",\"item\":\"https:\/\/pohjoispaijanteenkalatalousalue.fi\/leivonmaki\/?page_id=45\"},{\"@type\":\"ListItem\",\"position\":3,\"name\":\"Luvanmyyj\u00e4t ja lupakartta\"}]},{\"@type\":\"WebSite\",\"@id\":\"https:\/\/pohjoispaijanteenkalatalousalue.fi\/leivonmaki\/#website\",\"url\":\"https:\/\/pohjoispaijanteenkalatalousalue.fi\/leivonmaki\/\",\"name\":\"Leivonm\u00e4en osakaskunta\",\"description\":\"\",\"potentialAction\":[{\"@type\":\"SearchAction\",\"target\":{\"@type\":\"EntryPoint\",\"urlTemplate\":\"https:\/\/pohjoispaijanteenkalatalousalue.fi\/leivonmaki\/?s={search_term_string}\"},\"query-input\":{\"@type\":\"PropertyValueSpecification\",\"valueRequired\":true,\"valueName\":\"search_term_string\"}}],\"inLanguage\":\"fi\"}]}<\/script>\n<!-- \/ Yoast SEO plugin. -->","yoast_head_json":{"title":"Luvanmyyj\u00e4t ja lupakartta - Leivonm\u00e4en osakaskunta","robots":{"index":"index","follow":"follow","max-snippet":"max-snippet:-1","max-image-preview":"max-image-preview:large","max-video-preview":"max-video-preview:-1"},"canonical":"https:\/\/pohjoispaijanteenkalatalousalue.fi\/leivonmaki\/luvat\/luvanmyyjat-ja-lupakartta\/","og_locale":"fi_FI","og_type":"article","og_title":"Luvanmyyj\u00e4t ja lupakartta - Leivonm\u00e4en osakaskunta","og_description":"Luvanmyyj\u00e4t Lupia\/pyydysmerkkej\u00e4 myy Hyv\u00e4n Mielen Kyl\u00e4kauppa, Leivonm\u00e4entie 11&nbsp;41770 Leivonm\u00e4ki, puh. 044 9727844 Pyydysmerkkien hinnat Pyydysmerkin hinta on 5,00 \u20acLis\u00e4vavan hinta on 10,00 \u20ac (viehekalastuslupia myyd\u00e4\u00e4n kaikille halukkaille)Sorsastulupa on 10,00 \u20ac&nbsp; Yhdess\u00e4 uisteluveneess\u00e4 saa olla enint\u00e4\u00e4n 6 vapaa kerralla. KALASTUSV\u00c4LINE &#8211;&nbsp; HINTA\/YKSIKK\u00d6\u00c4 Verkko 3 m x 30 m tai alle &#8211; 1 yksikk\u00f6\u00e4Verkko yli 30 m Lue lis\u00e4\u00e4 >","og_url":"https:\/\/pohjoispaijanteenkalatalousalue.fi\/leivonmaki\/luvat\/luvanmyyjat-ja-lupakartta\/","og_site_name":"Leivonm\u00e4en osakaskunta","article_modified_time":"2023-04-04T10:25:59+00:00","twitter_card":"summary_large_image","twitter_misc":{"Arvioitu lukuaika":"1 minuutti"},"schema":{"@context":"https:\/\/schema.org","@graph":[{"@type":"WebPage","@id":"https:\/\/pohjoispaijanteenkalatalousalue.fi\/leivonmaki\/luvat\/luvanmyyjat-ja-lupakartta\/","url":"https:\/\/pohjoispaijanteenkalatalousalue.fi\/leivonmaki\/luvat\/luvanmyyjat-ja-lupakartta\/","name":"Luvanmyyj\u00e4t ja lupakartta - Leivonm\u00e4en osakaskunta","isPartOf":{"@id":"https:\/\/pohjoispaijanteenkalatalousalue.fi\/leivonmaki\/#website"},"datePublished":"2020-10-29T11:42:18+00:00","dateModified":"2023-04-04T10:25:59+00:00","breadcrumb":{"@id":"https:\/\/pohjoispaijanteenkalatalousalue.fi\/leivonmaki\/luvat\/luvanmyyjat-ja-lupakartta\/#breadcrumb"},"inLanguage":"fi","potentialAction":[{"@type":"ReadAction","target":["https:\/\/pohjoispaijanteenkalatalousalue.fi\/leivonmaki\/luvat\/luvanmyyjat-ja-lupakartta\/"]}]},{"@type":"BreadcrumbList","@id":"https:\/\/pohjoispaijanteenkalatalousalue.fi\/leivonmaki\/luvat\/luvanmyyjat-ja-lupakartta\/#breadcrumb","itemListElement":[{"@type":"ListItem","position":1,"name":"Home","item":"https:\/\/pohjoispaijanteenkalatalousalue.fi\/leivonmaki\/"},{"@type":"ListItem","position":2,"name":"Yksityinen: Luvat","item":"https:\/\/pohjoispaijanteenkalatalousalue.fi\/leivonmaki\/?page_id=45"},{"@type":"ListItem","position":3,"name":"Luvanmyyj\u00e4t ja lupakartta"}]},{"@type":"WebSite","@id":"https:\/\/pohjoispaijanteenkalatalousalue.fi\/leivonmaki\/#website","url":"https:\/\/pohjoispaijanteenkalatalousalue.fi\/leivonmaki\/","name":"Leivonm\u00e4en osakaskunta","description":"","potentialAction":[{"@type":"SearchAction","target":{"@type":"EntryPoint","urlTemplate":"https:\/\/pohjoispaijanteenkalatalousalue.fi\/leivonmaki\/?s={search_term_string}"},"query-input":{"@type":"PropertyValueSpecification","valueRequired":true,"valueName":"search_term_string"}}],"inLanguage":"fi"}]}},"_links":{"self":[{"href":"https:\/\/pohjoispaijanteenkalatalousalue.fi\/leivonmaki\/wp-json\/wp\/v2\/pages\/90","targetHints":{"allow":["GET"]}}],"collection":[{"href":"https:\/\/pohjoispaijanteenkalatalousalue.fi\/leivonmaki\/wp-json\/wp\/v2\/pages"}],"about":[{"href":"https:\/\/pohjoispaijanteenkalatalousalue.fi\/leivonmaki\/wp-json\/wp\/v2\/types\/page"}],"author":[{"embeddable":true,"href":"https:\/\/pohjoispaijanteenkalatalousalue.fi\/leivonmaki\/wp-json\/wp\/v2\/users\/1"}],"replies":[{"embeddable":true,"href":"https:\/\/pohjoispaijanteenkalatalousalue.fi\/leivonmaki\/wp-json\/wp\/v2\/comments?post=90"}],"version-history":[{"count":7,"href":"https:\/\/pohjoispaijanteenkalatalousalue.fi\/leivonmaki\/wp-json\/wp\/v2\/pages\/90\/revisions"}],"predecessor-version":[{"id":320,"href":"https:\/\/pohjoispaijanteenkalatalousalue.fi\/leivonmaki\/wp-json\/wp\/v2\/pages\/90\/revisions\/320"}],"up":[{"embeddable":true,"href":"https:\/\/pohjoispaijanteenkalatalousalue.fi\/leivonmaki\/wp-json\/wp\/v2\/pages\/45"}],"wp:attachment":[{"href":"https:\/\/pohjoispaijanteenkalatalousalue.fi\/leivonmaki\/wp-json\/wp\/v2\/media?parent=90"}],"curies":[{"name":"wp","href":"https:\/\/api.w.org\/{rel}","templated":true}]}}