{"id":86,"date":"2020-10-29T11:39:36","date_gmt":"2020-10-29T11:39:36","guid":{"rendered":"http:\/\/89.166.51.80\/~pohjoispaij\/leivonmaki\/?page_id=86"},"modified":"2021-01-14T14:33:31","modified_gmt":"2021-01-14T14:33:31","slug":"lupamaksut-ja-ohjeet","status":"publish","type":"page","link":"https:\/\/pohjoispaijanteenkalatalousalue.fi\/leivonmaki\/luvat\/lupamaksut-ja-ohjeet\/","title":{"rendered":"Lupamaksut ja ohjeet"},"content":{"rendered":"\n<h2 class=\"wp-block-heading\">Lupamaksut ja ohjeet<\/h2>\n\n\n\n<figure class=\"wp-block-table\"><table><tbody><tr><td>&nbsp;<\/td><td><strong>Alle 18- ja 64 vuotta t\u00e4ytt\u00e4neet<\/strong><\/td><td><strong>18-64-vuotiaat<\/strong><\/td><\/tr><tr><td><strong>Onkiminen ja pilkkiminen<\/strong><strong><br>1) ja 2)<\/strong><\/td><td>yleiskalastusoikeus<br>ei maksua<\/td><td>yleiskalastusoikeus<br>ei maksua<\/td><\/tr><tr><td><strong>Viehekalastus<\/strong><strong><br>Heittokalastus tai uistelu<br>Yhdell\u00e4 vavalla 1) ja 3)<\/strong><\/td><td>ei valtion kalastuksen hoitomaksua<br>ei viehekalastusmaksua<\/td><td>valtion kalastuksenhoitomaksu<\/td><\/tr><tr><td><strong>Muu kalastus ja ravustus<\/strong><strong><br>Uistelu useammalla kuin yhdell\u00e4 vavalla<\/strong><\/td><td>&nbsp;Vesialueen omistajan lupa<br>ei valtion kalastuksenhoitomaksua&nbsp;<\/td><td>valtion kalastuksenhoitomaksu + vesialueen omistajan lupa eli lis\u00e4vavan lupa 10 \u20ac\/kpl max viisi lis\u00e4vapaa<\/td><\/tr><\/tbody><\/table><\/figure>\n\n\n\n<p>(Kalastuslaki 286\/82, Laki kalastuslain muuttamisesta 1355\/93, Laki kalastuslain muuttamisesta 1045\/96, Laki kalastuslain muuttamisesta 1212\/97 ja Asetus kalastusasetuksen muuttamisesta 1364\/97).<\/p>\n\n\n\n<p>1) kalastusta rajoitetaan kuitenkin siten, ett\u00e4 kalastus on kielletty mm. siika- ja lohipitoisten jokien koski- ja virtapaikoissa sek\u00e4 vesialueilla, joissa kalastus on kielletty muun s\u00e4\u00e4d\u00f6ksen tai p\u00e4\u00e4t\u00f6ksen nojalla<\/p>\n\n\n\n<p>2) Vavassa saa olla heittokalastukseen soveltumaton kela<\/p>\n\n\n\n<p>3) L\u00e4\u00e4nikohtainen viehekalastus voi olla joissain vesialueilla kielletty erillisell\u00e4 p\u00e4\u00e4t\u00f6ksell\u00e4.<\/p>\n\n\n\n<p>Lupaj\u00e4rjestelm\u00e4 koskee my\u00f6s ulkomaalaisia.<\/p>\n\n\n\n<h4 class=\"wp-block-heading\"><strong>Kalastusoikeus<\/strong><\/h4>\n\n\n\n<p>Kalastusoikeus kuuluu l\u00e4ht\u00f6kohtaisesti vesialueen omistajalle ja kalastamista varten tulee yleens\u00e4 hankkia lupa vesialueen omistajalta (kuten kalastuskunnalta tai yksityiselt\u00e4 vesialueen omistajalta). T\u00e4m\u00e4n lis\u00e4ksi 18 &#8211; 64-vuotiaiden tulee maksaa kalastuksenhoitomaksua joko 39 \u20ac vuodelta tai 12 \u20ac seitsem\u00e4n vuorokauden jaksolta.<\/p>\n\n\n\n<p><em>Edell\u00e4 mainitun p\u00e4\u00e4s\u00e4\u00e4nn\u00f6n t\u00e4rkeimm\u00e4t poikkeukset ovat:<\/em><\/p>\n\n\n\n<p>1) Pilkkiminen ja perinteinen onkiminen ovat kaikille t\u00e4ysin maksuttomia yleiskalastusoikeuksia.<\/p>\n\n\n\n<p>2) Yleisell\u00e4 vesialueella meress\u00e4 (siis kyl\u00e4n rajan ulkopuolella) on jokaisella EU-kansalaisella oikeus vapaaseen kotitarve- ja virkistyskalastukseen. Yleisvesi\u00e4 koskee lis\u00e4ksi joukko muitakin m\u00e4\u00e4r\u00e4yksi\u00e4.<\/p>\n\n\n\n<p>3) Kyl\u00e4ss\u00e4 muutoin kuin tilap\u00e4isesti asuvalla (eli omistaa kyl\u00e4ss\u00e4 k\u00e4yt\u00f6ss\u00e4\u00e4n olevan asunnon tai on asunut kyl\u00e4ss\u00e4 yht\u00e4jaksoisesti v\u00e4hint\u00e4\u00e4n nelj\u00e4 viikkoa) on kyseisen kyl\u00e4n alueella oikeus kohtuullista maksua vastaan saada lupa vesialueen omistajalta kotitarve- ja virkistyskalastukseen omistajan m\u00e4\u00e4r\u00e4\u00e4m\u00e4ll\u00e4 tavalla ja alueella.<\/p>\n\n\n\n<h4 class=\"wp-block-heading\"><strong>Kalastuksenhoitomaksu<\/strong><\/h4>\n\n\n\n<p>Kalan tai ravun pyynti\u00e4 harjoittavan henkil\u00f6n tulee suorittaa oma-aloitteisesti valtiolle kalastuksenhoitomaksu. Kalastuksenhoitomaksua ei kuitenkaan tarvitse maksaa alle 18-vuotiaan eik\u00e4 64 vuotta t\u00e4ytt\u00e4neen eik\u00e4 henkil\u00f6n, joka harjoittaa onkimista tai pilkkimist\u00e4. Kuitti on pidett\u00e4v\u00e4 mukana kalastettaessa. Todistukseksi kalastuksenhoitomaksun suorittamisesta katsotaan sellainen maksukuitti, josta ilmenee kenen puolesta maksu on suoritettu. Lyhytaikainen viikkomaksu on voimassa seitsem\u00e4n vuorokautta maksup\u00e4iv\u00e4st\u00e4 tai muusta maksuhetkell\u00e4 maksukuittiin merkityst\u00e4 p\u00e4iv\u00e4st\u00e4 alkaen.<\/p>\n\n\n\n<p>Kalastuksenhoitomaksu ei perit\u00e4 niilt\u00e4, jotka ovat pyynniss\u00e4 mukana ainoastaan apuhenkil\u00f6in\u00e4 osallistumatta pyyntiv\u00e4lineiden k\u00e4sittelyyn pyyntitapahtuman yhteydess\u00e4.<\/p>\n\n\n\n<p>Maksun voi maksaa my\u00f6s maksuautomaatilla, kotimikrolla tai pankkiposteista ja rahalaitoksista saatavilla tavallisilla tilisiirtolomakkeilla.<\/p>\n\n\n\n<h4 class=\"wp-block-heading\">Pyydysten merkint\u00e4 ja sijoittaminen<\/h4>\n\n\n\n<p>Seisovien pyydysten merkint\u00e4 oikein on t\u00e4rke\u00e4\u00e4 sek\u00e4 niill\u00e4 kalastaville, valvojille ett\u00e4 vetouistelijoille ja muille vesill\u00e4 liikkuville. Seisovat pyydykset tulee merkit\u00e4 seuraavien periaatteiden mukaan:<\/p>\n\n\n\n<p>1) K\u00e4yt\u00e4 aina riitt\u00e4v\u00e4n selke\u00e4\u00e4 n\u00e4kyv\u00e4\u00e4 merkki\u00e4<\/p>\n\n\n\n<p>2) Selke\u00e4n\u00e4 merkkin\u00e4 pidet\u00e4\u00e4n v\u00e4hint\u00e4\u00e4n 1,2 m korkeaa (vedenpinnasta) lippusalkoa, jossa on v\u00e4hint\u00e4\u00e4n 20 x 20 cm kokoinen lippu, v\u00e4ri\u00e4 ei ole m\u00e4\u00e4r\u00e4tty. Mik\u00e4li alueella ei ole vesiliikennett\u00e4, riitt\u00e4\u00e4 40 cm korkea lippu. Lippusalko tulee varustaa heijastimella.<\/p>\n\n\n\n<p>3) Pintapyydys merkit\u00e4\u00e4n kahdella p\u00e4\u00e4llekk\u00e4isell\u00e4 lipulla<\/p>\n\n\n\n<p>4) Pyydyksen suunta tulee merkit\u00e4 riitt\u00e4v\u00e4n selv\u00e4sti esim. v\u00e4likohoilla tai lippusaloilla<\/p>\n\n\n\n<p>5) Pyydysyksikk\u00f6merkit tulee kiinnitt\u00e4\u00e4 nippuun jatan uloimpaan p\u00e4\u00e4h\u00e4n<\/p>\n\n\n\n<p>6) Talvella yksikk\u00f6merkit kiinnitet\u00e4\u00e4n j\u00e4\u00e4n p\u00e4\u00e4lle avannon merkkikeppiin, jossa on heijastin.<\/p>\n\n\n\n<p>7) Merkitse yksikk\u00f6merkkeihin sek\u00e4 lippusalkoihin nimesi<\/p>\n\n\n\n<p>Kalav\u00e4yl\u00e4t on pidett\u00e4v\u00e4 KL 24\u00a7:n mukaisesti vapaina seisovista pyydyksist\u00e4.<\/p>\n\n\n\n<p>Yleisen kulkuv\u00e4yl\u00e4n ulkopuolella olevan selv\u00e4sti merkityn pyydyksen yli kulkeminen on kielletty<\/p>\n\n\n\n<h4 class=\"wp-block-heading\">Vesill\u00e4 liikkujan velvollisuudet<\/h4>\n\n\n\n<p>Yleisen kulkuv\u00e4yl\u00e4n ulkopuolella olevan selv\u00e4sti merkityn pyydyksen yli kulkeminen on kielletty, eik\u00e4 konevoimalla kulkeva alus tai puutavaralautta saa tulla 50 metri\u00e4 l\u00e4hemm\u00e4ksi t\u00e4llaista pyydyst\u00e4, ellei se v\u00e4yl\u00e4n ahtauden takia ole v\u00e4ltt\u00e4m\u00e4t\u00f6nt\u00e4.<\/p>\n\n\n\n<p>Kohdattaessa uisteleva vene noudatetaan tavanomaista v\u00e4ist\u00e4miss\u00e4\u00e4nt\u00f6\u00e4.<\/p>\n\n\n\n<h4 class=\"wp-block-heading\">Pyydykset ja pyynnin harjoittaminen<\/h4>\n\n\n\n<p>Kalastuskunta tai kalastusalue voivat antaa pyydysten k\u00e4ytt\u00f6\u00e4 koskevia kieltoja ja rajoituksia. Kalavesille aikova on velvollinen ottamaan selv\u00e4\u00e4 rajoituksista ennen kuin k\u00e4y kalastamaan. Parhaiten tietoa saa luvan hankinnan yhteydess\u00e4.<\/p>\n\n\n\n<p><em>Esimerkkej\u00e4 s\u00e4\u00e4d\u00f6ksist\u00e4:<\/em><\/p>\n\n\n\n<p>Kalastusta harjoitettaessa on v\u00e4ltett\u00e4v\u00e4 kaikkea sellaista, joka voi aiheuttaa rannan omistajalle tai haltijalle tarpeettomasti haittaa tai h\u00e4iri\u00f6t\u00e4.<\/p>\n\n\n\n<p>Onkimista, pilkkimist\u00e4 ja viehekalastusta ei saa ilman erityist\u00e4 oikeutta harjoittaa 50 metri\u00e4 l\u00e4hemp\u00e4n\u00e4 selv\u00e4ll\u00e4 merkill\u00e4 varustettua, pyynniss\u00e4olevaa kiinte\u00e4\u00e4 tai verkkopyydyst\u00e4 eik\u00e4 niin l\u00e4hell\u00e4 toisen asuttua rantaa, laituria, uimarantaa, j\u00e4\u00e4tiet\u00e4 tai muuta niihin verrattavaa aluetta, ett\u00e4 niist\u00e4 aiheutuisi edell\u00e4 tarkoitettu seuraus.<\/p>\n\n\n\n<p>Kalastuslaissa tarkoitettua onkimista, pilkkimist\u00e4 ja viehekalastusta harjoitettaessa on v\u00e4ltett\u00e4v\u00e4 aiheuttamasta haittaa tai h\u00e4iri\u00f6t\u00e4 vesialueella harjoitettavalle muulle kalastukselle.<\/p>\n\n\n\n<h4 class=\"wp-block-heading\"><strong>Onkiminen ja pilkkiminen<\/strong><\/h4>\n\n\n\n<p>Onkimisena pidet\u00e4\u00e4n sellaista kalastusta, jota harjoitetaan vavalla ilman heittokalastukseen soveltuvaa kelaa ja jossa vapa tai siima on onkijan k\u00e4dess\u00e4 tai k\u00e4den ulottuvilla eik\u00e4 vieheen\u00e4 ole pilkki, uistin, perho tai muu keinotekoinenn laite.<\/p>\n\n\n\n<p>Pilkkimisen\u00e4 pidet\u00e4\u00e4n kalastusta siimaan kiinnitetyll\u00e4 pystysuunnassa liikuteltavalla pilkill\u00e4, siimaa k\u00e4dess\u00e4 pit\u00e4en tai lyhyehk\u00f6\u00e4 heittokalastukseen soveltumatonta vapaa k\u00e4ytt\u00e4en.<\/p>\n\n\n\n<p>Yli 18-vuotiaan ja alle 64-vuotiaan, joka onkii tai pilkkii muutoin kuin edell\u00e4 kuvatun kaltaisesti, on maksettava kalastuksenhoitomaksu.<\/p>\n\n\n\n<h4 class=\"wp-block-heading\"><strong>Viehekalastus<\/strong><\/h4>\n\n\n\n<p>L\u00e4\u00e4ninlupaan perustuvana viehekalastuksena pidet\u00e4\u00e4n kalastamista yhdell\u00e4 vavalla, kelalla ja vieheell\u00e4, sek\u00e4 vetouistelua, jossa voi k\u00e4ytt\u00e4\u00e4 lis\u00e4ksi yht\u00e4 painoviehett\u00e4 tai syv\u00e4\u00e4j\u00e4\u00e4.<\/p>\n\n\n\n<p>Vesialueen omistaja voi omaa lupaa my\u00f6nt\u00e4ess\u00e4\u00e4n m\u00e4\u00e4r\u00e4t\u00e4 viehekalastuksen toisinkin. Siten t\u00e4llaisella luvalla voi esimerkiksi k\u00e4ytt\u00e4\u00e4 useampaa vapaa.<\/p>\n\n\n\n<h4 class=\"wp-block-heading\"><strong>Katiska, rys\u00e4, atrain ja harppuuna<\/strong><\/h4>\n\n\n\n<p>Katiskaa, rys\u00e4\u00e4 tai muuta kalanpyydyst\u00e4 ei saa asettaa veteen niin, ett\u00e4 sen nielu on avoinna veden pinnan yl\u00e4puolella eik\u00e4 my\u00f6sk\u00e4\u00e4n s\u00e4ilytt\u00e4\u00e4 siten, ett\u00e4 riista- tai muut el\u00e4imet voivat siihen joutua.<\/p>\n\n\n\n<p>Kalastus atraimella, harppuunalla tai niihin verrattavalla ter\u00e4ll\u00e4, koukulla tai k\u00e4rjell\u00e4 varustetulla v\u00e4lineell\u00e4 samoin kuin tulta tai valoa k\u00e4ytt\u00e4en haavilla on kielletty lohi- tai siikapitoisessa joessa, koskessa ja virtapaikassa sek\u00e4, jollei kalastusalue toisin m\u00e4\u00e4r\u00e4\u00e4, huhtikuun 15. p\u00e4iv\u00e4n alusta kes\u00e4kuun 20. p\u00e4iv\u00e4n loppuun muissakin vesiss\u00e4. Lohipitoisen vesist\u00f6n koskessa ja virtapaikassa on koukkukalastus matosy\u00f6tti\u00e4 tai harrilautaa k\u00e4ytt\u00e4en kielletty.<\/p>\n\n\n\n<h4 class=\"wp-block-heading\"><strong>Kalastuksessa yleisesti huomioitavia asioita<\/strong><\/h4>\n\n\n\n<p>Kalav\u00e4yl\u00e4 on pidettav\u00e4 pitk\u00e4siimaa ja muuta koukkupyydysta lukuunottamatta vapaana seisovista kalanpyydyksist\u00e4. Liikkuvalla rihmapyydyksell\u00e4 kalastettaessa on yli puolet kalav\u00e4yl\u00e4st\u00e4 pidett\u00e4v\u00e4 avoinna. Kalatiess\u00e4 seka sadan metrin matkalla sen tai kalan kulun turvaamiseksi rakennetun muun laitteen yl\u00e4- ja alapuolella on kaikenlainen kalastus kielletty.<\/p>\n\n\n\n<h4 class=\"wp-block-heading\"><strong>Kiellettyj\u00e4 pyydyksi\u00e4<\/strong><\/h4>\n\n\n\n<p>Lohi- ja siikapitoisessa joessa sek\u00e4 meress\u00e4 viitt\u00e4 kilometria l\u00e4hemp\u00e4n\u00e4 t\u00e4ll\u00e4isen joen suulla on kalastus liikkuvalla rihmapyydyksell\u00e4 kielletty lukuunottamatta lippoamista rannalla tai rantaan liittyv\u00e4ll\u00e4 kiinte\u00e4ll\u00e4 alustalla. Kalastuspiiri voi antaa poikkeuslupia edell\u00e4 oleviin m\u00e4\u00e4r\u00e4yksiin.<\/p>\n\n\n\n<p>Kalastuksessa ei saa k\u00e4ytt\u00e4\u00e4 r\u00e4j\u00e4hdyksell\u00e4 tai muulla tavoin aikaansaatua painetta eik\u00e4 my\u00f6sk\u00e4\u00e4n ampuma-aseita, huumaavia, myrkyllisi\u00e4 tai muutoin vesist\u00f6\u00e4 pilaavia aineita eik\u00e4 s\u00e4hk\u00f6virtaa.<\/p>\n\n\n\n<h4 class=\"wp-block-heading\"><strong>Rapujen s\u00e4ilytys (kalastuskunnan alueella ravustus kielletty)<\/strong><\/h4>\n\n\n\n<p>Rapuja saadaan s\u00e4ilytt\u00e4\u00e4 sumpuissa tai muissa vastaavissa laitteissa vain siin\u00e4 j\u00e4rvess\u00e4, joessa tai purossa, mist\u00e4 ne on pyydystetty. N\u00e4it\u00e4 laitteita ei saa siirt\u00e4\u00e4 vesist\u00f6sta tai sen osasta toiseen desinfioimatta.<\/p>\n\n\n\n<p>Kalastusta harjoitettaessa on v\u00e4ltett\u00e4v\u00e4 kaikkea sellaista, joka voi aiheuttaa rannan omistajalle tai haltijalle tarpeettomasti haittaa tai h\u00e4iri\u00f6t\u00e4.<\/p>\n\n\n\n<h4 class=\"wp-block-heading\"><strong>Kalastuksen lopuksi<\/strong><\/h4>\n\n\n\n<p>Kalastuksen p\u00e4\u00e4tytty\u00e4 on pyydykset sek\u00e4 niihin kuuluvat merkit ja muut kalastukseen k\u00e4ytetyt tarvikkeet, jotka eiv\u00e4t kuulu vesist\u00f6ss\u00e4 laillisesti olevaan kiinte\u00e4\u00e4n kalastuslaitteeseen, viipym\u00e4tt\u00e4 poistettava vedest\u00e4 ja j\u00e4\u00e4lt\u00e4. Samoin on poistettava tarpeettomaksi k\u00e4ynyt turo tai muu kalaveden hoidossa, kalanviljelyss\u00e4 tai saaliin s\u00e4ilytyksess\u00e4 k\u00e4ytetty laite tai rakennelma.<\/p>\n\n\n\n<h4 class=\"wp-block-heading\">Kalojen alamitat<\/h4>\n\n\n\n<p>Luonnonvesiss\u00e4 pyydettyjen kalojen alimmat mitataan leuan p\u00e4\u00e4st\u00e4 suoraksi ojennetun, yhteenpuristetun pyrst\u00f6ev\u00e4n k\u00e4rkeen.<br>J\u00e4rvitaimen 40 cm<br>J\u00e4rvilohi 40 cm<br>Kuha 45 cm<\/p>\n\n\n\n<p>Alamittaiset kalat tulee palauttaa veteen el\u00e4v\u00e4n\u00e4 tai kuolleena.<\/p>\n\n\n\n<p>L\u00e4hde: Kalatalouden keskusliitto, Kalastuslaki 2012<\/p>\n","protected":false},"excerpt":{"rendered":"<p>Lupamaksut ja ohjeet &nbsp; Alle 18- ja 64 vuotta t\u00e4ytt\u00e4neet 18-64-vuotiaat Onkiminen ja pilkkiminen1) ja 2) yleiskalastusoikeusei maksua yleiskalastusoikeusei maksua ViehekalastusHeittokalastus tai uisteluYhdell\u00e4 vavalla 1) ja 3) ei valtion kalastuksen hoitomaksuaei viehekalastusmaksua valtion kalastuksenhoitomaksu Muu kalastus ja ravustusUistelu useammalla kuin yhdell\u00e4 vavalla &nbsp;Vesialueen omistajan lupaei valtion kalastuksenhoitomaksua&nbsp; valtion kalastuksenhoitomaksu + vesialueen omistajan lupa eli lis\u00e4vavan<\/p>\n<p><a class=\"moretag\" href=\"https:\/\/pohjoispaijanteenkalatalousalue.fi\/leivonmaki\/luvat\/lupamaksut-ja-ohjeet\/\"> Lue lis\u00e4\u00e4 ><\/a><\/p>\n","protected":false},"author":1,"featured_media":0,"parent":45,"menu_order":0,"comment_status":"closed","ping_status":"closed","template":"basic-sivu.php","meta":{"_acf_changed":false,"footnotes":""},"class_list":["post-86","page","type-page","status-publish","hentry"],"acf":[],"yoast_head":"<!-- This site is optimized with the Yoast SEO plugin v27.1.1 - https:\/\/yoast.com\/product\/yoast-seo-wordpress\/ -->\n<title>Lupamaksut ja ohjeet - Leivonm\u00e4en osakaskunta<\/title>\n<meta name=\"robots\" content=\"index, follow, max-snippet:-1, max-image-preview:large, max-video-preview:-1\" \/>\n<link rel=\"canonical\" href=\"https:\/\/pohjoispaijanteenkalatalousalue.fi\/leivonmaki\/luvat\/lupamaksut-ja-ohjeet\/\" \/>\n<meta property=\"og:locale\" content=\"fi_FI\" \/>\n<meta property=\"og:type\" content=\"article\" \/>\n<meta property=\"og:title\" content=\"Lupamaksut ja ohjeet - Leivonm\u00e4en osakaskunta\" \/>\n<meta property=\"og:description\" content=\"Lupamaksut ja ohjeet &nbsp; Alle 18- ja 64 vuotta t\u00e4ytt\u00e4neet 18-64-vuotiaat Onkiminen ja pilkkiminen1) ja 2) yleiskalastusoikeusei maksua yleiskalastusoikeusei maksua ViehekalastusHeittokalastus tai uisteluYhdell\u00e4 vavalla 1) ja 3) ei valtion kalastuksen hoitomaksuaei viehekalastusmaksua valtion kalastuksenhoitomaksu Muu kalastus ja ravustusUistelu useammalla kuin yhdell\u00e4 vavalla &nbsp;Vesialueen omistajan lupaei valtion kalastuksenhoitomaksua&nbsp; valtion kalastuksenhoitomaksu + vesialueen omistajan lupa eli lis\u00e4vavan Lue lis\u00e4\u00e4 &gt;\" \/>\n<meta property=\"og:url\" content=\"https:\/\/pohjoispaijanteenkalatalousalue.fi\/leivonmaki\/luvat\/lupamaksut-ja-ohjeet\/\" \/>\n<meta property=\"og:site_name\" content=\"Leivonm\u00e4en osakaskunta\" \/>\n<meta property=\"article:modified_time\" content=\"2021-01-14T14:33:31+00:00\" \/>\n<meta name=\"twitter:card\" content=\"summary_large_image\" \/>\n<meta name=\"twitter:label1\" content=\"Arvioitu lukuaika\" \/>\n\t<meta name=\"twitter:data1\" content=\"6 minuuttia\" \/>\n<script type=\"application\/ld+json\" class=\"yoast-schema-graph\">{\"@context\":\"https:\/\/schema.org\",\"@graph\":[{\"@type\":\"WebPage\",\"@id\":\"https:\/\/pohjoispaijanteenkalatalousalue.fi\/leivonmaki\/luvat\/lupamaksut-ja-ohjeet\/\",\"url\":\"https:\/\/pohjoispaijanteenkalatalousalue.fi\/leivonmaki\/luvat\/lupamaksut-ja-ohjeet\/\",\"name\":\"Lupamaksut ja ohjeet - Leivonm\u00e4en osakaskunta\",\"isPartOf\":{\"@id\":\"https:\/\/pohjoispaijanteenkalatalousalue.fi\/leivonmaki\/#website\"},\"datePublished\":\"2020-10-29T11:39:36+00:00\",\"dateModified\":\"2021-01-14T14:33:31+00:00\",\"breadcrumb\":{\"@id\":\"https:\/\/pohjoispaijanteenkalatalousalue.fi\/leivonmaki\/luvat\/lupamaksut-ja-ohjeet\/#breadcrumb\"},\"inLanguage\":\"fi\",\"potentialAction\":[{\"@type\":\"ReadAction\",\"target\":[\"https:\/\/pohjoispaijanteenkalatalousalue.fi\/leivonmaki\/luvat\/lupamaksut-ja-ohjeet\/\"]}]},{\"@type\":\"BreadcrumbList\",\"@id\":\"https:\/\/pohjoispaijanteenkalatalousalue.fi\/leivonmaki\/luvat\/lupamaksut-ja-ohjeet\/#breadcrumb\",\"itemListElement\":[{\"@type\":\"ListItem\",\"position\":1,\"name\":\"Home\",\"item\":\"https:\/\/pohjoispaijanteenkalatalousalue.fi\/leivonmaki\/\"},{\"@type\":\"ListItem\",\"position\":2,\"name\":\"Yksityinen: Luvat\",\"item\":\"https:\/\/pohjoispaijanteenkalatalousalue.fi\/leivonmaki\/?page_id=45\"},{\"@type\":\"ListItem\",\"position\":3,\"name\":\"Lupamaksut ja ohjeet\"}]},{\"@type\":\"WebSite\",\"@id\":\"https:\/\/pohjoispaijanteenkalatalousalue.fi\/leivonmaki\/#website\",\"url\":\"https:\/\/pohjoispaijanteenkalatalousalue.fi\/leivonmaki\/\",\"name\":\"Leivonm\u00e4en osakaskunta\",\"description\":\"\",\"potentialAction\":[{\"@type\":\"SearchAction\",\"target\":{\"@type\":\"EntryPoint\",\"urlTemplate\":\"https:\/\/pohjoispaijanteenkalatalousalue.fi\/leivonmaki\/?s={search_term_string}\"},\"query-input\":{\"@type\":\"PropertyValueSpecification\",\"valueRequired\":true,\"valueName\":\"search_term_string\"}}],\"inLanguage\":\"fi\"}]}<\/script>\n<!-- \/ Yoast SEO plugin. -->","yoast_head_json":{"title":"Lupamaksut ja ohjeet - Leivonm\u00e4en osakaskunta","robots":{"index":"index","follow":"follow","max-snippet":"max-snippet:-1","max-image-preview":"max-image-preview:large","max-video-preview":"max-video-preview:-1"},"canonical":"https:\/\/pohjoispaijanteenkalatalousalue.fi\/leivonmaki\/luvat\/lupamaksut-ja-ohjeet\/","og_locale":"fi_FI","og_type":"article","og_title":"Lupamaksut ja ohjeet - Leivonm\u00e4en osakaskunta","og_description":"Lupamaksut ja ohjeet &nbsp; Alle 18- ja 64 vuotta t\u00e4ytt\u00e4neet 18-64-vuotiaat Onkiminen ja pilkkiminen1) ja 2) yleiskalastusoikeusei maksua yleiskalastusoikeusei maksua ViehekalastusHeittokalastus tai uisteluYhdell\u00e4 vavalla 1) ja 3) ei valtion kalastuksen hoitomaksuaei viehekalastusmaksua valtion kalastuksenhoitomaksu Muu kalastus ja ravustusUistelu useammalla kuin yhdell\u00e4 vavalla &nbsp;Vesialueen omistajan lupaei valtion kalastuksenhoitomaksua&nbsp; valtion kalastuksenhoitomaksu + vesialueen omistajan lupa eli lis\u00e4vavan Lue lis\u00e4\u00e4 >","og_url":"https:\/\/pohjoispaijanteenkalatalousalue.fi\/leivonmaki\/luvat\/lupamaksut-ja-ohjeet\/","og_site_name":"Leivonm\u00e4en osakaskunta","article_modified_time":"2021-01-14T14:33:31+00:00","twitter_card":"summary_large_image","twitter_misc":{"Arvioitu lukuaika":"6 minuuttia"},"schema":{"@context":"https:\/\/schema.org","@graph":[{"@type":"WebPage","@id":"https:\/\/pohjoispaijanteenkalatalousalue.fi\/leivonmaki\/luvat\/lupamaksut-ja-ohjeet\/","url":"https:\/\/pohjoispaijanteenkalatalousalue.fi\/leivonmaki\/luvat\/lupamaksut-ja-ohjeet\/","name":"Lupamaksut ja ohjeet - Leivonm\u00e4en osakaskunta","isPartOf":{"@id":"https:\/\/pohjoispaijanteenkalatalousalue.fi\/leivonmaki\/#website"},"datePublished":"2020-10-29T11:39:36+00:00","dateModified":"2021-01-14T14:33:31+00:00","breadcrumb":{"@id":"https:\/\/pohjoispaijanteenkalatalousalue.fi\/leivonmaki\/luvat\/lupamaksut-ja-ohjeet\/#breadcrumb"},"inLanguage":"fi","potentialAction":[{"@type":"ReadAction","target":["https:\/\/pohjoispaijanteenkalatalousalue.fi\/leivonmaki\/luvat\/lupamaksut-ja-ohjeet\/"]}]},{"@type":"BreadcrumbList","@id":"https:\/\/pohjoispaijanteenkalatalousalue.fi\/leivonmaki\/luvat\/lupamaksut-ja-ohjeet\/#breadcrumb","itemListElement":[{"@type":"ListItem","position":1,"name":"Home","item":"https:\/\/pohjoispaijanteenkalatalousalue.fi\/leivonmaki\/"},{"@type":"ListItem","position":2,"name":"Yksityinen: Luvat","item":"https:\/\/pohjoispaijanteenkalatalousalue.fi\/leivonmaki\/?page_id=45"},{"@type":"ListItem","position":3,"name":"Lupamaksut ja ohjeet"}]},{"@type":"WebSite","@id":"https:\/\/pohjoispaijanteenkalatalousalue.fi\/leivonmaki\/#website","url":"https:\/\/pohjoispaijanteenkalatalousalue.fi\/leivonmaki\/","name":"Leivonm\u00e4en osakaskunta","description":"","potentialAction":[{"@type":"SearchAction","target":{"@type":"EntryPoint","urlTemplate":"https:\/\/pohjoispaijanteenkalatalousalue.fi\/leivonmaki\/?s={search_term_string}"},"query-input":{"@type":"PropertyValueSpecification","valueRequired":true,"valueName":"search_term_string"}}],"inLanguage":"fi"}]}},"_links":{"self":[{"href":"https:\/\/pohjoispaijanteenkalatalousalue.fi\/leivonmaki\/wp-json\/wp\/v2\/pages\/86","targetHints":{"allow":["GET"]}}],"collection":[{"href":"https:\/\/pohjoispaijanteenkalatalousalue.fi\/leivonmaki\/wp-json\/wp\/v2\/pages"}],"about":[{"href":"https:\/\/pohjoispaijanteenkalatalousalue.fi\/leivonmaki\/wp-json\/wp\/v2\/types\/page"}],"author":[{"embeddable":true,"href":"https:\/\/pohjoispaijanteenkalatalousalue.fi\/leivonmaki\/wp-json\/wp\/v2\/users\/1"}],"replies":[{"embeddable":true,"href":"https:\/\/pohjoispaijanteenkalatalousalue.fi\/leivonmaki\/wp-json\/wp\/v2\/comments?post=86"}],"version-history":[{"count":5,"href":"https:\/\/pohjoispaijanteenkalatalousalue.fi\/leivonmaki\/wp-json\/wp\/v2\/pages\/86\/revisions"}],"predecessor-version":[{"id":228,"href":"https:\/\/pohjoispaijanteenkalatalousalue.fi\/leivonmaki\/wp-json\/wp\/v2\/pages\/86\/revisions\/228"}],"up":[{"embeddable":true,"href":"https:\/\/pohjoispaijanteenkalatalousalue.fi\/leivonmaki\/wp-json\/wp\/v2\/pages\/45"}],"wp:attachment":[{"href":"https:\/\/pohjoispaijanteenkalatalousalue.fi\/leivonmaki\/wp-json\/wp\/v2\/media?parent=86"}],"curies":[{"name":"wp","href":"https:\/\/api.w.org\/{rel}","templated":true}]}}