{"id":61,"date":"2020-10-29T11:12:03","date_gmt":"2020-10-29T11:12:03","guid":{"rendered":"http:\/\/89.166.51.80\/~pohjoispaij\/leivonmaki\/?page_id=61"},"modified":"2021-06-14T09:13:53","modified_gmt":"2021-06-14T09:13:53","slug":"toimintakertomus","status":"publish","type":"page","link":"https:\/\/pohjoispaijanteenkalatalousalue.fi\/leivonmaki\/hallinto\/toimintakertomus\/","title":{"rendered":"Toimintakertomus"},"content":{"rendered":"\n<h2 class=\"wp-block-heading\">Toimintakertomus<\/h2>\n\n\n\n<p>Toimintakertomus luetaan aina kulloisessakin vuosikokouksessa, se on p\u00f6yt\u00e4kirjan liitteen\u00e4 n\u00e4ht\u00e4viss\u00e4 Hyv\u00e4n Mielen Kyl\u00e4kaupan ilmoitustaululla 21 p\u00e4iv\u00e4n ajan vuosikokouksesta.<\/p>\n","protected":false},"excerpt":{"rendered":"<p>Toimintakertomus Toimintakertomus luetaan aina kulloisessakin vuosikokouksessa, se on p\u00f6yt\u00e4kirjan liitteen\u00e4 n\u00e4ht\u00e4viss\u00e4 Hyv\u00e4n Mielen Kyl\u00e4kaupan ilmoitustaululla 21 p\u00e4iv\u00e4n ajan vuosikokouksesta.<\/p>\n","protected":false},"author":1,"featured_media":0,"parent":32,"menu_order":0,"comment_status":"closed","ping_status":"closed","template":"basic-sivu.php","meta":{"_acf_changed":false,"footnotes":""},"class_list":["post-61","page","type-page","status-publish","hentry"],"acf":[],"yoast_head":"<!-- This site is optimized with the Yoast SEO plugin v27.1.1 - https:\/\/yoast.com\/product\/yoast-seo-wordpress\/ -->\n<title>Toimintakertomus - Leivonm\u00e4en osakaskunta<\/title>\n<meta name=\"robots\" content=\"index, follow, max-snippet:-1, max-image-preview:large, max-video-preview:-1\" \/>\n<link rel=\"canonical\" href=\"https:\/\/pohjoispaijanteenkalatalousalue.fi\/leivonmaki\/hallinto\/toimintakertomus\/\" \/>\n<meta property=\"og:locale\" content=\"fi_FI\" \/>\n<meta property=\"og:type\" content=\"article\" \/>\n<meta property=\"og:title\" content=\"Toimintakertomus - Leivonm\u00e4en osakaskunta\" \/>\n<meta property=\"og:description\" content=\"Toimintakertomus Toimintakertomus luetaan aina kulloisessakin vuosikokouksessa, se on p\u00f6yt\u00e4kirjan liitteen\u00e4 n\u00e4ht\u00e4viss\u00e4 Hyv\u00e4n Mielen Kyl\u00e4kaupan ilmoitustaululla 21 p\u00e4iv\u00e4n ajan vuosikokouksesta.\" \/>\n<meta property=\"og:url\" content=\"https:\/\/pohjoispaijanteenkalatalousalue.fi\/leivonmaki\/hallinto\/toimintakertomus\/\" \/>\n<meta property=\"og:site_name\" content=\"Leivonm\u00e4en osakaskunta\" \/>\n<meta property=\"article:modified_time\" content=\"2021-06-14T09:13:53+00:00\" \/>\n<meta name=\"twitter:card\" content=\"summary_large_image\" \/>\n<meta name=\"twitter:label1\" content=\"Arvioitu lukuaika\" \/>\n\t<meta name=\"twitter:data1\" content=\"1 minuutti\" \/>\n<script type=\"application\/ld+json\" class=\"yoast-schema-graph\">{\"@context\":\"https:\/\/schema.org\",\"@graph\":[{\"@type\":\"WebPage\",\"@id\":\"https:\/\/pohjoispaijanteenkalatalousalue.fi\/leivonmaki\/hallinto\/toimintakertomus\/\",\"url\":\"https:\/\/pohjoispaijanteenkalatalousalue.fi\/leivonmaki\/hallinto\/toimintakertomus\/\",\"name\":\"Toimintakertomus - Leivonm\u00e4en osakaskunta\",\"isPartOf\":{\"@id\":\"https:\/\/pohjoispaijanteenkalatalousalue.fi\/leivonmaki\/#website\"},\"datePublished\":\"2020-10-29T11:12:03+00:00\",\"dateModified\":\"2021-06-14T09:13:53+00:00\",\"breadcrumb\":{\"@id\":\"https:\/\/pohjoispaijanteenkalatalousalue.fi\/leivonmaki\/hallinto\/toimintakertomus\/#breadcrumb\"},\"inLanguage\":\"fi\",\"potentialAction\":[{\"@type\":\"ReadAction\",\"target\":[\"https:\/\/pohjoispaijanteenkalatalousalue.fi\/leivonmaki\/hallinto\/toimintakertomus\/\"]}]},{\"@type\":\"BreadcrumbList\",\"@id\":\"https:\/\/pohjoispaijanteenkalatalousalue.fi\/leivonmaki\/hallinto\/toimintakertomus\/#breadcrumb\",\"itemListElement\":[{\"@type\":\"ListItem\",\"position\":1,\"name\":\"Home\",\"item\":\"https:\/\/pohjoispaijanteenkalatalousalue.fi\/leivonmaki\/\"},{\"@type\":\"ListItem\",\"position\":2,\"name\":\"Hallinto\",\"item\":\"https:\/\/pohjoispaijanteenkalatalousalue.fi\/leivonmaki\/hallinto\/\"},{\"@type\":\"ListItem\",\"position\":3,\"name\":\"Toimintakertomus\"}]},{\"@type\":\"WebSite\",\"@id\":\"https:\/\/pohjoispaijanteenkalatalousalue.fi\/leivonmaki\/#website\",\"url\":\"https:\/\/pohjoispaijanteenkalatalousalue.fi\/leivonmaki\/\",\"name\":\"Leivonm\u00e4en osakaskunta\",\"description\":\"\",\"potentialAction\":[{\"@type\":\"SearchAction\",\"target\":{\"@type\":\"EntryPoint\",\"urlTemplate\":\"https:\/\/pohjoispaijanteenkalatalousalue.fi\/leivonmaki\/?s={search_term_string}\"},\"query-input\":{\"@type\":\"PropertyValueSpecification\",\"valueRequired\":true,\"valueName\":\"search_term_string\"}}],\"inLanguage\":\"fi\"}]}<\/script>\n<!-- \/ Yoast SEO plugin. -->","yoast_head_json":{"title":"Toimintakertomus - Leivonm\u00e4en osakaskunta","robots":{"index":"index","follow":"follow","max-snippet":"max-snippet:-1","max-image-preview":"max-image-preview:large","max-video-preview":"max-video-preview:-1"},"canonical":"https:\/\/pohjoispaijanteenkalatalousalue.fi\/leivonmaki\/hallinto\/toimintakertomus\/","og_locale":"fi_FI","og_type":"article","og_title":"Toimintakertomus - Leivonm\u00e4en osakaskunta","og_description":"Toimintakertomus Toimintakertomus luetaan aina kulloisessakin vuosikokouksessa, se on p\u00f6yt\u00e4kirjan liitteen\u00e4 n\u00e4ht\u00e4viss\u00e4 Hyv\u00e4n Mielen Kyl\u00e4kaupan ilmoitustaululla 21 p\u00e4iv\u00e4n ajan vuosikokouksesta.","og_url":"https:\/\/pohjoispaijanteenkalatalousalue.fi\/leivonmaki\/hallinto\/toimintakertomus\/","og_site_name":"Leivonm\u00e4en osakaskunta","article_modified_time":"2021-06-14T09:13:53+00:00","twitter_card":"summary_large_image","twitter_misc":{"Arvioitu lukuaika":"1 minuutti"},"schema":{"@context":"https:\/\/schema.org","@graph":[{"@type":"WebPage","@id":"https:\/\/pohjoispaijanteenkalatalousalue.fi\/leivonmaki\/hallinto\/toimintakertomus\/","url":"https:\/\/pohjoispaijanteenkalatalousalue.fi\/leivonmaki\/hallinto\/toimintakertomus\/","name":"Toimintakertomus - Leivonm\u00e4en osakaskunta","isPartOf":{"@id":"https:\/\/pohjoispaijanteenkalatalousalue.fi\/leivonmaki\/#website"},"datePublished":"2020-10-29T11:12:03+00:00","dateModified":"2021-06-14T09:13:53+00:00","breadcrumb":{"@id":"https:\/\/pohjoispaijanteenkalatalousalue.fi\/leivonmaki\/hallinto\/toimintakertomus\/#breadcrumb"},"inLanguage":"fi","potentialAction":[{"@type":"ReadAction","target":["https:\/\/pohjoispaijanteenkalatalousalue.fi\/leivonmaki\/hallinto\/toimintakertomus\/"]}]},{"@type":"BreadcrumbList","@id":"https:\/\/pohjoispaijanteenkalatalousalue.fi\/leivonmaki\/hallinto\/toimintakertomus\/#breadcrumb","itemListElement":[{"@type":"ListItem","position":1,"name":"Home","item":"https:\/\/pohjoispaijanteenkalatalousalue.fi\/leivonmaki\/"},{"@type":"ListItem","position":2,"name":"Hallinto","item":"https:\/\/pohjoispaijanteenkalatalousalue.fi\/leivonmaki\/hallinto\/"},{"@type":"ListItem","position":3,"name":"Toimintakertomus"}]},{"@type":"WebSite","@id":"https:\/\/pohjoispaijanteenkalatalousalue.fi\/leivonmaki\/#website","url":"https:\/\/pohjoispaijanteenkalatalousalue.fi\/leivonmaki\/","name":"Leivonm\u00e4en osakaskunta","description":"","potentialAction":[{"@type":"SearchAction","target":{"@type":"EntryPoint","urlTemplate":"https:\/\/pohjoispaijanteenkalatalousalue.fi\/leivonmaki\/?s={search_term_string}"},"query-input":{"@type":"PropertyValueSpecification","valueRequired":true,"valueName":"search_term_string"}}],"inLanguage":"fi"}]}},"_links":{"self":[{"href":"https:\/\/pohjoispaijanteenkalatalousalue.fi\/leivonmaki\/wp-json\/wp\/v2\/pages\/61","targetHints":{"allow":["GET"]}}],"collection":[{"href":"https:\/\/pohjoispaijanteenkalatalousalue.fi\/leivonmaki\/wp-json\/wp\/v2\/pages"}],"about":[{"href":"https:\/\/pohjoispaijanteenkalatalousalue.fi\/leivonmaki\/wp-json\/wp\/v2\/types\/page"}],"author":[{"embeddable":true,"href":"https:\/\/pohjoispaijanteenkalatalousalue.fi\/leivonmaki\/wp-json\/wp\/v2\/users\/1"}],"replies":[{"embeddable":true,"href":"https:\/\/pohjoispaijanteenkalatalousalue.fi\/leivonmaki\/wp-json\/wp\/v2\/comments?post=61"}],"version-history":[{"count":10,"href":"https:\/\/pohjoispaijanteenkalatalousalue.fi\/leivonmaki\/wp-json\/wp\/v2\/pages\/61\/revisions"}],"predecessor-version":[{"id":265,"href":"https:\/\/pohjoispaijanteenkalatalousalue.fi\/leivonmaki\/wp-json\/wp\/v2\/pages\/61\/revisions\/265"}],"up":[{"embeddable":true,"href":"https:\/\/pohjoispaijanteenkalatalousalue.fi\/leivonmaki\/wp-json\/wp\/v2\/pages\/32"}],"wp:attachment":[{"href":"https:\/\/pohjoispaijanteenkalatalousalue.fi\/leivonmaki\/wp-json\/wp\/v2\/media?parent=61"}],"curies":[{"name":"wp","href":"https:\/\/api.w.org\/{rel}","templated":true}]}}