{"id":244,"date":"2021-01-14T14:41:02","date_gmt":"2021-01-14T14:41:02","guid":{"rendered":"http:\/\/89.166.51.80\/~pohjoispaij\/leivonmaki\/?page_id=244"},"modified":"2023-04-04T10:15:03","modified_gmt":"2023-04-04T10:15:03","slug":"kalastusalue","status":"publish","type":"page","link":"https:\/\/pohjoispaijanteenkalatalousalue.fi\/leivonmaki\/kalastusalue\/","title":{"rendered":"Kalatalousalue"},"content":{"rendered":"\n<p>Kalatalousalueiden toiminta on alkanut vuonna 2019. Kalatalousalueita on muodostettu yhteens\u00e4 118. Toimialueet on muodostettu kalataloudellisesti riitt\u00e4v\u00e4n suurista yhten\u00e4isist\u00e4 alueista. Alueita m\u00e4\u00e4ritelt\u00e4ess\u00e4 otettiin huomioon kalastuksen j\u00e4rjest\u00e4minen ja vaelluskalojen elinkierto.\u00a0<a href=\"https:\/\/www.ely-keskus.fi\/kalatalous\" target=\"_blank\" rel=\"noreferrer noopener\">ELY-keskukset<\/a>\u00a0ovat tehneet p\u00e4\u00e4t\u00f6kset alueiden rajoista.<\/p>\n\n\n\n<p>Leivonm\u00e4en osakaskunta kuuluu Pohjois-P\u00e4ij\u00e4nteen kalatalousalueeseen. Kalatalousalueen toimintaan voit tutustua osoitteessa <a href=\"https:\/\/pohjoispaijanteenkalatalousalue.fi\/\" target=\"_blank\" rel=\"noreferrer noopener\">https:\/\/pohjoispaijanteenkalatalousalue.fi\/<\/a> ja kalatalousalueen kartta l\u00f6ytyy osoitteesta: <a href=\"https:\/\/pohjoispaijanteenkalatalousalue.fi\/osakaskunnat\/\" target=\"_blank\" rel=\"noreferrer noopener\">https:\/\/pohjoispaijanteenkalatalousalue.fi\/osakaskunnat\/<\/a><\/p>\n\n\n\n<p>Leivonm\u00e4en kalastuskunan vesialueita ovat Rutaj\u00e4rvi (ei aivan pohjoinen osa), Iso-Valkeaj\u00e4rvi, V\u00e4h\u00e4-Valkeaj\u00e4rvi, H\u00e4meenlampi, Harjuj\u00e4rvi, V\u00e4h\u00e4-Harjuj\u00e4rvi, Syysj\u00e4rvi, Hietaj\u00e4rvi ja Haapaj\u00e4rvi. Kalastuskunnan alueeseen kuuluvat my\u00f6s jakokunnan alueella olevat lammet ja joet. Naukj\u00e4rvi on vuokrattu. Kalastuskunnan vesialueiden yhteenlaskettu pinta-ala on 1869 ha.<\/p>\n\n\n\n<p><strong>>> <a href=\"https:\/\/pohjoispaijanteenkalatalousalue.fi\/leivonmaki\/wp-content\/uploads\/sites\/57\/2023\/03\/leivonmaen-ok.png\" target=\"_blank\" rel=\"noreferrer noopener\">Tutustu osakaskunnan karttaan<\/a>\u00a0<\/strong><\/p>\n\n\n\n<p>PDF-liitetiedoston katselemiseen<br>tarvitset ilmaisen Acrobat Reader -ohjelman.&nbsp;<br><br><img loading=\"lazy\" decoding=\"async\" src=\"http:\/\/pohjoispaijanteenkalatalousalue.fi\/ok\/leivonmaki\/uploads\/images\/acrobat.gif\" alt=\"\" width=\"60\" height=\"21\"><br><br><a href=\"http:\/\/www.adobe.fi\/products\/acrobat\/readstep.html\" target=\"_blank\" rel=\"noreferrer noopener\">Lataa Acrobat Reader<\/a><\/p>\n","protected":false},"excerpt":{"rendered":"<p>Kalatalousalueiden toiminta on alkanut vuonna 2019. Kalatalousalueita on muodostettu yhteens\u00e4 118. Toimialueet on muodostettu kalataloudellisesti riitt\u00e4v\u00e4n suurista yhten\u00e4isist\u00e4 alueista. Alueita m\u00e4\u00e4ritelt\u00e4ess\u00e4 otettiin huomioon kalastuksen j\u00e4rjest\u00e4minen ja vaelluskalojen elinkierto.\u00a0ELY-keskukset\u00a0ovat tehneet p\u00e4\u00e4t\u00f6kset alueiden rajoista. Leivonm\u00e4en osakaskunta kuuluu Pohjois-P\u00e4ij\u00e4nteen kalatalousalueeseen. Kalatalousalueen toimintaan voit tutustua osoitteessa https:\/\/pohjoispaijanteenkalatalousalue.fi\/ ja kalatalousalueen kartta l\u00f6ytyy osoitteesta: https:\/\/pohjoispaijanteenkalatalousalue.fi\/osakaskunnat\/ Leivonm\u00e4en kalastuskunan vesialueita ovat Rutaj\u00e4rvi (ei<\/p>\n<p><a class=\"moretag\" href=\"https:\/\/pohjoispaijanteenkalatalousalue.fi\/leivonmaki\/kalastusalue\/\"> Lue lis\u00e4\u00e4 ><\/a><\/p>\n","protected":false},"author":1,"featured_media":0,"parent":0,"menu_order":0,"comment_status":"closed","ping_status":"closed","template":"basic-sivu.php","meta":{"_acf_changed":false,"footnotes":""},"class_list":["post-244","page","type-page","status-publish","hentry"],"acf":[],"yoast_head":"<!-- This site is optimized with the Yoast SEO plugin v27.1.1 - https:\/\/yoast.com\/product\/yoast-seo-wordpress\/ -->\n<title>Kalatalousalue - Leivonm\u00e4en osakaskunta<\/title>\n<meta name=\"robots\" content=\"index, follow, max-snippet:-1, max-image-preview:large, max-video-preview:-1\" \/>\n<link rel=\"canonical\" href=\"https:\/\/pohjoispaijanteenkalatalousalue.fi\/leivonmaki\/kalastusalue\/\" \/>\n<meta property=\"og:locale\" content=\"fi_FI\" \/>\n<meta property=\"og:type\" content=\"article\" \/>\n<meta property=\"og:title\" content=\"Kalatalousalue - Leivonm\u00e4en osakaskunta\" \/>\n<meta property=\"og:description\" content=\"Kalatalousalueiden toiminta on alkanut vuonna 2019. Kalatalousalueita on muodostettu yhteens\u00e4 118. Toimialueet on muodostettu kalataloudellisesti riitt\u00e4v\u00e4n suurista yhten\u00e4isist\u00e4 alueista. Alueita m\u00e4\u00e4ritelt\u00e4ess\u00e4 otettiin huomioon kalastuksen j\u00e4rjest\u00e4minen ja vaelluskalojen elinkierto.\u00a0ELY-keskukset\u00a0ovat tehneet p\u00e4\u00e4t\u00f6kset alueiden rajoista. Leivonm\u00e4en osakaskunta kuuluu Pohjois-P\u00e4ij\u00e4nteen kalatalousalueeseen. Kalatalousalueen toimintaan voit tutustua osoitteessa https:\/\/pohjoispaijanteenkalatalousalue.fi\/ ja kalatalousalueen kartta l\u00f6ytyy osoitteesta: https:\/\/pohjoispaijanteenkalatalousalue.fi\/osakaskunnat\/ Leivonm\u00e4en kalastuskunan vesialueita ovat Rutaj\u00e4rvi (ei Lue lis\u00e4\u00e4 &gt;\" \/>\n<meta property=\"og:url\" content=\"https:\/\/pohjoispaijanteenkalatalousalue.fi\/leivonmaki\/kalastusalue\/\" \/>\n<meta property=\"og:site_name\" content=\"Leivonm\u00e4en osakaskunta\" \/>\n<meta property=\"article:modified_time\" content=\"2023-04-04T10:15:03+00:00\" \/>\n<meta property=\"og:image\" content=\"http:\/\/pohjoispaijanteenkalatalousalue.fi\/ok\/leivonmaki\/uploads\/images\/acrobat.gif\" \/>\n<meta name=\"twitter:card\" content=\"summary_large_image\" \/>\n<meta name=\"twitter:label1\" content=\"Arvioitu lukuaika\" \/>\n\t<meta name=\"twitter:data1\" content=\"1 minuutti\" \/>\n<script type=\"application\/ld+json\" class=\"yoast-schema-graph\">{\"@context\":\"https:\/\/schema.org\",\"@graph\":[{\"@type\":\"WebPage\",\"@id\":\"https:\/\/pohjoispaijanteenkalatalousalue.fi\/leivonmaki\/kalastusalue\/\",\"url\":\"https:\/\/pohjoispaijanteenkalatalousalue.fi\/leivonmaki\/kalastusalue\/\",\"name\":\"Kalatalousalue - Leivonm\u00e4en osakaskunta\",\"isPartOf\":{\"@id\":\"https:\/\/pohjoispaijanteenkalatalousalue.fi\/leivonmaki\/#website\"},\"primaryImageOfPage\":{\"@id\":\"https:\/\/pohjoispaijanteenkalatalousalue.fi\/leivonmaki\/kalastusalue\/#primaryimage\"},\"image\":{\"@id\":\"https:\/\/pohjoispaijanteenkalatalousalue.fi\/leivonmaki\/kalastusalue\/#primaryimage\"},\"thumbnailUrl\":\"http:\/\/pohjoispaijanteenkalatalousalue.fi\/ok\/leivonmaki\/uploads\/images\/acrobat.gif\",\"datePublished\":\"2021-01-14T14:41:02+00:00\",\"dateModified\":\"2023-04-04T10:15:03+00:00\",\"breadcrumb\":{\"@id\":\"https:\/\/pohjoispaijanteenkalatalousalue.fi\/leivonmaki\/kalastusalue\/#breadcrumb\"},\"inLanguage\":\"fi\",\"potentialAction\":[{\"@type\":\"ReadAction\",\"target\":[\"https:\/\/pohjoispaijanteenkalatalousalue.fi\/leivonmaki\/kalastusalue\/\"]}]},{\"@type\":\"ImageObject\",\"inLanguage\":\"fi\",\"@id\":\"https:\/\/pohjoispaijanteenkalatalousalue.fi\/leivonmaki\/kalastusalue\/#primaryimage\",\"url\":\"http:\/\/pohjoispaijanteenkalatalousalue.fi\/ok\/leivonmaki\/uploads\/images\/acrobat.gif\",\"contentUrl\":\"http:\/\/pohjoispaijanteenkalatalousalue.fi\/ok\/leivonmaki\/uploads\/images\/acrobat.gif\"},{\"@type\":\"BreadcrumbList\",\"@id\":\"https:\/\/pohjoispaijanteenkalatalousalue.fi\/leivonmaki\/kalastusalue\/#breadcrumb\",\"itemListElement\":[{\"@type\":\"ListItem\",\"position\":1,\"name\":\"Home\",\"item\":\"https:\/\/pohjoispaijanteenkalatalousalue.fi\/leivonmaki\/\"},{\"@type\":\"ListItem\",\"position\":2,\"name\":\"Kalatalousalue\"}]},{\"@type\":\"WebSite\",\"@id\":\"https:\/\/pohjoispaijanteenkalatalousalue.fi\/leivonmaki\/#website\",\"url\":\"https:\/\/pohjoispaijanteenkalatalousalue.fi\/leivonmaki\/\",\"name\":\"Leivonm\u00e4en osakaskunta\",\"description\":\"\",\"potentialAction\":[{\"@type\":\"SearchAction\",\"target\":{\"@type\":\"EntryPoint\",\"urlTemplate\":\"https:\/\/pohjoispaijanteenkalatalousalue.fi\/leivonmaki\/?s={search_term_string}\"},\"query-input\":{\"@type\":\"PropertyValueSpecification\",\"valueRequired\":true,\"valueName\":\"search_term_string\"}}],\"inLanguage\":\"fi\"}]}<\/script>\n<!-- \/ Yoast SEO plugin. -->","yoast_head_json":{"title":"Kalatalousalue - Leivonm\u00e4en osakaskunta","robots":{"index":"index","follow":"follow","max-snippet":"max-snippet:-1","max-image-preview":"max-image-preview:large","max-video-preview":"max-video-preview:-1"},"canonical":"https:\/\/pohjoispaijanteenkalatalousalue.fi\/leivonmaki\/kalastusalue\/","og_locale":"fi_FI","og_type":"article","og_title":"Kalatalousalue - Leivonm\u00e4en osakaskunta","og_description":"Kalatalousalueiden toiminta on alkanut vuonna 2019. Kalatalousalueita on muodostettu yhteens\u00e4 118. Toimialueet on muodostettu kalataloudellisesti riitt\u00e4v\u00e4n suurista yhten\u00e4isist\u00e4 alueista. Alueita m\u00e4\u00e4ritelt\u00e4ess\u00e4 otettiin huomioon kalastuksen j\u00e4rjest\u00e4minen ja vaelluskalojen elinkierto.\u00a0ELY-keskukset\u00a0ovat tehneet p\u00e4\u00e4t\u00f6kset alueiden rajoista. Leivonm\u00e4en osakaskunta kuuluu Pohjois-P\u00e4ij\u00e4nteen kalatalousalueeseen. Kalatalousalueen toimintaan voit tutustua osoitteessa https:\/\/pohjoispaijanteenkalatalousalue.fi\/ ja kalatalousalueen kartta l\u00f6ytyy osoitteesta: https:\/\/pohjoispaijanteenkalatalousalue.fi\/osakaskunnat\/ Leivonm\u00e4en kalastuskunan vesialueita ovat Rutaj\u00e4rvi (ei Lue lis\u00e4\u00e4 >","og_url":"https:\/\/pohjoispaijanteenkalatalousalue.fi\/leivonmaki\/kalastusalue\/","og_site_name":"Leivonm\u00e4en osakaskunta","article_modified_time":"2023-04-04T10:15:03+00:00","og_image":[{"url":"http:\/\/pohjoispaijanteenkalatalousalue.fi\/ok\/leivonmaki\/uploads\/images\/acrobat.gif","type":"","width":"","height":""}],"twitter_card":"summary_large_image","twitter_misc":{"Arvioitu lukuaika":"1 minuutti"},"schema":{"@context":"https:\/\/schema.org","@graph":[{"@type":"WebPage","@id":"https:\/\/pohjoispaijanteenkalatalousalue.fi\/leivonmaki\/kalastusalue\/","url":"https:\/\/pohjoispaijanteenkalatalousalue.fi\/leivonmaki\/kalastusalue\/","name":"Kalatalousalue - Leivonm\u00e4en osakaskunta","isPartOf":{"@id":"https:\/\/pohjoispaijanteenkalatalousalue.fi\/leivonmaki\/#website"},"primaryImageOfPage":{"@id":"https:\/\/pohjoispaijanteenkalatalousalue.fi\/leivonmaki\/kalastusalue\/#primaryimage"},"image":{"@id":"https:\/\/pohjoispaijanteenkalatalousalue.fi\/leivonmaki\/kalastusalue\/#primaryimage"},"thumbnailUrl":"http:\/\/pohjoispaijanteenkalatalousalue.fi\/ok\/leivonmaki\/uploads\/images\/acrobat.gif","datePublished":"2021-01-14T14:41:02+00:00","dateModified":"2023-04-04T10:15:03+00:00","breadcrumb":{"@id":"https:\/\/pohjoispaijanteenkalatalousalue.fi\/leivonmaki\/kalastusalue\/#breadcrumb"},"inLanguage":"fi","potentialAction":[{"@type":"ReadAction","target":["https:\/\/pohjoispaijanteenkalatalousalue.fi\/leivonmaki\/kalastusalue\/"]}]},{"@type":"ImageObject","inLanguage":"fi","@id":"https:\/\/pohjoispaijanteenkalatalousalue.fi\/leivonmaki\/kalastusalue\/#primaryimage","url":"http:\/\/pohjoispaijanteenkalatalousalue.fi\/ok\/leivonmaki\/uploads\/images\/acrobat.gif","contentUrl":"http:\/\/pohjoispaijanteenkalatalousalue.fi\/ok\/leivonmaki\/uploads\/images\/acrobat.gif"},{"@type":"BreadcrumbList","@id":"https:\/\/pohjoispaijanteenkalatalousalue.fi\/leivonmaki\/kalastusalue\/#breadcrumb","itemListElement":[{"@type":"ListItem","position":1,"name":"Home","item":"https:\/\/pohjoispaijanteenkalatalousalue.fi\/leivonmaki\/"},{"@type":"ListItem","position":2,"name":"Kalatalousalue"}]},{"@type":"WebSite","@id":"https:\/\/pohjoispaijanteenkalatalousalue.fi\/leivonmaki\/#website","url":"https:\/\/pohjoispaijanteenkalatalousalue.fi\/leivonmaki\/","name":"Leivonm\u00e4en osakaskunta","description":"","potentialAction":[{"@type":"SearchAction","target":{"@type":"EntryPoint","urlTemplate":"https:\/\/pohjoispaijanteenkalatalousalue.fi\/leivonmaki\/?s={search_term_string}"},"query-input":{"@type":"PropertyValueSpecification","valueRequired":true,"valueName":"search_term_string"}}],"inLanguage":"fi"}]}},"_links":{"self":[{"href":"https:\/\/pohjoispaijanteenkalatalousalue.fi\/leivonmaki\/wp-json\/wp\/v2\/pages\/244","targetHints":{"allow":["GET"]}}],"collection":[{"href":"https:\/\/pohjoispaijanteenkalatalousalue.fi\/leivonmaki\/wp-json\/wp\/v2\/pages"}],"about":[{"href":"https:\/\/pohjoispaijanteenkalatalousalue.fi\/leivonmaki\/wp-json\/wp\/v2\/types\/page"}],"author":[{"embeddable":true,"href":"https:\/\/pohjoispaijanteenkalatalousalue.fi\/leivonmaki\/wp-json\/wp\/v2\/users\/1"}],"replies":[{"embeddable":true,"href":"https:\/\/pohjoispaijanteenkalatalousalue.fi\/leivonmaki\/wp-json\/wp\/v2\/comments?post=244"}],"version-history":[{"count":4,"href":"https:\/\/pohjoispaijanteenkalatalousalue.fi\/leivonmaki\/wp-json\/wp\/v2\/pages\/244\/revisions"}],"predecessor-version":[{"id":318,"href":"https:\/\/pohjoispaijanteenkalatalousalue.fi\/leivonmaki\/wp-json\/wp\/v2\/pages\/244\/revisions\/318"}],"wp:attachment":[{"href":"https:\/\/pohjoispaijanteenkalatalousalue.fi\/leivonmaki\/wp-json\/wp\/v2\/media?parent=244"}],"curies":[{"name":"wp","href":"https:\/\/api.w.org\/{rel}","templated":true}]}}