{"id":241,"date":"2021-01-14T14:40:06","date_gmt":"2021-01-14T14:40:06","guid":{"rendered":"http:\/\/89.166.51.80\/~pohjoispaij\/leivonmaki\/?page_id=241"},"modified":"2023-01-19T14:28:12","modified_gmt":"2023-01-19T14:28:12","slug":"yksikkohinnat-ja-rajoitukset","status":"publish","type":"page","link":"https:\/\/pohjoispaijanteenkalatalousalue.fi\/leivonmaki\/yksikkohinnat-ja-rajoitukset\/","title":{"rendered":"Yksikk\u00f6hinnat ja rajoitukset"},"content":{"rendered":"\n<h2 class=\"wp-block-heading\">Yksikk\u00f6hinnat ja rajoitukset<\/h2>\n\n\n\n<p><strong>Kalastuskunnan vesialueet<\/strong><\/p>\n\n\n\n<p>Leivonm\u00e4en kalastuskunan vesialueita ovat Rutaj\u00e4rvi (ei aivan pohjoinen osa), Iso-Valkeaj\u00e4rvi, V\u00e4h\u00e4-Valkeaj\u00e4rvi, H\u00e4meenlampi, Harjuj\u00e4rvi, V\u00e4h\u00e4-Harjuj\u00e4rvi, Syysj\u00e4rvi, Hietaj\u00e4rvi ja Haapaj\u00e4rvi. Kalastuskunnan alueeseen kuuluvat my\u00f6s jakokunnan alueella olevat lammet ja joet. Naukj\u00e4rvi on vuokrattu. Kalastuskunnan vesialueiden yhteenlaskettu pinta-ala on 1869 ha.&nbsp;<br><br><a href=\"http:\/\/194.100.33.209\/MMM\/Kalastuskieltoalue\/Kalastuskieltoalue?submit_button=ZL&amp;&amp;zoom_level=18000.1\" target=\"_blank\" rel=\"noreferrer noopener\">&gt;&gt;Leivonm\u00e4en kartta (Maa- ja mets\u00e4talousministeri\u00f6n karttapalvelu)<br>laita hakusanaksi Leivonm\u00e4ki<\/a><\/p>\n\n\n\n<p><strong>Ravustus<br><\/strong><br>Kalastuskunnan alueella on ravustus kielletty<\/p>\n\n\n\n<p><strong>Pyydysmerkkien hinnat<\/strong><\/p>\n\n\n\n<p>Pyydysmerkin hinta on 5,00 \u20ac<br>Lis\u00e4van hinta on 10,00 \u20ac (viehekalastuslupia myyd\u00e4\u00e4n kaikille halukkaille)<br>Sorsastulupa on 10,00 \u20ac<\/p>\n\n\n\n<p><br>&#8211; Kalastuksenhoitomaksua ei perit\u00e4 alle 18- tai 64 vuotta t\u00e4ytt\u00e4neilt\u00e4. Ik\u00e4 pit\u00e4\u00e4 pyydett\u00e4ess\u00e4 todistaa.<br>&#8211; Kuluvan vuoden pyydysmerkit on oltava pyydyksiss\u00e4 heti vuoden alussa<br>&#8211; Pyydysmerkkej\u00e4 myyd\u00e4\u00e4n enint\u00e4\u00e4n 8 merkki\u00e4 ruokakuntaa kohden<br>&#8211; Sorsastus on sallittua paikkakuntalaisille sek\u00e4 Leivonm\u00e4en kalastuskunnan alueella oleville huvila-asukkaille<br><br><em>Verkkomerkkej\u00e4 ei myyd\u00e4 ulkopaikkakuntalaisille. M\u00f6kkil\u00e4iset voivat ostaa verkkomerkkej\u00e4.<\/em><\/p>\n","protected":false},"excerpt":{"rendered":"<p>Yksikk\u00f6hinnat ja rajoitukset Kalastuskunnan vesialueet Leivonm\u00e4en kalastuskunan vesialueita ovat Rutaj\u00e4rvi (ei aivan pohjoinen osa), Iso-Valkeaj\u00e4rvi, V\u00e4h\u00e4-Valkeaj\u00e4rvi, H\u00e4meenlampi, Harjuj\u00e4rvi, V\u00e4h\u00e4-Harjuj\u00e4rvi, Syysj\u00e4rvi, Hietaj\u00e4rvi ja Haapaj\u00e4rvi. Kalastuskunnan alueeseen kuuluvat my\u00f6s jakokunnan alueella olevat lammet ja joet. Naukj\u00e4rvi on vuokrattu. Kalastuskunnan vesialueiden yhteenlaskettu pinta-ala on 1869 ha.&nbsp; &gt;&gt;Leivonm\u00e4en kartta (Maa- ja mets\u00e4talousministeri\u00f6n karttapalvelu)laita hakusanaksi Leivonm\u00e4ki RavustusKalastuskunnan alueella on ravustus<\/p>\n<p><a class=\"moretag\" href=\"https:\/\/pohjoispaijanteenkalatalousalue.fi\/leivonmaki\/yksikkohinnat-ja-rajoitukset\/\"> Lue lis\u00e4\u00e4 ><\/a><\/p>\n","protected":false},"author":1,"featured_media":0,"parent":0,"menu_order":0,"comment_status":"closed","ping_status":"closed","template":"basic-sivu.php","meta":{"_acf_changed":false,"footnotes":""},"class_list":["post-241","page","type-page","status-publish","hentry"],"acf":[],"yoast_head":"<!-- This site is optimized with the Yoast SEO plugin v27.1.1 - https:\/\/yoast.com\/product\/yoast-seo-wordpress\/ -->\n<title>Yksikk\u00f6hinnat ja rajoitukset - Leivonm\u00e4en osakaskunta<\/title>\n<meta name=\"robots\" content=\"index, follow, max-snippet:-1, max-image-preview:large, max-video-preview:-1\" \/>\n<link rel=\"canonical\" href=\"https:\/\/pohjoispaijanteenkalatalousalue.fi\/leivonmaki\/yksikkohinnat-ja-rajoitukset\/\" \/>\n<meta property=\"og:locale\" content=\"fi_FI\" \/>\n<meta property=\"og:type\" content=\"article\" \/>\n<meta property=\"og:title\" content=\"Yksikk\u00f6hinnat ja rajoitukset - Leivonm\u00e4en osakaskunta\" \/>\n<meta property=\"og:description\" content=\"Yksikk\u00f6hinnat ja rajoitukset Kalastuskunnan vesialueet Leivonm\u00e4en kalastuskunan vesialueita ovat Rutaj\u00e4rvi (ei aivan pohjoinen osa), Iso-Valkeaj\u00e4rvi, V\u00e4h\u00e4-Valkeaj\u00e4rvi, H\u00e4meenlampi, Harjuj\u00e4rvi, V\u00e4h\u00e4-Harjuj\u00e4rvi, Syysj\u00e4rvi, Hietaj\u00e4rvi ja Haapaj\u00e4rvi. Kalastuskunnan alueeseen kuuluvat my\u00f6s jakokunnan alueella olevat lammet ja joet. Naukj\u00e4rvi on vuokrattu. Kalastuskunnan vesialueiden yhteenlaskettu pinta-ala on 1869 ha.&nbsp; &gt;&gt;Leivonm\u00e4en kartta (Maa- ja mets\u00e4talousministeri\u00f6n karttapalvelu)laita hakusanaksi Leivonm\u00e4ki RavustusKalastuskunnan alueella on ravustus Lue lis\u00e4\u00e4 &gt;\" \/>\n<meta property=\"og:url\" content=\"https:\/\/pohjoispaijanteenkalatalousalue.fi\/leivonmaki\/yksikkohinnat-ja-rajoitukset\/\" \/>\n<meta property=\"og:site_name\" content=\"Leivonm\u00e4en osakaskunta\" \/>\n<meta property=\"article:modified_time\" content=\"2023-01-19T14:28:12+00:00\" \/>\n<meta name=\"twitter:card\" content=\"summary_large_image\" \/>\n<meta name=\"twitter:label1\" content=\"Arvioitu lukuaika\" \/>\n\t<meta name=\"twitter:data1\" content=\"1 minuutti\" \/>\n<script type=\"application\/ld+json\" class=\"yoast-schema-graph\">{\"@context\":\"https:\/\/schema.org\",\"@graph\":[{\"@type\":\"WebPage\",\"@id\":\"https:\/\/pohjoispaijanteenkalatalousalue.fi\/leivonmaki\/yksikkohinnat-ja-rajoitukset\/\",\"url\":\"https:\/\/pohjoispaijanteenkalatalousalue.fi\/leivonmaki\/yksikkohinnat-ja-rajoitukset\/\",\"name\":\"Yksikk\u00f6hinnat ja rajoitukset - Leivonm\u00e4en osakaskunta\",\"isPartOf\":{\"@id\":\"https:\/\/pohjoispaijanteenkalatalousalue.fi\/leivonmaki\/#website\"},\"datePublished\":\"2021-01-14T14:40:06+00:00\",\"dateModified\":\"2023-01-19T14:28:12+00:00\",\"breadcrumb\":{\"@id\":\"https:\/\/pohjoispaijanteenkalatalousalue.fi\/leivonmaki\/yksikkohinnat-ja-rajoitukset\/#breadcrumb\"},\"inLanguage\":\"fi\",\"potentialAction\":[{\"@type\":\"ReadAction\",\"target\":[\"https:\/\/pohjoispaijanteenkalatalousalue.fi\/leivonmaki\/yksikkohinnat-ja-rajoitukset\/\"]}]},{\"@type\":\"BreadcrumbList\",\"@id\":\"https:\/\/pohjoispaijanteenkalatalousalue.fi\/leivonmaki\/yksikkohinnat-ja-rajoitukset\/#breadcrumb\",\"itemListElement\":[{\"@type\":\"ListItem\",\"position\":1,\"name\":\"Home\",\"item\":\"https:\/\/pohjoispaijanteenkalatalousalue.fi\/leivonmaki\/\"},{\"@type\":\"ListItem\",\"position\":2,\"name\":\"Yksikk\u00f6hinnat ja rajoitukset\"}]},{\"@type\":\"WebSite\",\"@id\":\"https:\/\/pohjoispaijanteenkalatalousalue.fi\/leivonmaki\/#website\",\"url\":\"https:\/\/pohjoispaijanteenkalatalousalue.fi\/leivonmaki\/\",\"name\":\"Leivonm\u00e4en osakaskunta\",\"description\":\"\",\"potentialAction\":[{\"@type\":\"SearchAction\",\"target\":{\"@type\":\"EntryPoint\",\"urlTemplate\":\"https:\/\/pohjoispaijanteenkalatalousalue.fi\/leivonmaki\/?s={search_term_string}\"},\"query-input\":{\"@type\":\"PropertyValueSpecification\",\"valueRequired\":true,\"valueName\":\"search_term_string\"}}],\"inLanguage\":\"fi\"}]}<\/script>\n<!-- \/ Yoast SEO plugin. -->","yoast_head_json":{"title":"Yksikk\u00f6hinnat ja rajoitukset - Leivonm\u00e4en osakaskunta","robots":{"index":"index","follow":"follow","max-snippet":"max-snippet:-1","max-image-preview":"max-image-preview:large","max-video-preview":"max-video-preview:-1"},"canonical":"https:\/\/pohjoispaijanteenkalatalousalue.fi\/leivonmaki\/yksikkohinnat-ja-rajoitukset\/","og_locale":"fi_FI","og_type":"article","og_title":"Yksikk\u00f6hinnat ja rajoitukset - Leivonm\u00e4en osakaskunta","og_description":"Yksikk\u00f6hinnat ja rajoitukset Kalastuskunnan vesialueet Leivonm\u00e4en kalastuskunan vesialueita ovat Rutaj\u00e4rvi (ei aivan pohjoinen osa), Iso-Valkeaj\u00e4rvi, V\u00e4h\u00e4-Valkeaj\u00e4rvi, H\u00e4meenlampi, Harjuj\u00e4rvi, V\u00e4h\u00e4-Harjuj\u00e4rvi, Syysj\u00e4rvi, Hietaj\u00e4rvi ja Haapaj\u00e4rvi. Kalastuskunnan alueeseen kuuluvat my\u00f6s jakokunnan alueella olevat lammet ja joet. Naukj\u00e4rvi on vuokrattu. Kalastuskunnan vesialueiden yhteenlaskettu pinta-ala on 1869 ha.&nbsp; &gt;&gt;Leivonm\u00e4en kartta (Maa- ja mets\u00e4talousministeri\u00f6n karttapalvelu)laita hakusanaksi Leivonm\u00e4ki RavustusKalastuskunnan alueella on ravustus Lue lis\u00e4\u00e4 >","og_url":"https:\/\/pohjoispaijanteenkalatalousalue.fi\/leivonmaki\/yksikkohinnat-ja-rajoitukset\/","og_site_name":"Leivonm\u00e4en osakaskunta","article_modified_time":"2023-01-19T14:28:12+00:00","twitter_card":"summary_large_image","twitter_misc":{"Arvioitu lukuaika":"1 minuutti"},"schema":{"@context":"https:\/\/schema.org","@graph":[{"@type":"WebPage","@id":"https:\/\/pohjoispaijanteenkalatalousalue.fi\/leivonmaki\/yksikkohinnat-ja-rajoitukset\/","url":"https:\/\/pohjoispaijanteenkalatalousalue.fi\/leivonmaki\/yksikkohinnat-ja-rajoitukset\/","name":"Yksikk\u00f6hinnat ja rajoitukset - Leivonm\u00e4en osakaskunta","isPartOf":{"@id":"https:\/\/pohjoispaijanteenkalatalousalue.fi\/leivonmaki\/#website"},"datePublished":"2021-01-14T14:40:06+00:00","dateModified":"2023-01-19T14:28:12+00:00","breadcrumb":{"@id":"https:\/\/pohjoispaijanteenkalatalousalue.fi\/leivonmaki\/yksikkohinnat-ja-rajoitukset\/#breadcrumb"},"inLanguage":"fi","potentialAction":[{"@type":"ReadAction","target":["https:\/\/pohjoispaijanteenkalatalousalue.fi\/leivonmaki\/yksikkohinnat-ja-rajoitukset\/"]}]},{"@type":"BreadcrumbList","@id":"https:\/\/pohjoispaijanteenkalatalousalue.fi\/leivonmaki\/yksikkohinnat-ja-rajoitukset\/#breadcrumb","itemListElement":[{"@type":"ListItem","position":1,"name":"Home","item":"https:\/\/pohjoispaijanteenkalatalousalue.fi\/leivonmaki\/"},{"@type":"ListItem","position":2,"name":"Yksikk\u00f6hinnat ja rajoitukset"}]},{"@type":"WebSite","@id":"https:\/\/pohjoispaijanteenkalatalousalue.fi\/leivonmaki\/#website","url":"https:\/\/pohjoispaijanteenkalatalousalue.fi\/leivonmaki\/","name":"Leivonm\u00e4en osakaskunta","description":"","potentialAction":[{"@type":"SearchAction","target":{"@type":"EntryPoint","urlTemplate":"https:\/\/pohjoispaijanteenkalatalousalue.fi\/leivonmaki\/?s={search_term_string}"},"query-input":{"@type":"PropertyValueSpecification","valueRequired":true,"valueName":"search_term_string"}}],"inLanguage":"fi"}]}},"_links":{"self":[{"href":"https:\/\/pohjoispaijanteenkalatalousalue.fi\/leivonmaki\/wp-json\/wp\/v2\/pages\/241","targetHints":{"allow":["GET"]}}],"collection":[{"href":"https:\/\/pohjoispaijanteenkalatalousalue.fi\/leivonmaki\/wp-json\/wp\/v2\/pages"}],"about":[{"href":"https:\/\/pohjoispaijanteenkalatalousalue.fi\/leivonmaki\/wp-json\/wp\/v2\/types\/page"}],"author":[{"embeddable":true,"href":"https:\/\/pohjoispaijanteenkalatalousalue.fi\/leivonmaki\/wp-json\/wp\/v2\/users\/1"}],"replies":[{"embeddable":true,"href":"https:\/\/pohjoispaijanteenkalatalousalue.fi\/leivonmaki\/wp-json\/wp\/v2\/comments?post=241"}],"version-history":[{"count":3,"href":"https:\/\/pohjoispaijanteenkalatalousalue.fi\/leivonmaki\/wp-json\/wp\/v2\/pages\/241\/revisions"}],"predecessor-version":[{"id":311,"href":"https:\/\/pohjoispaijanteenkalatalousalue.fi\/leivonmaki\/wp-json\/wp\/v2\/pages\/241\/revisions\/311"}],"wp:attachment":[{"href":"https:\/\/pohjoispaijanteenkalatalousalue.fi\/leivonmaki\/wp-json\/wp\/v2\/media?parent=241"}],"curies":[{"name":"wp","href":"https:\/\/api.w.org\/{rel}","templated":true}]}}