{"id":238,"date":"2021-01-14T14:38:49","date_gmt":"2021-01-14T14:38:49","guid":{"rendered":"http:\/\/89.166.51.80\/~pohjoispaij\/leivonmaki\/?page_id=238"},"modified":"2022-02-11T11:38:31","modified_gmt":"2022-02-11T11:38:31","slug":"pyydysyksikot-ja-merkitseminen","status":"publish","type":"page","link":"https:\/\/pohjoispaijanteenkalatalousalue.fi\/leivonmaki\/kalastuslupajarjestelma-ja-pyyntimerkit\/pyydysyksikot-ja-merkitseminen\/","title":{"rendered":"Pyydysyksik\u00f6t ja merkitseminen"},"content":{"rendered":"\n<h2 class=\"wp-block-heading\" id=\"pyydysyksikot-ja-merkitseminen\">Pyydysyksik\u00f6t ja merkitseminen<\/h2>\n\n\n\n<figure class=\"wp-block-table\"><table><tbody><tr><td><strong>KALASTUSV\u00c4LINE<\/strong><\/td><td><strong>HINTA\/YKSIKK\u00d6\u00c4<\/strong><\/td><\/tr><tr><td>Verkko 3 m x 30 m tai alle<\/td><td>1 yksikk\u00f6\u00e4<\/td><\/tr><tr><td>Verkko yli 30 m pitk\u00e4<\/td><td>2 yksikk\u00f6\u00e4<\/td><\/tr><tr><td>Verkko yli 3 m korkea<\/td><td>2 yksikk\u00f6\u00e4<\/td><\/tr><tr><td>Katiska<\/td><td>0 yksikk\u00f6\u00e4<\/td><\/tr><tr><td>Nuotta<\/td><td>20 yksikk\u00f6\u00e4<\/td><\/tr><tr><td>Talvinuotta<\/td><td>40 yksikk\u00f6\u00e4<\/td><\/tr><tr><td>Pitk\u00e4siima (100 koukkua)<\/td><td>1 yksikk\u00f6\u00e4<\/td><\/tr><tr><td>Rantarys\u00e4<\/td><td>1 yksikk\u00f6\u00e4<\/td><\/tr><tr><td>Rys\u00e4n korkeus 2 m tai alle<\/td><td>2 yksikk\u00f6\u00e4<\/td><\/tr><tr><td>Rys\u00e4nkorkeus yli 2 m<\/td><td>4 yksikk\u00f6\u00e4<\/td><\/tr><tr><td>Avorys\u00e4 ja paunetti<\/td><td>20 yksikk\u00f6\u00e4<\/td><\/tr><tr><td>Koukkuja 5 kpl<\/td><td>1 yksikk\u00f6\u00e4<\/td><\/tr><tr><td>&nbsp;<\/td><td>&nbsp;<\/td><\/tr><tr><td>Lis\u00e4vapa<\/td><td>10,00 \u20ac\/kpl<\/td><\/tr><tr><td>Sorsastuslupa (merkit\u00e4\u00e4n voimassa olevaan mets\u00e4styskorttiin)<\/td><td>10,00 \u20ac\/kpl<\/td><\/tr><\/tbody><\/table><\/figure>\n\n\n\n<p><strong>Yhden yksik\u00f6n arvo on yksi\u00a0<a href=\"http:\/\/www.leivonmaenkalastuskunta.fi\/hinnat_rajoitukset.htm\">pyydysmerkki<\/a>. Pyydysmerkkej\u00e4 voit ostaa Hyv\u00e4n Mielen Kyl\u00e4kaupasta.<\/strong><\/p>\n","protected":false},"excerpt":{"rendered":"<p>Pyydysyksik\u00f6t ja merkitseminen KALASTUSV\u00c4LINE HINTA\/YKSIKK\u00d6\u00c4 Verkko 3 m x 30 m tai alle 1 yksikk\u00f6\u00e4 Verkko yli 30 m pitk\u00e4 2 yksikk\u00f6\u00e4 Verkko yli 3 m korkea 2 yksikk\u00f6\u00e4 Katiska 0 yksikk\u00f6\u00e4 Nuotta 20 yksikk\u00f6\u00e4 Talvinuotta 40 yksikk\u00f6\u00e4 Pitk\u00e4siima (100 koukkua) 1 yksikk\u00f6\u00e4 Rantarys\u00e4 1 yksikk\u00f6\u00e4 Rys\u00e4n korkeus 2 m tai alle 2 yksikk\u00f6\u00e4 Rys\u00e4nkorkeus<\/p>\n<p><a class=\"moretag\" href=\"https:\/\/pohjoispaijanteenkalatalousalue.fi\/leivonmaki\/kalastuslupajarjestelma-ja-pyyntimerkit\/pyydysyksikot-ja-merkitseminen\/\"> Lue lis\u00e4\u00e4 ><\/a><\/p>\n","protected":false},"author":1,"featured_media":0,"parent":235,"menu_order":0,"comment_status":"closed","ping_status":"closed","template":"basic-sivu.php","meta":{"_acf_changed":false,"footnotes":""},"class_list":["post-238","page","type-page","status-publish","hentry"],"acf":[],"yoast_head":"<!-- This site is optimized with the Yoast SEO plugin v27.1.1 - https:\/\/yoast.com\/product\/yoast-seo-wordpress\/ -->\n<title>Pyydysyksik\u00f6t ja merkitseminen - Leivonm\u00e4en osakaskunta<\/title>\n<meta name=\"robots\" content=\"index, follow, max-snippet:-1, max-image-preview:large, max-video-preview:-1\" \/>\n<link rel=\"canonical\" href=\"https:\/\/pohjoispaijanteenkalatalousalue.fi\/leivonmaki\/kalastuslupajarjestelma-ja-pyyntimerkit\/pyydysyksikot-ja-merkitseminen\/\" \/>\n<meta property=\"og:locale\" content=\"fi_FI\" \/>\n<meta property=\"og:type\" content=\"article\" \/>\n<meta property=\"og:title\" content=\"Pyydysyksik\u00f6t ja merkitseminen - Leivonm\u00e4en osakaskunta\" \/>\n<meta property=\"og:description\" content=\"Pyydysyksik\u00f6t ja merkitseminen KALASTUSV\u00c4LINE HINTA\/YKSIKK\u00d6\u00c4 Verkko 3 m x 30 m tai alle 1 yksikk\u00f6\u00e4 Verkko yli 30 m pitk\u00e4 2 yksikk\u00f6\u00e4 Verkko yli 3 m korkea 2 yksikk\u00f6\u00e4 Katiska 0 yksikk\u00f6\u00e4 Nuotta 20 yksikk\u00f6\u00e4 Talvinuotta 40 yksikk\u00f6\u00e4 Pitk\u00e4siima (100 koukkua) 1 yksikk\u00f6\u00e4 Rantarys\u00e4 1 yksikk\u00f6\u00e4 Rys\u00e4n korkeus 2 m tai alle 2 yksikk\u00f6\u00e4 Rys\u00e4nkorkeus Lue lis\u00e4\u00e4 &gt;\" \/>\n<meta property=\"og:url\" content=\"https:\/\/pohjoispaijanteenkalatalousalue.fi\/leivonmaki\/kalastuslupajarjestelma-ja-pyyntimerkit\/pyydysyksikot-ja-merkitseminen\/\" \/>\n<meta property=\"og:site_name\" content=\"Leivonm\u00e4en osakaskunta\" \/>\n<meta property=\"article:modified_time\" content=\"2022-02-11T11:38:31+00:00\" \/>\n<meta name=\"twitter:card\" content=\"summary_large_image\" \/>\n<meta name=\"twitter:label1\" content=\"Arvioitu lukuaika\" \/>\n\t<meta name=\"twitter:data1\" content=\"1 minuutti\" \/>\n<script type=\"application\/ld+json\" class=\"yoast-schema-graph\">{\"@context\":\"https:\/\/schema.org\",\"@graph\":[{\"@type\":\"WebPage\",\"@id\":\"https:\/\/pohjoispaijanteenkalatalousalue.fi\/leivonmaki\/kalastuslupajarjestelma-ja-pyyntimerkit\/pyydysyksikot-ja-merkitseminen\/\",\"url\":\"https:\/\/pohjoispaijanteenkalatalousalue.fi\/leivonmaki\/kalastuslupajarjestelma-ja-pyyntimerkit\/pyydysyksikot-ja-merkitseminen\/\",\"name\":\"Pyydysyksik\u00f6t ja merkitseminen - Leivonm\u00e4en osakaskunta\",\"isPartOf\":{\"@id\":\"https:\/\/pohjoispaijanteenkalatalousalue.fi\/leivonmaki\/#website\"},\"datePublished\":\"2021-01-14T14:38:49+00:00\",\"dateModified\":\"2022-02-11T11:38:31+00:00\",\"breadcrumb\":{\"@id\":\"https:\/\/pohjoispaijanteenkalatalousalue.fi\/leivonmaki\/kalastuslupajarjestelma-ja-pyyntimerkit\/pyydysyksikot-ja-merkitseminen\/#breadcrumb\"},\"inLanguage\":\"fi\",\"potentialAction\":[{\"@type\":\"ReadAction\",\"target\":[\"https:\/\/pohjoispaijanteenkalatalousalue.fi\/leivonmaki\/kalastuslupajarjestelma-ja-pyyntimerkit\/pyydysyksikot-ja-merkitseminen\/\"]}]},{\"@type\":\"BreadcrumbList\",\"@id\":\"https:\/\/pohjoispaijanteenkalatalousalue.fi\/leivonmaki\/kalastuslupajarjestelma-ja-pyyntimerkit\/pyydysyksikot-ja-merkitseminen\/#breadcrumb\",\"itemListElement\":[{\"@type\":\"ListItem\",\"position\":1,\"name\":\"Home\",\"item\":\"https:\/\/pohjoispaijanteenkalatalousalue.fi\/leivonmaki\/\"},{\"@type\":\"ListItem\",\"position\":2,\"name\":\"Kalastuslupaj\u00e4rjestelm\u00e4 ja pyyntimerkit\",\"item\":\"https:\/\/pohjoispaijanteenkalatalousalue.fi\/leivonmaki\/kalastuslupajarjestelma-ja-pyyntimerkit\/\"},{\"@type\":\"ListItem\",\"position\":3,\"name\":\"Pyydysyksik\u00f6t ja merkitseminen\"}]},{\"@type\":\"WebSite\",\"@id\":\"https:\/\/pohjoispaijanteenkalatalousalue.fi\/leivonmaki\/#website\",\"url\":\"https:\/\/pohjoispaijanteenkalatalousalue.fi\/leivonmaki\/\",\"name\":\"Leivonm\u00e4en osakaskunta\",\"description\":\"\",\"potentialAction\":[{\"@type\":\"SearchAction\",\"target\":{\"@type\":\"EntryPoint\",\"urlTemplate\":\"https:\/\/pohjoispaijanteenkalatalousalue.fi\/leivonmaki\/?s={search_term_string}\"},\"query-input\":{\"@type\":\"PropertyValueSpecification\",\"valueRequired\":true,\"valueName\":\"search_term_string\"}}],\"inLanguage\":\"fi\"}]}<\/script>\n<!-- \/ Yoast SEO plugin. -->","yoast_head_json":{"title":"Pyydysyksik\u00f6t ja merkitseminen - Leivonm\u00e4en osakaskunta","robots":{"index":"index","follow":"follow","max-snippet":"max-snippet:-1","max-image-preview":"max-image-preview:large","max-video-preview":"max-video-preview:-1"},"canonical":"https:\/\/pohjoispaijanteenkalatalousalue.fi\/leivonmaki\/kalastuslupajarjestelma-ja-pyyntimerkit\/pyydysyksikot-ja-merkitseminen\/","og_locale":"fi_FI","og_type":"article","og_title":"Pyydysyksik\u00f6t ja merkitseminen - Leivonm\u00e4en osakaskunta","og_description":"Pyydysyksik\u00f6t ja merkitseminen KALASTUSV\u00c4LINE HINTA\/YKSIKK\u00d6\u00c4 Verkko 3 m x 30 m tai alle 1 yksikk\u00f6\u00e4 Verkko yli 30 m pitk\u00e4 2 yksikk\u00f6\u00e4 Verkko yli 3 m korkea 2 yksikk\u00f6\u00e4 Katiska 0 yksikk\u00f6\u00e4 Nuotta 20 yksikk\u00f6\u00e4 Talvinuotta 40 yksikk\u00f6\u00e4 Pitk\u00e4siima (100 koukkua) 1 yksikk\u00f6\u00e4 Rantarys\u00e4 1 yksikk\u00f6\u00e4 Rys\u00e4n korkeus 2 m tai alle 2 yksikk\u00f6\u00e4 Rys\u00e4nkorkeus Lue lis\u00e4\u00e4 >","og_url":"https:\/\/pohjoispaijanteenkalatalousalue.fi\/leivonmaki\/kalastuslupajarjestelma-ja-pyyntimerkit\/pyydysyksikot-ja-merkitseminen\/","og_site_name":"Leivonm\u00e4en osakaskunta","article_modified_time":"2022-02-11T11:38:31+00:00","twitter_card":"summary_large_image","twitter_misc":{"Arvioitu lukuaika":"1 minuutti"},"schema":{"@context":"https:\/\/schema.org","@graph":[{"@type":"WebPage","@id":"https:\/\/pohjoispaijanteenkalatalousalue.fi\/leivonmaki\/kalastuslupajarjestelma-ja-pyyntimerkit\/pyydysyksikot-ja-merkitseminen\/","url":"https:\/\/pohjoispaijanteenkalatalousalue.fi\/leivonmaki\/kalastuslupajarjestelma-ja-pyyntimerkit\/pyydysyksikot-ja-merkitseminen\/","name":"Pyydysyksik\u00f6t ja merkitseminen - Leivonm\u00e4en osakaskunta","isPartOf":{"@id":"https:\/\/pohjoispaijanteenkalatalousalue.fi\/leivonmaki\/#website"},"datePublished":"2021-01-14T14:38:49+00:00","dateModified":"2022-02-11T11:38:31+00:00","breadcrumb":{"@id":"https:\/\/pohjoispaijanteenkalatalousalue.fi\/leivonmaki\/kalastuslupajarjestelma-ja-pyyntimerkit\/pyydysyksikot-ja-merkitseminen\/#breadcrumb"},"inLanguage":"fi","potentialAction":[{"@type":"ReadAction","target":["https:\/\/pohjoispaijanteenkalatalousalue.fi\/leivonmaki\/kalastuslupajarjestelma-ja-pyyntimerkit\/pyydysyksikot-ja-merkitseminen\/"]}]},{"@type":"BreadcrumbList","@id":"https:\/\/pohjoispaijanteenkalatalousalue.fi\/leivonmaki\/kalastuslupajarjestelma-ja-pyyntimerkit\/pyydysyksikot-ja-merkitseminen\/#breadcrumb","itemListElement":[{"@type":"ListItem","position":1,"name":"Home","item":"https:\/\/pohjoispaijanteenkalatalousalue.fi\/leivonmaki\/"},{"@type":"ListItem","position":2,"name":"Kalastuslupaj\u00e4rjestelm\u00e4 ja pyyntimerkit","item":"https:\/\/pohjoispaijanteenkalatalousalue.fi\/leivonmaki\/kalastuslupajarjestelma-ja-pyyntimerkit\/"},{"@type":"ListItem","position":3,"name":"Pyydysyksik\u00f6t ja merkitseminen"}]},{"@type":"WebSite","@id":"https:\/\/pohjoispaijanteenkalatalousalue.fi\/leivonmaki\/#website","url":"https:\/\/pohjoispaijanteenkalatalousalue.fi\/leivonmaki\/","name":"Leivonm\u00e4en osakaskunta","description":"","potentialAction":[{"@type":"SearchAction","target":{"@type":"EntryPoint","urlTemplate":"https:\/\/pohjoispaijanteenkalatalousalue.fi\/leivonmaki\/?s={search_term_string}"},"query-input":{"@type":"PropertyValueSpecification","valueRequired":true,"valueName":"search_term_string"}}],"inLanguage":"fi"}]}},"_links":{"self":[{"href":"https:\/\/pohjoispaijanteenkalatalousalue.fi\/leivonmaki\/wp-json\/wp\/v2\/pages\/238","targetHints":{"allow":["GET"]}}],"collection":[{"href":"https:\/\/pohjoispaijanteenkalatalousalue.fi\/leivonmaki\/wp-json\/wp\/v2\/pages"}],"about":[{"href":"https:\/\/pohjoispaijanteenkalatalousalue.fi\/leivonmaki\/wp-json\/wp\/v2\/types\/page"}],"author":[{"embeddable":true,"href":"https:\/\/pohjoispaijanteenkalatalousalue.fi\/leivonmaki\/wp-json\/wp\/v2\/users\/1"}],"replies":[{"embeddable":true,"href":"https:\/\/pohjoispaijanteenkalatalousalue.fi\/leivonmaki\/wp-json\/wp\/v2\/comments?post=238"}],"version-history":[{"count":3,"href":"https:\/\/pohjoispaijanteenkalatalousalue.fi\/leivonmaki\/wp-json\/wp\/v2\/pages\/238\/revisions"}],"predecessor-version":[{"id":282,"href":"https:\/\/pohjoispaijanteenkalatalousalue.fi\/leivonmaki\/wp-json\/wp\/v2\/pages\/238\/revisions\/282"}],"up":[{"embeddable":true,"href":"https:\/\/pohjoispaijanteenkalatalousalue.fi\/leivonmaki\/wp-json\/wp\/v2\/pages\/235"}],"wp:attachment":[{"href":"https:\/\/pohjoispaijanteenkalatalousalue.fi\/leivonmaki\/wp-json\/wp\/v2\/media?parent=238"}],"curies":[{"name":"wp","href":"https:\/\/api.w.org\/{rel}","templated":true}]}}