{"id":232,"date":"2021-01-14T14:36:52","date_gmt":"2021-01-14T14:36:52","guid":{"rendered":"http:\/\/89.166.51.80\/~pohjoispaij\/leivonmaki\/?page_id=232"},"modified":"2023-08-07T09:26:49","modified_gmt":"2023-08-07T09:26:49","slug":"kalastuksenvalvonta","status":"publish","type":"page","link":"https:\/\/pohjoispaijanteenkalatalousalue.fi\/leivonmaki\/kalastuksenvalvonta\/","title":{"rendered":"Kalastuksenvalvonta"},"content":{"rendered":"\n<h2 class=\"wp-block-heading\">Kalastuksenvalvonta<\/h2>\n\n\n\n<p>Kalastuksen valvontaa suorittavat Pohjois-P\u00e4ij\u00e4nteen kalastusalueen valvoja&nbsp;sek\u00e4 kalastuskunnan omat valvojat.<\/p>\n\n\n\n<p>Kalastuksenvalvojat:<\/p>\n\n\n\n<p><strong>Seppo Salminen, Juhani L\u00f6flund ja Mikko Meronen<\/strong><\/p>\n\n\n\n<p>Leivonm\u00e4en Kalastuskunta osallistuu valtakunnallisesti j\u00e4rjestettyyn valvontaan, joka ilmoitetaan yleisesti ilmestyviss\u00e4 p\u00e4iv\u00e4lehdiss\u00e4.<\/p>\n\n\n\n<p>Kalastajan tulee pyydett\u00e4ess\u00e4 esitt\u00e4\u00e4 kalastuksenvalvojalle kalastusoikeutensa perusteet. T\u00e4llaisia voivat olla kalastuslupa tai kuitti kalastuksenhoitomaksun maksamisesta. Jos kalastusoikeus perustuu ik\u00e4\u00e4n, on kalastajan voitava todistaa henkil\u00f6llisyytens\u00e4.<\/p>\n\n\n\n<p>Poliisi, kalastusviranomaiset sek\u00e4 valan tehneet kalastuksenvalvojat, jotka TE-keskusten kalatalousyksikk\u00f6, kunta, mets\u00e4hallitus, kalastusalue, kalastuskunta, vesialueen omistaja tai kalastusoikeuden haltijat ovat asettaneet, valvovat kalastusta koskevien s\u00e4\u00e4d\u00f6sten ja m\u00e4\u00e4r\u00e4ysten noudattamisesta. Vesialueiden omistajat, osakkaat, kalastusoikeuden haltijat ja kalastuskuntien keskuudestaan m\u00e4\u00e4r\u00e4\u00e4m\u00e4t valvojat valvovat lis\u00e4ksi itse j\u00e4rjestyst\u00e4 kalavesill\u00e4\u00e4n.<\/p>\n","protected":false},"excerpt":{"rendered":"<p>Kalastuksenvalvonta Kalastuksen valvontaa suorittavat Pohjois-P\u00e4ij\u00e4nteen kalastusalueen valvoja&nbsp;sek\u00e4 kalastuskunnan omat valvojat. Kalastuksenvalvojat: Seppo Salminen, Juhani L\u00f6flund ja Mikko Meronen Leivonm\u00e4en Kalastuskunta osallistuu valtakunnallisesti j\u00e4rjestettyyn valvontaan, joka ilmoitetaan yleisesti ilmestyviss\u00e4 p\u00e4iv\u00e4lehdiss\u00e4. Kalastajan tulee pyydett\u00e4ess\u00e4 esitt\u00e4\u00e4 kalastuksenvalvojalle kalastusoikeutensa perusteet. T\u00e4llaisia voivat olla kalastuslupa tai kuitti kalastuksenhoitomaksun maksamisesta. Jos kalastusoikeus perustuu ik\u00e4\u00e4n, on kalastajan voitava todistaa henkil\u00f6llisyytens\u00e4. Poliisi, kalastusviranomaiset<\/p>\n<p><a class=\"moretag\" href=\"https:\/\/pohjoispaijanteenkalatalousalue.fi\/leivonmaki\/kalastuksenvalvonta\/\"> Lue lis\u00e4\u00e4 ><\/a><\/p>\n","protected":false},"author":1,"featured_media":0,"parent":0,"menu_order":0,"comment_status":"closed","ping_status":"closed","template":"basic-sivu.php","meta":{"_acf_changed":false,"footnotes":""},"class_list":["post-232","page","type-page","status-publish","hentry"],"acf":[],"yoast_head":"<!-- This site is optimized with the Yoast SEO plugin v27.1.1 - https:\/\/yoast.com\/product\/yoast-seo-wordpress\/ -->\n<title>Kalastuksenvalvonta - Leivonm\u00e4en osakaskunta<\/title>\n<meta name=\"robots\" content=\"index, follow, max-snippet:-1, max-image-preview:large, max-video-preview:-1\" \/>\n<link rel=\"canonical\" href=\"https:\/\/pohjoispaijanteenkalatalousalue.fi\/leivonmaki\/kalastuksenvalvonta\/\" \/>\n<meta property=\"og:locale\" content=\"fi_FI\" \/>\n<meta property=\"og:type\" content=\"article\" \/>\n<meta property=\"og:title\" content=\"Kalastuksenvalvonta - Leivonm\u00e4en osakaskunta\" \/>\n<meta property=\"og:description\" content=\"Kalastuksenvalvonta Kalastuksen valvontaa suorittavat Pohjois-P\u00e4ij\u00e4nteen kalastusalueen valvoja&nbsp;sek\u00e4 kalastuskunnan omat valvojat. Kalastuksenvalvojat: Seppo Salminen, Juhani L\u00f6flund ja Mikko Meronen Leivonm\u00e4en Kalastuskunta osallistuu valtakunnallisesti j\u00e4rjestettyyn valvontaan, joka ilmoitetaan yleisesti ilmestyviss\u00e4 p\u00e4iv\u00e4lehdiss\u00e4. Kalastajan tulee pyydett\u00e4ess\u00e4 esitt\u00e4\u00e4 kalastuksenvalvojalle kalastusoikeutensa perusteet. T\u00e4llaisia voivat olla kalastuslupa tai kuitti kalastuksenhoitomaksun maksamisesta. Jos kalastusoikeus perustuu ik\u00e4\u00e4n, on kalastajan voitava todistaa henkil\u00f6llisyytens\u00e4. Poliisi, kalastusviranomaiset Lue lis\u00e4\u00e4 &gt;\" \/>\n<meta property=\"og:url\" content=\"https:\/\/pohjoispaijanteenkalatalousalue.fi\/leivonmaki\/kalastuksenvalvonta\/\" \/>\n<meta property=\"og:site_name\" content=\"Leivonm\u00e4en osakaskunta\" \/>\n<meta property=\"article:modified_time\" content=\"2023-08-07T09:26:49+00:00\" \/>\n<meta name=\"twitter:card\" content=\"summary_large_image\" \/>\n<meta name=\"twitter:label1\" content=\"Arvioitu lukuaika\" \/>\n\t<meta name=\"twitter:data1\" content=\"1 minuutti\" \/>\n<script type=\"application\/ld+json\" class=\"yoast-schema-graph\">{\"@context\":\"https:\/\/schema.org\",\"@graph\":[{\"@type\":\"WebPage\",\"@id\":\"https:\/\/pohjoispaijanteenkalatalousalue.fi\/leivonmaki\/kalastuksenvalvonta\/\",\"url\":\"https:\/\/pohjoispaijanteenkalatalousalue.fi\/leivonmaki\/kalastuksenvalvonta\/\",\"name\":\"Kalastuksenvalvonta - Leivonm\u00e4en osakaskunta\",\"isPartOf\":{\"@id\":\"https:\/\/pohjoispaijanteenkalatalousalue.fi\/leivonmaki\/#website\"},\"datePublished\":\"2021-01-14T14:36:52+00:00\",\"dateModified\":\"2023-08-07T09:26:49+00:00\",\"breadcrumb\":{\"@id\":\"https:\/\/pohjoispaijanteenkalatalousalue.fi\/leivonmaki\/kalastuksenvalvonta\/#breadcrumb\"},\"inLanguage\":\"fi\",\"potentialAction\":[{\"@type\":\"ReadAction\",\"target\":[\"https:\/\/pohjoispaijanteenkalatalousalue.fi\/leivonmaki\/kalastuksenvalvonta\/\"]}]},{\"@type\":\"BreadcrumbList\",\"@id\":\"https:\/\/pohjoispaijanteenkalatalousalue.fi\/leivonmaki\/kalastuksenvalvonta\/#breadcrumb\",\"itemListElement\":[{\"@type\":\"ListItem\",\"position\":1,\"name\":\"Home\",\"item\":\"https:\/\/pohjoispaijanteenkalatalousalue.fi\/leivonmaki\/\"},{\"@type\":\"ListItem\",\"position\":2,\"name\":\"Kalastuksenvalvonta\"}]},{\"@type\":\"WebSite\",\"@id\":\"https:\/\/pohjoispaijanteenkalatalousalue.fi\/leivonmaki\/#website\",\"url\":\"https:\/\/pohjoispaijanteenkalatalousalue.fi\/leivonmaki\/\",\"name\":\"Leivonm\u00e4en osakaskunta\",\"description\":\"\",\"potentialAction\":[{\"@type\":\"SearchAction\",\"target\":{\"@type\":\"EntryPoint\",\"urlTemplate\":\"https:\/\/pohjoispaijanteenkalatalousalue.fi\/leivonmaki\/?s={search_term_string}\"},\"query-input\":{\"@type\":\"PropertyValueSpecification\",\"valueRequired\":true,\"valueName\":\"search_term_string\"}}],\"inLanguage\":\"fi\"}]}<\/script>\n<!-- \/ Yoast SEO plugin. -->","yoast_head_json":{"title":"Kalastuksenvalvonta - Leivonm\u00e4en osakaskunta","robots":{"index":"index","follow":"follow","max-snippet":"max-snippet:-1","max-image-preview":"max-image-preview:large","max-video-preview":"max-video-preview:-1"},"canonical":"https:\/\/pohjoispaijanteenkalatalousalue.fi\/leivonmaki\/kalastuksenvalvonta\/","og_locale":"fi_FI","og_type":"article","og_title":"Kalastuksenvalvonta - Leivonm\u00e4en osakaskunta","og_description":"Kalastuksenvalvonta Kalastuksen valvontaa suorittavat Pohjois-P\u00e4ij\u00e4nteen kalastusalueen valvoja&nbsp;sek\u00e4 kalastuskunnan omat valvojat. Kalastuksenvalvojat: Seppo Salminen, Juhani L\u00f6flund ja Mikko Meronen Leivonm\u00e4en Kalastuskunta osallistuu valtakunnallisesti j\u00e4rjestettyyn valvontaan, joka ilmoitetaan yleisesti ilmestyviss\u00e4 p\u00e4iv\u00e4lehdiss\u00e4. Kalastajan tulee pyydett\u00e4ess\u00e4 esitt\u00e4\u00e4 kalastuksenvalvojalle kalastusoikeutensa perusteet. T\u00e4llaisia voivat olla kalastuslupa tai kuitti kalastuksenhoitomaksun maksamisesta. Jos kalastusoikeus perustuu ik\u00e4\u00e4n, on kalastajan voitava todistaa henkil\u00f6llisyytens\u00e4. Poliisi, kalastusviranomaiset Lue lis\u00e4\u00e4 >","og_url":"https:\/\/pohjoispaijanteenkalatalousalue.fi\/leivonmaki\/kalastuksenvalvonta\/","og_site_name":"Leivonm\u00e4en osakaskunta","article_modified_time":"2023-08-07T09:26:49+00:00","twitter_card":"summary_large_image","twitter_misc":{"Arvioitu lukuaika":"1 minuutti"},"schema":{"@context":"https:\/\/schema.org","@graph":[{"@type":"WebPage","@id":"https:\/\/pohjoispaijanteenkalatalousalue.fi\/leivonmaki\/kalastuksenvalvonta\/","url":"https:\/\/pohjoispaijanteenkalatalousalue.fi\/leivonmaki\/kalastuksenvalvonta\/","name":"Kalastuksenvalvonta - Leivonm\u00e4en osakaskunta","isPartOf":{"@id":"https:\/\/pohjoispaijanteenkalatalousalue.fi\/leivonmaki\/#website"},"datePublished":"2021-01-14T14:36:52+00:00","dateModified":"2023-08-07T09:26:49+00:00","breadcrumb":{"@id":"https:\/\/pohjoispaijanteenkalatalousalue.fi\/leivonmaki\/kalastuksenvalvonta\/#breadcrumb"},"inLanguage":"fi","potentialAction":[{"@type":"ReadAction","target":["https:\/\/pohjoispaijanteenkalatalousalue.fi\/leivonmaki\/kalastuksenvalvonta\/"]}]},{"@type":"BreadcrumbList","@id":"https:\/\/pohjoispaijanteenkalatalousalue.fi\/leivonmaki\/kalastuksenvalvonta\/#breadcrumb","itemListElement":[{"@type":"ListItem","position":1,"name":"Home","item":"https:\/\/pohjoispaijanteenkalatalousalue.fi\/leivonmaki\/"},{"@type":"ListItem","position":2,"name":"Kalastuksenvalvonta"}]},{"@type":"WebSite","@id":"https:\/\/pohjoispaijanteenkalatalousalue.fi\/leivonmaki\/#website","url":"https:\/\/pohjoispaijanteenkalatalousalue.fi\/leivonmaki\/","name":"Leivonm\u00e4en osakaskunta","description":"","potentialAction":[{"@type":"SearchAction","target":{"@type":"EntryPoint","urlTemplate":"https:\/\/pohjoispaijanteenkalatalousalue.fi\/leivonmaki\/?s={search_term_string}"},"query-input":{"@type":"PropertyValueSpecification","valueRequired":true,"valueName":"search_term_string"}}],"inLanguage":"fi"}]}},"_links":{"self":[{"href":"https:\/\/pohjoispaijanteenkalatalousalue.fi\/leivonmaki\/wp-json\/wp\/v2\/pages\/232","targetHints":{"allow":["GET"]}}],"collection":[{"href":"https:\/\/pohjoispaijanteenkalatalousalue.fi\/leivonmaki\/wp-json\/wp\/v2\/pages"}],"about":[{"href":"https:\/\/pohjoispaijanteenkalatalousalue.fi\/leivonmaki\/wp-json\/wp\/v2\/types\/page"}],"author":[{"embeddable":true,"href":"https:\/\/pohjoispaijanteenkalatalousalue.fi\/leivonmaki\/wp-json\/wp\/v2\/users\/1"}],"replies":[{"embeddable":true,"href":"https:\/\/pohjoispaijanteenkalatalousalue.fi\/leivonmaki\/wp-json\/wp\/v2\/comments?post=232"}],"version-history":[{"count":4,"href":"https:\/\/pohjoispaijanteenkalatalousalue.fi\/leivonmaki\/wp-json\/wp\/v2\/pages\/232\/revisions"}],"predecessor-version":[{"id":326,"href":"https:\/\/pohjoispaijanteenkalatalousalue.fi\/leivonmaki\/wp-json\/wp\/v2\/pages\/232\/revisions\/326"}],"wp:attachment":[{"href":"https:\/\/pohjoispaijanteenkalatalousalue.fi\/leivonmaki\/wp-json\/wp\/v2\/media?parent=232"}],"curies":[{"name":"wp","href":"https:\/\/api.w.org\/{rel}","templated":true}]}}