{"id":224,"date":"2021-01-14T14:31:21","date_gmt":"2021-01-14T14:31:21","guid":{"rendered":"http:\/\/89.166.51.80\/~pohjoispaij\/leivonmaki\/?page_id=224"},"modified":"2025-12-03T08:15:30","modified_gmt":"2025-12-03T08:15:30","slug":"hoitokunta","status":"publish","type":"page","link":"https:\/\/pohjoispaijanteenkalatalousalue.fi\/leivonmaki\/hallinto\/hoitokunta\/","title":{"rendered":"Hoitokunta"},"content":{"rendered":"\n<h2 class=\"wp-block-heading\">Hoitokunta<\/h2>\n\n\n\n<p>Kalastuskunnan varsinainen kokous pidet\u00e4\u00e4n vuosittain huhtikuun loppuun menness\u00e4. Kokouksesta ilmoitetaan Joutsan Seutu -lehdess\u00e4. Kalastuskunta valitsee keskuudestaan hoitokunnan, joka valitsee keskuudestaan puheenjohtajan ja varapuheenjohtajan.<\/p>\n\n\n\n<p><\/p>\n\n\n\n<p>HOITOKUNTA 2025<\/p>\n\n\n\n<p><\/p>\n\n\n\n<p><\/p>\n\n\n\n<p class=\"has-text-align-left\">VARSINAISET J\u00c4SENET                                    <\/p>\n\n\n\n<p class=\"has-text-align-left\">Seppo Salminen pj.                                      <br>Jukka Nieminen                                            <br>Keijo Nieminen                                            <br>Risto Mynttinen                                          <br>Tuomo Piilola                                              <br>Mikko Meronen    <\/p>\n\n\n\n<p><\/p>\n\n\n\n<p><\/p>\n\n\n\n<p><\/p>\n\n\n\n<p class=\"has-text-align-left\">VARAJ\u00c4SENET<\/p>\n\n\n\n<p>Eero V\u00e4is\u00e4nen<br>Jukka J\u00e4\u00e4skel\u00e4inen<br>Juhani L\u00f6flund vpj.<br>Pentti Halinen<br>Raimo Kupiainen<br>Jukka Kupiainen<\/p>\n\n\n\n<p class=\"has-text-align-left\"><\/p>\n","protected":false},"excerpt":{"rendered":"<p>Hoitokunta Kalastuskunnan varsinainen kokous pidet\u00e4\u00e4n vuosittain huhtikuun loppuun menness\u00e4. Kokouksesta ilmoitetaan Joutsan Seutu -lehdess\u00e4. Kalastuskunta valitsee keskuudestaan hoitokunnan, joka valitsee keskuudestaan puheenjohtajan ja varapuheenjohtajan. HOITOKUNTA 2025 VARSINAISET J\u00c4SENET Seppo Salminen pj. Jukka Nieminen Keijo Nieminen Risto Mynttinen Tuomo Piilola Mikko Meronen VARAJ\u00c4SENET Eero V\u00e4is\u00e4nenJukka J\u00e4\u00e4skel\u00e4inenJuhani L\u00f6flund vpj.Pentti HalinenRaimo KupiainenJukka Kupiainen<\/p>\n","protected":false},"author":1,"featured_media":0,"parent":32,"menu_order":0,"comment_status":"closed","ping_status":"closed","template":"basic-sivu.php","meta":{"_acf_changed":false,"footnotes":""},"class_list":["post-224","page","type-page","status-publish","hentry"],"acf":[],"yoast_head":"<!-- This site is optimized with the Yoast SEO plugin v27.1.1 - https:\/\/yoast.com\/product\/yoast-seo-wordpress\/ -->\n<title>Hoitokunta - Leivonm\u00e4en osakaskunta<\/title>\n<meta name=\"robots\" content=\"index, follow, max-snippet:-1, max-image-preview:large, max-video-preview:-1\" \/>\n<link rel=\"canonical\" href=\"https:\/\/pohjoispaijanteenkalatalousalue.fi\/leivonmaki\/hallinto\/hoitokunta\/\" \/>\n<meta property=\"og:locale\" content=\"fi_FI\" \/>\n<meta property=\"og:type\" content=\"article\" \/>\n<meta property=\"og:title\" content=\"Hoitokunta - Leivonm\u00e4en osakaskunta\" \/>\n<meta property=\"og:description\" content=\"Hoitokunta Kalastuskunnan varsinainen kokous pidet\u00e4\u00e4n vuosittain huhtikuun loppuun menness\u00e4. Kokouksesta ilmoitetaan Joutsan Seutu -lehdess\u00e4. Kalastuskunta valitsee keskuudestaan hoitokunnan, joka valitsee keskuudestaan puheenjohtajan ja varapuheenjohtajan. HOITOKUNTA 2025 VARSINAISET J\u00c4SENET Seppo Salminen pj. Jukka Nieminen Keijo Nieminen Risto Mynttinen Tuomo Piilola Mikko Meronen VARAJ\u00c4SENET Eero V\u00e4is\u00e4nenJukka J\u00e4\u00e4skel\u00e4inenJuhani L\u00f6flund vpj.Pentti HalinenRaimo KupiainenJukka Kupiainen\" \/>\n<meta property=\"og:url\" content=\"https:\/\/pohjoispaijanteenkalatalousalue.fi\/leivonmaki\/hallinto\/hoitokunta\/\" \/>\n<meta property=\"og:site_name\" content=\"Leivonm\u00e4en osakaskunta\" \/>\n<meta property=\"article:modified_time\" content=\"2025-12-03T08:15:30+00:00\" \/>\n<meta name=\"twitter:card\" content=\"summary_large_image\" \/>\n<meta name=\"twitter:label1\" content=\"Arvioitu lukuaika\" \/>\n\t<meta name=\"twitter:data1\" content=\"1 minuutti\" \/>\n<script type=\"application\/ld+json\" class=\"yoast-schema-graph\">{\"@context\":\"https:\/\/schema.org\",\"@graph\":[{\"@type\":\"WebPage\",\"@id\":\"https:\/\/pohjoispaijanteenkalatalousalue.fi\/leivonmaki\/hallinto\/hoitokunta\/\",\"url\":\"https:\/\/pohjoispaijanteenkalatalousalue.fi\/leivonmaki\/hallinto\/hoitokunta\/\",\"name\":\"Hoitokunta - Leivonm\u00e4en osakaskunta\",\"isPartOf\":{\"@id\":\"https:\/\/pohjoispaijanteenkalatalousalue.fi\/leivonmaki\/#website\"},\"datePublished\":\"2021-01-14T14:31:21+00:00\",\"dateModified\":\"2025-12-03T08:15:30+00:00\",\"breadcrumb\":{\"@id\":\"https:\/\/pohjoispaijanteenkalatalousalue.fi\/leivonmaki\/hallinto\/hoitokunta\/#breadcrumb\"},\"inLanguage\":\"fi\",\"potentialAction\":[{\"@type\":\"ReadAction\",\"target\":[\"https:\/\/pohjoispaijanteenkalatalousalue.fi\/leivonmaki\/hallinto\/hoitokunta\/\"]}]},{\"@type\":\"BreadcrumbList\",\"@id\":\"https:\/\/pohjoispaijanteenkalatalousalue.fi\/leivonmaki\/hallinto\/hoitokunta\/#breadcrumb\",\"itemListElement\":[{\"@type\":\"ListItem\",\"position\":1,\"name\":\"Home\",\"item\":\"https:\/\/pohjoispaijanteenkalatalousalue.fi\/leivonmaki\/\"},{\"@type\":\"ListItem\",\"position\":2,\"name\":\"Hallinto\",\"item\":\"https:\/\/pohjoispaijanteenkalatalousalue.fi\/leivonmaki\/hallinto\/\"},{\"@type\":\"ListItem\",\"position\":3,\"name\":\"Hoitokunta\"}]},{\"@type\":\"WebSite\",\"@id\":\"https:\/\/pohjoispaijanteenkalatalousalue.fi\/leivonmaki\/#website\",\"url\":\"https:\/\/pohjoispaijanteenkalatalousalue.fi\/leivonmaki\/\",\"name\":\"Leivonm\u00e4en osakaskunta\",\"description\":\"\",\"potentialAction\":[{\"@type\":\"SearchAction\",\"target\":{\"@type\":\"EntryPoint\",\"urlTemplate\":\"https:\/\/pohjoispaijanteenkalatalousalue.fi\/leivonmaki\/?s={search_term_string}\"},\"query-input\":{\"@type\":\"PropertyValueSpecification\",\"valueRequired\":true,\"valueName\":\"search_term_string\"}}],\"inLanguage\":\"fi\"}]}<\/script>\n<!-- \/ Yoast SEO plugin. -->","yoast_head_json":{"title":"Hoitokunta - Leivonm\u00e4en osakaskunta","robots":{"index":"index","follow":"follow","max-snippet":"max-snippet:-1","max-image-preview":"max-image-preview:large","max-video-preview":"max-video-preview:-1"},"canonical":"https:\/\/pohjoispaijanteenkalatalousalue.fi\/leivonmaki\/hallinto\/hoitokunta\/","og_locale":"fi_FI","og_type":"article","og_title":"Hoitokunta - Leivonm\u00e4en osakaskunta","og_description":"Hoitokunta Kalastuskunnan varsinainen kokous pidet\u00e4\u00e4n vuosittain huhtikuun loppuun menness\u00e4. Kokouksesta ilmoitetaan Joutsan Seutu -lehdess\u00e4. Kalastuskunta valitsee keskuudestaan hoitokunnan, joka valitsee keskuudestaan puheenjohtajan ja varapuheenjohtajan. HOITOKUNTA 2025 VARSINAISET J\u00c4SENET Seppo Salminen pj. Jukka Nieminen Keijo Nieminen Risto Mynttinen Tuomo Piilola Mikko Meronen VARAJ\u00c4SENET Eero V\u00e4is\u00e4nenJukka J\u00e4\u00e4skel\u00e4inenJuhani L\u00f6flund vpj.Pentti HalinenRaimo KupiainenJukka Kupiainen","og_url":"https:\/\/pohjoispaijanteenkalatalousalue.fi\/leivonmaki\/hallinto\/hoitokunta\/","og_site_name":"Leivonm\u00e4en osakaskunta","article_modified_time":"2025-12-03T08:15:30+00:00","twitter_card":"summary_large_image","twitter_misc":{"Arvioitu lukuaika":"1 minuutti"},"schema":{"@context":"https:\/\/schema.org","@graph":[{"@type":"WebPage","@id":"https:\/\/pohjoispaijanteenkalatalousalue.fi\/leivonmaki\/hallinto\/hoitokunta\/","url":"https:\/\/pohjoispaijanteenkalatalousalue.fi\/leivonmaki\/hallinto\/hoitokunta\/","name":"Hoitokunta - Leivonm\u00e4en osakaskunta","isPartOf":{"@id":"https:\/\/pohjoispaijanteenkalatalousalue.fi\/leivonmaki\/#website"},"datePublished":"2021-01-14T14:31:21+00:00","dateModified":"2025-12-03T08:15:30+00:00","breadcrumb":{"@id":"https:\/\/pohjoispaijanteenkalatalousalue.fi\/leivonmaki\/hallinto\/hoitokunta\/#breadcrumb"},"inLanguage":"fi","potentialAction":[{"@type":"ReadAction","target":["https:\/\/pohjoispaijanteenkalatalousalue.fi\/leivonmaki\/hallinto\/hoitokunta\/"]}]},{"@type":"BreadcrumbList","@id":"https:\/\/pohjoispaijanteenkalatalousalue.fi\/leivonmaki\/hallinto\/hoitokunta\/#breadcrumb","itemListElement":[{"@type":"ListItem","position":1,"name":"Home","item":"https:\/\/pohjoispaijanteenkalatalousalue.fi\/leivonmaki\/"},{"@type":"ListItem","position":2,"name":"Hallinto","item":"https:\/\/pohjoispaijanteenkalatalousalue.fi\/leivonmaki\/hallinto\/"},{"@type":"ListItem","position":3,"name":"Hoitokunta"}]},{"@type":"WebSite","@id":"https:\/\/pohjoispaijanteenkalatalousalue.fi\/leivonmaki\/#website","url":"https:\/\/pohjoispaijanteenkalatalousalue.fi\/leivonmaki\/","name":"Leivonm\u00e4en osakaskunta","description":"","potentialAction":[{"@type":"SearchAction","target":{"@type":"EntryPoint","urlTemplate":"https:\/\/pohjoispaijanteenkalatalousalue.fi\/leivonmaki\/?s={search_term_string}"},"query-input":{"@type":"PropertyValueSpecification","valueRequired":true,"valueName":"search_term_string"}}],"inLanguage":"fi"}]}},"_links":{"self":[{"href":"https:\/\/pohjoispaijanteenkalatalousalue.fi\/leivonmaki\/wp-json\/wp\/v2\/pages\/224","targetHints":{"allow":["GET"]}}],"collection":[{"href":"https:\/\/pohjoispaijanteenkalatalousalue.fi\/leivonmaki\/wp-json\/wp\/v2\/pages"}],"about":[{"href":"https:\/\/pohjoispaijanteenkalatalousalue.fi\/leivonmaki\/wp-json\/wp\/v2\/types\/page"}],"author":[{"embeddable":true,"href":"https:\/\/pohjoispaijanteenkalatalousalue.fi\/leivonmaki\/wp-json\/wp\/v2\/users\/1"}],"replies":[{"embeddable":true,"href":"https:\/\/pohjoispaijanteenkalatalousalue.fi\/leivonmaki\/wp-json\/wp\/v2\/comments?post=224"}],"version-history":[{"count":17,"href":"https:\/\/pohjoispaijanteenkalatalousalue.fi\/leivonmaki\/wp-json\/wp\/v2\/pages\/224\/revisions"}],"predecessor-version":[{"id":332,"href":"https:\/\/pohjoispaijanteenkalatalousalue.fi\/leivonmaki\/wp-json\/wp\/v2\/pages\/224\/revisions\/332"}],"up":[{"embeddable":true,"href":"https:\/\/pohjoispaijanteenkalatalousalue.fi\/leivonmaki\/wp-json\/wp\/v2\/pages\/32"}],"wp:attachment":[{"href":"https:\/\/pohjoispaijanteenkalatalousalue.fi\/leivonmaki\/wp-json\/wp\/v2\/media?parent=224"}],"curies":[{"name":"wp","href":"https:\/\/api.w.org\/{rel}","templated":true}]}}