{"id":2,"date":"2020-10-22T07:32:51","date_gmt":"2020-10-22T07:32:51","guid":{"rendered":"http:\/\/89.166.51.80\/~pohjoispaij\/leivonmaki\/?page_id=2"},"modified":"2021-04-07T09:17:37","modified_gmt":"2021-04-07T09:17:37","slug":"etusivu","status":"publish","type":"page","link":"https:\/\/pohjoispaijanteenkalatalousalue.fi\/leivonmaki\/","title":{"rendered":"Etusivu"},"content":{"rendered":"\n<h2 class=\"wp-block-heading\">Tervetuloa Leivonm\u00e4en osakaskuntaan<\/h2>\n\n\n\n<h4 class=\"wp-block-heading\">Yhteisen vesialueen osakaskunta<br><\/h4>\n\n\n\n<p>Leivonm\u00e4en kalastuskunta kuuluu Pohjois-P\u00e4ij\u00e4nteen kalastusalueeseen, joka on Keski-Suomen Kalatalouskeskuksen alainen.&nbsp;Yhteisen vesialueen osakkaat muodostavat osakaskunnan, jonka nimen\u00e4 k\u00e4ytet\u00e4\u00e4n Leivonm\u00e4en kalastuskuntaa. Kalastuskunta on valinnut keskuudestaan hoitokunnan, johon kuuluu kuusi varsinaista j\u00e4sent\u00e4 ja kuusi henkil\u00f6kohtaista varaj\u00e4sent\u00e4. Hoitokunta valitsee keskuudestaan kalastuskunnalle puheenjohtajan ja varapuheenjohtajan. Kalastuskunnan osakkaat muodostavat osakaskunnan yhteisaluelain 3\u00a7 nojalla.<\/p>\n\n\n\n<h4 class=\"wp-block-heading\"><strong>Kalastuskunnan keskeisimm\u00e4t teht\u00e4v\u00e4t:<br><\/strong><\/h4>\n\n\n\n<p><strong>1)<\/strong>&nbsp;J\u00e4rjest\u00e4\u00e4 kalastus ja kalakannan hoito<br><strong>2)<\/strong>&nbsp;Huolehtia kalakannan lis\u00e4\u00e4misest\u00e4<br><strong>3)<\/strong>&nbsp;Valvoa vesist\u00f6n k\u00e4ytt\u00f6\u00e4 koskevissa asioissa osakkaitten etua, j\u00e4rjest\u00e4\u00e4 kalastuskunnan toimialueella muutoin kuin tilap\u00e4isesti asuville lupaan perustuva kotitarve- ja virkistyskalastusmahdollisuus. Kalastuskunnan tulee osoittaa alue ja m\u00e4\u00e4r\u00e4t\u00e4 kalastuksesta maksu.<br><strong>4)<\/strong>&nbsp;Suorittaa kalastusaluehallinnon piiriin kuuluvat ja kalastuslain mukaiset muut teht\u00e4v\u00e4t. T\u00e4llainen on mm. oman edustajan nime\u00e4minen (vesiala yli 50 ha) tai yhteisesti edustajasta sopiminen (vesiala alle 50 ha) kalastusalueen kokoukseen sek\u00e4 ker\u00e4t\u00e4 ja antaa tietoa kalastuksesta ja sen tuotosta<br><strong>5)<\/strong>&nbsp;j\u00e4rjest\u00e4\u00e4 kalastuksenvalvonta<br><strong>6)<\/strong>&nbsp;p\u00e4\u00e4tt\u00e4\u00e4 my\u00f6s muusta kuin vesialueen kalastusk\u00e4yt\u00f6st\u00e4 tiettyjen edellytysten vallitessa. Esimerkiksi vesialueella harjoitettava mets\u00e4stys.<br><strong>7)<\/strong>&nbsp;asettaa toimielimi\u00e4, joiden tulee tehd\u00e4 tarvittavat p\u00e4\u00e4t\u00f6kset sek\u00e4 huolehtia, ett\u00e4 yhteist\u00e4 etuutta hoidetaan ja k\u00e4ytet\u00e4\u00e4n osakasten etujen mukaisesti. On my\u00f6s katsottava, ettei kukaan p\u00e4\u00e4se hy\u00f6tym\u00e4\u00e4n toisen kustannuksella<\/p>\n\n\n\n<p>Leivonm\u00e4en kalastuskunta rahoittaa toimintansa omistajakorvausten palautuksina, viehekorttipalautuksilla ja pyydysmerkkien myynnist\u00e4 tulevilla tuotoilla. Kalastuskunnan varat tullaan k\u00e4ytt\u00e4m\u00e4\u00e4n voittoa tuottamatta kalastuskunnan hyv\u00e4ksi.<\/p>\n\n\n\n<h4 class=\"wp-block-heading\">VIIHTYIS\u00c4 RUTAJ\u00c4RVI HANKE<br><\/h4>\n\n\n\n<p>Leivonm\u00e4en kalastuskunta on toteuttanut Maaseutukehitys ry:n kautta haettua Alma rahoitteista hanketta, jonka tavoitteena pyrittiin sitouttamaan j\u00e4rvirantojen asukkaat toteuttamaan toimenpiteit\u00e4, jotka auttavat valuma-alueilta tulevan kuormituksen rajoittamista. Hankkeessa opeteltiin k\u00e4yt\u00e4nn\u00e4n toimenpiteit\u00e4, joilla voidaan jatkossa v\u00e4hent\u00e4\u00e4 j\u00e4rvien sis\u00e4ist\u00e4 kuormitusta. Tavoitteena oli pys\u00e4ytt\u00e4\u00e4 j\u00e4rvien rehev\u00f6ityminen ja lis\u00e4t\u00e4 j\u00e4rvien hy\u00f6ty- ja virkistysk\u00e4ytt\u00f6\u00e4. J\u00e4rvien kuntoon saattamisella turvataan tulevaisuudessa my\u00f6s tontti- ja m\u00f6kkikauppa. Jakamalla informaatiota j\u00e4rven tilasta lis\u00e4t\u00e4\u00e4n asukkaiden ymm\u00e4rt\u00e4myst\u00e4 omien toimien vaikuttavuuden t\u00e4rkeydest\u00e4 osana j\u00e4rven kunnostustoimenpiteit\u00e4. Ymm\u00e4rt\u00e4mys siivitt\u00e4\u00e4 toimintaan, joka puolestaan t\u00e4ht\u00e4\u00e4 siihen, ett\u00e4 j\u00e4rvell\u00e4 voidaan todella viihty\u00e4 jatkossakin.<\/p>\n\n\n\n<figure class=\"wp-block-image\"><img decoding=\"async\" src=\"http:\/\/pohjoispaijanteenkalatalousalue.fi\/ok\/leivonmaki\/uploads\/images\/rutajarvi.jpg\" alt=\"\"\/><\/figure>\n","protected":false},"excerpt":{"rendered":"<p>Tervetuloa Leivonm\u00e4en osakaskuntaan Yhteisen vesialueen osakaskunta Leivonm\u00e4en kalastuskunta kuuluu Pohjois-P\u00e4ij\u00e4nteen kalastusalueeseen, joka on Keski-Suomen Kalatalouskeskuksen alainen.&nbsp;Yhteisen vesialueen osakkaat muodostavat osakaskunnan, jonka nimen\u00e4 k\u00e4ytet\u00e4\u00e4n Leivonm\u00e4en kalastuskuntaa. Kalastuskunta on valinnut keskuudestaan hoitokunnan, johon kuuluu kuusi varsinaista j\u00e4sent\u00e4 ja kuusi henkil\u00f6kohtaista varaj\u00e4sent\u00e4. Hoitokunta valitsee keskuudestaan kalastuskunnalle puheenjohtajan ja varapuheenjohtajan. Kalastuskunnan osakkaat muodostavat osakaskunnan yhteisaluelain 3\u00a7 nojalla. Kalastuskunnan keskeisimm\u00e4t<\/p>\n<p><a class=\"moretag\" href=\"https:\/\/pohjoispaijanteenkalatalousalue.fi\/leivonmaki\/\"> Lue lis\u00e4\u00e4 ><\/a><\/p>\n","protected":false},"author":1,"featured_media":0,"parent":0,"menu_order":0,"comment_status":"closed","ping_status":"open","template":"","meta":{"_acf_changed":false,"footnotes":""},"class_list":["post-2","page","type-page","status-publish","hentry"],"acf":[],"yoast_head":"<!-- This site is optimized with the Yoast SEO plugin v27.1.1 - https:\/\/yoast.com\/product\/yoast-seo-wordpress\/ -->\n<title>Etusivu - Leivonm\u00e4en osakaskunta<\/title>\n<meta name=\"robots\" content=\"index, follow, max-snippet:-1, max-image-preview:large, max-video-preview:-1\" \/>\n<link rel=\"canonical\" href=\"https:\/\/pohjoispaijanteenkalatalousalue.fi\/leivonmaki\/\" \/>\n<meta property=\"og:locale\" content=\"fi_FI\" \/>\n<meta property=\"og:type\" content=\"article\" \/>\n<meta property=\"og:title\" content=\"Etusivu - Leivonm\u00e4en osakaskunta\" \/>\n<meta property=\"og:description\" content=\"Tervetuloa Leivonm\u00e4en osakaskuntaan Yhteisen vesialueen osakaskunta Leivonm\u00e4en kalastuskunta kuuluu Pohjois-P\u00e4ij\u00e4nteen kalastusalueeseen, joka on Keski-Suomen Kalatalouskeskuksen alainen.&nbsp;Yhteisen vesialueen osakkaat muodostavat osakaskunnan, jonka nimen\u00e4 k\u00e4ytet\u00e4\u00e4n Leivonm\u00e4en kalastuskuntaa. Kalastuskunta on valinnut keskuudestaan hoitokunnan, johon kuuluu kuusi varsinaista j\u00e4sent\u00e4 ja kuusi henkil\u00f6kohtaista varaj\u00e4sent\u00e4. Hoitokunta valitsee keskuudestaan kalastuskunnalle puheenjohtajan ja varapuheenjohtajan. Kalastuskunnan osakkaat muodostavat osakaskunnan yhteisaluelain 3\u00a7 nojalla. Kalastuskunnan keskeisimm\u00e4t Lue lis\u00e4\u00e4 &gt;\" \/>\n<meta property=\"og:url\" content=\"https:\/\/pohjoispaijanteenkalatalousalue.fi\/leivonmaki\/\" \/>\n<meta property=\"og:site_name\" content=\"Leivonm\u00e4en osakaskunta\" \/>\n<meta property=\"article:modified_time\" content=\"2021-04-07T09:17:37+00:00\" \/>\n<meta property=\"og:image\" content=\"http:\/\/pohjoispaijanteenkalatalousalue.fi\/ok\/leivonmaki\/uploads\/images\/rutajarvi.jpg\" \/>\n<meta name=\"twitter:card\" content=\"summary_large_image\" \/>\n<meta name=\"twitter:label1\" content=\"Arvioitu lukuaika\" \/>\n\t<meta name=\"twitter:data1\" content=\"2 minuuttia\" \/>\n<script type=\"application\/ld+json\" class=\"yoast-schema-graph\">{\"@context\":\"https:\/\/schema.org\",\"@graph\":[{\"@type\":\"WebPage\",\"@id\":\"https:\/\/pohjoispaijanteenkalatalousalue.fi\/leivonmaki\/\",\"url\":\"https:\/\/pohjoispaijanteenkalatalousalue.fi\/leivonmaki\/\",\"name\":\"Etusivu - Leivonm\u00e4en osakaskunta\",\"isPartOf\":{\"@id\":\"https:\/\/pohjoispaijanteenkalatalousalue.fi\/leivonmaki\/#website\"},\"primaryImageOfPage\":{\"@id\":\"https:\/\/pohjoispaijanteenkalatalousalue.fi\/leivonmaki\/#primaryimage\"},\"image\":{\"@id\":\"https:\/\/pohjoispaijanteenkalatalousalue.fi\/leivonmaki\/#primaryimage\"},\"thumbnailUrl\":\"http:\/\/pohjoispaijanteenkalatalousalue.fi\/ok\/leivonmaki\/uploads\/images\/rutajarvi.jpg\",\"datePublished\":\"2020-10-22T07:32:51+00:00\",\"dateModified\":\"2021-04-07T09:17:37+00:00\",\"breadcrumb\":{\"@id\":\"https:\/\/pohjoispaijanteenkalatalousalue.fi\/leivonmaki\/#breadcrumb\"},\"inLanguage\":\"fi\",\"potentialAction\":[{\"@type\":\"ReadAction\",\"target\":[\"https:\/\/pohjoispaijanteenkalatalousalue.fi\/leivonmaki\/\"]}]},{\"@type\":\"ImageObject\",\"inLanguage\":\"fi\",\"@id\":\"https:\/\/pohjoispaijanteenkalatalousalue.fi\/leivonmaki\/#primaryimage\",\"url\":\"http:\/\/pohjoispaijanteenkalatalousalue.fi\/ok\/leivonmaki\/uploads\/images\/rutajarvi.jpg\",\"contentUrl\":\"http:\/\/pohjoispaijanteenkalatalousalue.fi\/ok\/leivonmaki\/uploads\/images\/rutajarvi.jpg\"},{\"@type\":\"BreadcrumbList\",\"@id\":\"https:\/\/pohjoispaijanteenkalatalousalue.fi\/leivonmaki\/#breadcrumb\",\"itemListElement\":[{\"@type\":\"ListItem\",\"position\":1,\"name\":\"Home\",\"item\":\"https:\/\/pohjoispaijanteenkalatalousalue.fi\/leivonmaki\/\"},{\"@type\":\"ListItem\",\"position\":2,\"name\":\"Etusivu\"}]},{\"@type\":\"WebSite\",\"@id\":\"https:\/\/pohjoispaijanteenkalatalousalue.fi\/leivonmaki\/#website\",\"url\":\"https:\/\/pohjoispaijanteenkalatalousalue.fi\/leivonmaki\/\",\"name\":\"Leivonm\u00e4en osakaskunta\",\"description\":\"\",\"potentialAction\":[{\"@type\":\"SearchAction\",\"target\":{\"@type\":\"EntryPoint\",\"urlTemplate\":\"https:\/\/pohjoispaijanteenkalatalousalue.fi\/leivonmaki\/?s={search_term_string}\"},\"query-input\":{\"@type\":\"PropertyValueSpecification\",\"valueRequired\":true,\"valueName\":\"search_term_string\"}}],\"inLanguage\":\"fi\"}]}<\/script>\n<!-- \/ Yoast SEO plugin. -->","yoast_head_json":{"title":"Etusivu - Leivonm\u00e4en osakaskunta","robots":{"index":"index","follow":"follow","max-snippet":"max-snippet:-1","max-image-preview":"max-image-preview:large","max-video-preview":"max-video-preview:-1"},"canonical":"https:\/\/pohjoispaijanteenkalatalousalue.fi\/leivonmaki\/","og_locale":"fi_FI","og_type":"article","og_title":"Etusivu - Leivonm\u00e4en osakaskunta","og_description":"Tervetuloa Leivonm\u00e4en osakaskuntaan Yhteisen vesialueen osakaskunta Leivonm\u00e4en kalastuskunta kuuluu Pohjois-P\u00e4ij\u00e4nteen kalastusalueeseen, joka on Keski-Suomen Kalatalouskeskuksen alainen.&nbsp;Yhteisen vesialueen osakkaat muodostavat osakaskunnan, jonka nimen\u00e4 k\u00e4ytet\u00e4\u00e4n Leivonm\u00e4en kalastuskuntaa. Kalastuskunta on valinnut keskuudestaan hoitokunnan, johon kuuluu kuusi varsinaista j\u00e4sent\u00e4 ja kuusi henkil\u00f6kohtaista varaj\u00e4sent\u00e4. Hoitokunta valitsee keskuudestaan kalastuskunnalle puheenjohtajan ja varapuheenjohtajan. Kalastuskunnan osakkaat muodostavat osakaskunnan yhteisaluelain 3\u00a7 nojalla. Kalastuskunnan keskeisimm\u00e4t Lue lis\u00e4\u00e4 >","og_url":"https:\/\/pohjoispaijanteenkalatalousalue.fi\/leivonmaki\/","og_site_name":"Leivonm\u00e4en osakaskunta","article_modified_time":"2021-04-07T09:17:37+00:00","og_image":[{"url":"http:\/\/pohjoispaijanteenkalatalousalue.fi\/ok\/leivonmaki\/uploads\/images\/rutajarvi.jpg","type":"","width":"","height":""}],"twitter_card":"summary_large_image","twitter_misc":{"Arvioitu lukuaika":"2 minuuttia"},"schema":{"@context":"https:\/\/schema.org","@graph":[{"@type":"WebPage","@id":"https:\/\/pohjoispaijanteenkalatalousalue.fi\/leivonmaki\/","url":"https:\/\/pohjoispaijanteenkalatalousalue.fi\/leivonmaki\/","name":"Etusivu - Leivonm\u00e4en osakaskunta","isPartOf":{"@id":"https:\/\/pohjoispaijanteenkalatalousalue.fi\/leivonmaki\/#website"},"primaryImageOfPage":{"@id":"https:\/\/pohjoispaijanteenkalatalousalue.fi\/leivonmaki\/#primaryimage"},"image":{"@id":"https:\/\/pohjoispaijanteenkalatalousalue.fi\/leivonmaki\/#primaryimage"},"thumbnailUrl":"http:\/\/pohjoispaijanteenkalatalousalue.fi\/ok\/leivonmaki\/uploads\/images\/rutajarvi.jpg","datePublished":"2020-10-22T07:32:51+00:00","dateModified":"2021-04-07T09:17:37+00:00","breadcrumb":{"@id":"https:\/\/pohjoispaijanteenkalatalousalue.fi\/leivonmaki\/#breadcrumb"},"inLanguage":"fi","potentialAction":[{"@type":"ReadAction","target":["https:\/\/pohjoispaijanteenkalatalousalue.fi\/leivonmaki\/"]}]},{"@type":"ImageObject","inLanguage":"fi","@id":"https:\/\/pohjoispaijanteenkalatalousalue.fi\/leivonmaki\/#primaryimage","url":"http:\/\/pohjoispaijanteenkalatalousalue.fi\/ok\/leivonmaki\/uploads\/images\/rutajarvi.jpg","contentUrl":"http:\/\/pohjoispaijanteenkalatalousalue.fi\/ok\/leivonmaki\/uploads\/images\/rutajarvi.jpg"},{"@type":"BreadcrumbList","@id":"https:\/\/pohjoispaijanteenkalatalousalue.fi\/leivonmaki\/#breadcrumb","itemListElement":[{"@type":"ListItem","position":1,"name":"Home","item":"https:\/\/pohjoispaijanteenkalatalousalue.fi\/leivonmaki\/"},{"@type":"ListItem","position":2,"name":"Etusivu"}]},{"@type":"WebSite","@id":"https:\/\/pohjoispaijanteenkalatalousalue.fi\/leivonmaki\/#website","url":"https:\/\/pohjoispaijanteenkalatalousalue.fi\/leivonmaki\/","name":"Leivonm\u00e4en osakaskunta","description":"","potentialAction":[{"@type":"SearchAction","target":{"@type":"EntryPoint","urlTemplate":"https:\/\/pohjoispaijanteenkalatalousalue.fi\/leivonmaki\/?s={search_term_string}"},"query-input":{"@type":"PropertyValueSpecification","valueRequired":true,"valueName":"search_term_string"}}],"inLanguage":"fi"}]}},"_links":{"self":[{"href":"https:\/\/pohjoispaijanteenkalatalousalue.fi\/leivonmaki\/wp-json\/wp\/v2\/pages\/2","targetHints":{"allow":["GET"]}}],"collection":[{"href":"https:\/\/pohjoispaijanteenkalatalousalue.fi\/leivonmaki\/wp-json\/wp\/v2\/pages"}],"about":[{"href":"https:\/\/pohjoispaijanteenkalatalousalue.fi\/leivonmaki\/wp-json\/wp\/v2\/types\/page"}],"author":[{"embeddable":true,"href":"https:\/\/pohjoispaijanteenkalatalousalue.fi\/leivonmaki\/wp-json\/wp\/v2\/users\/1"}],"replies":[{"embeddable":true,"href":"https:\/\/pohjoispaijanteenkalatalousalue.fi\/leivonmaki\/wp-json\/wp\/v2\/comments?post=2"}],"version-history":[{"count":24,"href":"https:\/\/pohjoispaijanteenkalatalousalue.fi\/leivonmaki\/wp-json\/wp\/v2\/pages\/2\/revisions"}],"predecessor-version":[{"id":255,"href":"https:\/\/pohjoispaijanteenkalatalousalue.fi\/leivonmaki\/wp-json\/wp\/v2\/pages\/2\/revisions\/255"}],"wp:attachment":[{"href":"https:\/\/pohjoispaijanteenkalatalousalue.fi\/leivonmaki\/wp-json\/wp\/v2\/media?parent=2"}],"curies":[{"name":"wp","href":"https:\/\/api.w.org\/{rel}","templated":true}]}}