{"id":158,"date":"2020-10-29T12:25:46","date_gmt":"2020-10-29T12:25:46","guid":{"rendered":"http:\/\/89.166.51.80\/~pohjoispaij\/kuivasmaki\/?page_id=158"},"modified":"2024-05-12T12:08:34","modified_gmt":"2024-05-12T12:08:34","slug":"vuosikokous","status":"publish","type":"page","link":"https:\/\/pohjoispaijanteenkalatalousalue.fi\/kuivasmaki\/hallinto\/vuosikokous\/","title":{"rendered":"Vuosikokous"},"content":{"rendered":"\n<h2 class=\"wp-block-heading\">Vuosikokous 2024<\/h2>\n\n\n\n<h2 class=\"wp-block-heading\"><\/h2>\n\n\n\n<p>KUIVASM\u00c4EN KALASTUSOSAKASKUNNAN VUOSIKOKOUS 3.5.2024<\/p>\n\n\n\n<p>KLO.18.00 PET\u00c4J\u00c4VEDELL\u00c4 KYL\u00c4SEP\u00c4N KABINETISSA<\/p>\n\n\n\n<p>1 Puheenjohtaja suoritti kokouksen avauksen.<\/p>\n\n\n\n<p>2 Kokoukselle puheenjohtajaksi ja sihteeriksi valittiin Heikki Salminen<\/p>\n\n\n\n<p>3 P\u00e4\u00e4tettiin \u00e4\u00e4nestystavaksi mies\/nainen \u00e4\u00e4ni.<\/p>\n\n\n\n<p>4 Todettiin kokouksen laillisuus ja p\u00e4\u00e4t\u00f6svaltaisuus. Ilmoitettu Pet\u00e4j\u00e4vesi-lehdess\u00e4 17.4.2024<\/p>\n\n\n\n<p>sek\u00e4 s\u00e4hk\u00f6postilla ja tekstiviestein.<\/p>\n\n\n\n<p>5 P\u00f6yt\u00e4kirjan tarkastajiksi ja \u00e4\u00e4ntenlaskijoiksi valittiin Martti Kivel\u00e4 ja Ilkka Rosala.<\/p>\n\n\n\n<p>6 Hyv\u00e4ksyttiin kokouksen ty\u00f6j\u00e4rjestys.<\/p>\n\n\n\n<p>7 Todettiin kokouksen osanottajat (lista osallistujista).<\/p>\n\n\n\n<p>8 Esitettiin osakaskunnan vuoden 2023 toimintakertomus. Hyv\u00e4ksyttiin toimintakertomus.<\/p>\n\n\n\n<p>9 Esitettiin osakaskunnan 2023 tilinp\u00e4\u00e4t\u00f6s ja toiminnantarkastajien lausunto. P\u00e4\u00e4tettiin my\u00f6nt\u00e4\u00e4 vastuuvapaus tilintekij\u00e4lle ja hoitokunnalle.<\/p>\n\n\n\n<p>10 P\u00e4\u00e4tettiin osakaskunnan hoitokunnan j\u00e4senten, toiminnantarkastajien ja kalastuksen valvojien palkkioista. Puheenjohtajalle kulkukorvauksia 200 \u20ac vuosi. Kalastuksen valvojille<\/p>\n\n\n\n<p>km-korvaus valtion matkustuss\u00e4\u00e4nn\u00f6n mukaan.<\/p>\n\n\n\n<p>11 Valittiin erovuoroisten hoitokunnan j\u00e4senten tilalle edelleen jatkamaan Terho Niiles varalla (Ky\u00f6sti Niiles)ja Martti Kivel\u00e4 varalla (Marko Kuukkanen). Muina hoitokunnan j\u00e4senin\u00e4 toimivat Jarkko M\u00e4ntyl\u00e4 varalla (Arvo Kettunen), Ilkka Rosala varalla (Helin\u00e4 Rosala), Heikki Salminen varalla(Tarmo Tiainen) ja Ossi Kokkila varalla (&#8212;&#8212;&#8211;). Koolle kutsuja Ilkka Rosala<\/p>\n\n\n\n<p>12 Valittiin toiminnantarkastajaksi Alpo Ritvanen varalle Rauno Ilminen<\/p>\n\n\n\n<p>13 P\u00e4\u00e4tettiin pyydysten merkitsemisest\u00e4 ja peritt\u00e4vist\u00e4 maksuista ja lupien myynnist\u00e4.<\/p>\n\n\n\n<p>&#8211; osakashinnat -ulkopuolisten luvat.<\/p>\n\n\n\n<p>&#8211; Hoitomaksu 10 \u20ac , saa uistella, pyyt\u00e4\u00e4 katiskoilla ilman rajoitusta ja sorsastaa.<\/p>\n\n\n\n<p>&#8211; Verkkomaksu 10 \u20ac kpl, 2 kpl ruokakunta.<\/p>\n\n\n\n<p>&#8211; M\u00f6kkil\u00e4is verkkoluvat vuokram\u00f6keille 10 \u20ac\/m\u00f6kki vuosimaksu enint\u00e4\u00e4n 2 kpl verkkoja.<\/p>\n\n\n\n<p>&#8211; Rapumerrat 5 \u20ac kpl, enint\u00e4\u00e4n 10 kpl ruokakunta.<\/p>\n\n\n\n<p>&#8211; Jokikalastus paikkakuntalaiset 20 \u20ac vuosilupa 5 \u20ac p\u00e4iv\u00e4lupa. Ulkopaikkakuntalaiset 10 \u20ac vrk\u201d is\u00e4nn\u00e4n vieraana\u201d 5 \u20ac. Ulkopaikkakuntalaisille ei vuosilupia.<\/p>\n\n\n\n<p>&#8211; Luvanmyyntipaikat Pet\u00e4j\u00e4veden tekstiili Siltatie 1 puh.050 5945971, Raimo Heinonen puh.040 1854860 ja Paavo \u00c4ss\u00e4m\u00e4ki puh.0400 733656<\/p>\n\n\n\n<p>Verkkoja 2 kpl ruokakunta, alin silm\u00e4koko 45 mm, 3m korkeita paitsi Salosj\u00e4rvess\u00e4 osakaskunnan alueella ei silm\u00e4koko rajoitusta. Katiskoiden m\u00e4\u00e4r\u00e4 vapaa.<\/p>\n\n\n\n<p>Jokiloista rauhoitettu Riuttakoski ja Karjokoski + kartalla n\u00e4kyv\u00e4t alueet.<\/p>\n\n\n\n<p>15 P\u00e4\u00e4tettiin osakaskunnan vesialueella tapahtuvasta mets\u00e4styksest\u00e4, ravustuksesta, Kadanan majavan ja piisamin pyynnist\u00e4.<\/p>\n\n\n\n<p>&#8211; Mustiainen,Lahnaj\u00e4rvi ja Hein\u00e4lampi on rauhoitettu mets\u00e4stykselt\u00e4<\/p>\n\n\n\n<p>&#8211; Hoitomaksulla saa sorsastaa.<\/p>\n\n\n\n<p>&#8211; Hirviel\u00e4imet saa mets\u00e4stysoikeuden omaava seura noutaa pois vesialueelta.<\/p>\n\n\n\n<p>&#8211; Kadananmajavaa saa mets\u00e4stysoikeuden omaava seura mets\u00e4st\u00e4\u00e4 osakaskunnan vesialueelta sallittuna mets\u00e4stysaikana. Piisamin pyynti sallittu mets\u00e4styskauden aikana.<\/p>\n\n\n\n<p>&#8211; Ravustus sallittu ravustuskauden aikana.<\/p>\n\n\n\n<p>16 P\u00e4\u00e4tettiin istutustoiminnasta ja muista vesialueen hoitotoimenpiteist\u00e4. Istutetaan osakaskunnan vesiin kuhia ja siikoja k\u00e4ytett\u00e4viss\u00e4 olevien varojen mukaan sek\u00e4 ollaan vastaanottamassa velvoiteistutuksia. Seurataan kalatalousmaksujen k\u00e4ytt\u00f6\u00e4 ja tehd\u00e4\u00e4n suunnitelman mukaiset toimet. Ja otetaan kantaa tuleviin ymp\u00e4rist\u00f6lupiin.<\/p>\n\n\n\n<p>17 Hyv\u00e4ksyttiin tulo- ja menoarvio kuluvalle vuodelle.<\/p>\n\n\n\n<p>18 Valittiin kokousedustajat ja varamiehet v.2024kalastusalueen kokoukseen Ilkka Rosala tai Heikki Salminen varallaTerho Niiles. Kalatalousalueen kokoukseen 2024 valittiinIlkka Rosala puh. joh. tai Heikki Salminen vara puh.joh. Varalla Terho Niiles<\/p>\n\n\n\n<p>19 P\u00e4\u00e4tettiin Kalastuslehden tilaamisesta puheenjohtajalle , joka kierr\u00e4tt\u00e4\u00e4 lehden hoitokunnan<\/p>\n\n\n\n<p>j\u00e4senille.<\/p>\n\n\n\n<p>20 Muut esille tulevat asiat, Keskustelua Pengerjoen ja Merovenjoen valuma-alueiden kalatalousmaksuista, turvesoiden ymp\u00e4rist\u00f6lupamuistutuksista sek\u00e4 s\u00e4hk\u00f6johtojen ja valokuitukaapelien jokien alituksista ettei tule liian l\u00e4helle siltaa tai rumpuputkia ( aiheuttaa haittaa korjaus ja uusintat\u00f6iss\u00e4 ).<\/p>\n\n\n\n<p>21 Kokous my\u00f6nsi luvan puheenjohtajalle kirjoittaa lupa uurnatuhkan sirotteluun osakaskunnan vesialueilla. 22 Puheenjohtaja p\u00e4\u00e4tti kokouksen klo.19.05<\/p>\n\n\n\n<p>P\u00f6yt\u00e4kirja n\u00e4ht\u00e4vill\u00e4 10.5.2024 \u2013 31.5.2024 Pet\u00e4j\u00e4veden tekstiiliss\u00e4 Siltatie 1<\/p>\n\n\n\n<p>Kokouksen j\u00e4lkeen hoitokunta kokoontui ja valitsi puheenjohtajaksi Ilkka Rosalan ja varalle Heikki Salmisen<\/p>\n\n\n\n<p>Pet\u00e4j\u00e4vedell\u00e4 3.5.2024<\/p>\n\n\n\n<p>Heikki Salminen puh. joht. sihteeri<\/p>\n\n\n\n<p>Martti Kivel\u00e4 p\u00f6yt\u00e4kirjan tarkast. Ilkka Rosala p\u00f6yt\u00e4kirjan tarkast.<\/p>\n\n\n\n<ul class=\"wp-block-list\"><\/ul>\n","protected":false},"excerpt":{"rendered":"<p>Vuosikokous 2024 KUIVASM\u00c4EN KALASTUSOSAKASKUNNAN VUOSIKOKOUS 3.5.2024 KLO.18.00 PET\u00c4J\u00c4VEDELL\u00c4 KYL\u00c4SEP\u00c4N KABINETISSA 1 Puheenjohtaja suoritti kokouksen avauksen. 2 Kokoukselle puheenjohtajaksi ja sihteeriksi valittiin Heikki Salminen 3 P\u00e4\u00e4tettiin \u00e4\u00e4nestystavaksi mies\/nainen \u00e4\u00e4ni. 4 Todettiin kokouksen laillisuus ja p\u00e4\u00e4t\u00f6svaltaisuus. Ilmoitettu Pet\u00e4j\u00e4vesi-lehdess\u00e4 17.4.2024 sek\u00e4 s\u00e4hk\u00f6postilla ja tekstiviestein. 5 P\u00f6yt\u00e4kirjan tarkastajiksi ja \u00e4\u00e4ntenlaskijoiksi valittiin Martti Kivel\u00e4 ja Ilkka Rosala. 6 Hyv\u00e4ksyttiin kokouksen<\/p>\n<p><a class=\"moretag\" href=\"https:\/\/pohjoispaijanteenkalatalousalue.fi\/kuivasmaki\/hallinto\/vuosikokous\/\"> Lue lis\u00e4\u00e4 ><\/a><\/p>\n","protected":false},"author":1,"featured_media":0,"parent":32,"menu_order":0,"comment_status":"closed","ping_status":"closed","template":"basic-sivu.php","meta":{"_acf_changed":false,"footnotes":""},"class_list":["post-158","page","type-page","status-publish","hentry"],"acf":[],"yoast_head":"<!-- This site is optimized with the Yoast SEO plugin v27.1.1 - https:\/\/yoast.com\/product\/yoast-seo-wordpress\/ -->\n<title>Vuosikokous - Kuivasm\u00e4en osakaskunta<\/title>\n<meta name=\"robots\" content=\"index, follow, max-snippet:-1, max-image-preview:large, max-video-preview:-1\" \/>\n<link rel=\"canonical\" href=\"https:\/\/pohjoispaijanteenkalatalousalue.fi\/kuivasmaki\/hallinto\/vuosikokous\/\" \/>\n<meta property=\"og:locale\" content=\"fi_FI\" \/>\n<meta property=\"og:type\" content=\"article\" \/>\n<meta property=\"og:title\" content=\"Vuosikokous - Kuivasm\u00e4en osakaskunta\" \/>\n<meta property=\"og:description\" content=\"Vuosikokous 2024 KUIVASM\u00c4EN KALASTUSOSAKASKUNNAN VUOSIKOKOUS 3.5.2024 KLO.18.00 PET\u00c4J\u00c4VEDELL\u00c4 KYL\u00c4SEP\u00c4N KABINETISSA 1 Puheenjohtaja suoritti kokouksen avauksen. 2 Kokoukselle puheenjohtajaksi ja sihteeriksi valittiin Heikki Salminen 3 P\u00e4\u00e4tettiin \u00e4\u00e4nestystavaksi mies\/nainen \u00e4\u00e4ni. 4 Todettiin kokouksen laillisuus ja p\u00e4\u00e4t\u00f6svaltaisuus. Ilmoitettu Pet\u00e4j\u00e4vesi-lehdess\u00e4 17.4.2024 sek\u00e4 s\u00e4hk\u00f6postilla ja tekstiviestein. 5 P\u00f6yt\u00e4kirjan tarkastajiksi ja \u00e4\u00e4ntenlaskijoiksi valittiin Martti Kivel\u00e4 ja Ilkka Rosala. 6 Hyv\u00e4ksyttiin kokouksen Lue lis\u00e4\u00e4 &gt;\" \/>\n<meta property=\"og:url\" content=\"https:\/\/pohjoispaijanteenkalatalousalue.fi\/kuivasmaki\/hallinto\/vuosikokous\/\" \/>\n<meta property=\"og:site_name\" content=\"Kuivasm\u00e4en osakaskunta\" \/>\n<meta property=\"article:modified_time\" content=\"2024-05-12T12:08:34+00:00\" \/>\n<meta name=\"twitter:card\" content=\"summary_large_image\" \/>\n<meta name=\"twitter:label1\" content=\"Arvioitu lukuaika\" \/>\n\t<meta name=\"twitter:data1\" content=\"3 minuuttia\" \/>\n<script type=\"application\/ld+json\" class=\"yoast-schema-graph\">{\"@context\":\"https:\/\/schema.org\",\"@graph\":[{\"@type\":\"WebPage\",\"@id\":\"https:\/\/pohjoispaijanteenkalatalousalue.fi\/kuivasmaki\/hallinto\/vuosikokous\/\",\"url\":\"https:\/\/pohjoispaijanteenkalatalousalue.fi\/kuivasmaki\/hallinto\/vuosikokous\/\",\"name\":\"Vuosikokous - Kuivasm\u00e4en osakaskunta\",\"isPartOf\":{\"@id\":\"https:\/\/pohjoispaijanteenkalatalousalue.fi\/kuivasmaki\/#website\"},\"datePublished\":\"2020-10-29T12:25:46+00:00\",\"dateModified\":\"2024-05-12T12:08:34+00:00\",\"breadcrumb\":{\"@id\":\"https:\/\/pohjoispaijanteenkalatalousalue.fi\/kuivasmaki\/hallinto\/vuosikokous\/#breadcrumb\"},\"inLanguage\":\"fi\",\"potentialAction\":[{\"@type\":\"ReadAction\",\"target\":[\"https:\/\/pohjoispaijanteenkalatalousalue.fi\/kuivasmaki\/hallinto\/vuosikokous\/\"]}]},{\"@type\":\"BreadcrumbList\",\"@id\":\"https:\/\/pohjoispaijanteenkalatalousalue.fi\/kuivasmaki\/hallinto\/vuosikokous\/#breadcrumb\",\"itemListElement\":[{\"@type\":\"ListItem\",\"position\":1,\"name\":\"Home\",\"item\":\"https:\/\/pohjoispaijanteenkalatalousalue.fi\/kuivasmaki\/\"},{\"@type\":\"ListItem\",\"position\":2,\"name\":\"Yksityinen: Hallinto\",\"item\":\"https:\/\/pohjoispaijanteenkalatalousalue.fi\/kuivasmaki\/?page_id=32\"},{\"@type\":\"ListItem\",\"position\":3,\"name\":\"Vuosikokous\"}]},{\"@type\":\"WebSite\",\"@id\":\"https:\/\/pohjoispaijanteenkalatalousalue.fi\/kuivasmaki\/#website\",\"url\":\"https:\/\/pohjoispaijanteenkalatalousalue.fi\/kuivasmaki\/\",\"name\":\"Kuivasm\u00e4en osakaskunta\",\"description\":\"\",\"potentialAction\":[{\"@type\":\"SearchAction\",\"target\":{\"@type\":\"EntryPoint\",\"urlTemplate\":\"https:\/\/pohjoispaijanteenkalatalousalue.fi\/kuivasmaki\/?s={search_term_string}\"},\"query-input\":{\"@type\":\"PropertyValueSpecification\",\"valueRequired\":true,\"valueName\":\"search_term_string\"}}],\"inLanguage\":\"fi\"}]}<\/script>\n<!-- \/ Yoast SEO plugin. -->","yoast_head_json":{"title":"Vuosikokous - Kuivasm\u00e4en osakaskunta","robots":{"index":"index","follow":"follow","max-snippet":"max-snippet:-1","max-image-preview":"max-image-preview:large","max-video-preview":"max-video-preview:-1"},"canonical":"https:\/\/pohjoispaijanteenkalatalousalue.fi\/kuivasmaki\/hallinto\/vuosikokous\/","og_locale":"fi_FI","og_type":"article","og_title":"Vuosikokous - Kuivasm\u00e4en osakaskunta","og_description":"Vuosikokous 2024 KUIVASM\u00c4EN KALASTUSOSAKASKUNNAN VUOSIKOKOUS 3.5.2024 KLO.18.00 PET\u00c4J\u00c4VEDELL\u00c4 KYL\u00c4SEP\u00c4N KABINETISSA 1 Puheenjohtaja suoritti kokouksen avauksen. 2 Kokoukselle puheenjohtajaksi ja sihteeriksi valittiin Heikki Salminen 3 P\u00e4\u00e4tettiin \u00e4\u00e4nestystavaksi mies\/nainen \u00e4\u00e4ni. 4 Todettiin kokouksen laillisuus ja p\u00e4\u00e4t\u00f6svaltaisuus. Ilmoitettu Pet\u00e4j\u00e4vesi-lehdess\u00e4 17.4.2024 sek\u00e4 s\u00e4hk\u00f6postilla ja tekstiviestein. 5 P\u00f6yt\u00e4kirjan tarkastajiksi ja \u00e4\u00e4ntenlaskijoiksi valittiin Martti Kivel\u00e4 ja Ilkka Rosala. 6 Hyv\u00e4ksyttiin kokouksen Lue lis\u00e4\u00e4 >","og_url":"https:\/\/pohjoispaijanteenkalatalousalue.fi\/kuivasmaki\/hallinto\/vuosikokous\/","og_site_name":"Kuivasm\u00e4en osakaskunta","article_modified_time":"2024-05-12T12:08:34+00:00","twitter_card":"summary_large_image","twitter_misc":{"Arvioitu lukuaika":"3 minuuttia"},"schema":{"@context":"https:\/\/schema.org","@graph":[{"@type":"WebPage","@id":"https:\/\/pohjoispaijanteenkalatalousalue.fi\/kuivasmaki\/hallinto\/vuosikokous\/","url":"https:\/\/pohjoispaijanteenkalatalousalue.fi\/kuivasmaki\/hallinto\/vuosikokous\/","name":"Vuosikokous - Kuivasm\u00e4en osakaskunta","isPartOf":{"@id":"https:\/\/pohjoispaijanteenkalatalousalue.fi\/kuivasmaki\/#website"},"datePublished":"2020-10-29T12:25:46+00:00","dateModified":"2024-05-12T12:08:34+00:00","breadcrumb":{"@id":"https:\/\/pohjoispaijanteenkalatalousalue.fi\/kuivasmaki\/hallinto\/vuosikokous\/#breadcrumb"},"inLanguage":"fi","potentialAction":[{"@type":"ReadAction","target":["https:\/\/pohjoispaijanteenkalatalousalue.fi\/kuivasmaki\/hallinto\/vuosikokous\/"]}]},{"@type":"BreadcrumbList","@id":"https:\/\/pohjoispaijanteenkalatalousalue.fi\/kuivasmaki\/hallinto\/vuosikokous\/#breadcrumb","itemListElement":[{"@type":"ListItem","position":1,"name":"Home","item":"https:\/\/pohjoispaijanteenkalatalousalue.fi\/kuivasmaki\/"},{"@type":"ListItem","position":2,"name":"Yksityinen: Hallinto","item":"https:\/\/pohjoispaijanteenkalatalousalue.fi\/kuivasmaki\/?page_id=32"},{"@type":"ListItem","position":3,"name":"Vuosikokous"}]},{"@type":"WebSite","@id":"https:\/\/pohjoispaijanteenkalatalousalue.fi\/kuivasmaki\/#website","url":"https:\/\/pohjoispaijanteenkalatalousalue.fi\/kuivasmaki\/","name":"Kuivasm\u00e4en osakaskunta","description":"","potentialAction":[{"@type":"SearchAction","target":{"@type":"EntryPoint","urlTemplate":"https:\/\/pohjoispaijanteenkalatalousalue.fi\/kuivasmaki\/?s={search_term_string}"},"query-input":{"@type":"PropertyValueSpecification","valueRequired":true,"valueName":"search_term_string"}}],"inLanguage":"fi"}]}},"_links":{"self":[{"href":"https:\/\/pohjoispaijanteenkalatalousalue.fi\/kuivasmaki\/wp-json\/wp\/v2\/pages\/158","targetHints":{"allow":["GET"]}}],"collection":[{"href":"https:\/\/pohjoispaijanteenkalatalousalue.fi\/kuivasmaki\/wp-json\/wp\/v2\/pages"}],"about":[{"href":"https:\/\/pohjoispaijanteenkalatalousalue.fi\/kuivasmaki\/wp-json\/wp\/v2\/types\/page"}],"author":[{"embeddable":true,"href":"https:\/\/pohjoispaijanteenkalatalousalue.fi\/kuivasmaki\/wp-json\/wp\/v2\/users\/1"}],"replies":[{"embeddable":true,"href":"https:\/\/pohjoispaijanteenkalatalousalue.fi\/kuivasmaki\/wp-json\/wp\/v2\/comments?post=158"}],"version-history":[{"count":8,"href":"https:\/\/pohjoispaijanteenkalatalousalue.fi\/kuivasmaki\/wp-json\/wp\/v2\/pages\/158\/revisions"}],"predecessor-version":[{"id":265,"href":"https:\/\/pohjoispaijanteenkalatalousalue.fi\/kuivasmaki\/wp-json\/wp\/v2\/pages\/158\/revisions\/265"}],"up":[{"embeddable":true,"href":"https:\/\/pohjoispaijanteenkalatalousalue.fi\/kuivasmaki\/wp-json\/wp\/v2\/pages\/32"}],"wp:attachment":[{"href":"https:\/\/pohjoispaijanteenkalatalousalue.fi\/kuivasmaki\/wp-json\/wp\/v2\/media?parent=158"}],"curies":[{"name":"wp","href":"https:\/\/api.w.org\/{rel}","templated":true}]}}