{"id":86,"date":"2020-10-29T11:39:36","date_gmt":"2020-10-29T11:39:36","guid":{"rendered":"http:\/\/89.166.51.80\/~pohjoispaij\/korttajarvi\/?page_id=86"},"modified":"2021-01-14T09:28:47","modified_gmt":"2021-01-14T09:28:47","slug":"lupamaksut-ja-ohjeet","status":"publish","type":"page","link":"https:\/\/pohjoispaijanteenkalatalousalue.fi\/korttajarvi\/luvat\/lupamaksut-ja-ohjeet\/","title":{"rendered":"Lupamaksut ja ohjeet"},"content":{"rendered":"\n<h2 class=\"wp-block-heading\">Lupamaksut ja ohjeet<\/h2>\n\n\n\n<p>Kalastus on kielletty virtaavissa vesiss\u00e4.<\/p>\n\n\n\n<h4 class=\"wp-block-heading\">LUPAHINNAT<\/h4>\n\n\n\n<p>Katiska: 3,50\u20ac\/kpl, enint\u00e4\u00e4n 5 kpl\/talous<br>Verkko: 5\u20ac\/kpl, enint\u00e4\u00e4n 1 kpl\/talous. Kalastusaika 1.6.-30.4. Verkon korkeus enint\u00e4\u00e4n 2.1m, pituus enint\u00e4\u00e4n 30m, solmuv\u00e4li v\u00e4hint\u00e4\u00e4n 45mm.<br>Uistin: Henkil\u00f6kohtainen lupa 5\u20ac\/vuosi, 2\u20ac\/p\u00e4iv\u00e4.&nbsp;<br>Iskukoukku: 1\u20ac\/koukku, enint\u00e4\u00e4n 20 koukkua\/talous<br>Pitk\u00e4siima: 5\u20ac\/siima, enint\u00e4\u00e4n 30 koukkua\/siima<br>Tuulastus: Henkil\u00f6kohtainen lupa 5\u20ac\/vuosi. Kalastusaika 1.8.-30.9.<\/p>\n\n\n\n<p>Ravustus: 1\u20ac\/rapumerta, enint\u00e4\u00e4n 10 mertaa\/talous. Ravustusaika 21.7. klo 12 \u2013 31.10<\/p>\n\n\n\n<h4 class=\"wp-block-heading\">MUUTA<\/h4>\n\n\n\n<p>Vesilintujen mets\u00e4stysoikeuden huutokauppa on peruttu. Mets\u00e4stysoikeus on vuokrattu vuoteen 2015 saakka.<\/p>\n","protected":false},"excerpt":{"rendered":"<p>Lupamaksut ja ohjeet Kalastus on kielletty virtaavissa vesiss\u00e4. LUPAHINNAT Katiska: 3,50\u20ac\/kpl, enint\u00e4\u00e4n 5 kpl\/talousVerkko: 5\u20ac\/kpl, enint\u00e4\u00e4n 1 kpl\/talous. Kalastusaika 1.6.-30.4. Verkon korkeus enint\u00e4\u00e4n 2.1m, pituus enint\u00e4\u00e4n 30m, solmuv\u00e4li v\u00e4hint\u00e4\u00e4n 45mm.Uistin: Henkil\u00f6kohtainen lupa 5\u20ac\/vuosi, 2\u20ac\/p\u00e4iv\u00e4.&nbsp;Iskukoukku: 1\u20ac\/koukku, enint\u00e4\u00e4n 20 koukkua\/talousPitk\u00e4siima: 5\u20ac\/siima, enint\u00e4\u00e4n 30 koukkua\/siimaTuulastus: Henkil\u00f6kohtainen lupa 5\u20ac\/vuosi. Kalastusaika 1.8.-30.9. Ravustus: 1\u20ac\/rapumerta, enint\u00e4\u00e4n 10 mertaa\/talous. Ravustusaika 21.7. klo<\/p>\n<p><a class=\"moretag\" href=\"https:\/\/pohjoispaijanteenkalatalousalue.fi\/korttajarvi\/luvat\/lupamaksut-ja-ohjeet\/\"> Lue lis\u00e4\u00e4 ><\/a><\/p>\n","protected":false},"author":1,"featured_media":0,"parent":45,"menu_order":0,"comment_status":"closed","ping_status":"closed","template":"basic-sivu.php","meta":{"_acf_changed":false,"footnotes":""},"class_list":["post-86","page","type-page","status-publish","hentry"],"acf":[],"yoast_head":"<!-- This site is optimized with the Yoast SEO plugin v27.1.1 - https:\/\/yoast.com\/product\/yoast-seo-wordpress\/ -->\n<title>Lupamaksut ja ohjeet - Korttaj\u00e4rven osakaskunta<\/title>\n<meta name=\"robots\" content=\"index, follow, max-snippet:-1, max-image-preview:large, max-video-preview:-1\" \/>\n<link rel=\"canonical\" href=\"https:\/\/pohjoispaijanteenkalatalousalue.fi\/korttajarvi\/luvat\/lupamaksut-ja-ohjeet\/\" \/>\n<meta property=\"og:locale\" content=\"fi_FI\" \/>\n<meta property=\"og:type\" content=\"article\" \/>\n<meta property=\"og:title\" content=\"Lupamaksut ja ohjeet - Korttaj\u00e4rven osakaskunta\" \/>\n<meta property=\"og:description\" content=\"Lupamaksut ja ohjeet Kalastus on kielletty virtaavissa vesiss\u00e4. LUPAHINNAT Katiska: 3,50\u20ac\/kpl, enint\u00e4\u00e4n 5 kpl\/talousVerkko: 5\u20ac\/kpl, enint\u00e4\u00e4n 1 kpl\/talous. Kalastusaika 1.6.-30.4. Verkon korkeus enint\u00e4\u00e4n 2.1m, pituus enint\u00e4\u00e4n 30m, solmuv\u00e4li v\u00e4hint\u00e4\u00e4n 45mm.Uistin: Henkil\u00f6kohtainen lupa 5\u20ac\/vuosi, 2\u20ac\/p\u00e4iv\u00e4.&nbsp;Iskukoukku: 1\u20ac\/koukku, enint\u00e4\u00e4n 20 koukkua\/talousPitk\u00e4siima: 5\u20ac\/siima, enint\u00e4\u00e4n 30 koukkua\/siimaTuulastus: Henkil\u00f6kohtainen lupa 5\u20ac\/vuosi. Kalastusaika 1.8.-30.9. Ravustus: 1\u20ac\/rapumerta, enint\u00e4\u00e4n 10 mertaa\/talous. Ravustusaika 21.7. klo Lue lis\u00e4\u00e4 &gt;\" \/>\n<meta property=\"og:url\" content=\"https:\/\/pohjoispaijanteenkalatalousalue.fi\/korttajarvi\/luvat\/lupamaksut-ja-ohjeet\/\" \/>\n<meta property=\"og:site_name\" content=\"Korttaj\u00e4rven osakaskunta\" \/>\n<meta property=\"article:modified_time\" content=\"2021-01-14T09:28:47+00:00\" \/>\n<meta name=\"twitter:card\" content=\"summary_large_image\" \/>\n<script type=\"application\/ld+json\" class=\"yoast-schema-graph\">{\"@context\":\"https:\/\/schema.org\",\"@graph\":[{\"@type\":\"WebPage\",\"@id\":\"https:\/\/pohjoispaijanteenkalatalousalue.fi\/korttajarvi\/luvat\/lupamaksut-ja-ohjeet\/\",\"url\":\"https:\/\/pohjoispaijanteenkalatalousalue.fi\/korttajarvi\/luvat\/lupamaksut-ja-ohjeet\/\",\"name\":\"Lupamaksut ja ohjeet - Korttaj\u00e4rven osakaskunta\",\"isPartOf\":{\"@id\":\"https:\/\/pohjoispaijanteenkalatalousalue.fi\/korttajarvi\/#website\"},\"datePublished\":\"2020-10-29T11:39:36+00:00\",\"dateModified\":\"2021-01-14T09:28:47+00:00\",\"breadcrumb\":{\"@id\":\"https:\/\/pohjoispaijanteenkalatalousalue.fi\/korttajarvi\/luvat\/lupamaksut-ja-ohjeet\/#breadcrumb\"},\"inLanguage\":\"fi\",\"potentialAction\":[{\"@type\":\"ReadAction\",\"target\":[\"https:\/\/pohjoispaijanteenkalatalousalue.fi\/korttajarvi\/luvat\/lupamaksut-ja-ohjeet\/\"]}]},{\"@type\":\"BreadcrumbList\",\"@id\":\"https:\/\/pohjoispaijanteenkalatalousalue.fi\/korttajarvi\/luvat\/lupamaksut-ja-ohjeet\/#breadcrumb\",\"itemListElement\":[{\"@type\":\"ListItem\",\"position\":1,\"name\":\"Home\",\"item\":\"https:\/\/pohjoispaijanteenkalatalousalue.fi\/korttajarvi\/\"},{\"@type\":\"ListItem\",\"position\":2,\"name\":\"Yksityinen: Luvat\",\"item\":\"https:\/\/pohjoispaijanteenkalatalousalue.fi\/korttajarvi\/?page_id=45\"},{\"@type\":\"ListItem\",\"position\":3,\"name\":\"Lupamaksut ja ohjeet\"}]},{\"@type\":\"WebSite\",\"@id\":\"https:\/\/pohjoispaijanteenkalatalousalue.fi\/korttajarvi\/#website\",\"url\":\"https:\/\/pohjoispaijanteenkalatalousalue.fi\/korttajarvi\/\",\"name\":\"Korttaj\u00e4rven osakaskunta\",\"description\":\"\",\"potentialAction\":[{\"@type\":\"SearchAction\",\"target\":{\"@type\":\"EntryPoint\",\"urlTemplate\":\"https:\/\/pohjoispaijanteenkalatalousalue.fi\/korttajarvi\/?s={search_term_string}\"},\"query-input\":{\"@type\":\"PropertyValueSpecification\",\"valueRequired\":true,\"valueName\":\"search_term_string\"}}],\"inLanguage\":\"fi\"}]}<\/script>\n<!-- \/ Yoast SEO plugin. -->","yoast_head_json":{"title":"Lupamaksut ja ohjeet - Korttaj\u00e4rven osakaskunta","robots":{"index":"index","follow":"follow","max-snippet":"max-snippet:-1","max-image-preview":"max-image-preview:large","max-video-preview":"max-video-preview:-1"},"canonical":"https:\/\/pohjoispaijanteenkalatalousalue.fi\/korttajarvi\/luvat\/lupamaksut-ja-ohjeet\/","og_locale":"fi_FI","og_type":"article","og_title":"Lupamaksut ja ohjeet - Korttaj\u00e4rven osakaskunta","og_description":"Lupamaksut ja ohjeet Kalastus on kielletty virtaavissa vesiss\u00e4. LUPAHINNAT Katiska: 3,50\u20ac\/kpl, enint\u00e4\u00e4n 5 kpl\/talousVerkko: 5\u20ac\/kpl, enint\u00e4\u00e4n 1 kpl\/talous. Kalastusaika 1.6.-30.4. Verkon korkeus enint\u00e4\u00e4n 2.1m, pituus enint\u00e4\u00e4n 30m, solmuv\u00e4li v\u00e4hint\u00e4\u00e4n 45mm.Uistin: Henkil\u00f6kohtainen lupa 5\u20ac\/vuosi, 2\u20ac\/p\u00e4iv\u00e4.&nbsp;Iskukoukku: 1\u20ac\/koukku, enint\u00e4\u00e4n 20 koukkua\/talousPitk\u00e4siima: 5\u20ac\/siima, enint\u00e4\u00e4n 30 koukkua\/siimaTuulastus: Henkil\u00f6kohtainen lupa 5\u20ac\/vuosi. Kalastusaika 1.8.-30.9. Ravustus: 1\u20ac\/rapumerta, enint\u00e4\u00e4n 10 mertaa\/talous. Ravustusaika 21.7. klo Lue lis\u00e4\u00e4 >","og_url":"https:\/\/pohjoispaijanteenkalatalousalue.fi\/korttajarvi\/luvat\/lupamaksut-ja-ohjeet\/","og_site_name":"Korttaj\u00e4rven osakaskunta","article_modified_time":"2021-01-14T09:28:47+00:00","twitter_card":"summary_large_image","schema":{"@context":"https:\/\/schema.org","@graph":[{"@type":"WebPage","@id":"https:\/\/pohjoispaijanteenkalatalousalue.fi\/korttajarvi\/luvat\/lupamaksut-ja-ohjeet\/","url":"https:\/\/pohjoispaijanteenkalatalousalue.fi\/korttajarvi\/luvat\/lupamaksut-ja-ohjeet\/","name":"Lupamaksut ja ohjeet - Korttaj\u00e4rven osakaskunta","isPartOf":{"@id":"https:\/\/pohjoispaijanteenkalatalousalue.fi\/korttajarvi\/#website"},"datePublished":"2020-10-29T11:39:36+00:00","dateModified":"2021-01-14T09:28:47+00:00","breadcrumb":{"@id":"https:\/\/pohjoispaijanteenkalatalousalue.fi\/korttajarvi\/luvat\/lupamaksut-ja-ohjeet\/#breadcrumb"},"inLanguage":"fi","potentialAction":[{"@type":"ReadAction","target":["https:\/\/pohjoispaijanteenkalatalousalue.fi\/korttajarvi\/luvat\/lupamaksut-ja-ohjeet\/"]}]},{"@type":"BreadcrumbList","@id":"https:\/\/pohjoispaijanteenkalatalousalue.fi\/korttajarvi\/luvat\/lupamaksut-ja-ohjeet\/#breadcrumb","itemListElement":[{"@type":"ListItem","position":1,"name":"Home","item":"https:\/\/pohjoispaijanteenkalatalousalue.fi\/korttajarvi\/"},{"@type":"ListItem","position":2,"name":"Yksityinen: Luvat","item":"https:\/\/pohjoispaijanteenkalatalousalue.fi\/korttajarvi\/?page_id=45"},{"@type":"ListItem","position":3,"name":"Lupamaksut ja ohjeet"}]},{"@type":"WebSite","@id":"https:\/\/pohjoispaijanteenkalatalousalue.fi\/korttajarvi\/#website","url":"https:\/\/pohjoispaijanteenkalatalousalue.fi\/korttajarvi\/","name":"Korttaj\u00e4rven osakaskunta","description":"","potentialAction":[{"@type":"SearchAction","target":{"@type":"EntryPoint","urlTemplate":"https:\/\/pohjoispaijanteenkalatalousalue.fi\/korttajarvi\/?s={search_term_string}"},"query-input":{"@type":"PropertyValueSpecification","valueRequired":true,"valueName":"search_term_string"}}],"inLanguage":"fi"}]}},"_links":{"self":[{"href":"https:\/\/pohjoispaijanteenkalatalousalue.fi\/korttajarvi\/wp-json\/wp\/v2\/pages\/86","targetHints":{"allow":["GET"]}}],"collection":[{"href":"https:\/\/pohjoispaijanteenkalatalousalue.fi\/korttajarvi\/wp-json\/wp\/v2\/pages"}],"about":[{"href":"https:\/\/pohjoispaijanteenkalatalousalue.fi\/korttajarvi\/wp-json\/wp\/v2\/types\/page"}],"author":[{"embeddable":true,"href":"https:\/\/pohjoispaijanteenkalatalousalue.fi\/korttajarvi\/wp-json\/wp\/v2\/users\/1"}],"replies":[{"embeddable":true,"href":"https:\/\/pohjoispaijanteenkalatalousalue.fi\/korttajarvi\/wp-json\/wp\/v2\/comments?post=86"}],"version-history":[{"count":5,"href":"https:\/\/pohjoispaijanteenkalatalousalue.fi\/korttajarvi\/wp-json\/wp\/v2\/pages\/86\/revisions"}],"predecessor-version":[{"id":218,"href":"https:\/\/pohjoispaijanteenkalatalousalue.fi\/korttajarvi\/wp-json\/wp\/v2\/pages\/86\/revisions\/218"}],"up":[{"embeddable":true,"href":"https:\/\/pohjoispaijanteenkalatalousalue.fi\/korttajarvi\/wp-json\/wp\/v2\/pages\/45"}],"wp:attachment":[{"href":"https:\/\/pohjoispaijanteenkalatalousalue.fi\/korttajarvi\/wp-json\/wp\/v2\/media?parent=86"}],"curies":[{"name":"wp","href":"https:\/\/api.w.org\/{rel}","templated":true}]}}