{"id":26,"date":"2020-10-29T08:31:59","date_gmt":"2020-10-29T08:31:59","guid":{"rendered":"http:\/\/89.166.51.80\/~pohjoispaij\/korpilahti\/?page_id=26"},"modified":"2023-02-17T06:56:08","modified_gmt":"2023-02-17T06:56:08","slug":"tiedot","status":"publish","type":"page","link":"https:\/\/pohjoispaijanteenkalatalousalue.fi\/korpilahti\/tiedot\/","title":{"rendered":"Tiedot"},"content":{"rendered":"\n<h2 class=\"wp-block-heading\">Yhteystiedot<\/h2>\n\n\n\n<p>Ari Sepp\u00e4l\u00e4<br>Salovuorentie<br>41800 KORPILAHTI<br>Puh. 040 730 0015<\/p>\n\n\n\n<h2 class=\"wp-block-heading\">Sijainti<\/h2>\n\n\n\n<p><\/p>\n\n\n\n<figure class=\"wp-block-image size-large\"><img loading=\"lazy\" decoding=\"async\" width=\"724\" height=\"1024\" src=\"https:\/\/pohjoispaijanteenkalatalousalue.fi\/korpilahti\/wp-content\/uploads\/sites\/53\/2023\/02\/korpilahti-724x1024.png\" alt=\"\" class=\"wp-image-232\" srcset=\"https:\/\/pohjoispaijanteenkalatalousalue.fi\/korpilahti\/wp-content\/uploads\/sites\/53\/2023\/02\/korpilahti-724x1024.png 724w, https:\/\/pohjoispaijanteenkalatalousalue.fi\/korpilahti\/wp-content\/uploads\/sites\/53\/2023\/02\/korpilahti-212x300.png 212w, https:\/\/pohjoispaijanteenkalatalousalue.fi\/korpilahti\/wp-content\/uploads\/sites\/53\/2023\/02\/korpilahti-768x1086.png 768w, https:\/\/pohjoispaijanteenkalatalousalue.fi\/korpilahti\/wp-content\/uploads\/sites\/53\/2023\/02\/korpilahti-1086x1536.png 1086w, https:\/\/pohjoispaijanteenkalatalousalue.fi\/korpilahti\/wp-content\/uploads\/sites\/53\/2023\/02\/korpilahti-1448x2048.png 1448w\" sizes=\"auto, (max-width: 724px) 100vw, 724px\" \/><\/figure>\n","protected":false},"excerpt":{"rendered":"<p>Yhteystiedot Ari Sepp\u00e4l\u00e4Salovuorentie41800 KORPILAHTIPuh. 040 730 0015 Sijainti<\/p>\n","protected":false},"author":1,"featured_media":0,"parent":0,"menu_order":0,"comment_status":"closed","ping_status":"closed","template":"basic-sivu.php","meta":{"_acf_changed":false,"footnotes":""},"class_list":["post-26","page","type-page","status-publish","hentry"],"acf":[],"yoast_head":"<!-- This site is optimized with the Yoast SEO plugin v27.1.1 - https:\/\/yoast.com\/product\/yoast-seo-wordpress\/ -->\n<title>Tiedot - Korpilahden kyl\u00e4n osakaskunta<\/title>\n<meta name=\"robots\" content=\"index, follow, max-snippet:-1, max-image-preview:large, max-video-preview:-1\" \/>\n<link rel=\"canonical\" href=\"https:\/\/pohjoispaijanteenkalatalousalue.fi\/korpilahti\/tiedot\/\" \/>\n<meta property=\"og:locale\" content=\"fi_FI\" \/>\n<meta property=\"og:type\" content=\"article\" \/>\n<meta property=\"og:title\" content=\"Tiedot - Korpilahden kyl\u00e4n osakaskunta\" \/>\n<meta property=\"og:description\" content=\"Yhteystiedot Ari Sepp\u00e4l\u00e4Salovuorentie41800 KORPILAHTIPuh. 040 730 0015 Sijainti\" \/>\n<meta property=\"og:url\" content=\"https:\/\/pohjoispaijanteenkalatalousalue.fi\/korpilahti\/tiedot\/\" \/>\n<meta property=\"og:site_name\" content=\"Korpilahden kyl\u00e4n osakaskunta\" \/>\n<meta property=\"article:modified_time\" content=\"2023-02-17T06:56:08+00:00\" \/>\n<meta property=\"og:image\" content=\"https:\/\/pohjoispaijanteenkalatalousalue.fi\/korpilahti\/wp-content\/uploads\/sites\/53\/2023\/02\/korpilahti-724x1024.png\" \/>\n<meta name=\"twitter:card\" content=\"summary_large_image\" \/>\n<meta name=\"twitter:label1\" content=\"Arvioitu lukuaika\" \/>\n\t<meta name=\"twitter:data1\" content=\"1 minuutti\" \/>\n<script type=\"application\/ld+json\" class=\"yoast-schema-graph\">{\"@context\":\"https:\/\/schema.org\",\"@graph\":[{\"@type\":\"WebPage\",\"@id\":\"https:\/\/pohjoispaijanteenkalatalousalue.fi\/korpilahti\/tiedot\/\",\"url\":\"https:\/\/pohjoispaijanteenkalatalousalue.fi\/korpilahti\/tiedot\/\",\"name\":\"Tiedot - Korpilahden kyl\u00e4n osakaskunta\",\"isPartOf\":{\"@id\":\"https:\/\/pohjoispaijanteenkalatalousalue.fi\/korpilahti\/#website\"},\"primaryImageOfPage\":{\"@id\":\"https:\/\/pohjoispaijanteenkalatalousalue.fi\/korpilahti\/tiedot\/#primaryimage\"},\"image\":{\"@id\":\"https:\/\/pohjoispaijanteenkalatalousalue.fi\/korpilahti\/tiedot\/#primaryimage\"},\"thumbnailUrl\":\"https:\/\/pohjoispaijanteenkalatalousalue.fi\/korpilahti\/wp-content\/uploads\/sites\/53\/2023\/02\/korpilahti-724x1024.png\",\"datePublished\":\"2020-10-29T08:31:59+00:00\",\"dateModified\":\"2023-02-17T06:56:08+00:00\",\"breadcrumb\":{\"@id\":\"https:\/\/pohjoispaijanteenkalatalousalue.fi\/korpilahti\/tiedot\/#breadcrumb\"},\"inLanguage\":\"fi\",\"potentialAction\":[{\"@type\":\"ReadAction\",\"target\":[\"https:\/\/pohjoispaijanteenkalatalousalue.fi\/korpilahti\/tiedot\/\"]}]},{\"@type\":\"ImageObject\",\"inLanguage\":\"fi\",\"@id\":\"https:\/\/pohjoispaijanteenkalatalousalue.fi\/korpilahti\/tiedot\/#primaryimage\",\"url\":\"https:\/\/pohjoispaijanteenkalatalousalue.fi\/korpilahti\/wp-content\/uploads\/sites\/53\/2023\/02\/korpilahti.png\",\"contentUrl\":\"https:\/\/pohjoispaijanteenkalatalousalue.fi\/korpilahti\/wp-content\/uploads\/sites\/53\/2023\/02\/korpilahti.png\",\"width\":4960,\"height\":7015},{\"@type\":\"BreadcrumbList\",\"@id\":\"https:\/\/pohjoispaijanteenkalatalousalue.fi\/korpilahti\/tiedot\/#breadcrumb\",\"itemListElement\":[{\"@type\":\"ListItem\",\"position\":1,\"name\":\"Home\",\"item\":\"https:\/\/pohjoispaijanteenkalatalousalue.fi\/korpilahti\/\"},{\"@type\":\"ListItem\",\"position\":2,\"name\":\"Tiedot\"}]},{\"@type\":\"WebSite\",\"@id\":\"https:\/\/pohjoispaijanteenkalatalousalue.fi\/korpilahti\/#website\",\"url\":\"https:\/\/pohjoispaijanteenkalatalousalue.fi\/korpilahti\/\",\"name\":\"Korpilahden kyl\u00e4n osakaskunta\",\"description\":\"\",\"potentialAction\":[{\"@type\":\"SearchAction\",\"target\":{\"@type\":\"EntryPoint\",\"urlTemplate\":\"https:\/\/pohjoispaijanteenkalatalousalue.fi\/korpilahti\/?s={search_term_string}\"},\"query-input\":{\"@type\":\"PropertyValueSpecification\",\"valueRequired\":true,\"valueName\":\"search_term_string\"}}],\"inLanguage\":\"fi\"}]}<\/script>\n<!-- \/ Yoast SEO plugin. -->","yoast_head_json":{"title":"Tiedot - Korpilahden kyl\u00e4n osakaskunta","robots":{"index":"index","follow":"follow","max-snippet":"max-snippet:-1","max-image-preview":"max-image-preview:large","max-video-preview":"max-video-preview:-1"},"canonical":"https:\/\/pohjoispaijanteenkalatalousalue.fi\/korpilahti\/tiedot\/","og_locale":"fi_FI","og_type":"article","og_title":"Tiedot - Korpilahden kyl\u00e4n osakaskunta","og_description":"Yhteystiedot Ari Sepp\u00e4l\u00e4Salovuorentie41800 KORPILAHTIPuh. 040 730 0015 Sijainti","og_url":"https:\/\/pohjoispaijanteenkalatalousalue.fi\/korpilahti\/tiedot\/","og_site_name":"Korpilahden kyl\u00e4n osakaskunta","article_modified_time":"2023-02-17T06:56:08+00:00","og_image":[{"url":"https:\/\/pohjoispaijanteenkalatalousalue.fi\/korpilahti\/wp-content\/uploads\/sites\/53\/2023\/02\/korpilahti-724x1024.png","type":"","width":"","height":""}],"twitter_card":"summary_large_image","twitter_misc":{"Arvioitu lukuaika":"1 minuutti"},"schema":{"@context":"https:\/\/schema.org","@graph":[{"@type":"WebPage","@id":"https:\/\/pohjoispaijanteenkalatalousalue.fi\/korpilahti\/tiedot\/","url":"https:\/\/pohjoispaijanteenkalatalousalue.fi\/korpilahti\/tiedot\/","name":"Tiedot - Korpilahden kyl\u00e4n osakaskunta","isPartOf":{"@id":"https:\/\/pohjoispaijanteenkalatalousalue.fi\/korpilahti\/#website"},"primaryImageOfPage":{"@id":"https:\/\/pohjoispaijanteenkalatalousalue.fi\/korpilahti\/tiedot\/#primaryimage"},"image":{"@id":"https:\/\/pohjoispaijanteenkalatalousalue.fi\/korpilahti\/tiedot\/#primaryimage"},"thumbnailUrl":"https:\/\/pohjoispaijanteenkalatalousalue.fi\/korpilahti\/wp-content\/uploads\/sites\/53\/2023\/02\/korpilahti-724x1024.png","datePublished":"2020-10-29T08:31:59+00:00","dateModified":"2023-02-17T06:56:08+00:00","breadcrumb":{"@id":"https:\/\/pohjoispaijanteenkalatalousalue.fi\/korpilahti\/tiedot\/#breadcrumb"},"inLanguage":"fi","potentialAction":[{"@type":"ReadAction","target":["https:\/\/pohjoispaijanteenkalatalousalue.fi\/korpilahti\/tiedot\/"]}]},{"@type":"ImageObject","inLanguage":"fi","@id":"https:\/\/pohjoispaijanteenkalatalousalue.fi\/korpilahti\/tiedot\/#primaryimage","url":"https:\/\/pohjoispaijanteenkalatalousalue.fi\/korpilahti\/wp-content\/uploads\/sites\/53\/2023\/02\/korpilahti.png","contentUrl":"https:\/\/pohjoispaijanteenkalatalousalue.fi\/korpilahti\/wp-content\/uploads\/sites\/53\/2023\/02\/korpilahti.png","width":4960,"height":7015},{"@type":"BreadcrumbList","@id":"https:\/\/pohjoispaijanteenkalatalousalue.fi\/korpilahti\/tiedot\/#breadcrumb","itemListElement":[{"@type":"ListItem","position":1,"name":"Home","item":"https:\/\/pohjoispaijanteenkalatalousalue.fi\/korpilahti\/"},{"@type":"ListItem","position":2,"name":"Tiedot"}]},{"@type":"WebSite","@id":"https:\/\/pohjoispaijanteenkalatalousalue.fi\/korpilahti\/#website","url":"https:\/\/pohjoispaijanteenkalatalousalue.fi\/korpilahti\/","name":"Korpilahden kyl\u00e4n osakaskunta","description":"","potentialAction":[{"@type":"SearchAction","target":{"@type":"EntryPoint","urlTemplate":"https:\/\/pohjoispaijanteenkalatalousalue.fi\/korpilahti\/?s={search_term_string}"},"query-input":{"@type":"PropertyValueSpecification","valueRequired":true,"valueName":"search_term_string"}}],"inLanguage":"fi"}]}},"_links":{"self":[{"href":"https:\/\/pohjoispaijanteenkalatalousalue.fi\/korpilahti\/wp-json\/wp\/v2\/pages\/26","targetHints":{"allow":["GET"]}}],"collection":[{"href":"https:\/\/pohjoispaijanteenkalatalousalue.fi\/korpilahti\/wp-json\/wp\/v2\/pages"}],"about":[{"href":"https:\/\/pohjoispaijanteenkalatalousalue.fi\/korpilahti\/wp-json\/wp\/v2\/types\/page"}],"author":[{"embeddable":true,"href":"https:\/\/pohjoispaijanteenkalatalousalue.fi\/korpilahti\/wp-json\/wp\/v2\/users\/1"}],"replies":[{"embeddable":true,"href":"https:\/\/pohjoispaijanteenkalatalousalue.fi\/korpilahti\/wp-json\/wp\/v2\/comments?post=26"}],"version-history":[{"count":14,"href":"https:\/\/pohjoispaijanteenkalatalousalue.fi\/korpilahti\/wp-json\/wp\/v2\/pages\/26\/revisions"}],"predecessor-version":[{"id":236,"href":"https:\/\/pohjoispaijanteenkalatalousalue.fi\/korpilahti\/wp-json\/wp\/v2\/pages\/26\/revisions\/236"}],"wp:attachment":[{"href":"https:\/\/pohjoispaijanteenkalatalousalue.fi\/korpilahti\/wp-json\/wp\/v2\/media?parent=26"}],"curies":[{"name":"wp","href":"https:\/\/api.w.org\/{rel}","templated":true}]}}