{"id":2,"date":"2020-10-22T07:32:51","date_gmt":"2020-10-22T07:32:51","guid":{"rendered":"http:\/\/89.166.51.80\/~pohjoispaij\/kilvensalo\/?page_id=2"},"modified":"2021-04-07T08:05:44","modified_gmt":"2021-04-07T08:05:44","slug":"etusivu","status":"publish","type":"page","link":"https:\/\/pohjoispaijanteenkalatalousalue.fi\/kilvensalo\/","title":{"rendered":"Etusivu"},"content":{"rendered":"\n<h2 class=\"wp-block-heading\">Tervetuloa Kilvensalo-Varmaan osakaskuntaan<\/h2>\n\n\n\n<p><strong>Toiminta-ohjeita oskaskunnan alueella :<\/strong><\/p>\n\n\n\n<p>* Verkkoihin pit\u00e4\u00e4 kiinnitt\u00e4\u00e4 viralliset merkit ja katiskoiden poloihin nimet uuden kalastuslain mukaisesti. (<a href=\"http:\/\/www.ahven.net\/v2_tiedostot\/186.pdf\" target=\"_blank\" rel=\"noreferrer noopener\">Merkitse pyydyksesi oikein<\/a>)<\/p>\n\n\n\n<p>* Kalastuslupien ja pyydysmerkkien voimassaolokausi alkaa vuosittain I.6.<\/p>\n\n\n\n<p>* Yhteisuistelulupa m uiden putkilahden kalastus- \/osakaskuntien kanssa.<\/p>\n\n\n\n<p>* Vesilintujen mets\u00e4stys, ravustus ja uistelu osakkaille vapaa.<\/p>\n\n\n\n<p><strong>Hinnat;<\/strong><\/p>\n\n\n\n<p>* Huvilanomistajille ym. pienosakkaille enint\u00e4\u00e4n 7 pyydysyksikk\u00f6\u00e4, hinta 1 euro \/ yksikk\u00f6 (esim.&nbsp;3 verkkoa ja katiska)<\/p>\n\n\n\n<p>* Pienosakkaille ja ulkopuolisille voidaan myyd\u00e4 lis\u00e4yksik\u00f6it\u00e4: hinta 1 euro \/ yksikk\u00f6<\/p>\n\n\n\n<p>Lis\u00e4yksik\u00f6t ovat henkil\u00f6kohtaisia, eik\u00e4 niit\u00e4 voi luovuttaa edelleen. Lis\u00e4yksik\u00f6t oikeuttavat ainoastaan verkko- ja katiskalupiin selk\u00e4vesille.<\/p>\n\n\n\n<p>* Pyydysyksik\u00f6n hinta<\/p>\n\n\n\n<p>&#8211; Osakkaille 1 eurolkpl<\/p>\n\n\n\n<p>&#8211; Lis\u00e4yksik\u00f6t 1 euro\/kpl<\/p>\n\n\n\n<p>&#8211; Ulkopuolisille 1 eurolkpl<\/p>\n\n\n\n<p>(Esim. katiska 1 yksikk\u00f6, 3 m x 30 m verkko 2 yksikk\u00f6\u00e4)<\/p>\n\n\n\n<p>* Ulkopuolisille sorsastuslupa: hinta 10 euroa<\/p>\n\n\n\n<p><strong>Lupien myyj\u00e4t:<\/strong><\/p>\n\n\n\n<p>* Putkilahden kyl\u00e4kauppa Virranpoika<\/p>\n\n\n\n<p>* Niilo Huuj\u00e4rvi, puh.0400 803 342<\/p>\n\n\n\n<p><strong>Pyynti- ja pyydysrajoitukset sek\u00e4 rauhoitustavat:<\/strong><\/p>\n\n\n\n<p>* Lahtivesille 1 kpl 2 m x 30 m jataan, mokan alueelle 2kpl 3m x30 m jataan.<\/p>\n\n\n\n<p>* J\u00e4\u00e4n p\u00e4\u00e4lt\u00e4 tapahtuvaan kalastukseen 2 verkkoa per\u00e4tt\u00e4in lahtivesille<\/p>\n\n\n\n<p>* Solmuv\u00e4lilt\u00e4\u00e4n 41-54 mm verkot kielletty, ei koske lahtivesi\u00e4. Lahtivesill\u00e4 suositellaan pid\u00e4tt\u00e4ytymist\u00e4 alle 45 mm:n verkoista.<\/p>\n\n\n\n<p>* Uikopuolisten ja pienosakkaiden lis\u00e4pyydykset selk\u00e4vesille: linjoista Maununk\u00e4rki &#8211; Ikaanniemi ja<\/p>\n\n\n\n<p>Taikinaisniemi &#8211; Kilvensaari selk\u00e4veden puolelle.<\/p>\n\n\n\n<p>Verkkojen v\u00e4li v\u00e4hint\u00e4\u00e4n 30 m p\u00e4itt\u00e4in.<\/p>\n\n\n\n<p>Lahtivesill\u00e4 rys\u00e4n korkeus enint\u00e4\u00e4n 1 m.<\/p>\n\n\n\n<p>* Suositellaan pid\u00e4tt\u00e4ytymist\u00e4 moottoriuisteIusta Iahtivesill\u00e4.<\/p>\n\n\n\n<p><strong>Rauhoitusalueet:<\/strong><\/p>\n\n\n\n<p>* Linjasta Harasaari &#8211; Vehkakivet 500 m leve\u00e4 kaista it\u00e4\u00e4n: kuhan kutualue; kalastus kielletty 15.5.- 30.6. v\u00e4lisen ajan.<\/p>\n\n\n\n<p>* Huuj\u00e4rveen enint\u00e4\u00e4n 1 verkko \/ ruokakunta.<\/p>\n\n\n\n<p>* Ravustus kielletty Huuj\u00e4rvess\u00e4, Rajaj\u00e4rvess\u00e4, Pennij\u00e4rvess\u00e4 ja Nokkosella.<\/p>\n\n\n\n<p>P\u00e4ivitetty 3.3.2013<\/p>\n","protected":false},"excerpt":{"rendered":"<p>Tervetuloa Kilvensalo-Varmaan osakaskuntaan Toiminta-ohjeita oskaskunnan alueella : * Verkkoihin pit\u00e4\u00e4 kiinnitt\u00e4\u00e4 viralliset merkit ja katiskoiden poloihin nimet uuden kalastuslain mukaisesti. (Merkitse pyydyksesi oikein) * Kalastuslupien ja pyydysmerkkien voimassaolokausi alkaa vuosittain I.6. * Yhteisuistelulupa m uiden putkilahden kalastus- \/osakaskuntien kanssa. * Vesilintujen mets\u00e4stys, ravustus ja uistelu osakkaille vapaa. Hinnat; * Huvilanomistajille ym. pienosakkaille enint\u00e4\u00e4n 7 pyydysyksikk\u00f6\u00e4,<\/p>\n<p><a class=\"moretag\" href=\"https:\/\/pohjoispaijanteenkalatalousalue.fi\/kilvensalo\/\"> Lue lis\u00e4\u00e4 ><\/a><\/p>\n","protected":false},"author":1,"featured_media":0,"parent":0,"menu_order":0,"comment_status":"closed","ping_status":"open","template":"","meta":{"_acf_changed":false,"footnotes":""},"class_list":["post-2","page","type-page","status-publish","hentry"],"acf":[],"yoast_head":"<!-- This site is optimized with the Yoast SEO plugin v27.1.1 - https:\/\/yoast.com\/product\/yoast-seo-wordpress\/ -->\n<title>Etusivu - Kilvensalo-Varmaan osakaskunta<\/title>\n<meta name=\"robots\" content=\"index, follow, max-snippet:-1, max-image-preview:large, max-video-preview:-1\" \/>\n<link rel=\"canonical\" href=\"https:\/\/pohjoispaijanteenkalatalousalue.fi\/kilvensalo\/\" \/>\n<meta property=\"og:locale\" content=\"fi_FI\" \/>\n<meta property=\"og:type\" content=\"article\" \/>\n<meta property=\"og:title\" content=\"Etusivu - Kilvensalo-Varmaan osakaskunta\" \/>\n<meta property=\"og:description\" content=\"Tervetuloa Kilvensalo-Varmaan osakaskuntaan Toiminta-ohjeita oskaskunnan alueella : * Verkkoihin pit\u00e4\u00e4 kiinnitt\u00e4\u00e4 viralliset merkit ja katiskoiden poloihin nimet uuden kalastuslain mukaisesti. (Merkitse pyydyksesi oikein) * Kalastuslupien ja pyydysmerkkien voimassaolokausi alkaa vuosittain I.6. * Yhteisuistelulupa m uiden putkilahden kalastus- \/osakaskuntien kanssa. * Vesilintujen mets\u00e4stys, ravustus ja uistelu osakkaille vapaa. Hinnat; * Huvilanomistajille ym. pienosakkaille enint\u00e4\u00e4n 7 pyydysyksikk\u00f6\u00e4, Lue lis\u00e4\u00e4 &gt;\" \/>\n<meta property=\"og:url\" content=\"https:\/\/pohjoispaijanteenkalatalousalue.fi\/kilvensalo\/\" \/>\n<meta property=\"og:site_name\" content=\"Kilvensalo-Varmaan osakaskunta\" \/>\n<meta property=\"article:modified_time\" content=\"2021-04-07T08:05:44+00:00\" \/>\n<meta name=\"twitter:card\" content=\"summary_large_image\" \/>\n<meta name=\"twitter:label1\" content=\"Arvioitu lukuaika\" \/>\n\t<meta name=\"twitter:data1\" content=\"1 minuutti\" \/>\n<script type=\"application\/ld+json\" class=\"yoast-schema-graph\">{\"@context\":\"https:\/\/schema.org\",\"@graph\":[{\"@type\":\"WebPage\",\"@id\":\"https:\/\/pohjoispaijanteenkalatalousalue.fi\/kilvensalo\/\",\"url\":\"https:\/\/pohjoispaijanteenkalatalousalue.fi\/kilvensalo\/\",\"name\":\"Etusivu - Kilvensalo-Varmaan osakaskunta\",\"isPartOf\":{\"@id\":\"https:\/\/pohjoispaijanteenkalatalousalue.fi\/kilvensalo\/#website\"},\"datePublished\":\"2020-10-22T07:32:51+00:00\",\"dateModified\":\"2021-04-07T08:05:44+00:00\",\"breadcrumb\":{\"@id\":\"https:\/\/pohjoispaijanteenkalatalousalue.fi\/kilvensalo\/#breadcrumb\"},\"inLanguage\":\"fi\",\"potentialAction\":[{\"@type\":\"ReadAction\",\"target\":[\"https:\/\/pohjoispaijanteenkalatalousalue.fi\/kilvensalo\/\"]}]},{\"@type\":\"BreadcrumbList\",\"@id\":\"https:\/\/pohjoispaijanteenkalatalousalue.fi\/kilvensalo\/#breadcrumb\",\"itemListElement\":[{\"@type\":\"ListItem\",\"position\":1,\"name\":\"Home\",\"item\":\"https:\/\/pohjoispaijanteenkalatalousalue.fi\/kilvensalo\/\"},{\"@type\":\"ListItem\",\"position\":2,\"name\":\"Etusivu\"}]},{\"@type\":\"WebSite\",\"@id\":\"https:\/\/pohjoispaijanteenkalatalousalue.fi\/kilvensalo\/#website\",\"url\":\"https:\/\/pohjoispaijanteenkalatalousalue.fi\/kilvensalo\/\",\"name\":\"Kilvensalo-Varmaan osakaskunta\",\"description\":\"\",\"potentialAction\":[{\"@type\":\"SearchAction\",\"target\":{\"@type\":\"EntryPoint\",\"urlTemplate\":\"https:\/\/pohjoispaijanteenkalatalousalue.fi\/kilvensalo\/?s={search_term_string}\"},\"query-input\":{\"@type\":\"PropertyValueSpecification\",\"valueRequired\":true,\"valueName\":\"search_term_string\"}}],\"inLanguage\":\"fi\"}]}<\/script>\n<!-- \/ Yoast SEO plugin. -->","yoast_head_json":{"title":"Etusivu - Kilvensalo-Varmaan osakaskunta","robots":{"index":"index","follow":"follow","max-snippet":"max-snippet:-1","max-image-preview":"max-image-preview:large","max-video-preview":"max-video-preview:-1"},"canonical":"https:\/\/pohjoispaijanteenkalatalousalue.fi\/kilvensalo\/","og_locale":"fi_FI","og_type":"article","og_title":"Etusivu - Kilvensalo-Varmaan osakaskunta","og_description":"Tervetuloa Kilvensalo-Varmaan osakaskuntaan Toiminta-ohjeita oskaskunnan alueella : * Verkkoihin pit\u00e4\u00e4 kiinnitt\u00e4\u00e4 viralliset merkit ja katiskoiden poloihin nimet uuden kalastuslain mukaisesti. (Merkitse pyydyksesi oikein) * Kalastuslupien ja pyydysmerkkien voimassaolokausi alkaa vuosittain I.6. * Yhteisuistelulupa m uiden putkilahden kalastus- \/osakaskuntien kanssa. * Vesilintujen mets\u00e4stys, ravustus ja uistelu osakkaille vapaa. Hinnat; * Huvilanomistajille ym. pienosakkaille enint\u00e4\u00e4n 7 pyydysyksikk\u00f6\u00e4, Lue lis\u00e4\u00e4 >","og_url":"https:\/\/pohjoispaijanteenkalatalousalue.fi\/kilvensalo\/","og_site_name":"Kilvensalo-Varmaan osakaskunta","article_modified_time":"2021-04-07T08:05:44+00:00","twitter_card":"summary_large_image","twitter_misc":{"Arvioitu lukuaika":"1 minuutti"},"schema":{"@context":"https:\/\/schema.org","@graph":[{"@type":"WebPage","@id":"https:\/\/pohjoispaijanteenkalatalousalue.fi\/kilvensalo\/","url":"https:\/\/pohjoispaijanteenkalatalousalue.fi\/kilvensalo\/","name":"Etusivu - Kilvensalo-Varmaan osakaskunta","isPartOf":{"@id":"https:\/\/pohjoispaijanteenkalatalousalue.fi\/kilvensalo\/#website"},"datePublished":"2020-10-22T07:32:51+00:00","dateModified":"2021-04-07T08:05:44+00:00","breadcrumb":{"@id":"https:\/\/pohjoispaijanteenkalatalousalue.fi\/kilvensalo\/#breadcrumb"},"inLanguage":"fi","potentialAction":[{"@type":"ReadAction","target":["https:\/\/pohjoispaijanteenkalatalousalue.fi\/kilvensalo\/"]}]},{"@type":"BreadcrumbList","@id":"https:\/\/pohjoispaijanteenkalatalousalue.fi\/kilvensalo\/#breadcrumb","itemListElement":[{"@type":"ListItem","position":1,"name":"Home","item":"https:\/\/pohjoispaijanteenkalatalousalue.fi\/kilvensalo\/"},{"@type":"ListItem","position":2,"name":"Etusivu"}]},{"@type":"WebSite","@id":"https:\/\/pohjoispaijanteenkalatalousalue.fi\/kilvensalo\/#website","url":"https:\/\/pohjoispaijanteenkalatalousalue.fi\/kilvensalo\/","name":"Kilvensalo-Varmaan osakaskunta","description":"","potentialAction":[{"@type":"SearchAction","target":{"@type":"EntryPoint","urlTemplate":"https:\/\/pohjoispaijanteenkalatalousalue.fi\/kilvensalo\/?s={search_term_string}"},"query-input":{"@type":"PropertyValueSpecification","valueRequired":true,"valueName":"search_term_string"}}],"inLanguage":"fi"}]}},"_links":{"self":[{"href":"https:\/\/pohjoispaijanteenkalatalousalue.fi\/kilvensalo\/wp-json\/wp\/v2\/pages\/2","targetHints":{"allow":["GET"]}}],"collection":[{"href":"https:\/\/pohjoispaijanteenkalatalousalue.fi\/kilvensalo\/wp-json\/wp\/v2\/pages"}],"about":[{"href":"https:\/\/pohjoispaijanteenkalatalousalue.fi\/kilvensalo\/wp-json\/wp\/v2\/types\/page"}],"author":[{"embeddable":true,"href":"https:\/\/pohjoispaijanteenkalatalousalue.fi\/kilvensalo\/wp-json\/wp\/v2\/users\/1"}],"replies":[{"embeddable":true,"href":"https:\/\/pohjoispaijanteenkalatalousalue.fi\/kilvensalo\/wp-json\/wp\/v2\/comments?post=2"}],"version-history":[{"count":24,"href":"https:\/\/pohjoispaijanteenkalatalousalue.fi\/kilvensalo\/wp-json\/wp\/v2\/pages\/2\/revisions"}],"predecessor-version":[{"id":222,"href":"https:\/\/pohjoispaijanteenkalatalousalue.fi\/kilvensalo\/wp-json\/wp\/v2\/pages\/2\/revisions\/222"}],"wp:attachment":[{"href":"https:\/\/pohjoispaijanteenkalatalousalue.fi\/kilvensalo\/wp-json\/wp\/v2\/media?parent=2"}],"curies":[{"name":"wp","href":"https:\/\/api.w.org\/{rel}","templated":true}]}}