{"id":86,"date":"2020-10-29T11:39:36","date_gmt":"2020-10-29T11:39:36","guid":{"rendered":"http:\/\/89.166.51.80\/~pohjoispaij\/keljo\/?page_id=86"},"modified":"2025-04-28T12:06:59","modified_gmt":"2025-04-28T12:06:59","slug":"lupamaksut-ja-ohjeet","status":"publish","type":"page","link":"https:\/\/pohjoispaijanteenkalatalousalue.fi\/keljo\/luvat\/lupamaksut-ja-ohjeet\/","title":{"rendered":"Lupamaksut ja ohjeet"},"content":{"rendered":"\n<h2 class=\"wp-block-heading\">Lupamaksut ja ohjeet<\/h2>\n\n\n\n<p><strong>Kalastuksenhoitomaksu ja kalastusl\u00e4\u00e4nikohtaiset&nbsp;<\/strong><strong>viehekalastusmaksut ovat yhdistyneet kalastonhoitomaksuksi 2016.&nbsp;<\/strong><\/p>\n\n\n\n<p><strong>Muuhun kalastukseen tarvitaan kalastonhoitomaksun lis\u00e4ksi vesialueen omistajan lupa.&nbsp;T\u00e4m\u00e4 koskee muun muassa pyydyskalastusta ja kalastusta usealla vavalla.<\/strong><\/p>\n\n\n\n<p><strong>N\u00e4in hoidat kalastonhoitomaksusi ja kalastusalueiden ja osakaskuntien luvat:<\/strong><\/p>\n\n\n\n<h5 class=\"wp-block-heading\"><a href=\"https:\/\/verkkokauppa.eraluvat.fi\/fi\/\" target=\"_blank\" rel=\"noreferrer noopener\">1. ER\u00c4LUVAT-VERKKOKAUPPA<\/a><\/h5>\n\n\n\n<p>&nbsp;Lis\u00e4ohjeita linkin takaa.<\/p>\n\n\n\n<h5 class=\"wp-block-heading\">2. PALVELUNUMERO 020 69 2424<\/h5>\n\n\n\n<p>Soita arkena kello 8-16 palvelunumeroon<\/p>\n\n\n\n<h5 class=\"wp-block-heading\">3. ASIAKASPALVELUPISTE: LUONTOKESKUS TAI R-KIOSKI<\/h5>\n\n\n\n<p>(R-kioskin palvelu ei ole ollut valmis heti alkuvuonna 2016)<\/p>\n\n\n\n<h5 class=\"wp-block-heading\">N\u00c4M\u00c4 TAVAT EIV\u00c4T EN\u00c4\u00c4 OLE K\u00c4YT\u00d6SS\u00c4: MOBIILILUPANUMEROT JA SUORA TILISIIRTO<\/h5>\n\n\n\n<p>Valtion kalastusmaksut eiv\u00e4t ole en\u00e4\u00e4 saatavilla mobiilimaksuina. Kalastonhoitomaksua ei voi my\u00f6sk\u00e4\u00e4n en\u00e4\u00e4 maksaa suoraan ministeri\u00f6n tilille, sill\u00e4 uusi kalastuslaki edellytt\u00e4\u00e4 maksajien rekister\u00f6itymist\u00e4.<\/p>\n\n\n\n<h4 class=\"wp-block-heading\"><strong>Kalastusalueiden ja osakaskuntien vieheluvat, pyydysmerkit ja muut luvat osoitteesta:<\/strong><\/h4>\n\n\n\n<h3 class=\"wp-block-heading\">https:\/\/www.ostaluvat.fi\/<\/h3>\n\n\n\n<h4 class=\"wp-block-heading\">Kalastuksessa tarvittavat luvat:<\/h4>\n\n\n\n<p>Uistin-, virveli-, perho- ja verkkokalastuksessa tarvitaan kalastuskortti sek\u00e4 vesialueen omistajan lupa. Poikkeuksena alle 18-vuotiaat sek\u00e4 yli 65-vuotiaat, jotka eiv\u00e4t tarvitse kalastuskorttia.<\/p>\n\n\n\n<h4 class=\"wp-block-heading\">Kalojen alamitat ja rauhoitusajat:<\/h4>\n\n\n\n<p>J\u00e4rvitaimen, j\u00e4rvilohi 50cm<br>Kuha 42cm<br>Harjus 30cm<\/p>\n\n\n\n<p>J\u00e4rvitaimen ja j\u00e4rvilohi rauhoitettuja joessa 1.9. &#8211; 30.11.<br>Niit\u00e4 saa kuitenkin pyyt\u00e4\u00e4 vapav\u00e4lineill\u00e4 10.9. asti ja 16.11. j\u00e4lkeen.<\/p>\n\n\n\n<p>Harjus on rauhoitettu huhti- toukokuun ajan (saa kuitenkin pyyt\u00e4\u00e4 vapav\u00e4lineill\u00e4).<\/p>\n\n\n\n<p>Rapu on rauhoitettu 1.11. &#8211; 21.7. klo 12.00<\/p>\n\n\n\n<p>Keljonpuron suualue verkkokalastuskielto 1.9.-31.12. ja 1.4.-10.6. v\u00e4lisen\u00e4 aikana verkon solmuv\u00e4lin oltava v\u00e4h. 55 mm. <\/p>\n\n\n\n<figure class=\"wp-block-image size-large\"><img loading=\"lazy\" decoding=\"async\" width=\"1024\" height=\"639\" src=\"https:\/\/pohjoispaijanteenkalatalousalue.fi\/keljo\/wp-content\/uploads\/sites\/48\/2025\/01\/kuva-1024x639.png\" alt=\"\" class=\"wp-image-276\" srcset=\"https:\/\/pohjoispaijanteenkalatalousalue.fi\/keljo\/wp-content\/uploads\/sites\/48\/2025\/01\/kuva-1024x639.png 1024w, https:\/\/pohjoispaijanteenkalatalousalue.fi\/keljo\/wp-content\/uploads\/sites\/48\/2025\/01\/kuva-300x187.png 300w, https:\/\/pohjoispaijanteenkalatalousalue.fi\/keljo\/wp-content\/uploads\/sites\/48\/2025\/01\/kuva-768x480.png 768w, https:\/\/pohjoispaijanteenkalatalousalue.fi\/keljo\/wp-content\/uploads\/sites\/48\/2025\/01\/kuva.png 1270w\" sizes=\"auto, (max-width: 1024px) 100vw, 1024px\" \/><\/figure>\n\n\n\n<h4 class=\"wp-block-heading\">Pyydysmaksut:<\/h4>\n\n\n\n<ul class=\"wp-block-list\">\n<li>Pyydysyksikk\u00f6maksu 10\u20ac<\/li>\n\n\n\n<li>Kes\u00e4ll\u00e4 verkot merkitt\u00e4v\u00e4 60m:n v\u00e4lein lipullisella poijusaolla, lipun koko 20cm x 20cm, salon pituus 1,2m.<\/li>\n\n\n\n<li>Talvella pyydysmerkit j\u00e4\u00e4n alle ja numerot esim. vuoltuun keppiin j\u00e4\u00e4n p\u00e4\u00e4lle.<\/li>\n\n\n\n<li>Verkko 30m&nbsp;10\u20ac<\/li>\n\n\n\n<li>Rantarys\u00e4, alle 1m 10\u20ac<\/li>\n\n\n\n<li>Pitk\u00e4siima (max. 100k) 10\u20ac<\/li>\n\n\n\n<li>Virveli&nbsp;10\u20ac<\/li>\n\n\n\n<li>Uistin 10\u20ac<\/li>\n\n\n\n<li>Tuulastus 10\u20ac<\/li>\n\n\n\n<li>Suppilo 10\u20ac<\/li>\n\n\n\n<li>Koukut&nbsp;10\u20ac\/ 5kpl<\/li>\n\n\n\n<li>Ravustus&nbsp;10\u20ac\/ 3 mertaa<\/li>\n\n\n\n<li>Ismet, max. 5 vapaa 25\u20ac\/vuosi<\/li>\n\n\n\n<li>Katiskasta ei perit\u00e4 maksua<\/li>\n\n\n\n<li>Nuotta, trooli ja avorys\u00e4 sopimuksen mukaan.<\/li>\n<\/ul>\n\n\n\n<p><strong>Rajoitukset<\/strong><\/p>\n\n\n\n<p>Osakaskunnan pyydysmerkeill\u00e4 ei saa kalastaa Tuomioj\u00e4rven virkistyskalastusalueella, vesialue on vuokrattu Jyv\u00e4skyl\u00e4n kaupungille.<\/p>\n\n\n\n<h4 class=\"wp-block-heading\">Sorsastus<\/h4>\n\n\n\n<p>Osakaskunnan alueella vesilintujen mets\u00e4styskielletty.<\/p>\n\n\n\n<h4 class=\"wp-block-heading\">Pilkkikilpailut ja Uistelukilpailut:<br><\/h4>\n\n\n\n<p>Pilkki- ja ongintakilpailut ovat vapaat kilpailumaksuista edellytyksen\u00e4, ett\u00e4 niist\u00e4 ilmoitetaan osakaskunnan esimiehelle.<\/p>\n\n\n\n<h4 class=\"wp-block-heading\">Muistakaa palauttaa kalamerkki<\/h4>\n\n\n\n<p>P\u00e4ij\u00e4nteeseen on istutettu merkittyj\u00e4 j\u00e4rvitaimenia ja j\u00e4rvilohia. Palauta saamasi merkki (my\u00f6s alamittaisesta) ja tiedot kalasta kirjekuoressa ilman postimaksua osoitteella: Kalantutkimuslaitos, Helsinki.&nbsp;<br>Ilmoita kalasta pyyntipaikka ja -aika, pyydys, pituus, paino ja sukupuoli.<\/p>\n","protected":false},"excerpt":{"rendered":"<p>Lupamaksut ja ohjeet Kalastuksenhoitomaksu ja kalastusl\u00e4\u00e4nikohtaiset&nbsp;viehekalastusmaksut ovat yhdistyneet kalastonhoitomaksuksi 2016.&nbsp; Muuhun kalastukseen tarvitaan kalastonhoitomaksun lis\u00e4ksi vesialueen omistajan lupa.&nbsp;T\u00e4m\u00e4 koskee muun muassa pyydyskalastusta ja kalastusta usealla vavalla. N\u00e4in hoidat kalastonhoitomaksusi ja kalastusalueiden ja osakaskuntien luvat: 1. ER\u00c4LUVAT-VERKKOKAUPPA &nbsp;Lis\u00e4ohjeita linkin takaa. 2. PALVELUNUMERO 020 69 2424 Soita arkena kello 8-16 palvelunumeroon 3. ASIAKASPALVELUPISTE: LUONTOKESKUS TAI R-KIOSKI (R-kioskin<\/p>\n<p><a class=\"moretag\" href=\"https:\/\/pohjoispaijanteenkalatalousalue.fi\/keljo\/luvat\/lupamaksut-ja-ohjeet\/\"> Lue lis\u00e4\u00e4 ><\/a><\/p>\n","protected":false},"author":1,"featured_media":0,"parent":45,"menu_order":0,"comment_status":"closed","ping_status":"closed","template":"basic-sivu.php","meta":{"_acf_changed":false,"footnotes":""},"class_list":["post-86","page","type-page","status-publish","hentry"],"acf":[],"yoast_head":"<!-- This site is optimized with the Yoast SEO plugin v27.1.1 - https:\/\/yoast.com\/product\/yoast-seo-wordpress\/ -->\n<title>Lupamaksut ja ohjeet - Keljon osakaskunta<\/title>\n<meta name=\"robots\" content=\"index, follow, max-snippet:-1, max-image-preview:large, max-video-preview:-1\" \/>\n<link rel=\"canonical\" href=\"https:\/\/pohjoispaijanteenkalatalousalue.fi\/keljo\/luvat\/lupamaksut-ja-ohjeet\/\" \/>\n<meta property=\"og:locale\" content=\"fi_FI\" \/>\n<meta property=\"og:type\" content=\"article\" \/>\n<meta property=\"og:title\" content=\"Lupamaksut ja ohjeet - Keljon osakaskunta\" \/>\n<meta property=\"og:description\" content=\"Lupamaksut ja ohjeet Kalastuksenhoitomaksu ja kalastusl\u00e4\u00e4nikohtaiset&nbsp;viehekalastusmaksut ovat yhdistyneet kalastonhoitomaksuksi 2016.&nbsp; Muuhun kalastukseen tarvitaan kalastonhoitomaksun lis\u00e4ksi vesialueen omistajan lupa.&nbsp;T\u00e4m\u00e4 koskee muun muassa pyydyskalastusta ja kalastusta usealla vavalla. N\u00e4in hoidat kalastonhoitomaksusi ja kalastusalueiden ja osakaskuntien luvat: 1. ER\u00c4LUVAT-VERKKOKAUPPA &nbsp;Lis\u00e4ohjeita linkin takaa. 2. PALVELUNUMERO 020 69 2424 Soita arkena kello 8-16 palvelunumeroon 3. ASIAKASPALVELUPISTE: LUONTOKESKUS TAI R-KIOSKI (R-kioskin Lue lis\u00e4\u00e4 &gt;\" \/>\n<meta property=\"og:url\" content=\"https:\/\/pohjoispaijanteenkalatalousalue.fi\/keljo\/luvat\/lupamaksut-ja-ohjeet\/\" \/>\n<meta property=\"og:site_name\" content=\"Keljon osakaskunta\" \/>\n<meta property=\"article:modified_time\" content=\"2025-04-28T12:06:59+00:00\" \/>\n<meta property=\"og:image\" content=\"https:\/\/pohjoispaijanteenkalatalousalue.fi\/keljo\/wp-content\/uploads\/sites\/48\/2025\/01\/kuva.png\" \/>\n\t<meta property=\"og:image:width\" content=\"1270\" \/>\n\t<meta property=\"og:image:height\" content=\"793\" \/>\n\t<meta property=\"og:image:type\" content=\"image\/png\" \/>\n<meta name=\"twitter:card\" content=\"summary_large_image\" \/>\n<meta name=\"twitter:label1\" content=\"Arvioitu lukuaika\" \/>\n\t<meta name=\"twitter:data1\" content=\"3 minuuttia\" \/>\n<script type=\"application\/ld+json\" class=\"yoast-schema-graph\">{\"@context\":\"https:\/\/schema.org\",\"@graph\":[{\"@type\":\"WebPage\",\"@id\":\"https:\/\/pohjoispaijanteenkalatalousalue.fi\/keljo\/luvat\/lupamaksut-ja-ohjeet\/\",\"url\":\"https:\/\/pohjoispaijanteenkalatalousalue.fi\/keljo\/luvat\/lupamaksut-ja-ohjeet\/\",\"name\":\"Lupamaksut ja ohjeet - Keljon osakaskunta\",\"isPartOf\":{\"@id\":\"https:\/\/pohjoispaijanteenkalatalousalue.fi\/keljo\/#website\"},\"primaryImageOfPage\":{\"@id\":\"https:\/\/pohjoispaijanteenkalatalousalue.fi\/keljo\/luvat\/lupamaksut-ja-ohjeet\/#primaryimage\"},\"image\":{\"@id\":\"https:\/\/pohjoispaijanteenkalatalousalue.fi\/keljo\/luvat\/lupamaksut-ja-ohjeet\/#primaryimage\"},\"thumbnailUrl\":\"https:\/\/pohjoispaijanteenkalatalousalue.fi\/keljo\/wp-content\/uploads\/sites\/48\/2025\/01\/kuva-1024x639.png\",\"datePublished\":\"2020-10-29T11:39:36+00:00\",\"dateModified\":\"2025-04-28T12:06:59+00:00\",\"breadcrumb\":{\"@id\":\"https:\/\/pohjoispaijanteenkalatalousalue.fi\/keljo\/luvat\/lupamaksut-ja-ohjeet\/#breadcrumb\"},\"inLanguage\":\"fi\",\"potentialAction\":[{\"@type\":\"ReadAction\",\"target\":[\"https:\/\/pohjoispaijanteenkalatalousalue.fi\/keljo\/luvat\/lupamaksut-ja-ohjeet\/\"]}]},{\"@type\":\"ImageObject\",\"inLanguage\":\"fi\",\"@id\":\"https:\/\/pohjoispaijanteenkalatalousalue.fi\/keljo\/luvat\/lupamaksut-ja-ohjeet\/#primaryimage\",\"url\":\"https:\/\/pohjoispaijanteenkalatalousalue.fi\/keljo\/wp-content\/uploads\/sites\/48\/2025\/01\/kuva.png\",\"contentUrl\":\"https:\/\/pohjoispaijanteenkalatalousalue.fi\/keljo\/wp-content\/uploads\/sites\/48\/2025\/01\/kuva.png\",\"width\":1270,\"height\":793},{\"@type\":\"BreadcrumbList\",\"@id\":\"https:\/\/pohjoispaijanteenkalatalousalue.fi\/keljo\/luvat\/lupamaksut-ja-ohjeet\/#breadcrumb\",\"itemListElement\":[{\"@type\":\"ListItem\",\"position\":1,\"name\":\"Home\",\"item\":\"https:\/\/pohjoispaijanteenkalatalousalue.fi\/keljo\/\"},{\"@type\":\"ListItem\",\"position\":2,\"name\":\"Yksityinen: Luvat\",\"item\":\"https:\/\/pohjoispaijanteenkalatalousalue.fi\/keljo\/?page_id=45\"},{\"@type\":\"ListItem\",\"position\":3,\"name\":\"Lupamaksut ja ohjeet\"}]},{\"@type\":\"WebSite\",\"@id\":\"https:\/\/pohjoispaijanteenkalatalousalue.fi\/keljo\/#website\",\"url\":\"https:\/\/pohjoispaijanteenkalatalousalue.fi\/keljo\/\",\"name\":\"Keljon osakaskunta\",\"description\":\"\",\"potentialAction\":[{\"@type\":\"SearchAction\",\"target\":{\"@type\":\"EntryPoint\",\"urlTemplate\":\"https:\/\/pohjoispaijanteenkalatalousalue.fi\/keljo\/?s={search_term_string}\"},\"query-input\":{\"@type\":\"PropertyValueSpecification\",\"valueRequired\":true,\"valueName\":\"search_term_string\"}}],\"inLanguage\":\"fi\"}]}<\/script>\n<!-- \/ Yoast SEO plugin. -->","yoast_head_json":{"title":"Lupamaksut ja ohjeet - Keljon osakaskunta","robots":{"index":"index","follow":"follow","max-snippet":"max-snippet:-1","max-image-preview":"max-image-preview:large","max-video-preview":"max-video-preview:-1"},"canonical":"https:\/\/pohjoispaijanteenkalatalousalue.fi\/keljo\/luvat\/lupamaksut-ja-ohjeet\/","og_locale":"fi_FI","og_type":"article","og_title":"Lupamaksut ja ohjeet - Keljon osakaskunta","og_description":"Lupamaksut ja ohjeet Kalastuksenhoitomaksu ja kalastusl\u00e4\u00e4nikohtaiset&nbsp;viehekalastusmaksut ovat yhdistyneet kalastonhoitomaksuksi 2016.&nbsp; Muuhun kalastukseen tarvitaan kalastonhoitomaksun lis\u00e4ksi vesialueen omistajan lupa.&nbsp;T\u00e4m\u00e4 koskee muun muassa pyydyskalastusta ja kalastusta usealla vavalla. N\u00e4in hoidat kalastonhoitomaksusi ja kalastusalueiden ja osakaskuntien luvat: 1. ER\u00c4LUVAT-VERKKOKAUPPA &nbsp;Lis\u00e4ohjeita linkin takaa. 2. PALVELUNUMERO 020 69 2424 Soita arkena kello 8-16 palvelunumeroon 3. ASIAKASPALVELUPISTE: LUONTOKESKUS TAI R-KIOSKI (R-kioskin Lue lis\u00e4\u00e4 >","og_url":"https:\/\/pohjoispaijanteenkalatalousalue.fi\/keljo\/luvat\/lupamaksut-ja-ohjeet\/","og_site_name":"Keljon osakaskunta","article_modified_time":"2025-04-28T12:06:59+00:00","og_image":[{"width":1270,"height":793,"url":"https:\/\/pohjoispaijanteenkalatalousalue.fi\/keljo\/wp-content\/uploads\/sites\/48\/2025\/01\/kuva.png","type":"image\/png"}],"twitter_card":"summary_large_image","twitter_misc":{"Arvioitu lukuaika":"3 minuuttia"},"schema":{"@context":"https:\/\/schema.org","@graph":[{"@type":"WebPage","@id":"https:\/\/pohjoispaijanteenkalatalousalue.fi\/keljo\/luvat\/lupamaksut-ja-ohjeet\/","url":"https:\/\/pohjoispaijanteenkalatalousalue.fi\/keljo\/luvat\/lupamaksut-ja-ohjeet\/","name":"Lupamaksut ja ohjeet - Keljon osakaskunta","isPartOf":{"@id":"https:\/\/pohjoispaijanteenkalatalousalue.fi\/keljo\/#website"},"primaryImageOfPage":{"@id":"https:\/\/pohjoispaijanteenkalatalousalue.fi\/keljo\/luvat\/lupamaksut-ja-ohjeet\/#primaryimage"},"image":{"@id":"https:\/\/pohjoispaijanteenkalatalousalue.fi\/keljo\/luvat\/lupamaksut-ja-ohjeet\/#primaryimage"},"thumbnailUrl":"https:\/\/pohjoispaijanteenkalatalousalue.fi\/keljo\/wp-content\/uploads\/sites\/48\/2025\/01\/kuva-1024x639.png","datePublished":"2020-10-29T11:39:36+00:00","dateModified":"2025-04-28T12:06:59+00:00","breadcrumb":{"@id":"https:\/\/pohjoispaijanteenkalatalousalue.fi\/keljo\/luvat\/lupamaksut-ja-ohjeet\/#breadcrumb"},"inLanguage":"fi","potentialAction":[{"@type":"ReadAction","target":["https:\/\/pohjoispaijanteenkalatalousalue.fi\/keljo\/luvat\/lupamaksut-ja-ohjeet\/"]}]},{"@type":"ImageObject","inLanguage":"fi","@id":"https:\/\/pohjoispaijanteenkalatalousalue.fi\/keljo\/luvat\/lupamaksut-ja-ohjeet\/#primaryimage","url":"https:\/\/pohjoispaijanteenkalatalousalue.fi\/keljo\/wp-content\/uploads\/sites\/48\/2025\/01\/kuva.png","contentUrl":"https:\/\/pohjoispaijanteenkalatalousalue.fi\/keljo\/wp-content\/uploads\/sites\/48\/2025\/01\/kuva.png","width":1270,"height":793},{"@type":"BreadcrumbList","@id":"https:\/\/pohjoispaijanteenkalatalousalue.fi\/keljo\/luvat\/lupamaksut-ja-ohjeet\/#breadcrumb","itemListElement":[{"@type":"ListItem","position":1,"name":"Home","item":"https:\/\/pohjoispaijanteenkalatalousalue.fi\/keljo\/"},{"@type":"ListItem","position":2,"name":"Yksityinen: Luvat","item":"https:\/\/pohjoispaijanteenkalatalousalue.fi\/keljo\/?page_id=45"},{"@type":"ListItem","position":3,"name":"Lupamaksut ja ohjeet"}]},{"@type":"WebSite","@id":"https:\/\/pohjoispaijanteenkalatalousalue.fi\/keljo\/#website","url":"https:\/\/pohjoispaijanteenkalatalousalue.fi\/keljo\/","name":"Keljon osakaskunta","description":"","potentialAction":[{"@type":"SearchAction","target":{"@type":"EntryPoint","urlTemplate":"https:\/\/pohjoispaijanteenkalatalousalue.fi\/keljo\/?s={search_term_string}"},"query-input":{"@type":"PropertyValueSpecification","valueRequired":true,"valueName":"search_term_string"}}],"inLanguage":"fi"}]}},"_links":{"self":[{"href":"https:\/\/pohjoispaijanteenkalatalousalue.fi\/keljo\/wp-json\/wp\/v2\/pages\/86","targetHints":{"allow":["GET"]}}],"collection":[{"href":"https:\/\/pohjoispaijanteenkalatalousalue.fi\/keljo\/wp-json\/wp\/v2\/pages"}],"about":[{"href":"https:\/\/pohjoispaijanteenkalatalousalue.fi\/keljo\/wp-json\/wp\/v2\/types\/page"}],"author":[{"embeddable":true,"href":"https:\/\/pohjoispaijanteenkalatalousalue.fi\/keljo\/wp-json\/wp\/v2\/users\/1"}],"replies":[{"embeddable":true,"href":"https:\/\/pohjoispaijanteenkalatalousalue.fi\/keljo\/wp-json\/wp\/v2\/comments?post=86"}],"version-history":[{"count":13,"href":"https:\/\/pohjoispaijanteenkalatalousalue.fi\/keljo\/wp-json\/wp\/v2\/pages\/86\/revisions"}],"predecessor-version":[{"id":288,"href":"https:\/\/pohjoispaijanteenkalatalousalue.fi\/keljo\/wp-json\/wp\/v2\/pages\/86\/revisions\/288"}],"up":[{"embeddable":true,"href":"https:\/\/pohjoispaijanteenkalatalousalue.fi\/keljo\/wp-json\/wp\/v2\/pages\/45"}],"wp:attachment":[{"href":"https:\/\/pohjoispaijanteenkalatalousalue.fi\/keljo\/wp-json\/wp\/v2\/media?parent=86"}],"curies":[{"name":"wp","href":"https:\/\/api.w.org\/{rel}","templated":true}]}}