{"id":49,"date":"2020-10-29T09:51:51","date_gmt":"2020-10-29T09:51:51","guid":{"rendered":"http:\/\/89.166.51.80\/~pohjoispaij\/keljo\/?page_id=49"},"modified":"2021-06-15T12:10:39","modified_gmt":"2021-06-15T12:10:39","slug":"paatokset","status":"publish","type":"page","link":"https:\/\/pohjoispaijanteenkalatalousalue.fi\/keljo\/paatokset\/","title":{"rendered":"P\u00e4\u00e4t\u00f6kset"},"content":{"rendered":"\n<h2 class=\"wp-block-heading\">Rajoitukset<\/h2>\n\n\n\n<p><strong>HUOM! PYYDYSRAJOITUS<\/strong>:<\/p>\n\n\n\n<p><br>Verkkojen silm\u00e4koot v\u00e4lilt\u00e4 41-54 mm kiellet\u00e4\u00e4n P\u00e4ij\u00e4nteell\u00e4 ja Jyv\u00e4sj\u00e4rvell\u00e4. S\u00e4\u00e4ksj\u00e4rvell\u00e4 2 kpl 30 m per ruokakunta. Silm\u00e4koko 38 mm tai suurempi.<\/p>\n\n\n\n<h3 class=\"wp-block-heading\">Rauhoitusalueet<\/h3>\n\n\n\n<p>Kinkomaan alue: verkkokalastus, onginta ja pilkint\u00e4, viehekalastus sek\u00e4 yli 1 m korkeiden rys\u00e4t kielletty 1.5.-15.6.&nbsp;www.pohjoispaijanteenkalastusalue.fi&nbsp;S\u00e4\u00e4ksj\u00e4rvi rauhoitetaan ravustukselta vuosiksi 2019 ja 2020.<\/p>\n","protected":false},"excerpt":{"rendered":"<p>Rajoitukset HUOM! PYYDYSRAJOITUS: Verkkojen silm\u00e4koot v\u00e4lilt\u00e4 41-54 mm kiellet\u00e4\u00e4n P\u00e4ij\u00e4nteell\u00e4 ja Jyv\u00e4sj\u00e4rvell\u00e4. S\u00e4\u00e4ksj\u00e4rvell\u00e4 2 kpl 30 m per ruokakunta. Silm\u00e4koko 38 mm tai suurempi. Rauhoitusalueet Kinkomaan alue: verkkokalastus, onginta ja pilkint\u00e4, viehekalastus sek\u00e4 yli 1 m korkeiden rys\u00e4t kielletty 1.5.-15.6.&nbsp;www.pohjoispaijanteenkalastusalue.fi&nbsp;S\u00e4\u00e4ksj\u00e4rvi rauhoitetaan ravustukselta vuosiksi 2019 ja 2020.<\/p>\n","protected":false},"author":1,"featured_media":0,"parent":0,"menu_order":0,"comment_status":"closed","ping_status":"closed","template":"basic-sivu.php","meta":{"_acf_changed":false,"footnotes":""},"class_list":["post-49","page","type-page","status-publish","hentry"],"acf":[],"yoast_head":"<!-- This site is optimized with the Yoast SEO plugin v27.1.1 - https:\/\/yoast.com\/product\/yoast-seo-wordpress\/ -->\n<title>P\u00e4\u00e4t\u00f6kset - Keljon osakaskunta<\/title>\n<meta name=\"robots\" content=\"index, follow, max-snippet:-1, max-image-preview:large, max-video-preview:-1\" \/>\n<link rel=\"canonical\" href=\"https:\/\/pohjoispaijanteenkalatalousalue.fi\/keljo\/paatokset\/\" \/>\n<meta property=\"og:locale\" content=\"fi_FI\" \/>\n<meta property=\"og:type\" content=\"article\" \/>\n<meta property=\"og:title\" content=\"P\u00e4\u00e4t\u00f6kset - Keljon osakaskunta\" \/>\n<meta property=\"og:description\" content=\"Rajoitukset HUOM! PYYDYSRAJOITUS: Verkkojen silm\u00e4koot v\u00e4lilt\u00e4 41-54 mm kiellet\u00e4\u00e4n P\u00e4ij\u00e4nteell\u00e4 ja Jyv\u00e4sj\u00e4rvell\u00e4. S\u00e4\u00e4ksj\u00e4rvell\u00e4 2 kpl 30 m per ruokakunta. Silm\u00e4koko 38 mm tai suurempi. Rauhoitusalueet Kinkomaan alue: verkkokalastus, onginta ja pilkint\u00e4, viehekalastus sek\u00e4 yli 1 m korkeiden rys\u00e4t kielletty 1.5.-15.6.&nbsp;www.pohjoispaijanteenkalastusalue.fi&nbsp;S\u00e4\u00e4ksj\u00e4rvi rauhoitetaan ravustukselta vuosiksi 2019 ja 2020.\" \/>\n<meta property=\"og:url\" content=\"https:\/\/pohjoispaijanteenkalatalousalue.fi\/keljo\/paatokset\/\" \/>\n<meta property=\"og:site_name\" content=\"Keljon osakaskunta\" \/>\n<meta property=\"article:modified_time\" content=\"2021-06-15T12:10:39+00:00\" \/>\n<meta name=\"twitter:card\" content=\"summary_large_image\" \/>\n<meta name=\"twitter:label1\" content=\"Arvioitu lukuaika\" \/>\n\t<meta name=\"twitter:data1\" content=\"1 minuutti\" \/>\n<script type=\"application\/ld+json\" class=\"yoast-schema-graph\">{\"@context\":\"https:\/\/schema.org\",\"@graph\":[{\"@type\":\"WebPage\",\"@id\":\"https:\/\/pohjoispaijanteenkalatalousalue.fi\/keljo\/paatokset\/\",\"url\":\"https:\/\/pohjoispaijanteenkalatalousalue.fi\/keljo\/paatokset\/\",\"name\":\"P\u00e4\u00e4t\u00f6kset - Keljon osakaskunta\",\"isPartOf\":{\"@id\":\"https:\/\/pohjoispaijanteenkalatalousalue.fi\/keljo\/#website\"},\"datePublished\":\"2020-10-29T09:51:51+00:00\",\"dateModified\":\"2021-06-15T12:10:39+00:00\",\"breadcrumb\":{\"@id\":\"https:\/\/pohjoispaijanteenkalatalousalue.fi\/keljo\/paatokset\/#breadcrumb\"},\"inLanguage\":\"fi\",\"potentialAction\":[{\"@type\":\"ReadAction\",\"target\":[\"https:\/\/pohjoispaijanteenkalatalousalue.fi\/keljo\/paatokset\/\"]}]},{\"@type\":\"BreadcrumbList\",\"@id\":\"https:\/\/pohjoispaijanteenkalatalousalue.fi\/keljo\/paatokset\/#breadcrumb\",\"itemListElement\":[{\"@type\":\"ListItem\",\"position\":1,\"name\":\"Home\",\"item\":\"https:\/\/pohjoispaijanteenkalatalousalue.fi\/keljo\/\"},{\"@type\":\"ListItem\",\"position\":2,\"name\":\"P\u00e4\u00e4t\u00f6kset\"}]},{\"@type\":\"WebSite\",\"@id\":\"https:\/\/pohjoispaijanteenkalatalousalue.fi\/keljo\/#website\",\"url\":\"https:\/\/pohjoispaijanteenkalatalousalue.fi\/keljo\/\",\"name\":\"Keljon osakaskunta\",\"description\":\"\",\"potentialAction\":[{\"@type\":\"SearchAction\",\"target\":{\"@type\":\"EntryPoint\",\"urlTemplate\":\"https:\/\/pohjoispaijanteenkalatalousalue.fi\/keljo\/?s={search_term_string}\"},\"query-input\":{\"@type\":\"PropertyValueSpecification\",\"valueRequired\":true,\"valueName\":\"search_term_string\"}}],\"inLanguage\":\"fi\"}]}<\/script>\n<!-- \/ Yoast SEO plugin. -->","yoast_head_json":{"title":"P\u00e4\u00e4t\u00f6kset - Keljon osakaskunta","robots":{"index":"index","follow":"follow","max-snippet":"max-snippet:-1","max-image-preview":"max-image-preview:large","max-video-preview":"max-video-preview:-1"},"canonical":"https:\/\/pohjoispaijanteenkalatalousalue.fi\/keljo\/paatokset\/","og_locale":"fi_FI","og_type":"article","og_title":"P\u00e4\u00e4t\u00f6kset - Keljon osakaskunta","og_description":"Rajoitukset HUOM! PYYDYSRAJOITUS: Verkkojen silm\u00e4koot v\u00e4lilt\u00e4 41-54 mm kiellet\u00e4\u00e4n P\u00e4ij\u00e4nteell\u00e4 ja Jyv\u00e4sj\u00e4rvell\u00e4. S\u00e4\u00e4ksj\u00e4rvell\u00e4 2 kpl 30 m per ruokakunta. Silm\u00e4koko 38 mm tai suurempi. Rauhoitusalueet Kinkomaan alue: verkkokalastus, onginta ja pilkint\u00e4, viehekalastus sek\u00e4 yli 1 m korkeiden rys\u00e4t kielletty 1.5.-15.6.&nbsp;www.pohjoispaijanteenkalastusalue.fi&nbsp;S\u00e4\u00e4ksj\u00e4rvi rauhoitetaan ravustukselta vuosiksi 2019 ja 2020.","og_url":"https:\/\/pohjoispaijanteenkalatalousalue.fi\/keljo\/paatokset\/","og_site_name":"Keljon osakaskunta","article_modified_time":"2021-06-15T12:10:39+00:00","twitter_card":"summary_large_image","twitter_misc":{"Arvioitu lukuaika":"1 minuutti"},"schema":{"@context":"https:\/\/schema.org","@graph":[{"@type":"WebPage","@id":"https:\/\/pohjoispaijanteenkalatalousalue.fi\/keljo\/paatokset\/","url":"https:\/\/pohjoispaijanteenkalatalousalue.fi\/keljo\/paatokset\/","name":"P\u00e4\u00e4t\u00f6kset - Keljon osakaskunta","isPartOf":{"@id":"https:\/\/pohjoispaijanteenkalatalousalue.fi\/keljo\/#website"},"datePublished":"2020-10-29T09:51:51+00:00","dateModified":"2021-06-15T12:10:39+00:00","breadcrumb":{"@id":"https:\/\/pohjoispaijanteenkalatalousalue.fi\/keljo\/paatokset\/#breadcrumb"},"inLanguage":"fi","potentialAction":[{"@type":"ReadAction","target":["https:\/\/pohjoispaijanteenkalatalousalue.fi\/keljo\/paatokset\/"]}]},{"@type":"BreadcrumbList","@id":"https:\/\/pohjoispaijanteenkalatalousalue.fi\/keljo\/paatokset\/#breadcrumb","itemListElement":[{"@type":"ListItem","position":1,"name":"Home","item":"https:\/\/pohjoispaijanteenkalatalousalue.fi\/keljo\/"},{"@type":"ListItem","position":2,"name":"P\u00e4\u00e4t\u00f6kset"}]},{"@type":"WebSite","@id":"https:\/\/pohjoispaijanteenkalatalousalue.fi\/keljo\/#website","url":"https:\/\/pohjoispaijanteenkalatalousalue.fi\/keljo\/","name":"Keljon osakaskunta","description":"","potentialAction":[{"@type":"SearchAction","target":{"@type":"EntryPoint","urlTemplate":"https:\/\/pohjoispaijanteenkalatalousalue.fi\/keljo\/?s={search_term_string}"},"query-input":{"@type":"PropertyValueSpecification","valueRequired":true,"valueName":"search_term_string"}}],"inLanguage":"fi"}]}},"_links":{"self":[{"href":"https:\/\/pohjoispaijanteenkalatalousalue.fi\/keljo\/wp-json\/wp\/v2\/pages\/49","targetHints":{"allow":["GET"]}}],"collection":[{"href":"https:\/\/pohjoispaijanteenkalatalousalue.fi\/keljo\/wp-json\/wp\/v2\/pages"}],"about":[{"href":"https:\/\/pohjoispaijanteenkalatalousalue.fi\/keljo\/wp-json\/wp\/v2\/types\/page"}],"author":[{"embeddable":true,"href":"https:\/\/pohjoispaijanteenkalatalousalue.fi\/keljo\/wp-json\/wp\/v2\/users\/1"}],"replies":[{"embeddable":true,"href":"https:\/\/pohjoispaijanteenkalatalousalue.fi\/keljo\/wp-json\/wp\/v2\/comments?post=49"}],"version-history":[{"count":5,"href":"https:\/\/pohjoispaijanteenkalatalousalue.fi\/keljo\/wp-json\/wp\/v2\/pages\/49\/revisions"}],"predecessor-version":[{"id":236,"href":"https:\/\/pohjoispaijanteenkalatalousalue.fi\/keljo\/wp-json\/wp\/v2\/pages\/49\/revisions\/236"}],"wp:attachment":[{"href":"https:\/\/pohjoispaijanteenkalatalousalue.fi\/keljo\/wp-json\/wp\/v2\/media?parent=49"}],"curies":[{"name":"wp","href":"https:\/\/api.w.org\/{rel}","templated":true}]}}