{"id":26,"date":"2020-10-29T08:31:59","date_gmt":"2020-10-29T08:31:59","guid":{"rendered":"http:\/\/89.166.51.80\/~pohjoispaij\/keljo\/?page_id=26"},"modified":"2025-01-24T08:22:59","modified_gmt":"2025-01-24T08:22:59","slug":"tiedot","status":"publish","type":"page","link":"https:\/\/pohjoispaijanteenkalatalousalue.fi\/keljo\/tiedot\/","title":{"rendered":"Tiedot"},"content":{"rendered":"\n<h2 class=\"wp-block-heading\">Yhteystiedot<\/h2>\n\n\n\n<p>Puheenjohtaja:<br>Risto Mankonen<br>Huhtalantie 9<br>40530 Jyv\u00e4skyl\u00e4<br>Puh. 045 6779344<\/p>\n\n\n\n<p>Varapuheenjohtaja:<br>Marjo Halt<\/p>\n\n\n\n<p>Hallituksen j\u00e4senet:<br>Risto Mankonen, Jyrki Rahikkala, Aaro Koskinen, Marjo Halt, Elina Saari, Erkki Koskinen<br><br>Sihteeri:<br>Tiina Mankonen<br>Puh. 040 5255067<\/p>\n\n\n\n<h2 class=\"wp-block-heading\">Sijainti<\/h2>\n\n\n\n<figure class=\"wp-block-image size-large\"><img loading=\"lazy\" decoding=\"async\" width=\"724\" height=\"1024\" src=\"https:\/\/pohjoispaijanteenkalatalousalue.fi\/keljo\/wp-content\/uploads\/sites\/48\/2024\/03\/Keljon-osakaskunta-mlsopimukset_24-724x1024.png\" alt=\"\" class=\"wp-image-261\" srcset=\"https:\/\/pohjoispaijanteenkalatalousalue.fi\/keljo\/wp-content\/uploads\/sites\/48\/2024\/03\/Keljon-osakaskunta-mlsopimukset_24-724x1024.png 724w, https:\/\/pohjoispaijanteenkalatalousalue.fi\/keljo\/wp-content\/uploads\/sites\/48\/2024\/03\/Keljon-osakaskunta-mlsopimukset_24-212x300.png 212w, https:\/\/pohjoispaijanteenkalatalousalue.fi\/keljo\/wp-content\/uploads\/sites\/48\/2024\/03\/Keljon-osakaskunta-mlsopimukset_24-768x1086.png 768w, https:\/\/pohjoispaijanteenkalatalousalue.fi\/keljo\/wp-content\/uploads\/sites\/48\/2024\/03\/Keljon-osakaskunta-mlsopimukset_24-1086x1536.png 1086w, https:\/\/pohjoispaijanteenkalatalousalue.fi\/keljo\/wp-content\/uploads\/sites\/48\/2024\/03\/Keljon-osakaskunta-mlsopimukset_24-1448x2048.png 1448w\" sizes=\"auto, (max-width: 724px) 100vw, 724px\" \/><\/figure>\n","protected":false},"excerpt":{"rendered":"<p>Yhteystiedot Puheenjohtaja:Risto MankonenHuhtalantie 940530 Jyv\u00e4skyl\u00e4Puh. 045 6779344 Varapuheenjohtaja:Marjo Halt Hallituksen j\u00e4senet:Risto Mankonen, Jyrki Rahikkala, Aaro Koskinen, Marjo Halt, Elina Saari, Erkki Koskinen Sihteeri:Tiina MankonenPuh. 040 5255067 Sijainti<\/p>\n","protected":false},"author":1,"featured_media":0,"parent":0,"menu_order":0,"comment_status":"closed","ping_status":"closed","template":"basic-sivu.php","meta":{"_acf_changed":false,"footnotes":""},"class_list":["post-26","page","type-page","status-publish","hentry"],"acf":[],"yoast_head":"<!-- This site is optimized with the Yoast SEO plugin v27.1.1 - https:\/\/yoast.com\/product\/yoast-seo-wordpress\/ -->\n<title>Tiedot - Keljon osakaskunta<\/title>\n<meta name=\"robots\" content=\"index, follow, max-snippet:-1, max-image-preview:large, max-video-preview:-1\" \/>\n<link rel=\"canonical\" href=\"https:\/\/pohjoispaijanteenkalatalousalue.fi\/keljo\/tiedot\/\" \/>\n<meta property=\"og:locale\" content=\"fi_FI\" \/>\n<meta property=\"og:type\" content=\"article\" \/>\n<meta property=\"og:title\" content=\"Tiedot - Keljon osakaskunta\" \/>\n<meta property=\"og:description\" content=\"Yhteystiedot Puheenjohtaja:Risto MankonenHuhtalantie 940530 Jyv\u00e4skyl\u00e4Puh. 045 6779344 Varapuheenjohtaja:Marjo Halt Hallituksen j\u00e4senet:Risto Mankonen, Jyrki Rahikkala, Aaro Koskinen, Marjo Halt, Elina Saari, Erkki Koskinen Sihteeri:Tiina MankonenPuh. 040 5255067 Sijainti\" \/>\n<meta property=\"og:url\" content=\"https:\/\/pohjoispaijanteenkalatalousalue.fi\/keljo\/tiedot\/\" \/>\n<meta property=\"og:site_name\" content=\"Keljon osakaskunta\" \/>\n<meta property=\"article:modified_time\" content=\"2025-01-24T08:22:59+00:00\" \/>\n<meta property=\"og:image\" content=\"https:\/\/pohjoispaijanteenkalatalousalue.fi\/keljo\/wp-content\/uploads\/sites\/48\/2024\/03\/Keljon-osakaskunta-mlsopimukset_24-724x1024.png\" \/>\n\t<meta property=\"og:image:width\" content=\"724\" \/>\n\t<meta property=\"og:image:height\" content=\"1024\" \/>\n\t<meta property=\"og:image:type\" content=\"image\/png\" \/>\n<meta name=\"twitter:card\" content=\"summary_large_image\" \/>\n<meta name=\"twitter:label1\" content=\"Arvioitu lukuaika\" \/>\n\t<meta name=\"twitter:data1\" content=\"1 minuutti\" \/>\n<script type=\"application\/ld+json\" class=\"yoast-schema-graph\">{\"@context\":\"https:\/\/schema.org\",\"@graph\":[{\"@type\":\"WebPage\",\"@id\":\"https:\/\/pohjoispaijanteenkalatalousalue.fi\/keljo\/tiedot\/\",\"url\":\"https:\/\/pohjoispaijanteenkalatalousalue.fi\/keljo\/tiedot\/\",\"name\":\"Tiedot - Keljon osakaskunta\",\"isPartOf\":{\"@id\":\"https:\/\/pohjoispaijanteenkalatalousalue.fi\/keljo\/#website\"},\"primaryImageOfPage\":{\"@id\":\"https:\/\/pohjoispaijanteenkalatalousalue.fi\/keljo\/tiedot\/#primaryimage\"},\"image\":{\"@id\":\"https:\/\/pohjoispaijanteenkalatalousalue.fi\/keljo\/tiedot\/#primaryimage\"},\"thumbnailUrl\":\"https:\/\/pohjoispaijanteenkalatalousalue.fi\/keljo\/wp-content\/uploads\/sites\/48\/2024\/03\/Keljon-osakaskunta-mlsopimukset_24-724x1024.png\",\"datePublished\":\"2020-10-29T08:31:59+00:00\",\"dateModified\":\"2025-01-24T08:22:59+00:00\",\"breadcrumb\":{\"@id\":\"https:\/\/pohjoispaijanteenkalatalousalue.fi\/keljo\/tiedot\/#breadcrumb\"},\"inLanguage\":\"fi\",\"potentialAction\":[{\"@type\":\"ReadAction\",\"target\":[\"https:\/\/pohjoispaijanteenkalatalousalue.fi\/keljo\/tiedot\/\"]}]},{\"@type\":\"ImageObject\",\"inLanguage\":\"fi\",\"@id\":\"https:\/\/pohjoispaijanteenkalatalousalue.fi\/keljo\/tiedot\/#primaryimage\",\"url\":\"https:\/\/pohjoispaijanteenkalatalousalue.fi\/keljo\/wp-content\/uploads\/sites\/48\/2024\/03\/Keljon-osakaskunta-mlsopimukset_24.png\",\"contentUrl\":\"https:\/\/pohjoispaijanteenkalatalousalue.fi\/keljo\/wp-content\/uploads\/sites\/48\/2024\/03\/Keljon-osakaskunta-mlsopimukset_24.png\",\"width\":3507,\"height\":4960},{\"@type\":\"BreadcrumbList\",\"@id\":\"https:\/\/pohjoispaijanteenkalatalousalue.fi\/keljo\/tiedot\/#breadcrumb\",\"itemListElement\":[{\"@type\":\"ListItem\",\"position\":1,\"name\":\"Home\",\"item\":\"https:\/\/pohjoispaijanteenkalatalousalue.fi\/keljo\/\"},{\"@type\":\"ListItem\",\"position\":2,\"name\":\"Tiedot\"}]},{\"@type\":\"WebSite\",\"@id\":\"https:\/\/pohjoispaijanteenkalatalousalue.fi\/keljo\/#website\",\"url\":\"https:\/\/pohjoispaijanteenkalatalousalue.fi\/keljo\/\",\"name\":\"Keljon osakaskunta\",\"description\":\"\",\"potentialAction\":[{\"@type\":\"SearchAction\",\"target\":{\"@type\":\"EntryPoint\",\"urlTemplate\":\"https:\/\/pohjoispaijanteenkalatalousalue.fi\/keljo\/?s={search_term_string}\"},\"query-input\":{\"@type\":\"PropertyValueSpecification\",\"valueRequired\":true,\"valueName\":\"search_term_string\"}}],\"inLanguage\":\"fi\"}]}<\/script>\n<!-- \/ Yoast SEO plugin. -->","yoast_head_json":{"title":"Tiedot - Keljon osakaskunta","robots":{"index":"index","follow":"follow","max-snippet":"max-snippet:-1","max-image-preview":"max-image-preview:large","max-video-preview":"max-video-preview:-1"},"canonical":"https:\/\/pohjoispaijanteenkalatalousalue.fi\/keljo\/tiedot\/","og_locale":"fi_FI","og_type":"article","og_title":"Tiedot - Keljon osakaskunta","og_description":"Yhteystiedot Puheenjohtaja:Risto MankonenHuhtalantie 940530 Jyv\u00e4skyl\u00e4Puh. 045 6779344 Varapuheenjohtaja:Marjo Halt Hallituksen j\u00e4senet:Risto Mankonen, Jyrki Rahikkala, Aaro Koskinen, Marjo Halt, Elina Saari, Erkki Koskinen Sihteeri:Tiina MankonenPuh. 040 5255067 Sijainti","og_url":"https:\/\/pohjoispaijanteenkalatalousalue.fi\/keljo\/tiedot\/","og_site_name":"Keljon osakaskunta","article_modified_time":"2025-01-24T08:22:59+00:00","og_image":[{"width":724,"height":1024,"url":"https:\/\/pohjoispaijanteenkalatalousalue.fi\/keljo\/wp-content\/uploads\/sites\/48\/2024\/03\/Keljon-osakaskunta-mlsopimukset_24-724x1024.png","type":"image\/png"}],"twitter_card":"summary_large_image","twitter_misc":{"Arvioitu lukuaika":"1 minuutti"},"schema":{"@context":"https:\/\/schema.org","@graph":[{"@type":"WebPage","@id":"https:\/\/pohjoispaijanteenkalatalousalue.fi\/keljo\/tiedot\/","url":"https:\/\/pohjoispaijanteenkalatalousalue.fi\/keljo\/tiedot\/","name":"Tiedot - Keljon osakaskunta","isPartOf":{"@id":"https:\/\/pohjoispaijanteenkalatalousalue.fi\/keljo\/#website"},"primaryImageOfPage":{"@id":"https:\/\/pohjoispaijanteenkalatalousalue.fi\/keljo\/tiedot\/#primaryimage"},"image":{"@id":"https:\/\/pohjoispaijanteenkalatalousalue.fi\/keljo\/tiedot\/#primaryimage"},"thumbnailUrl":"https:\/\/pohjoispaijanteenkalatalousalue.fi\/keljo\/wp-content\/uploads\/sites\/48\/2024\/03\/Keljon-osakaskunta-mlsopimukset_24-724x1024.png","datePublished":"2020-10-29T08:31:59+00:00","dateModified":"2025-01-24T08:22:59+00:00","breadcrumb":{"@id":"https:\/\/pohjoispaijanteenkalatalousalue.fi\/keljo\/tiedot\/#breadcrumb"},"inLanguage":"fi","potentialAction":[{"@type":"ReadAction","target":["https:\/\/pohjoispaijanteenkalatalousalue.fi\/keljo\/tiedot\/"]}]},{"@type":"ImageObject","inLanguage":"fi","@id":"https:\/\/pohjoispaijanteenkalatalousalue.fi\/keljo\/tiedot\/#primaryimage","url":"https:\/\/pohjoispaijanteenkalatalousalue.fi\/keljo\/wp-content\/uploads\/sites\/48\/2024\/03\/Keljon-osakaskunta-mlsopimukset_24.png","contentUrl":"https:\/\/pohjoispaijanteenkalatalousalue.fi\/keljo\/wp-content\/uploads\/sites\/48\/2024\/03\/Keljon-osakaskunta-mlsopimukset_24.png","width":3507,"height":4960},{"@type":"BreadcrumbList","@id":"https:\/\/pohjoispaijanteenkalatalousalue.fi\/keljo\/tiedot\/#breadcrumb","itemListElement":[{"@type":"ListItem","position":1,"name":"Home","item":"https:\/\/pohjoispaijanteenkalatalousalue.fi\/keljo\/"},{"@type":"ListItem","position":2,"name":"Tiedot"}]},{"@type":"WebSite","@id":"https:\/\/pohjoispaijanteenkalatalousalue.fi\/keljo\/#website","url":"https:\/\/pohjoispaijanteenkalatalousalue.fi\/keljo\/","name":"Keljon osakaskunta","description":"","potentialAction":[{"@type":"SearchAction","target":{"@type":"EntryPoint","urlTemplate":"https:\/\/pohjoispaijanteenkalatalousalue.fi\/keljo\/?s={search_term_string}"},"query-input":{"@type":"PropertyValueSpecification","valueRequired":true,"valueName":"search_term_string"}}],"inLanguage":"fi"}]}},"_links":{"self":[{"href":"https:\/\/pohjoispaijanteenkalatalousalue.fi\/keljo\/wp-json\/wp\/v2\/pages\/26","targetHints":{"allow":["GET"]}}],"collection":[{"href":"https:\/\/pohjoispaijanteenkalatalousalue.fi\/keljo\/wp-json\/wp\/v2\/pages"}],"about":[{"href":"https:\/\/pohjoispaijanteenkalatalousalue.fi\/keljo\/wp-json\/wp\/v2\/types\/page"}],"author":[{"embeddable":true,"href":"https:\/\/pohjoispaijanteenkalatalousalue.fi\/keljo\/wp-json\/wp\/v2\/users\/1"}],"replies":[{"embeddable":true,"href":"https:\/\/pohjoispaijanteenkalatalousalue.fi\/keljo\/wp-json\/wp\/v2\/comments?post=26"}],"version-history":[{"count":16,"href":"https:\/\/pohjoispaijanteenkalatalousalue.fi\/keljo\/wp-json\/wp\/v2\/pages\/26\/revisions"}],"predecessor-version":[{"id":265,"href":"https:\/\/pohjoispaijanteenkalatalousalue.fi\/keljo\/wp-json\/wp\/v2\/pages\/26\/revisions\/265"}],"wp:attachment":[{"href":"https:\/\/pohjoispaijanteenkalatalousalue.fi\/keljo\/wp-json\/wp\/v2\/media?parent=26"}],"curies":[{"name":"wp","href":"https:\/\/api.w.org\/{rel}","templated":true}]}}