{"id":158,"date":"2020-10-29T12:25:46","date_gmt":"2020-10-29T12:25:46","guid":{"rendered":"http:\/\/89.166.51.80\/~pohjoispaij\/keljo\/?page_id=158"},"modified":"2026-04-08T15:47:46","modified_gmt":"2026-04-08T15:47:46","slug":"vuosikokous","status":"publish","type":"page","link":"https:\/\/pohjoispaijanteenkalatalousalue.fi\/keljo\/hallinto\/vuosikokous\/","title":{"rendered":"Vuosikokous"},"content":{"rendered":"\n<h2 class=\"wp-block-heading\">Vuosikokous<\/h2>\n\n\n\n<p><strong>Tiedote 8.4.2026: KOKOUSKUTSU Keljon osakaskunnan vuosikokoukseen 22.4.2026 klo 17.00<\/strong><\/p>\n\n\n\n<p>Keljon osakaskunnan (0174630-6) yleinen kokous pidet\u00e4\u00e4n 22.4.2026 klo 17.00 Juhlatalo Juurikkasaaressa, osoite Juurikkatie 5, 40900 S\u00e4yn\u00e4tsalo.<\/p>\n\n\n\n<p>K\u00e4sitell\u00e4\u00e4n s\u00e4\u00e4nt\u00f6jen mukaiset vuosikokousasiat.<\/p>\n\n\n\n<p>Kokouksesta laadittu, tarkastettu p\u00f6yt\u00e4kirja pidet\u00e4\u00e4n n\u00e4ht\u00e4vill\u00e4 s\u00e4\u00e4nn\u00f6iss\u00e4 m\u00e4\u00e4r\u00e4tyn ajan Risto Mankosella, Huhtalantie 9, 40530 Jyv\u00e4skyl\u00e4.<\/p>\n\n\n\n<p>Tervetuloa kokoukseen!<\/p>\n\n\n\n<p>Hoitokunta<\/p>\n","protected":false},"excerpt":{"rendered":"<p>Vuosikokous Tiedote 8.4.2026: KOKOUSKUTSU Keljon osakaskunnan vuosikokoukseen 22.4.2026 klo 17.00 Keljon osakaskunnan (0174630-6) yleinen kokous pidet\u00e4\u00e4n 22.4.2026 klo 17.00 Juhlatalo Juurikkasaaressa, osoite Juurikkatie 5, 40900 S\u00e4yn\u00e4tsalo. K\u00e4sitell\u00e4\u00e4n s\u00e4\u00e4nt\u00f6jen mukaiset vuosikokousasiat. Kokouksesta laadittu, tarkastettu p\u00f6yt\u00e4kirja pidet\u00e4\u00e4n n\u00e4ht\u00e4vill\u00e4 s\u00e4\u00e4nn\u00f6iss\u00e4 m\u00e4\u00e4r\u00e4tyn ajan Risto Mankosella, Huhtalantie 9, 40530 Jyv\u00e4skyl\u00e4. Tervetuloa kokoukseen! Hoitokunta<\/p>\n","protected":false},"author":1,"featured_media":0,"parent":32,"menu_order":0,"comment_status":"closed","ping_status":"closed","template":"basic-sivu.php","meta":{"_acf_changed":false,"footnotes":""},"class_list":["post-158","page","type-page","status-publish","hentry"],"acf":[],"yoast_head":"<!-- This site is optimized with the Yoast SEO plugin v27.1.1 - https:\/\/yoast.com\/product\/yoast-seo-wordpress\/ -->\n<title>Vuosikokous - Keljon osakaskunta<\/title>\n<meta name=\"robots\" content=\"index, follow, max-snippet:-1, max-image-preview:large, max-video-preview:-1\" \/>\n<link rel=\"canonical\" href=\"https:\/\/pohjoispaijanteenkalatalousalue.fi\/keljo\/hallinto\/vuosikokous\/\" \/>\n<meta property=\"og:locale\" content=\"fi_FI\" \/>\n<meta property=\"og:type\" content=\"article\" \/>\n<meta property=\"og:title\" content=\"Vuosikokous - Keljon osakaskunta\" \/>\n<meta property=\"og:description\" content=\"Vuosikokous Tiedote 8.4.2026: KOKOUSKUTSU Keljon osakaskunnan vuosikokoukseen 22.4.2026 klo 17.00 Keljon osakaskunnan (0174630-6) yleinen kokous pidet\u00e4\u00e4n 22.4.2026 klo 17.00 Juhlatalo Juurikkasaaressa, osoite Juurikkatie 5, 40900 S\u00e4yn\u00e4tsalo. K\u00e4sitell\u00e4\u00e4n s\u00e4\u00e4nt\u00f6jen mukaiset vuosikokousasiat. Kokouksesta laadittu, tarkastettu p\u00f6yt\u00e4kirja pidet\u00e4\u00e4n n\u00e4ht\u00e4vill\u00e4 s\u00e4\u00e4nn\u00f6iss\u00e4 m\u00e4\u00e4r\u00e4tyn ajan Risto Mankosella, Huhtalantie 9, 40530 Jyv\u00e4skyl\u00e4. Tervetuloa kokoukseen! Hoitokunta\" \/>\n<meta property=\"og:url\" content=\"https:\/\/pohjoispaijanteenkalatalousalue.fi\/keljo\/hallinto\/vuosikokous\/\" \/>\n<meta property=\"og:site_name\" content=\"Keljon osakaskunta\" \/>\n<meta property=\"article:modified_time\" content=\"2026-04-08T15:47:46+00:00\" \/>\n<meta name=\"twitter:card\" content=\"summary_large_image\" \/>\n<meta name=\"twitter:label1\" content=\"Arvioitu lukuaika\" \/>\n\t<meta name=\"twitter:data1\" content=\"1 minuutti\" \/>\n<script type=\"application\/ld+json\" class=\"yoast-schema-graph\">{\"@context\":\"https:\/\/schema.org\",\"@graph\":[{\"@type\":\"WebPage\",\"@id\":\"https:\/\/pohjoispaijanteenkalatalousalue.fi\/keljo\/hallinto\/vuosikokous\/\",\"url\":\"https:\/\/pohjoispaijanteenkalatalousalue.fi\/keljo\/hallinto\/vuosikokous\/\",\"name\":\"Vuosikokous - Keljon osakaskunta\",\"isPartOf\":{\"@id\":\"https:\/\/pohjoispaijanteenkalatalousalue.fi\/keljo\/#website\"},\"datePublished\":\"2020-10-29T12:25:46+00:00\",\"dateModified\":\"2026-04-08T15:47:46+00:00\",\"breadcrumb\":{\"@id\":\"https:\/\/pohjoispaijanteenkalatalousalue.fi\/keljo\/hallinto\/vuosikokous\/#breadcrumb\"},\"inLanguage\":\"fi\",\"potentialAction\":[{\"@type\":\"ReadAction\",\"target\":[\"https:\/\/pohjoispaijanteenkalatalousalue.fi\/keljo\/hallinto\/vuosikokous\/\"]}]},{\"@type\":\"BreadcrumbList\",\"@id\":\"https:\/\/pohjoispaijanteenkalatalousalue.fi\/keljo\/hallinto\/vuosikokous\/#breadcrumb\",\"itemListElement\":[{\"@type\":\"ListItem\",\"position\":1,\"name\":\"Home\",\"item\":\"https:\/\/pohjoispaijanteenkalatalousalue.fi\/keljo\/\"},{\"@type\":\"ListItem\",\"position\":2,\"name\":\"Yksityinen: Hallinto\",\"item\":\"https:\/\/pohjoispaijanteenkalatalousalue.fi\/keljo\/?page_id=32\"},{\"@type\":\"ListItem\",\"position\":3,\"name\":\"Vuosikokous\"}]},{\"@type\":\"WebSite\",\"@id\":\"https:\/\/pohjoispaijanteenkalatalousalue.fi\/keljo\/#website\",\"url\":\"https:\/\/pohjoispaijanteenkalatalousalue.fi\/keljo\/\",\"name\":\"Keljon osakaskunta\",\"description\":\"\",\"potentialAction\":[{\"@type\":\"SearchAction\",\"target\":{\"@type\":\"EntryPoint\",\"urlTemplate\":\"https:\/\/pohjoispaijanteenkalatalousalue.fi\/keljo\/?s={search_term_string}\"},\"query-input\":{\"@type\":\"PropertyValueSpecification\",\"valueRequired\":true,\"valueName\":\"search_term_string\"}}],\"inLanguage\":\"fi\"}]}<\/script>\n<!-- \/ Yoast SEO plugin. -->","yoast_head_json":{"title":"Vuosikokous - Keljon osakaskunta","robots":{"index":"index","follow":"follow","max-snippet":"max-snippet:-1","max-image-preview":"max-image-preview:large","max-video-preview":"max-video-preview:-1"},"canonical":"https:\/\/pohjoispaijanteenkalatalousalue.fi\/keljo\/hallinto\/vuosikokous\/","og_locale":"fi_FI","og_type":"article","og_title":"Vuosikokous - Keljon osakaskunta","og_description":"Vuosikokous Tiedote 8.4.2026: KOKOUSKUTSU Keljon osakaskunnan vuosikokoukseen 22.4.2026 klo 17.00 Keljon osakaskunnan (0174630-6) yleinen kokous pidet\u00e4\u00e4n 22.4.2026 klo 17.00 Juhlatalo Juurikkasaaressa, osoite Juurikkatie 5, 40900 S\u00e4yn\u00e4tsalo. K\u00e4sitell\u00e4\u00e4n s\u00e4\u00e4nt\u00f6jen mukaiset vuosikokousasiat. Kokouksesta laadittu, tarkastettu p\u00f6yt\u00e4kirja pidet\u00e4\u00e4n n\u00e4ht\u00e4vill\u00e4 s\u00e4\u00e4nn\u00f6iss\u00e4 m\u00e4\u00e4r\u00e4tyn ajan Risto Mankosella, Huhtalantie 9, 40530 Jyv\u00e4skyl\u00e4. Tervetuloa kokoukseen! Hoitokunta","og_url":"https:\/\/pohjoispaijanteenkalatalousalue.fi\/keljo\/hallinto\/vuosikokous\/","og_site_name":"Keljon osakaskunta","article_modified_time":"2026-04-08T15:47:46+00:00","twitter_card":"summary_large_image","twitter_misc":{"Arvioitu lukuaika":"1 minuutti"},"schema":{"@context":"https:\/\/schema.org","@graph":[{"@type":"WebPage","@id":"https:\/\/pohjoispaijanteenkalatalousalue.fi\/keljo\/hallinto\/vuosikokous\/","url":"https:\/\/pohjoispaijanteenkalatalousalue.fi\/keljo\/hallinto\/vuosikokous\/","name":"Vuosikokous - Keljon osakaskunta","isPartOf":{"@id":"https:\/\/pohjoispaijanteenkalatalousalue.fi\/keljo\/#website"},"datePublished":"2020-10-29T12:25:46+00:00","dateModified":"2026-04-08T15:47:46+00:00","breadcrumb":{"@id":"https:\/\/pohjoispaijanteenkalatalousalue.fi\/keljo\/hallinto\/vuosikokous\/#breadcrumb"},"inLanguage":"fi","potentialAction":[{"@type":"ReadAction","target":["https:\/\/pohjoispaijanteenkalatalousalue.fi\/keljo\/hallinto\/vuosikokous\/"]}]},{"@type":"BreadcrumbList","@id":"https:\/\/pohjoispaijanteenkalatalousalue.fi\/keljo\/hallinto\/vuosikokous\/#breadcrumb","itemListElement":[{"@type":"ListItem","position":1,"name":"Home","item":"https:\/\/pohjoispaijanteenkalatalousalue.fi\/keljo\/"},{"@type":"ListItem","position":2,"name":"Yksityinen: Hallinto","item":"https:\/\/pohjoispaijanteenkalatalousalue.fi\/keljo\/?page_id=32"},{"@type":"ListItem","position":3,"name":"Vuosikokous"}]},{"@type":"WebSite","@id":"https:\/\/pohjoispaijanteenkalatalousalue.fi\/keljo\/#website","url":"https:\/\/pohjoispaijanteenkalatalousalue.fi\/keljo\/","name":"Keljon osakaskunta","description":"","potentialAction":[{"@type":"SearchAction","target":{"@type":"EntryPoint","urlTemplate":"https:\/\/pohjoispaijanteenkalatalousalue.fi\/keljo\/?s={search_term_string}"},"query-input":{"@type":"PropertyValueSpecification","valueRequired":true,"valueName":"search_term_string"}}],"inLanguage":"fi"}]}},"_links":{"self":[{"href":"https:\/\/pohjoispaijanteenkalatalousalue.fi\/keljo\/wp-json\/wp\/v2\/pages\/158","targetHints":{"allow":["GET"]}}],"collection":[{"href":"https:\/\/pohjoispaijanteenkalatalousalue.fi\/keljo\/wp-json\/wp\/v2\/pages"}],"about":[{"href":"https:\/\/pohjoispaijanteenkalatalousalue.fi\/keljo\/wp-json\/wp\/v2\/types\/page"}],"author":[{"embeddable":true,"href":"https:\/\/pohjoispaijanteenkalatalousalue.fi\/keljo\/wp-json\/wp\/v2\/users\/1"}],"replies":[{"embeddable":true,"href":"https:\/\/pohjoispaijanteenkalatalousalue.fi\/keljo\/wp-json\/wp\/v2\/comments?post=158"}],"version-history":[{"count":9,"href":"https:\/\/pohjoispaijanteenkalatalousalue.fi\/keljo\/wp-json\/wp\/v2\/pages\/158\/revisions"}],"predecessor-version":[{"id":296,"href":"https:\/\/pohjoispaijanteenkalatalousalue.fi\/keljo\/wp-json\/wp\/v2\/pages\/158\/revisions\/296"}],"up":[{"embeddable":true,"href":"https:\/\/pohjoispaijanteenkalatalousalue.fi\/keljo\/wp-json\/wp\/v2\/pages\/32"}],"wp:attachment":[{"href":"https:\/\/pohjoispaijanteenkalatalousalue.fi\/keljo\/wp-json\/wp\/v2\/media?parent=158"}],"curies":[{"name":"wp","href":"https:\/\/api.w.org\/{rel}","templated":true}]}}