{"id":90,"date":"2020-10-29T11:42:18","date_gmt":"2020-10-29T11:42:18","guid":{"rendered":"http:\/\/89.166.51.80\/~pohjoispaij\/judinsalo\/?page_id=90"},"modified":"2021-05-25T07:24:24","modified_gmt":"2021-05-25T07:24:24","slug":"luvanmyyjat-ja-lupakartta","status":"publish","type":"page","link":"https:\/\/pohjoispaijanteenkalatalousalue.fi\/judinsalo\/luvat\/luvanmyyjat-ja-lupakartta\/","title":{"rendered":"Luvanmyyj\u00e4t ja lupakartta"},"content":{"rendered":"\n<h2 class=\"wp-block-heading\">Luvanmyyj\u00e4t<\/h2>\n\n\n\n<h4 class=\"wp-block-heading\"><strong><em>Luhangan kirkonkyl\u00e4ss\u00e4<\/em><\/strong><\/h4>\n\n\n\n<p><strong><em>M-Market Luhanka (=Luhangan Kyl\u00e4kauppa Oy)<\/em><\/strong><br><strong>Jarno Ankerman<\/strong><br>Rantatie 1<br>19950 Luhanka<br>Puh. 050 440 3832 (Ankerman)&nbsp;<br><a href=\"mailto:luhanka@m-ketju.fi\">luhangankylakauppa@<\/a>gmail.com<\/p>\n\n\n\n<h4 class=\"wp-block-heading\"><em><strong>Sysm\u00e4ss\u00e4<\/strong><\/em><\/h4>\n\n\n\n<p><strong><em>Urheilu Valonen Oy<\/em><\/strong><br><strong>Katri Simola, Harri Aaltonen<\/strong><br>Sysm\u00e4ntie 38<br>19700 Sysm\u00e4<br>Puh. 03-717 2799<br><a href=\"mailto:sportin@sysmasport.fi\">sportin@sysmasport.fi<\/a><\/p>\n\n\n\n<h4 class=\"wp-block-heading\"><strong><em>Luhangan Judinsalossa<\/em><\/strong><\/h4>\n\n\n\n<p><strong><em>Reijo Oinonen<\/em><\/strong><\/p>\n\n\n\n<p>Jutilantie 72<br>19950 Luhanka<br>Puh. 0400 494 721<br><a href=\"mailto:reijo.oinonen@dlc.fi\">reijo.oinonen@dlc.fi<\/a><\/p>\n\n\n\n<h2 class=\"wp-block-heading\">Lupakartta<\/h2>\n\n\n\n<figure class=\"wp-block-image size-large\"><img loading=\"lazy\" decoding=\"async\" width=\"1024\" height=\"623\" src=\"http:\/\/89.166.51.80\/~pohjoispaij\/judinsalo\/wp-content\/uploads\/sites\/41\/2021\/01\/judinsalo-I-vedet-1-40000-1024x623.png\" alt=\"\" class=\"wp-image-218\" srcset=\"https:\/\/pohjoispaijanteenkalatalousalue.fi\/judinsalo\/wp-content\/uploads\/sites\/41\/2021\/01\/judinsalo-I-vedet-1-40000-1024x623.png 1024w, https:\/\/pohjoispaijanteenkalatalousalue.fi\/judinsalo\/wp-content\/uploads\/sites\/41\/2021\/01\/judinsalo-I-vedet-1-40000-300x183.png 300w, https:\/\/pohjoispaijanteenkalatalousalue.fi\/judinsalo\/wp-content\/uploads\/sites\/41\/2021\/01\/judinsalo-I-vedet-1-40000-768x467.png 768w, https:\/\/pohjoispaijanteenkalatalousalue.fi\/judinsalo\/wp-content\/uploads\/sites\/41\/2021\/01\/judinsalo-I-vedet-1-40000.png 1430w\" sizes=\"auto, (max-width: 1024px) 100vw, 1024px\" \/><\/figure>\n\n\n\n<p>Avaa isompi kartta <a href=\"http:\/\/89.166.51.80\/~pohjoispaij\/judinsalo\/wp-content\/uploads\/sites\/41\/2021\/01\/judinsalo-I-vedet-1-40000-1024x623.png\" target=\"_blank\" rel=\"noreferrer noopener\">t\u00e4st\u00e4<\/a><\/p>\n","protected":false},"excerpt":{"rendered":"<p>Luvanmyyj\u00e4t Luhangan kirkonkyl\u00e4ss\u00e4 M-Market Luhanka (=Luhangan Kyl\u00e4kauppa Oy)Jarno AnkermanRantatie 119950 LuhankaPuh. 050 440 3832 (Ankerman)&nbsp;luhangankylakauppa@gmail.com Sysm\u00e4ss\u00e4 Urheilu Valonen OyKatri Simola, Harri AaltonenSysm\u00e4ntie 3819700 Sysm\u00e4Puh. 03-717 2799sportin@sysmasport.fi Luhangan Judinsalossa Reijo Oinonen Jutilantie 7219950 LuhankaPuh. 0400 494 721reijo.oinonen@dlc.fi Lupakartta Avaa isompi kartta t\u00e4st\u00e4<\/p>\n","protected":false},"author":1,"featured_media":0,"parent":45,"menu_order":0,"comment_status":"closed","ping_status":"closed","template":"basic-sivu.php","meta":{"_acf_changed":false,"footnotes":""},"class_list":["post-90","page","type-page","status-publish","hentry"],"acf":[],"yoast_head":"<!-- This site is optimized with the Yoast SEO plugin v27.1.1 - https:\/\/yoast.com\/product\/yoast-seo-wordpress\/ -->\n<title>Luvanmyyj\u00e4t ja lupakartta - Judinsalon osakaskunta<\/title>\n<meta name=\"robots\" content=\"index, follow, max-snippet:-1, max-image-preview:large, max-video-preview:-1\" \/>\n<link rel=\"canonical\" href=\"https:\/\/pohjoispaijanteenkalatalousalue.fi\/judinsalo\/luvat\/luvanmyyjat-ja-lupakartta\/\" \/>\n<meta property=\"og:locale\" content=\"fi_FI\" \/>\n<meta property=\"og:type\" content=\"article\" \/>\n<meta property=\"og:title\" content=\"Luvanmyyj\u00e4t ja lupakartta - Judinsalon osakaskunta\" \/>\n<meta property=\"og:description\" content=\"Luvanmyyj\u00e4t Luhangan kirkonkyl\u00e4ss\u00e4 M-Market Luhanka (=Luhangan Kyl\u00e4kauppa Oy)Jarno AnkermanRantatie 119950 LuhankaPuh. 050 440 3832 (Ankerman)&nbsp;luhangankylakauppa@gmail.com Sysm\u00e4ss\u00e4 Urheilu Valonen OyKatri Simola, Harri AaltonenSysm\u00e4ntie 3819700 Sysm\u00e4Puh. 03-717 2799sportin@sysmasport.fi Luhangan Judinsalossa Reijo Oinonen Jutilantie 7219950 LuhankaPuh. 0400 494 721reijo.oinonen@dlc.fi Lupakartta Avaa isompi kartta t\u00e4st\u00e4\" \/>\n<meta property=\"og:url\" content=\"https:\/\/pohjoispaijanteenkalatalousalue.fi\/judinsalo\/luvat\/luvanmyyjat-ja-lupakartta\/\" \/>\n<meta property=\"og:site_name\" content=\"Judinsalon osakaskunta\" \/>\n<meta property=\"article:modified_time\" content=\"2021-05-25T07:24:24+00:00\" \/>\n<meta property=\"og:image\" content=\"http:\/\/89.166.51.80\/~pohjoispaij\/judinsalo\/wp-content\/uploads\/sites\/41\/2021\/01\/judinsalo-I-vedet-1-40000-1024x623.png\" \/>\n<meta name=\"twitter:card\" content=\"summary_large_image\" \/>\n<meta name=\"twitter:label1\" content=\"Arvioitu lukuaika\" \/>\n\t<meta name=\"twitter:data1\" content=\"1 minuutti\" \/>\n<script type=\"application\/ld+json\" class=\"yoast-schema-graph\">{\"@context\":\"https:\/\/schema.org\",\"@graph\":[{\"@type\":\"WebPage\",\"@id\":\"https:\/\/pohjoispaijanteenkalatalousalue.fi\/judinsalo\/luvat\/luvanmyyjat-ja-lupakartta\/\",\"url\":\"https:\/\/pohjoispaijanteenkalatalousalue.fi\/judinsalo\/luvat\/luvanmyyjat-ja-lupakartta\/\",\"name\":\"Luvanmyyj\u00e4t ja lupakartta - Judinsalon osakaskunta\",\"isPartOf\":{\"@id\":\"https:\/\/pohjoispaijanteenkalatalousalue.fi\/judinsalo\/#website\"},\"primaryImageOfPage\":{\"@id\":\"https:\/\/pohjoispaijanteenkalatalousalue.fi\/judinsalo\/luvat\/luvanmyyjat-ja-lupakartta\/#primaryimage\"},\"image\":{\"@id\":\"https:\/\/pohjoispaijanteenkalatalousalue.fi\/judinsalo\/luvat\/luvanmyyjat-ja-lupakartta\/#primaryimage\"},\"thumbnailUrl\":\"http:\/\/89.166.51.80\/~pohjoispaij\/judinsalo\/wp-content\/uploads\/sites\/41\/2021\/01\/judinsalo-I-vedet-1-40000-1024x623.png\",\"datePublished\":\"2020-10-29T11:42:18+00:00\",\"dateModified\":\"2021-05-25T07:24:24+00:00\",\"breadcrumb\":{\"@id\":\"https:\/\/pohjoispaijanteenkalatalousalue.fi\/judinsalo\/luvat\/luvanmyyjat-ja-lupakartta\/#breadcrumb\"},\"inLanguage\":\"fi\",\"potentialAction\":[{\"@type\":\"ReadAction\",\"target\":[\"https:\/\/pohjoispaijanteenkalatalousalue.fi\/judinsalo\/luvat\/luvanmyyjat-ja-lupakartta\/\"]}]},{\"@type\":\"ImageObject\",\"inLanguage\":\"fi\",\"@id\":\"https:\/\/pohjoispaijanteenkalatalousalue.fi\/judinsalo\/luvat\/luvanmyyjat-ja-lupakartta\/#primaryimage\",\"url\":\"http:\/\/89.166.51.80\/~pohjoispaij\/judinsalo\/wp-content\/uploads\/sites\/41\/2021\/01\/judinsalo-I-vedet-1-40000-1024x623.png\",\"contentUrl\":\"http:\/\/89.166.51.80\/~pohjoispaij\/judinsalo\/wp-content\/uploads\/sites\/41\/2021\/01\/judinsalo-I-vedet-1-40000-1024x623.png\"},{\"@type\":\"BreadcrumbList\",\"@id\":\"https:\/\/pohjoispaijanteenkalatalousalue.fi\/judinsalo\/luvat\/luvanmyyjat-ja-lupakartta\/#breadcrumb\",\"itemListElement\":[{\"@type\":\"ListItem\",\"position\":1,\"name\":\"Home\",\"item\":\"https:\/\/pohjoispaijanteenkalatalousalue.fi\/judinsalo\/\"},{\"@type\":\"ListItem\",\"position\":2,\"name\":\"Yksityinen: Luvat\",\"item\":\"https:\/\/pohjoispaijanteenkalatalousalue.fi\/judinsalo\/?page_id=45\"},{\"@type\":\"ListItem\",\"position\":3,\"name\":\"Luvanmyyj\u00e4t ja lupakartta\"}]},{\"@type\":\"WebSite\",\"@id\":\"https:\/\/pohjoispaijanteenkalatalousalue.fi\/judinsalo\/#website\",\"url\":\"https:\/\/pohjoispaijanteenkalatalousalue.fi\/judinsalo\/\",\"name\":\"Judinsalon osakaskunta\",\"description\":\"\",\"potentialAction\":[{\"@type\":\"SearchAction\",\"target\":{\"@type\":\"EntryPoint\",\"urlTemplate\":\"https:\/\/pohjoispaijanteenkalatalousalue.fi\/judinsalo\/?s={search_term_string}\"},\"query-input\":{\"@type\":\"PropertyValueSpecification\",\"valueRequired\":true,\"valueName\":\"search_term_string\"}}],\"inLanguage\":\"fi\"}]}<\/script>\n<!-- \/ Yoast SEO plugin. -->","yoast_head_json":{"title":"Luvanmyyj\u00e4t ja lupakartta - Judinsalon osakaskunta","robots":{"index":"index","follow":"follow","max-snippet":"max-snippet:-1","max-image-preview":"max-image-preview:large","max-video-preview":"max-video-preview:-1"},"canonical":"https:\/\/pohjoispaijanteenkalatalousalue.fi\/judinsalo\/luvat\/luvanmyyjat-ja-lupakartta\/","og_locale":"fi_FI","og_type":"article","og_title":"Luvanmyyj\u00e4t ja lupakartta - Judinsalon osakaskunta","og_description":"Luvanmyyj\u00e4t Luhangan kirkonkyl\u00e4ss\u00e4 M-Market Luhanka (=Luhangan Kyl\u00e4kauppa Oy)Jarno AnkermanRantatie 119950 LuhankaPuh. 050 440 3832 (Ankerman)&nbsp;luhangankylakauppa@gmail.com Sysm\u00e4ss\u00e4 Urheilu Valonen OyKatri Simola, Harri AaltonenSysm\u00e4ntie 3819700 Sysm\u00e4Puh. 03-717 2799sportin@sysmasport.fi Luhangan Judinsalossa Reijo Oinonen Jutilantie 7219950 LuhankaPuh. 0400 494 721reijo.oinonen@dlc.fi Lupakartta Avaa isompi kartta t\u00e4st\u00e4","og_url":"https:\/\/pohjoispaijanteenkalatalousalue.fi\/judinsalo\/luvat\/luvanmyyjat-ja-lupakartta\/","og_site_name":"Judinsalon osakaskunta","article_modified_time":"2021-05-25T07:24:24+00:00","og_image":[{"url":"http:\/\/89.166.51.80\/~pohjoispaij\/judinsalo\/wp-content\/uploads\/sites\/41\/2021\/01\/judinsalo-I-vedet-1-40000-1024x623.png","type":"","width":"","height":""}],"twitter_card":"summary_large_image","twitter_misc":{"Arvioitu lukuaika":"1 minuutti"},"schema":{"@context":"https:\/\/schema.org","@graph":[{"@type":"WebPage","@id":"https:\/\/pohjoispaijanteenkalatalousalue.fi\/judinsalo\/luvat\/luvanmyyjat-ja-lupakartta\/","url":"https:\/\/pohjoispaijanteenkalatalousalue.fi\/judinsalo\/luvat\/luvanmyyjat-ja-lupakartta\/","name":"Luvanmyyj\u00e4t ja lupakartta - Judinsalon osakaskunta","isPartOf":{"@id":"https:\/\/pohjoispaijanteenkalatalousalue.fi\/judinsalo\/#website"},"primaryImageOfPage":{"@id":"https:\/\/pohjoispaijanteenkalatalousalue.fi\/judinsalo\/luvat\/luvanmyyjat-ja-lupakartta\/#primaryimage"},"image":{"@id":"https:\/\/pohjoispaijanteenkalatalousalue.fi\/judinsalo\/luvat\/luvanmyyjat-ja-lupakartta\/#primaryimage"},"thumbnailUrl":"http:\/\/89.166.51.80\/~pohjoispaij\/judinsalo\/wp-content\/uploads\/sites\/41\/2021\/01\/judinsalo-I-vedet-1-40000-1024x623.png","datePublished":"2020-10-29T11:42:18+00:00","dateModified":"2021-05-25T07:24:24+00:00","breadcrumb":{"@id":"https:\/\/pohjoispaijanteenkalatalousalue.fi\/judinsalo\/luvat\/luvanmyyjat-ja-lupakartta\/#breadcrumb"},"inLanguage":"fi","potentialAction":[{"@type":"ReadAction","target":["https:\/\/pohjoispaijanteenkalatalousalue.fi\/judinsalo\/luvat\/luvanmyyjat-ja-lupakartta\/"]}]},{"@type":"ImageObject","inLanguage":"fi","@id":"https:\/\/pohjoispaijanteenkalatalousalue.fi\/judinsalo\/luvat\/luvanmyyjat-ja-lupakartta\/#primaryimage","url":"http:\/\/89.166.51.80\/~pohjoispaij\/judinsalo\/wp-content\/uploads\/sites\/41\/2021\/01\/judinsalo-I-vedet-1-40000-1024x623.png","contentUrl":"http:\/\/89.166.51.80\/~pohjoispaij\/judinsalo\/wp-content\/uploads\/sites\/41\/2021\/01\/judinsalo-I-vedet-1-40000-1024x623.png"},{"@type":"BreadcrumbList","@id":"https:\/\/pohjoispaijanteenkalatalousalue.fi\/judinsalo\/luvat\/luvanmyyjat-ja-lupakartta\/#breadcrumb","itemListElement":[{"@type":"ListItem","position":1,"name":"Home","item":"https:\/\/pohjoispaijanteenkalatalousalue.fi\/judinsalo\/"},{"@type":"ListItem","position":2,"name":"Yksityinen: Luvat","item":"https:\/\/pohjoispaijanteenkalatalousalue.fi\/judinsalo\/?page_id=45"},{"@type":"ListItem","position":3,"name":"Luvanmyyj\u00e4t ja lupakartta"}]},{"@type":"WebSite","@id":"https:\/\/pohjoispaijanteenkalatalousalue.fi\/judinsalo\/#website","url":"https:\/\/pohjoispaijanteenkalatalousalue.fi\/judinsalo\/","name":"Judinsalon osakaskunta","description":"","potentialAction":[{"@type":"SearchAction","target":{"@type":"EntryPoint","urlTemplate":"https:\/\/pohjoispaijanteenkalatalousalue.fi\/judinsalo\/?s={search_term_string}"},"query-input":{"@type":"PropertyValueSpecification","valueRequired":true,"valueName":"search_term_string"}}],"inLanguage":"fi"}]}},"_links":{"self":[{"href":"https:\/\/pohjoispaijanteenkalatalousalue.fi\/judinsalo\/wp-json\/wp\/v2\/pages\/90","targetHints":{"allow":["GET"]}}],"collection":[{"href":"https:\/\/pohjoispaijanteenkalatalousalue.fi\/judinsalo\/wp-json\/wp\/v2\/pages"}],"about":[{"href":"https:\/\/pohjoispaijanteenkalatalousalue.fi\/judinsalo\/wp-json\/wp\/v2\/types\/page"}],"author":[{"embeddable":true,"href":"https:\/\/pohjoispaijanteenkalatalousalue.fi\/judinsalo\/wp-json\/wp\/v2\/users\/1"}],"replies":[{"embeddable":true,"href":"https:\/\/pohjoispaijanteenkalatalousalue.fi\/judinsalo\/wp-json\/wp\/v2\/comments?post=90"}],"version-history":[{"count":7,"href":"https:\/\/pohjoispaijanteenkalatalousalue.fi\/judinsalo\/wp-json\/wp\/v2\/pages\/90\/revisions"}],"predecessor-version":[{"id":457,"href":"https:\/\/pohjoispaijanteenkalatalousalue.fi\/judinsalo\/wp-json\/wp\/v2\/pages\/90\/revisions\/457"}],"up":[{"embeddable":true,"href":"https:\/\/pohjoispaijanteenkalatalousalue.fi\/judinsalo\/wp-json\/wp\/v2\/pages\/45"}],"wp:attachment":[{"href":"https:\/\/pohjoispaijanteenkalatalousalue.fi\/judinsalo\/wp-json\/wp\/v2\/media?parent=90"}],"curies":[{"name":"wp","href":"https:\/\/api.w.org\/{rel}","templated":true}]}}