{"id":72,"date":"2020-10-29T11:24:00","date_gmt":"2020-10-29T11:24:00","guid":{"rendered":"http:\/\/89.166.51.80\/~pohjoispaij\/judinsalo\/?page_id=72"},"modified":"2023-05-16T07:58:14","modified_gmt":"2023-05-16T07:58:14","slug":"toimintasuunnitelma","status":"publish","type":"page","link":"https:\/\/pohjoispaijanteenkalatalousalue.fi\/judinsalo\/hallinto\/toimintasuunnitelma\/","title":{"rendered":"Tilinp\u00e4\u00e4t\u00f6kset"},"content":{"rendered":"\n<h2 class=\"wp-block-heading\">Tilinp\u00e4\u00e4t\u00f6kset<\/h2>\n\n\n\n<p>Tilikausi 2022<\/p>\n\n\n\n<div class=\"wp-block-file\"><a id=\"wp-block-file--media-6f44f3e9-1883-4bb4-bba8-59685e4bd150\" href=\"https:\/\/pohjoispaijanteenkalatalousalue.fi\/judinsalo\/wp-content\/uploads\/sites\/41\/2023\/05\/Tuloslaskelma-Judinsalon-Osakaskunta-LIITE-4.pdf\">Tuloslaskelma-Judinsalon-Osakaskunta-LIITE-4<\/a><a href=\"https:\/\/pohjoispaijanteenkalatalousalue.fi\/judinsalo\/wp-content\/uploads\/sites\/41\/2023\/05\/Tuloslaskelma-Judinsalon-Osakaskunta-LIITE-4.pdf\" class=\"wp-block-file__button wp-element-button\" download aria-describedby=\"wp-block-file--media-6f44f3e9-1883-4bb4-bba8-59685e4bd150\">Lataa<\/a><\/div>\n\n\n\n<div class=\"wp-block-file\"><a id=\"wp-block-file--media-e4f5cdb9-0d2a-48fe-a3f1-f2e1233c495f\" href=\"https:\/\/pohjoispaijanteenkalatalousalue.fi\/judinsalo\/wp-content\/uploads\/sites\/41\/2023\/05\/Tase-Judinsalon-Osakaskunta-LIITE-5.pdf\">Tase-Judinsalon-Osakaskunta-LIITE-5<\/a><a href=\"https:\/\/pohjoispaijanteenkalatalousalue.fi\/judinsalo\/wp-content\/uploads\/sites\/41\/2023\/05\/Tase-Judinsalon-Osakaskunta-LIITE-5.pdf\" class=\"wp-block-file__button wp-element-button\" download aria-describedby=\"wp-block-file--media-e4f5cdb9-0d2a-48fe-a3f1-f2e1233c495f\">Lataa<\/a><\/div>\n\n\n\n<p>Tilikausi 2021<\/p>\n\n\n\n<div class=\"wp-block-file\"><a id=\"wp-block-file--media-3cec65cb-24fb-4d29-9c76-4bc408b386fb\" href=\"https:\/\/pohjoispaijanteenkalatalousalue.fi\/judinsalo\/wp-content\/uploads\/sites\/41\/2023\/05\/tuloslaskelma_0802280222.pdf\">tuloslaskelma_0802280222<\/a><a href=\"https:\/\/pohjoispaijanteenkalatalousalue.fi\/judinsalo\/wp-content\/uploads\/sites\/41\/2023\/05\/tuloslaskelma_0802280222.pdf\" class=\"wp-block-file__button wp-element-button\" download aria-describedby=\"wp-block-file--media-3cec65cb-24fb-4d29-9c76-4bc408b386fb\">Lataa<\/a><\/div>\n\n\n\n<div class=\"wp-block-file\"><a id=\"wp-block-file--media-1e2e7fa9-da87-49c1-9e61-0abc56a67f28\" href=\"https:\/\/pohjoispaijanteenkalatalousalue.fi\/judinsalo\/wp-content\/uploads\/sites\/41\/2023\/05\/tase_0802280222.pdf\">tase_0802280222<\/a><a href=\"https:\/\/pohjoispaijanteenkalatalousalue.fi\/judinsalo\/wp-content\/uploads\/sites\/41\/2023\/05\/tase_0802280222.pdf\" class=\"wp-block-file__button wp-element-button\" download aria-describedby=\"wp-block-file--media-1e2e7fa9-da87-49c1-9e61-0abc56a67f28\">Lataa<\/a><\/div>\n\n\n\n<p><strong><em>Tilikausi 2019 ja 2020<\/em><\/strong><\/p>\n\n\n\n<div class=\"wp-block-file\"><a id=\"wp-block-file--media-d560ea69-cae0-4ac7-aa2a-947d92f46438\" href=\"https:\/\/pohjoispaijanteenkalatalousalue.fi\/judinsalo\/wp-content\/uploads\/sites\/41\/2022\/04\/tuloslaskelma_2019-ja-2020-Liite-5.pdf\">tuloslaskelma_2019 ja 2020<\/a><a href=\"https:\/\/pohjoispaijanteenkalatalousalue.fi\/judinsalo\/wp-content\/uploads\/sites\/41\/2022\/04\/tuloslaskelma_2019-ja-2020-Liite-5.pdf\" class=\"wp-block-file__button wp-element-button\" download aria-describedby=\"wp-block-file--media-d560ea69-cae0-4ac7-aa2a-947d92f46438\">Lataa<\/a><\/div>\n\n\n\n<div class=\"wp-block-file\"><a id=\"wp-block-file--media-2bff4c15-b46f-4bf0-9d9f-5dedb1ece384\" href=\"https:\/\/pohjoispaijanteenkalatalousalue.fi\/judinsalo\/wp-content\/uploads\/sites\/41\/2022\/04\/tase_2020-Liite-6.pdf\">Tase_2020<\/a><a href=\"https:\/\/pohjoispaijanteenkalatalousalue.fi\/judinsalo\/wp-content\/uploads\/sites\/41\/2022\/04\/tase_2020-Liite-6.pdf\" class=\"wp-block-file__button wp-element-button\" download aria-describedby=\"wp-block-file--media-2bff4c15-b46f-4bf0-9d9f-5dedb1ece384\">Lataa<\/a><\/div>\n\n\n\n<p>___________________________________________________________________<\/p>\n\n\n\n<p><strong><em>Tilikausi 1.1.-31.12.2018<\/em><\/strong><\/p>\n\n\n\n<div class=\"wp-block-file\"><a id=\"wp-block-file--media-adfa77a6-a7be-4f35-bdd6-96f105fe1fdd\" href=\"https:\/\/pohjoispaijanteenkalatalousalue.fi\/judinsalo\/wp-content\/uploads\/sites\/41\/2022\/04\/Tuloslaskelma-ja-tase-liite-4.pdf\">Tuloslaskelma-ja tase 2018<\/a><a href=\"https:\/\/pohjoispaijanteenkalatalousalue.fi\/judinsalo\/wp-content\/uploads\/sites\/41\/2022\/04\/Tuloslaskelma-ja-tase-liite-4.pdf\" class=\"wp-block-file__button wp-element-button\" download aria-describedby=\"wp-block-file--media-adfa77a6-a7be-4f35-bdd6-96f105fe1fdd\">Lataa<\/a><\/div>\n\n\n\n<p>___________________________________________________________________<\/p>\n\n\n\n<p><strong><em>Tilikausi 1.1.-31.12.2017<\/em><\/strong><\/p>\n\n\n\n<ul class=\"wp-block-list\">\n<li><em><a href=\"http:\/\/89.166.51.80\/~pohjoispaij\/judinsalo\/wp-content\/uploads\/sites\/41\/2021\/01\/Tuloslaskelma-1.1.-31.12.2017.pdf\" target=\"_blank\" rel=\"noreferrer noopener\">Tuloslaskelma (pdf)<\/a><\/em><\/li>\n\n\n\n<li><a href=\"http:\/\/89.166.51.80\/~pohjoispaij\/judinsalo\/wp-content\/uploads\/sites\/41\/2021\/01\/Tase-31.12.2017.pdf\" target=\"_blank\" rel=\"noreferrer noopener\"><em>Tase (pdf)<\/em><\/a><\/li>\n\n\n\n<li><em><a href=\"http:\/\/89.166.51.80\/~pohjoispaij\/judinsalo\/wp-content\/uploads\/sites\/41\/2021\/01\/Liitetiedot-2017.pdf\" target=\"_blank\" rel=\"noreferrer noopener\">Liitetiedot (pdf),<\/a><\/em><\/li>\n\n\n\n<li><a href=\"http:\/\/89.166.51.80\/~pohjoispaij\/judinsalo\/wp-content\/uploads\/sites\/41\/2021\/01\/2017-Tilinpaatoksen-allekirjoitukset-Copy.pdf\" target=\"_blank\" rel=\"noreferrer noopener\"><em>p\u00e4iv\u00e4ys ja allekirjoitukset (pdf)<\/em><\/a><\/li>\n<\/ul>\n\n\n\n<p><em>____________________________________________________________________<\/em><\/p>\n\n\n\n<p><strong><em>Tilikausi 1.1.-31.12.2016<\/em><\/strong><\/p>\n\n\n\n<ul class=\"wp-block-list\">\n<li><a href=\"http:\/\/89.166.51.80\/~pohjoispaij\/judinsalo\/wp-content\/uploads\/sites\/41\/2021\/01\/Tuloslaskelma-pitka-1.1.-31.12.2016.pdf\" target=\"_blank\" rel=\"noreferrer noopener\"><em>Tuloslaskelma&nbsp;(pdf)<\/em><\/a><\/li>\n\n\n\n<li><a href=\"http:\/\/89.166.51.80\/~pohjoispaij\/judinsalo\/wp-content\/uploads\/sites\/41\/2021\/01\/2016-Tase-pitka.pdf\" target=\"_blank\" rel=\"noreferrer noopener\"><em>Tase&nbsp;(pdf)<\/em><\/a><\/li>\n\n\n\n<li><a href=\"http:\/\/89.166.51.80\/~pohjoispaij\/judinsalo\/wp-content\/uploads\/sites\/41\/2021\/01\/2016-Tilinpaatoksen-allekirjoitukset-Copy.pdf\" target=\"_blank\" rel=\"noreferrer noopener\"><em>Liitetiedot, p\u00e4iv\u00e4ys ja allekirjoitukset&nbsp;(pdf)<\/em><\/a><\/li>\n<\/ul>\n\n\n\n<p>___________________________________________________________________<\/p>\n\n\n\n<p><strong><em>Tilikausi 1.1.-31.12.2015<\/em><\/strong><\/p>\n\n\n\n<ul class=\"wp-block-list\">\n<li><a href=\"http:\/\/89.166.51.80\/~pohjoispaij\/judinsalo\/wp-content\/uploads\/sites\/41\/2021\/01\/Tuloslaskelma-1.1.-31.12.-2015.pdf\" target=\"_blank\" rel=\"noreferrer noopener\"><em>Tuloslaskelma (pdf)<\/em><\/a><\/li>\n\n\n\n<li><a rel=\"noreferrer noopener\" href=\"http:\/\/pohjoispaijanteenkalatalousalue.fi\/ok\/judinsalo\/uploads\/Tase%2031.12.2015.pdf\" target=\"_blank\"><em>Tase (p<\/em><\/a><em><a href=\"http:\/\/89.166.51.80\/~pohjoispaij\/judinsalo\/wp-content\/uploads\/sites\/41\/2021\/01\/Tase-31.12.2015.pdf\" target=\"_blank\" rel=\"noreferrer noopener\">d<\/a><\/em><a rel=\"noreferrer noopener\" href=\"http:\/\/pohjoispaijanteenkalatalousalue.fi\/ok\/judinsalo\/uploads\/Tase%2031.12.2015.pdf\" target=\"_blank\"><em>f)<\/em><\/a><\/li>\n\n\n\n<li><em><a href=\"http:\/\/89.166.51.80\/~pohjoispaij\/judinsalo\/wp-content\/uploads\/sites\/41\/2021\/01\/Liite4b_Liitetiedot-ja-allekirjoitukset-2015.pdf\" target=\"_blank\" rel=\"noreferrer noopener\">Liitetiedot, p\u00e4iv\u00e4ys ja allekirjoitukset (pdf)<\/a><\/em><\/li>\n<\/ul>\n\n\n\n<p><em>___________________________________________________________________<\/em><\/p>\n\n\n\n<p><em><strong>Tilikausi 1.1.-31.12.2014<\/strong><\/em><\/p>\n\n\n\n<ul class=\"wp-block-list\">\n<li><a href=\"http:\/\/89.166.51.80\/~pohjoispaij\/judinsalo\/wp-content\/uploads\/sites\/41\/2021\/01\/Tuloslaskelma-1.1.-31.12.2014.pdf\" target=\"_blank\" rel=\"noreferrer noopener\"><em>Tuloslaskelma (pdf<\/em><\/a>)<\/li>\n\n\n\n<li><a href=\"http:\/\/89.166.51.80\/~pohjoispaij\/judinsalo\/wp-content\/uploads\/sites\/41\/2021\/01\/Tase-2014-12-31.pdf\" target=\"_blank\" rel=\"noreferrer noopener\"><em>Tase (pdf)<\/em><\/a><\/li>\n\n\n\n<li><a href=\"http:\/\/89.166.51.80\/~pohjoispaij\/judinsalo\/wp-content\/uploads\/sites\/41\/2021\/01\/Liitetiedot-paivays-ja-allekirjoitukset.pdf\" target=\"_blank\" rel=\"noreferrer noopener\"><em>Liitetiedot, p\u00e4iv\u00e4ys ja allekirjoitukset (pdf)<\/em><\/a><\/li>\n<\/ul>\n\n\n\n<p><em>___________________________________________________________________<\/em><\/p>\n\n\n\n<p><strong><em>Tilikausi 1.1.-31.12.2013<\/em><\/strong><\/p>\n\n\n\n<ul class=\"wp-block-list\">\n<li><a href=\"http:\/\/89.166.51.80\/~pohjoispaij\/judinsalo\/wp-content\/uploads\/sites\/41\/2021\/01\/Tuloslaskelma-2013.pdf\" target=\"_blank\" rel=\"noreferrer noopener\"><em>Tuloslaskelma (pdf)<\/em><\/a><\/li>\n\n\n\n<li><a href=\"http:\/\/89.166.51.80\/~pohjoispaij\/judinsalo\/wp-content\/uploads\/sites\/41\/2021\/01\/Tase-31.12.2013.pdf\" target=\"_blank\" rel=\"noreferrer noopener\"><em>Tase (pdf)<\/em><\/a><\/li>\n\n\n\n<li><a href=\"http:\/\/89.166.51.80\/~pohjoispaij\/judinsalo\/wp-content\/uploads\/sites\/41\/2021\/01\/Liitetiedot-2013-paivays-ja-allekirjoitukset.pdf\" target=\"_blank\" rel=\"noreferrer noopener\"><em>Liitetiedot, p\u00e4iv\u00e4ys ja allekirjoitukset (pdf)<\/em><\/a><\/li>\n<\/ul>\n","protected":false},"excerpt":{"rendered":"<p>Tilinp\u00e4\u00e4t\u00f6kset Tilikausi 2022 Tilikausi 2021 Tilikausi 2019 ja 2020 ___________________________________________________________________ Tilikausi 1.1.-31.12.2018 ___________________________________________________________________ Tilikausi 1.1.-31.12.2017 ____________________________________________________________________ Tilikausi 1.1.-31.12.2016 ___________________________________________________________________ Tilikausi 1.1.-31.12.2015 ___________________________________________________________________ Tilikausi 1.1.-31.12.2014 ___________________________________________________________________ Tilikausi 1.1.-31.12.2013<\/p>\n","protected":false},"author":1,"featured_media":0,"parent":32,"menu_order":0,"comment_status":"closed","ping_status":"closed","template":"basic-sivu.php","meta":{"_acf_changed":false,"footnotes":""},"class_list":["post-72","page","type-page","status-publish","hentry"],"acf":[],"yoast_head":"<!-- This site is optimized with the Yoast SEO plugin v27.1.1 - https:\/\/yoast.com\/product\/yoast-seo-wordpress\/ -->\n<title>Tilinp\u00e4\u00e4t\u00f6kset - Judinsalon osakaskunta<\/title>\n<meta name=\"robots\" content=\"index, follow, max-snippet:-1, max-image-preview:large, max-video-preview:-1\" \/>\n<link rel=\"canonical\" href=\"https:\/\/pohjoispaijanteenkalatalousalue.fi\/judinsalo\/hallinto\/toimintasuunnitelma\/\" \/>\n<meta property=\"og:locale\" content=\"fi_FI\" \/>\n<meta property=\"og:type\" content=\"article\" \/>\n<meta property=\"og:title\" content=\"Tilinp\u00e4\u00e4t\u00f6kset - Judinsalon osakaskunta\" \/>\n<meta property=\"og:description\" content=\"Tilinp\u00e4\u00e4t\u00f6kset Tilikausi 2022 Tilikausi 2021 Tilikausi 2019 ja 2020 ___________________________________________________________________ Tilikausi 1.1.-31.12.2018 ___________________________________________________________________ Tilikausi 1.1.-31.12.2017 ____________________________________________________________________ Tilikausi 1.1.-31.12.2016 ___________________________________________________________________ Tilikausi 1.1.-31.12.2015 ___________________________________________________________________ Tilikausi 1.1.-31.12.2014 ___________________________________________________________________ Tilikausi 1.1.-31.12.2013\" \/>\n<meta property=\"og:url\" content=\"https:\/\/pohjoispaijanteenkalatalousalue.fi\/judinsalo\/hallinto\/toimintasuunnitelma\/\" \/>\n<meta property=\"og:site_name\" content=\"Judinsalon osakaskunta\" \/>\n<meta property=\"article:modified_time\" content=\"2023-05-16T07:58:14+00:00\" \/>\n<meta name=\"twitter:card\" content=\"summary_large_image\" \/>\n<meta name=\"twitter:label1\" content=\"Arvioitu lukuaika\" \/>\n\t<meta name=\"twitter:data1\" content=\"1 minuutti\" \/>\n<script type=\"application\/ld+json\" class=\"yoast-schema-graph\">{\"@context\":\"https:\/\/schema.org\",\"@graph\":[{\"@type\":\"WebPage\",\"@id\":\"https:\/\/pohjoispaijanteenkalatalousalue.fi\/judinsalo\/hallinto\/toimintasuunnitelma\/\",\"url\":\"https:\/\/pohjoispaijanteenkalatalousalue.fi\/judinsalo\/hallinto\/toimintasuunnitelma\/\",\"name\":\"Tilinp\u00e4\u00e4t\u00f6kset - Judinsalon osakaskunta\",\"isPartOf\":{\"@id\":\"https:\/\/pohjoispaijanteenkalatalousalue.fi\/judinsalo\/#website\"},\"datePublished\":\"2020-10-29T11:24:00+00:00\",\"dateModified\":\"2023-05-16T07:58:14+00:00\",\"breadcrumb\":{\"@id\":\"https:\/\/pohjoispaijanteenkalatalousalue.fi\/judinsalo\/hallinto\/toimintasuunnitelma\/#breadcrumb\"},\"inLanguage\":\"fi\",\"potentialAction\":[{\"@type\":\"ReadAction\",\"target\":[\"https:\/\/pohjoispaijanteenkalatalousalue.fi\/judinsalo\/hallinto\/toimintasuunnitelma\/\"]}]},{\"@type\":\"BreadcrumbList\",\"@id\":\"https:\/\/pohjoispaijanteenkalatalousalue.fi\/judinsalo\/hallinto\/toimintasuunnitelma\/#breadcrumb\",\"itemListElement\":[{\"@type\":\"ListItem\",\"position\":1,\"name\":\"Home\",\"item\":\"https:\/\/pohjoispaijanteenkalatalousalue.fi\/judinsalo\/\"},{\"@type\":\"ListItem\",\"position\":2,\"name\":\"Yksityinen: Hallinto\",\"item\":\"https:\/\/pohjoispaijanteenkalatalousalue.fi\/judinsalo\/?page_id=32\"},{\"@type\":\"ListItem\",\"position\":3,\"name\":\"Tilinp\u00e4\u00e4t\u00f6kset\"}]},{\"@type\":\"WebSite\",\"@id\":\"https:\/\/pohjoispaijanteenkalatalousalue.fi\/judinsalo\/#website\",\"url\":\"https:\/\/pohjoispaijanteenkalatalousalue.fi\/judinsalo\/\",\"name\":\"Judinsalon osakaskunta\",\"description\":\"\",\"potentialAction\":[{\"@type\":\"SearchAction\",\"target\":{\"@type\":\"EntryPoint\",\"urlTemplate\":\"https:\/\/pohjoispaijanteenkalatalousalue.fi\/judinsalo\/?s={search_term_string}\"},\"query-input\":{\"@type\":\"PropertyValueSpecification\",\"valueRequired\":true,\"valueName\":\"search_term_string\"}}],\"inLanguage\":\"fi\"}]}<\/script>\n<!-- \/ Yoast SEO plugin. -->","yoast_head_json":{"title":"Tilinp\u00e4\u00e4t\u00f6kset - Judinsalon osakaskunta","robots":{"index":"index","follow":"follow","max-snippet":"max-snippet:-1","max-image-preview":"max-image-preview:large","max-video-preview":"max-video-preview:-1"},"canonical":"https:\/\/pohjoispaijanteenkalatalousalue.fi\/judinsalo\/hallinto\/toimintasuunnitelma\/","og_locale":"fi_FI","og_type":"article","og_title":"Tilinp\u00e4\u00e4t\u00f6kset - Judinsalon osakaskunta","og_description":"Tilinp\u00e4\u00e4t\u00f6kset Tilikausi 2022 Tilikausi 2021 Tilikausi 2019 ja 2020 ___________________________________________________________________ Tilikausi 1.1.-31.12.2018 ___________________________________________________________________ Tilikausi 1.1.-31.12.2017 ____________________________________________________________________ Tilikausi 1.1.-31.12.2016 ___________________________________________________________________ Tilikausi 1.1.-31.12.2015 ___________________________________________________________________ Tilikausi 1.1.-31.12.2014 ___________________________________________________________________ Tilikausi 1.1.-31.12.2013","og_url":"https:\/\/pohjoispaijanteenkalatalousalue.fi\/judinsalo\/hallinto\/toimintasuunnitelma\/","og_site_name":"Judinsalon osakaskunta","article_modified_time":"2023-05-16T07:58:14+00:00","twitter_card":"summary_large_image","twitter_misc":{"Arvioitu lukuaika":"1 minuutti"},"schema":{"@context":"https:\/\/schema.org","@graph":[{"@type":"WebPage","@id":"https:\/\/pohjoispaijanteenkalatalousalue.fi\/judinsalo\/hallinto\/toimintasuunnitelma\/","url":"https:\/\/pohjoispaijanteenkalatalousalue.fi\/judinsalo\/hallinto\/toimintasuunnitelma\/","name":"Tilinp\u00e4\u00e4t\u00f6kset - Judinsalon osakaskunta","isPartOf":{"@id":"https:\/\/pohjoispaijanteenkalatalousalue.fi\/judinsalo\/#website"},"datePublished":"2020-10-29T11:24:00+00:00","dateModified":"2023-05-16T07:58:14+00:00","breadcrumb":{"@id":"https:\/\/pohjoispaijanteenkalatalousalue.fi\/judinsalo\/hallinto\/toimintasuunnitelma\/#breadcrumb"},"inLanguage":"fi","potentialAction":[{"@type":"ReadAction","target":["https:\/\/pohjoispaijanteenkalatalousalue.fi\/judinsalo\/hallinto\/toimintasuunnitelma\/"]}]},{"@type":"BreadcrumbList","@id":"https:\/\/pohjoispaijanteenkalatalousalue.fi\/judinsalo\/hallinto\/toimintasuunnitelma\/#breadcrumb","itemListElement":[{"@type":"ListItem","position":1,"name":"Home","item":"https:\/\/pohjoispaijanteenkalatalousalue.fi\/judinsalo\/"},{"@type":"ListItem","position":2,"name":"Yksityinen: Hallinto","item":"https:\/\/pohjoispaijanteenkalatalousalue.fi\/judinsalo\/?page_id=32"},{"@type":"ListItem","position":3,"name":"Tilinp\u00e4\u00e4t\u00f6kset"}]},{"@type":"WebSite","@id":"https:\/\/pohjoispaijanteenkalatalousalue.fi\/judinsalo\/#website","url":"https:\/\/pohjoispaijanteenkalatalousalue.fi\/judinsalo\/","name":"Judinsalon osakaskunta","description":"","potentialAction":[{"@type":"SearchAction","target":{"@type":"EntryPoint","urlTemplate":"https:\/\/pohjoispaijanteenkalatalousalue.fi\/judinsalo\/?s={search_term_string}"},"query-input":{"@type":"PropertyValueSpecification","valueRequired":true,"valueName":"search_term_string"}}],"inLanguage":"fi"}]}},"_links":{"self":[{"href":"https:\/\/pohjoispaijanteenkalatalousalue.fi\/judinsalo\/wp-json\/wp\/v2\/pages\/72","targetHints":{"allow":["GET"]}}],"collection":[{"href":"https:\/\/pohjoispaijanteenkalatalousalue.fi\/judinsalo\/wp-json\/wp\/v2\/pages"}],"about":[{"href":"https:\/\/pohjoispaijanteenkalatalousalue.fi\/judinsalo\/wp-json\/wp\/v2\/types\/page"}],"author":[{"embeddable":true,"href":"https:\/\/pohjoispaijanteenkalatalousalue.fi\/judinsalo\/wp-json\/wp\/v2\/users\/1"}],"replies":[{"embeddable":true,"href":"https:\/\/pohjoispaijanteenkalatalousalue.fi\/judinsalo\/wp-json\/wp\/v2\/comments?post=72"}],"version-history":[{"count":13,"href":"https:\/\/pohjoispaijanteenkalatalousalue.fi\/judinsalo\/wp-json\/wp\/v2\/pages\/72\/revisions"}],"predecessor-version":[{"id":757,"href":"https:\/\/pohjoispaijanteenkalatalousalue.fi\/judinsalo\/wp-json\/wp\/v2\/pages\/72\/revisions\/757"}],"up":[{"embeddable":true,"href":"https:\/\/pohjoispaijanteenkalatalousalue.fi\/judinsalo\/wp-json\/wp\/v2\/pages\/32"}],"wp:attachment":[{"href":"https:\/\/pohjoispaijanteenkalatalousalue.fi\/judinsalo\/wp-json\/wp\/v2\/media?parent=72"}],"curies":[{"name":"wp","href":"https:\/\/api.w.org\/{rel}","templated":true}]}}