{"id":265,"date":"2021-01-14T12:16:39","date_gmt":"2021-01-14T12:16:39","guid":{"rendered":"http:\/\/89.166.51.80\/~pohjoispaij\/judinsalo\/?page_id=265"},"modified":"2021-01-14T12:16:39","modified_gmt":"2021-01-14T12:16:39","slug":"uutisia-lehdista-ja-tapahtumia","status":"publish","type":"page","link":"https:\/\/pohjoispaijanteenkalatalousalue.fi\/judinsalo\/toiminta\/uutisia-lehdista-ja-tapahtumia\/","title":{"rendered":"Uutisia lehdist\u00e4 ja tapahtumia"},"content":{"rendered":"\n<h2 class=\"wp-block-heading\">Uutisia lehdist\u00e4 ja tapahtumia<\/h2>\n\n\n\n<p>T\u00e4lle sivulle ker\u00e4\u00e4n osakaskuntaa ja toimintaamme liittyv\u00e4\u00e4 lehtikirjoittelua. Voit my\u00f6s l\u00e4hett\u00e4\u00e4 minulle kiinnostavia aiheita, jotka haluat yleisemp\u00e4\u00e4n tietoon! Reijo Oinonen<\/p>\n\n\n\n<p><em><a href=\"http:\/\/www.pohjoispaijanteenkalastusalue.fi\/pohjois_paijanne\/okt\/judinsalo\/uploads\/Joutsan%20Seutu%2022.1.2014.pdf\" target=\"_blank\" rel=\"noreferrer noopener\">Joutsan Seutu 22.1.2014 (pdf)<\/a><\/em><\/p>\n\n\n\n<p>Toisen osakaskunnan perustaminen Luhankaan on juuri&nbsp;n\u00e4in\u00e4 viikkoina&nbsp;ajankohtainen. Toivotan p\u00e4\u00e4tt\u00e4jille voimaa ja rohkeutta&nbsp;tehd\u00e4 perustamisp\u00e4\u00e4t\u00f6s; se kannattaa!<\/p>\n\n\n\n<p><strong>Nuotanveto Luhangan Judinsalossa 20.11.2014<\/strong><\/p>\n\n\n\n<p>Osakaskunnan kev\u00e4tkokous my\u00f6nsi nuotanvetoluvat Eero Keih\u00e4sniemelle&nbsp;toistaiseksi. Eero kutsui puheenjohtaja Reijo Oinosen seuraamaan tapahtumaa Kotkatsel\u00e4lle. Mukana oli&nbsp;my\u00f6s Ilkka Nieminen, jolle n\u00e4m\u00e4 kalavedet olivat&nbsp;tuttuja lapsuudesta.<\/p>\n\n\n\n<p>Nuotanveto suoritettiin perinteisill\u00e4 v\u00e4lineill\u00e4 rantanuottana. Nuotan pituus oli noin 100 m ja molemmat vetok\u00f6ydet my\u00f6s noin 100 eli nuotattava vesialue oli 1 ha. Saalista kertyi n. 20 kg kuoretta ja yksi siika.<\/p>\n\n\n\n<p>Nuotanvetoon voisi kuulua rantakalakeitto. T\u00e4m\u00e4n katoavan kansanperinteen toivoisi yleistyv\u00e4n. Parhaimmillaan se on hauska ja sosiaalinen tapahtuma, jolla merkityst\u00e4 my\u00f6s talouden ja hoitokalastuksen kannalta.<\/p>\n\n\n\n<p>Kiitos, Eero ja Ilkka, hieno, uusi kokemus!<\/p>\n\n\n\n<p>________________________________________________________________________________<\/p>\n\n\n\n<p>Teksti ja kuvat: Reijo Oinonen<\/p>\n\n\n\n<p>________________________________________________________________________________<\/p>\n\n\n\n<p>Nuotanveto 20.11.2014<\/p>\n","protected":false},"excerpt":{"rendered":"<p>Uutisia lehdist\u00e4 ja tapahtumia T\u00e4lle sivulle ker\u00e4\u00e4n osakaskuntaa ja toimintaamme liittyv\u00e4\u00e4 lehtikirjoittelua. Voit my\u00f6s l\u00e4hett\u00e4\u00e4 minulle kiinnostavia aiheita, jotka haluat yleisemp\u00e4\u00e4n tietoon! Reijo Oinonen Joutsan Seutu 22.1.2014 (pdf) Toisen osakaskunnan perustaminen Luhankaan on juuri&nbsp;n\u00e4in\u00e4 viikkoina&nbsp;ajankohtainen. Toivotan p\u00e4\u00e4tt\u00e4jille voimaa ja rohkeutta&nbsp;tehd\u00e4 perustamisp\u00e4\u00e4t\u00f6s; se kannattaa! Nuotanveto Luhangan Judinsalossa 20.11.2014 Osakaskunnan kev\u00e4tkokous my\u00f6nsi nuotanvetoluvat Eero Keih\u00e4sniemelle&nbsp;toistaiseksi. Eero kutsui<\/p>\n<p><a class=\"moretag\" href=\"https:\/\/pohjoispaijanteenkalatalousalue.fi\/judinsalo\/toiminta\/uutisia-lehdista-ja-tapahtumia\/\"> Lue lis\u00e4\u00e4 ><\/a><\/p>\n","protected":false},"author":1,"featured_media":0,"parent":250,"menu_order":0,"comment_status":"closed","ping_status":"closed","template":"basic-sivu.php","meta":{"_acf_changed":false,"footnotes":""},"class_list":["post-265","page","type-page","status-publish","hentry"],"acf":[],"yoast_head":"<!-- This site is optimized with the Yoast SEO plugin v27.1.1 - https:\/\/yoast.com\/product\/yoast-seo-wordpress\/ -->\n<title>Uutisia lehdist\u00e4 ja tapahtumia - Judinsalon osakaskunta<\/title>\n<meta name=\"robots\" content=\"index, follow, max-snippet:-1, max-image-preview:large, max-video-preview:-1\" \/>\n<link rel=\"canonical\" href=\"https:\/\/pohjoispaijanteenkalatalousalue.fi\/judinsalo\/toiminta\/uutisia-lehdista-ja-tapahtumia\/\" \/>\n<meta property=\"og:locale\" content=\"fi_FI\" \/>\n<meta property=\"og:type\" content=\"article\" \/>\n<meta property=\"og:title\" content=\"Uutisia lehdist\u00e4 ja tapahtumia - Judinsalon osakaskunta\" \/>\n<meta property=\"og:description\" content=\"Uutisia lehdist\u00e4 ja tapahtumia T\u00e4lle sivulle ker\u00e4\u00e4n osakaskuntaa ja toimintaamme liittyv\u00e4\u00e4 lehtikirjoittelua. Voit my\u00f6s l\u00e4hett\u00e4\u00e4 minulle kiinnostavia aiheita, jotka haluat yleisemp\u00e4\u00e4n tietoon! Reijo Oinonen Joutsan Seutu 22.1.2014 (pdf) Toisen osakaskunnan perustaminen Luhankaan on juuri&nbsp;n\u00e4in\u00e4 viikkoina&nbsp;ajankohtainen. Toivotan p\u00e4\u00e4tt\u00e4jille voimaa ja rohkeutta&nbsp;tehd\u00e4 perustamisp\u00e4\u00e4t\u00f6s; se kannattaa! Nuotanveto Luhangan Judinsalossa 20.11.2014 Osakaskunnan kev\u00e4tkokous my\u00f6nsi nuotanvetoluvat Eero Keih\u00e4sniemelle&nbsp;toistaiseksi. Eero kutsui Lue lis\u00e4\u00e4 &gt;\" \/>\n<meta property=\"og:url\" content=\"https:\/\/pohjoispaijanteenkalatalousalue.fi\/judinsalo\/toiminta\/uutisia-lehdista-ja-tapahtumia\/\" \/>\n<meta property=\"og:site_name\" content=\"Judinsalon osakaskunta\" \/>\n<meta name=\"twitter:card\" content=\"summary_large_image\" \/>\n<meta name=\"twitter:label1\" content=\"Arvioitu lukuaika\" \/>\n\t<meta name=\"twitter:data1\" content=\"1 minuutti\" \/>\n<script type=\"application\/ld+json\" class=\"yoast-schema-graph\">{\"@context\":\"https:\/\/schema.org\",\"@graph\":[{\"@type\":\"WebPage\",\"@id\":\"https:\/\/pohjoispaijanteenkalatalousalue.fi\/judinsalo\/toiminta\/uutisia-lehdista-ja-tapahtumia\/\",\"url\":\"https:\/\/pohjoispaijanteenkalatalousalue.fi\/judinsalo\/toiminta\/uutisia-lehdista-ja-tapahtumia\/\",\"name\":\"Uutisia lehdist\u00e4 ja tapahtumia - Judinsalon osakaskunta\",\"isPartOf\":{\"@id\":\"https:\/\/pohjoispaijanteenkalatalousalue.fi\/judinsalo\/#website\"},\"datePublished\":\"2021-01-14T12:16:39+00:00\",\"breadcrumb\":{\"@id\":\"https:\/\/pohjoispaijanteenkalatalousalue.fi\/judinsalo\/toiminta\/uutisia-lehdista-ja-tapahtumia\/#breadcrumb\"},\"inLanguage\":\"fi\",\"potentialAction\":[{\"@type\":\"ReadAction\",\"target\":[\"https:\/\/pohjoispaijanteenkalatalousalue.fi\/judinsalo\/toiminta\/uutisia-lehdista-ja-tapahtumia\/\"]}]},{\"@type\":\"BreadcrumbList\",\"@id\":\"https:\/\/pohjoispaijanteenkalatalousalue.fi\/judinsalo\/toiminta\/uutisia-lehdista-ja-tapahtumia\/#breadcrumb\",\"itemListElement\":[{\"@type\":\"ListItem\",\"position\":1,\"name\":\"Home\",\"item\":\"https:\/\/pohjoispaijanteenkalatalousalue.fi\/judinsalo\/\"},{\"@type\":\"ListItem\",\"position\":2,\"name\":\"Yksityinen: Toiminta\",\"item\":\"https:\/\/pohjoispaijanteenkalatalousalue.fi\/judinsalo\/?page_id=250\"},{\"@type\":\"ListItem\",\"position\":3,\"name\":\"Uutisia lehdist\u00e4 ja tapahtumia\"}]},{\"@type\":\"WebSite\",\"@id\":\"https:\/\/pohjoispaijanteenkalatalousalue.fi\/judinsalo\/#website\",\"url\":\"https:\/\/pohjoispaijanteenkalatalousalue.fi\/judinsalo\/\",\"name\":\"Judinsalon osakaskunta\",\"description\":\"\",\"potentialAction\":[{\"@type\":\"SearchAction\",\"target\":{\"@type\":\"EntryPoint\",\"urlTemplate\":\"https:\/\/pohjoispaijanteenkalatalousalue.fi\/judinsalo\/?s={search_term_string}\"},\"query-input\":{\"@type\":\"PropertyValueSpecification\",\"valueRequired\":true,\"valueName\":\"search_term_string\"}}],\"inLanguage\":\"fi\"}]}<\/script>\n<!-- \/ Yoast SEO plugin. -->","yoast_head_json":{"title":"Uutisia lehdist\u00e4 ja tapahtumia - Judinsalon osakaskunta","robots":{"index":"index","follow":"follow","max-snippet":"max-snippet:-1","max-image-preview":"max-image-preview:large","max-video-preview":"max-video-preview:-1"},"canonical":"https:\/\/pohjoispaijanteenkalatalousalue.fi\/judinsalo\/toiminta\/uutisia-lehdista-ja-tapahtumia\/","og_locale":"fi_FI","og_type":"article","og_title":"Uutisia lehdist\u00e4 ja tapahtumia - Judinsalon osakaskunta","og_description":"Uutisia lehdist\u00e4 ja tapahtumia T\u00e4lle sivulle ker\u00e4\u00e4n osakaskuntaa ja toimintaamme liittyv\u00e4\u00e4 lehtikirjoittelua. Voit my\u00f6s l\u00e4hett\u00e4\u00e4 minulle kiinnostavia aiheita, jotka haluat yleisemp\u00e4\u00e4n tietoon! Reijo Oinonen Joutsan Seutu 22.1.2014 (pdf) Toisen osakaskunnan perustaminen Luhankaan on juuri&nbsp;n\u00e4in\u00e4 viikkoina&nbsp;ajankohtainen. Toivotan p\u00e4\u00e4tt\u00e4jille voimaa ja rohkeutta&nbsp;tehd\u00e4 perustamisp\u00e4\u00e4t\u00f6s; se kannattaa! Nuotanveto Luhangan Judinsalossa 20.11.2014 Osakaskunnan kev\u00e4tkokous my\u00f6nsi nuotanvetoluvat Eero Keih\u00e4sniemelle&nbsp;toistaiseksi. Eero kutsui Lue lis\u00e4\u00e4 >","og_url":"https:\/\/pohjoispaijanteenkalatalousalue.fi\/judinsalo\/toiminta\/uutisia-lehdista-ja-tapahtumia\/","og_site_name":"Judinsalon osakaskunta","twitter_card":"summary_large_image","twitter_misc":{"Arvioitu lukuaika":"1 minuutti"},"schema":{"@context":"https:\/\/schema.org","@graph":[{"@type":"WebPage","@id":"https:\/\/pohjoispaijanteenkalatalousalue.fi\/judinsalo\/toiminta\/uutisia-lehdista-ja-tapahtumia\/","url":"https:\/\/pohjoispaijanteenkalatalousalue.fi\/judinsalo\/toiminta\/uutisia-lehdista-ja-tapahtumia\/","name":"Uutisia lehdist\u00e4 ja tapahtumia - Judinsalon osakaskunta","isPartOf":{"@id":"https:\/\/pohjoispaijanteenkalatalousalue.fi\/judinsalo\/#website"},"datePublished":"2021-01-14T12:16:39+00:00","breadcrumb":{"@id":"https:\/\/pohjoispaijanteenkalatalousalue.fi\/judinsalo\/toiminta\/uutisia-lehdista-ja-tapahtumia\/#breadcrumb"},"inLanguage":"fi","potentialAction":[{"@type":"ReadAction","target":["https:\/\/pohjoispaijanteenkalatalousalue.fi\/judinsalo\/toiminta\/uutisia-lehdista-ja-tapahtumia\/"]}]},{"@type":"BreadcrumbList","@id":"https:\/\/pohjoispaijanteenkalatalousalue.fi\/judinsalo\/toiminta\/uutisia-lehdista-ja-tapahtumia\/#breadcrumb","itemListElement":[{"@type":"ListItem","position":1,"name":"Home","item":"https:\/\/pohjoispaijanteenkalatalousalue.fi\/judinsalo\/"},{"@type":"ListItem","position":2,"name":"Yksityinen: Toiminta","item":"https:\/\/pohjoispaijanteenkalatalousalue.fi\/judinsalo\/?page_id=250"},{"@type":"ListItem","position":3,"name":"Uutisia lehdist\u00e4 ja tapahtumia"}]},{"@type":"WebSite","@id":"https:\/\/pohjoispaijanteenkalatalousalue.fi\/judinsalo\/#website","url":"https:\/\/pohjoispaijanteenkalatalousalue.fi\/judinsalo\/","name":"Judinsalon osakaskunta","description":"","potentialAction":[{"@type":"SearchAction","target":{"@type":"EntryPoint","urlTemplate":"https:\/\/pohjoispaijanteenkalatalousalue.fi\/judinsalo\/?s={search_term_string}"},"query-input":{"@type":"PropertyValueSpecification","valueRequired":true,"valueName":"search_term_string"}}],"inLanguage":"fi"}]}},"_links":{"self":[{"href":"https:\/\/pohjoispaijanteenkalatalousalue.fi\/judinsalo\/wp-json\/wp\/v2\/pages\/265","targetHints":{"allow":["GET"]}}],"collection":[{"href":"https:\/\/pohjoispaijanteenkalatalousalue.fi\/judinsalo\/wp-json\/wp\/v2\/pages"}],"about":[{"href":"https:\/\/pohjoispaijanteenkalatalousalue.fi\/judinsalo\/wp-json\/wp\/v2\/types\/page"}],"author":[{"embeddable":true,"href":"https:\/\/pohjoispaijanteenkalatalousalue.fi\/judinsalo\/wp-json\/wp\/v2\/users\/1"}],"replies":[{"embeddable":true,"href":"https:\/\/pohjoispaijanteenkalatalousalue.fi\/judinsalo\/wp-json\/wp\/v2\/comments?post=265"}],"version-history":[{"count":2,"href":"https:\/\/pohjoispaijanteenkalatalousalue.fi\/judinsalo\/wp-json\/wp\/v2\/pages\/265\/revisions"}],"predecessor-version":[{"id":267,"href":"https:\/\/pohjoispaijanteenkalatalousalue.fi\/judinsalo\/wp-json\/wp\/v2\/pages\/265\/revisions\/267"}],"up":[{"embeddable":true,"href":"https:\/\/pohjoispaijanteenkalatalousalue.fi\/judinsalo\/wp-json\/wp\/v2\/pages\/250"}],"wp:attachment":[{"href":"https:\/\/pohjoispaijanteenkalatalousalue.fi\/judinsalo\/wp-json\/wp\/v2\/media?parent=265"}],"curies":[{"name":"wp","href":"https:\/\/api.w.org\/{rel}","templated":true}]}}