{"id":26,"date":"2020-10-29T08:31:59","date_gmt":"2020-10-29T08:31:59","guid":{"rendered":"http:\/\/89.166.51.80\/~pohjoispaij\/judinsalo\/?page_id=26"},"modified":"2022-04-12T11:07:25","modified_gmt":"2022-04-12T11:07:25","slug":"tiedot","status":"publish","type":"page","link":"https:\/\/pohjoispaijanteenkalatalousalue.fi\/judinsalo\/tiedot\/","title":{"rendered":"Tiedot"},"content":{"rendered":"\n<h2 class=\"wp-block-heading\">Yhteystiedot<\/h2>\n\n\n\n<p>Puheenjohtaja:<\/p>\n\n\n\n<p>Reijo Oinonen<br>Jutilantie 72<br>19950 Luhanka<br>puh. 0400 494 721<br>reijo.oinonen@dlc.fi<\/p>\n\n\n\n<p>Puheenjohtajan k\u00e4yt\u00f6ss\u00e4 olevan, osakaskunnan matkapuhelimen numero on:<\/p>\n\n\n\n<p>050 597 7071.<\/p>\n\n\n\n<p>T\u00e4m\u00e4n numeron kautta l\u00e4hetet\u00e4\u00e4n jatkossa informaatiota tekstiviestein NumeroNetin (Elisa Oyj) nimell\u00e4.<\/p>\n\n\n\n<p>Osakaskunnan Y-tunnus: 2548865-5. Osakaskunta on ALV-velvollinen.<\/p>\n\n\n\n<p>Judinsalon osakaskunnan hoitokunta:<\/p>\n\n\n\n<p>Oinonen Reijo, puheenj.; Jutilantie 72, 19950 Luhanka; 0400 494 721; reijo.oinonen@dlc.fi<br>Halonen Jouko, varapj.<br>Nikkinen Esko, sihteeri<br>Matti Ruisaho, j\u00e4sen<br>Ari Ruuti, j\u00e4sen<br>Eino Polvela, j\u00e4sen<\/p>\n\n\n\n<p>Kalastusalueen valvojat<\/p>\n\n\n\n<p>Valtuutettuina kalastuksenvalvojina toimivat:<\/p>\n\n\n\n<p>Jouko Halonen, puh. 040 869 3553<br>Ari Ruuti, puh. 040 527 1310<br>Esko Nikkinen, puh 0400 445 112<br>sek\u00e4 alueen valvoja<br>Risto Mankonen, puh. 045 677 9344<\/p>\n\n\n\n<h2 class=\"wp-block-heading\">Sijainti<\/h2>\n\n\n\n<figure class=\"wp-block-image size-large\"><a href=\"http:\/\/89.166.51.80\/~pohjoispaij\/judinsalo\/wp-content\/uploads\/sites\/41\/2021\/01\/judinsalo-I-vedet-1-40000.png\"><img loading=\"lazy\" decoding=\"async\" width=\"1024\" height=\"623\" src=\"http:\/\/89.166.51.80\/~pohjoispaij\/judinsalo\/wp-content\/uploads\/sites\/41\/2021\/01\/judinsalo-I-vedet-1-40000-1024x623.png\" alt=\"\" class=\"wp-image-218\" srcset=\"https:\/\/pohjoispaijanteenkalatalousalue.fi\/judinsalo\/wp-content\/uploads\/sites\/41\/2021\/01\/judinsalo-I-vedet-1-40000-1024x623.png 1024w, https:\/\/pohjoispaijanteenkalatalousalue.fi\/judinsalo\/wp-content\/uploads\/sites\/41\/2021\/01\/judinsalo-I-vedet-1-40000-300x183.png 300w, https:\/\/pohjoispaijanteenkalatalousalue.fi\/judinsalo\/wp-content\/uploads\/sites\/41\/2021\/01\/judinsalo-I-vedet-1-40000-768x467.png 768w, https:\/\/pohjoispaijanteenkalatalousalue.fi\/judinsalo\/wp-content\/uploads\/sites\/41\/2021\/01\/judinsalo-I-vedet-1-40000.png 1430w\" sizes=\"auto, (max-width: 1024px) 100vw, 1024px\" \/><\/a><\/figure>\n\n\n\n<p><strong>15.06.2018 alueemme laajeni n. 150 ha Luhangan osakaskunnan kanssa tehdyn vuorasopimuksen mukaisesti:<\/strong><\/p>\n\n\n\n<div class=\"wp-block-file\"><a id=\"wp-block-file--media-fb3ff386-943f-45ef-91bc-c2174bb40d3a\" href=\"http:\/\/89.166.51.80\/~pohjoispaij\/judinsalo\/wp-content\/uploads\/sites\/41\/2021\/01\/Vuokrasopimus-LuOk-JuOk-12.06.2018.pdf\">Vuokrasopimus Luhangan osakaskunta-Judinsalon osakaskunta (pdf)<\/a><a href=\"http:\/\/89.166.51.80\/~pohjoispaij\/judinsalo\/wp-content\/uploads\/sites\/41\/2021\/01\/Vuokrasopimus-LuOk-JuOk-12.06.2018.pdf\" class=\"wp-block-file__button\" download aria-describedby=\"wp-block-file--media-fb3ff386-943f-45ef-91bc-c2174bb40d3a\">Lataa<\/a><\/div>\n\n\n\n<div class=\"wp-block-file\"><a id=\"wp-block-file--media-6643772c-800b-4702-b5a9-538029d120b8\" href=\"http:\/\/89.166.51.80\/~pohjoispaij\/judinsalo\/wp-content\/uploads\/sites\/41\/2021\/01\/Kartta-Rainionniemen-edusta-Liite-9.pdf\">Rainionniemen edustan kartta (pdf)<\/a><a href=\"http:\/\/89.166.51.80\/~pohjoispaij\/judinsalo\/wp-content\/uploads\/sites\/41\/2021\/01\/Kartta-Rainionniemen-edusta-Liite-9.pdf\" class=\"wp-block-file__button\" download aria-describedby=\"wp-block-file--media-6643772c-800b-4702-b5a9-538029d120b8\">Lataa<\/a><\/div>\n\n\n\n<div class=\"wp-block-file\"><a id=\"wp-block-file--media-5c8626f8-f6cd-437f-b403-d98e03c830b9\" href=\"http:\/\/89.166.51.80\/~pohjoispaij\/judinsalo\/wp-content\/uploads\/sites\/41\/2021\/01\/Kartta-Vuorisalon-edusta-Liite-10.pdf\">Ahvenussel\u00e4n Vuorisalon puoleinen ranta (pdf)<\/a><a href=\"http:\/\/89.166.51.80\/~pohjoispaij\/judinsalo\/wp-content\/uploads\/sites\/41\/2021\/01\/Kartta-Vuorisalon-edusta-Liite-10.pdf\" class=\"wp-block-file__button\" download aria-describedby=\"wp-block-file--media-5c8626f8-f6cd-437f-b403-d98e03c830b9\">Lataa<\/a><\/div>\n\n\n\n<div class=\"wp-block-file\"><a id=\"wp-block-file--media-4001217e-4112-4833-8026-2d55718b3f95\" href=\"http:\/\/89.166.51.80\/~pohjoispaij\/judinsalo\/wp-content\/uploads\/sites\/41\/2021\/01\/Kartta-Keihasniemen-itareuna-Liite-11.pdf\">Osa Keih\u00e4sniemen it\u00e4reunan rannasta (pdf)<\/a><a href=\"http:\/\/89.166.51.80\/~pohjoispaij\/judinsalo\/wp-content\/uploads\/sites\/41\/2021\/01\/Kartta-Keihasniemen-itareuna-Liite-11.pdf\" class=\"wp-block-file__button\" download aria-describedby=\"wp-block-file--media-4001217e-4112-4833-8026-2d55718b3f95\">Lataa<\/a><\/div>\n\n\n\n\n\n<p><strong>N\u00e4ill\u00e4 alueilla kalastettaessa tulee siis nyt k\u00e4ytt\u00e4\u00e4 Judinsalon osakaskunnan pyydysmerkkej\u00e4.<\/strong><\/p>\n","protected":false},"excerpt":{"rendered":"<p>Yhteystiedot Puheenjohtaja: Reijo OinonenJutilantie 7219950 Luhankapuh. 0400 494 721reijo.oinonen@dlc.fi Puheenjohtajan k\u00e4yt\u00f6ss\u00e4 olevan, osakaskunnan matkapuhelimen numero on: 050 597 7071. T\u00e4m\u00e4n numeron kautta l\u00e4hetet\u00e4\u00e4n jatkossa informaatiota tekstiviestein NumeroNetin (Elisa Oyj) nimell\u00e4. Osakaskunnan Y-tunnus: 2548865-5. Osakaskunta on ALV-velvollinen. Judinsalon osakaskunnan hoitokunta: Oinonen Reijo, puheenj.; Jutilantie 72, 19950 Luhanka; 0400 494 721; reijo.oinonen@dlc.fiHalonen Jouko, varapj.Nikkinen Esko, sihteeriMatti Ruisaho,<\/p>\n<p><a class=\"moretag\" href=\"https:\/\/pohjoispaijanteenkalatalousalue.fi\/judinsalo\/tiedot\/\"> Lue lis\u00e4\u00e4 ><\/a><\/p>\n","protected":false},"author":1,"featured_media":0,"parent":0,"menu_order":0,"comment_status":"closed","ping_status":"closed","template":"basic-sivu.php","meta":{"_acf_changed":false,"footnotes":""},"class_list":["post-26","page","type-page","status-publish","hentry"],"acf":[],"yoast_head":"<!-- This site is optimized with the Yoast SEO plugin v27.1.1 - https:\/\/yoast.com\/product\/yoast-seo-wordpress\/ -->\n<title>Tiedot - Judinsalon osakaskunta<\/title>\n<meta name=\"robots\" content=\"index, follow, max-snippet:-1, max-image-preview:large, max-video-preview:-1\" \/>\n<link rel=\"canonical\" href=\"https:\/\/pohjoispaijanteenkalatalousalue.fi\/judinsalo\/tiedot\/\" \/>\n<meta property=\"og:locale\" content=\"fi_FI\" \/>\n<meta property=\"og:type\" content=\"article\" \/>\n<meta property=\"og:title\" content=\"Tiedot - Judinsalon osakaskunta\" \/>\n<meta property=\"og:description\" content=\"Yhteystiedot Puheenjohtaja: Reijo OinonenJutilantie 7219950 Luhankapuh. 0400 494 721reijo.oinonen@dlc.fi Puheenjohtajan k\u00e4yt\u00f6ss\u00e4 olevan, osakaskunnan matkapuhelimen numero on: 050 597 7071. T\u00e4m\u00e4n numeron kautta l\u00e4hetet\u00e4\u00e4n jatkossa informaatiota tekstiviestein NumeroNetin (Elisa Oyj) nimell\u00e4. Osakaskunnan Y-tunnus: 2548865-5. Osakaskunta on ALV-velvollinen. Judinsalon osakaskunnan hoitokunta: Oinonen Reijo, puheenj.; Jutilantie 72, 19950 Luhanka; 0400 494 721; reijo.oinonen@dlc.fiHalonen Jouko, varapj.Nikkinen Esko, sihteeriMatti Ruisaho, Lue lis\u00e4\u00e4 &gt;\" \/>\n<meta property=\"og:url\" content=\"https:\/\/pohjoispaijanteenkalatalousalue.fi\/judinsalo\/tiedot\/\" \/>\n<meta property=\"og:site_name\" content=\"Judinsalon osakaskunta\" \/>\n<meta property=\"article:modified_time\" content=\"2022-04-12T11:07:25+00:00\" \/>\n<meta property=\"og:image\" content=\"http:\/\/89.166.51.80\/~pohjoispaij\/judinsalo\/wp-content\/uploads\/sites\/41\/2021\/01\/judinsalo-I-vedet-1-40000-1024x623.png\" \/>\n<meta name=\"twitter:card\" content=\"summary_large_image\" \/>\n<meta name=\"twitter:label1\" content=\"Arvioitu lukuaika\" \/>\n\t<meta name=\"twitter:data1\" content=\"2 minuuttia\" \/>\n<script type=\"application\/ld+json\" class=\"yoast-schema-graph\">{\"@context\":\"https:\/\/schema.org\",\"@graph\":[{\"@type\":\"WebPage\",\"@id\":\"https:\/\/pohjoispaijanteenkalatalousalue.fi\/judinsalo\/tiedot\/\",\"url\":\"https:\/\/pohjoispaijanteenkalatalousalue.fi\/judinsalo\/tiedot\/\",\"name\":\"Tiedot - Judinsalon osakaskunta\",\"isPartOf\":{\"@id\":\"https:\/\/pohjoispaijanteenkalatalousalue.fi\/judinsalo\/#website\"},\"primaryImageOfPage\":{\"@id\":\"https:\/\/pohjoispaijanteenkalatalousalue.fi\/judinsalo\/tiedot\/#primaryimage\"},\"image\":{\"@id\":\"https:\/\/pohjoispaijanteenkalatalousalue.fi\/judinsalo\/tiedot\/#primaryimage\"},\"thumbnailUrl\":\"http:\/\/89.166.51.80\/~pohjoispaij\/judinsalo\/wp-content\/uploads\/sites\/41\/2021\/01\/judinsalo-I-vedet-1-40000-1024x623.png\",\"datePublished\":\"2020-10-29T08:31:59+00:00\",\"dateModified\":\"2022-04-12T11:07:25+00:00\",\"breadcrumb\":{\"@id\":\"https:\/\/pohjoispaijanteenkalatalousalue.fi\/judinsalo\/tiedot\/#breadcrumb\"},\"inLanguage\":\"fi\",\"potentialAction\":[{\"@type\":\"ReadAction\",\"target\":[\"https:\/\/pohjoispaijanteenkalatalousalue.fi\/judinsalo\/tiedot\/\"]}]},{\"@type\":\"ImageObject\",\"inLanguage\":\"fi\",\"@id\":\"https:\/\/pohjoispaijanteenkalatalousalue.fi\/judinsalo\/tiedot\/#primaryimage\",\"url\":\"http:\/\/89.166.51.80\/~pohjoispaij\/judinsalo\/wp-content\/uploads\/sites\/41\/2021\/01\/judinsalo-I-vedet-1-40000-1024x623.png\",\"contentUrl\":\"http:\/\/89.166.51.80\/~pohjoispaij\/judinsalo\/wp-content\/uploads\/sites\/41\/2021\/01\/judinsalo-I-vedet-1-40000-1024x623.png\"},{\"@type\":\"BreadcrumbList\",\"@id\":\"https:\/\/pohjoispaijanteenkalatalousalue.fi\/judinsalo\/tiedot\/#breadcrumb\",\"itemListElement\":[{\"@type\":\"ListItem\",\"position\":1,\"name\":\"Home\",\"item\":\"https:\/\/pohjoispaijanteenkalatalousalue.fi\/judinsalo\/\"},{\"@type\":\"ListItem\",\"position\":2,\"name\":\"Tiedot\"}]},{\"@type\":\"WebSite\",\"@id\":\"https:\/\/pohjoispaijanteenkalatalousalue.fi\/judinsalo\/#website\",\"url\":\"https:\/\/pohjoispaijanteenkalatalousalue.fi\/judinsalo\/\",\"name\":\"Judinsalon osakaskunta\",\"description\":\"\",\"potentialAction\":[{\"@type\":\"SearchAction\",\"target\":{\"@type\":\"EntryPoint\",\"urlTemplate\":\"https:\/\/pohjoispaijanteenkalatalousalue.fi\/judinsalo\/?s={search_term_string}\"},\"query-input\":{\"@type\":\"PropertyValueSpecification\",\"valueRequired\":true,\"valueName\":\"search_term_string\"}}],\"inLanguage\":\"fi\"}]}<\/script>\n<!-- \/ Yoast SEO plugin. -->","yoast_head_json":{"title":"Tiedot - Judinsalon osakaskunta","robots":{"index":"index","follow":"follow","max-snippet":"max-snippet:-1","max-image-preview":"max-image-preview:large","max-video-preview":"max-video-preview:-1"},"canonical":"https:\/\/pohjoispaijanteenkalatalousalue.fi\/judinsalo\/tiedot\/","og_locale":"fi_FI","og_type":"article","og_title":"Tiedot - Judinsalon osakaskunta","og_description":"Yhteystiedot Puheenjohtaja: Reijo OinonenJutilantie 7219950 Luhankapuh. 0400 494 721reijo.oinonen@dlc.fi Puheenjohtajan k\u00e4yt\u00f6ss\u00e4 olevan, osakaskunnan matkapuhelimen numero on: 050 597 7071. T\u00e4m\u00e4n numeron kautta l\u00e4hetet\u00e4\u00e4n jatkossa informaatiota tekstiviestein NumeroNetin (Elisa Oyj) nimell\u00e4. Osakaskunnan Y-tunnus: 2548865-5. Osakaskunta on ALV-velvollinen. Judinsalon osakaskunnan hoitokunta: Oinonen Reijo, puheenj.; Jutilantie 72, 19950 Luhanka; 0400 494 721; reijo.oinonen@dlc.fiHalonen Jouko, varapj.Nikkinen Esko, sihteeriMatti Ruisaho, Lue lis\u00e4\u00e4 >","og_url":"https:\/\/pohjoispaijanteenkalatalousalue.fi\/judinsalo\/tiedot\/","og_site_name":"Judinsalon osakaskunta","article_modified_time":"2022-04-12T11:07:25+00:00","og_image":[{"url":"http:\/\/89.166.51.80\/~pohjoispaij\/judinsalo\/wp-content\/uploads\/sites\/41\/2021\/01\/judinsalo-I-vedet-1-40000-1024x623.png","type":"","width":"","height":""}],"twitter_card":"summary_large_image","twitter_misc":{"Arvioitu lukuaika":"2 minuuttia"},"schema":{"@context":"https:\/\/schema.org","@graph":[{"@type":"WebPage","@id":"https:\/\/pohjoispaijanteenkalatalousalue.fi\/judinsalo\/tiedot\/","url":"https:\/\/pohjoispaijanteenkalatalousalue.fi\/judinsalo\/tiedot\/","name":"Tiedot - Judinsalon osakaskunta","isPartOf":{"@id":"https:\/\/pohjoispaijanteenkalatalousalue.fi\/judinsalo\/#website"},"primaryImageOfPage":{"@id":"https:\/\/pohjoispaijanteenkalatalousalue.fi\/judinsalo\/tiedot\/#primaryimage"},"image":{"@id":"https:\/\/pohjoispaijanteenkalatalousalue.fi\/judinsalo\/tiedot\/#primaryimage"},"thumbnailUrl":"http:\/\/89.166.51.80\/~pohjoispaij\/judinsalo\/wp-content\/uploads\/sites\/41\/2021\/01\/judinsalo-I-vedet-1-40000-1024x623.png","datePublished":"2020-10-29T08:31:59+00:00","dateModified":"2022-04-12T11:07:25+00:00","breadcrumb":{"@id":"https:\/\/pohjoispaijanteenkalatalousalue.fi\/judinsalo\/tiedot\/#breadcrumb"},"inLanguage":"fi","potentialAction":[{"@type":"ReadAction","target":["https:\/\/pohjoispaijanteenkalatalousalue.fi\/judinsalo\/tiedot\/"]}]},{"@type":"ImageObject","inLanguage":"fi","@id":"https:\/\/pohjoispaijanteenkalatalousalue.fi\/judinsalo\/tiedot\/#primaryimage","url":"http:\/\/89.166.51.80\/~pohjoispaij\/judinsalo\/wp-content\/uploads\/sites\/41\/2021\/01\/judinsalo-I-vedet-1-40000-1024x623.png","contentUrl":"http:\/\/89.166.51.80\/~pohjoispaij\/judinsalo\/wp-content\/uploads\/sites\/41\/2021\/01\/judinsalo-I-vedet-1-40000-1024x623.png"},{"@type":"BreadcrumbList","@id":"https:\/\/pohjoispaijanteenkalatalousalue.fi\/judinsalo\/tiedot\/#breadcrumb","itemListElement":[{"@type":"ListItem","position":1,"name":"Home","item":"https:\/\/pohjoispaijanteenkalatalousalue.fi\/judinsalo\/"},{"@type":"ListItem","position":2,"name":"Tiedot"}]},{"@type":"WebSite","@id":"https:\/\/pohjoispaijanteenkalatalousalue.fi\/judinsalo\/#website","url":"https:\/\/pohjoispaijanteenkalatalousalue.fi\/judinsalo\/","name":"Judinsalon osakaskunta","description":"","potentialAction":[{"@type":"SearchAction","target":{"@type":"EntryPoint","urlTemplate":"https:\/\/pohjoispaijanteenkalatalousalue.fi\/judinsalo\/?s={search_term_string}"},"query-input":{"@type":"PropertyValueSpecification","valueRequired":true,"valueName":"search_term_string"}}],"inLanguage":"fi"}]}},"_links":{"self":[{"href":"https:\/\/pohjoispaijanteenkalatalousalue.fi\/judinsalo\/wp-json\/wp\/v2\/pages\/26","targetHints":{"allow":["GET"]}}],"collection":[{"href":"https:\/\/pohjoispaijanteenkalatalousalue.fi\/judinsalo\/wp-json\/wp\/v2\/pages"}],"about":[{"href":"https:\/\/pohjoispaijanteenkalatalousalue.fi\/judinsalo\/wp-json\/wp\/v2\/types\/page"}],"author":[{"embeddable":true,"href":"https:\/\/pohjoispaijanteenkalatalousalue.fi\/judinsalo\/wp-json\/wp\/v2\/users\/1"}],"replies":[{"embeddable":true,"href":"https:\/\/pohjoispaijanteenkalatalousalue.fi\/judinsalo\/wp-json\/wp\/v2\/comments?post=26"}],"version-history":[{"count":19,"href":"https:\/\/pohjoispaijanteenkalatalousalue.fi\/judinsalo\/wp-json\/wp\/v2\/pages\/26\/revisions"}],"predecessor-version":[{"id":633,"href":"https:\/\/pohjoispaijanteenkalatalousalue.fi\/judinsalo\/wp-json\/wp\/v2\/pages\/26\/revisions\/633"}],"wp:attachment":[{"href":"https:\/\/pohjoispaijanteenkalatalousalue.fi\/judinsalo\/wp-json\/wp\/v2\/media?parent=26"}],"curies":[{"name":"wp","href":"https:\/\/api.w.org\/{rel}","templated":true}]}}