{"id":247,"date":"2021-01-14T12:02:43","date_gmt":"2021-01-14T12:02:43","guid":{"rendered":"http:\/\/89.166.51.80\/~pohjoispaij\/judinsalo\/?page_id=247"},"modified":"2021-01-18T11:15:14","modified_gmt":"2021-01-18T11:15:14","slug":"neuvonta","status":"publish","type":"page","link":"https:\/\/pohjoispaijanteenkalatalousalue.fi\/judinsalo\/toiminta\/neuvonta\/","title":{"rendered":"Neuvonta"},"content":{"rendered":"\n<h2 class=\"wp-block-heading\">Neuvonta<\/h2>\n\n\n\n<p><strong>T\u00e4ll\u00e4 sivulla on ajankohtaista tietoa kalastukseen ja vesialueen hoitoon liittyen.<\/strong><\/p>\n\n\n\n<p><em>Alleviivatun, kursivoidun otsikon (pdf)&nbsp;tai (www)&nbsp;<\/em>takaa (klikkaamalla) avautuu uusi ikkuna, jossa&nbsp;on&nbsp;otsikko- aiheeseen liittyv\u00e4\u00e4 tietoa.<\/p>\n\n\n\n<p><a href=\"http:\/\/www.vapaa-ajankalastaja.fi\/\" target=\"_blank\" rel=\"noreferrer noopener\"><em>Suomen Vapaaajan Kalastajien Keskusj\u00e4rjest\u00f6 (www)<\/em><\/a><\/p>\n\n\n\n<p><em>T\u00e4\u00e4ll\u00e4 on mm. tietoja suurkaloista eri vuosina ja suurkalojen ilmoittaminen.<\/em><\/p>\n\n\n\n<p><a rel=\"noreferrer noopener\" href=\"http:\/\/www.maistasuomi.fi\/fi\/vuodenelintarvike\" target=\"_blank\"><em>Osallistu uuteen &#8217;Vuoden Suomalainen elintarvike 2016&#8217; -kilpailuun (www)<\/em><\/a><\/p>\n\n\n\n<p><strong><em>Kalastusalueen vuosikokouksessa 31.3.16 oli mm. yksi isompi, mielenkiintoinen juttu<\/em>:<\/strong>\u00a0uusi ammattikalastaja tuli alueelle. Ari Sepp\u00e4l\u00e4 (Komppa-Sepp\u00e4l\u00e4 Luomutila) Korpilahdelta aloittaa P\u00e4ij\u00e4nteell\u00e4 s\u00e4rjen ammattimaisen kalastuksen ja sen jalostuksen ravinnoksi. H\u00e4n k\u00e4ytt\u00e4\u00e4 pyynniss\u00e4 katiskoita ja rysi\u00e4. T\u00e4m\u00e4 oli yksi valtakunnallisen risteilyn teemoista, oikein hy\u00f6dyllist\u00e4 monelta kantilta; roskakalan poisto ja kansantaloudellinen hy\u00f6ty, kun tuontikaloja, seiti ja turska, saadaan korvattua. Sepp\u00e4l\u00e4n s\u00e4ilyketuote p\u00e4rj\u00e4si einomaisesti valtakunnalisen raadin arvioissa (viiden parhaan joukkoon, muistaakseni kolmas, heti isojen Atria ja Saarioisten j\u00e4lkeen, yli 60 osallistujasta!)\u00a0Yleis\u00f6 p\u00e4\u00e4see \u00e4\u00e4nest\u00e4m\u00e4\u00e4n voittajan.<strong>\u00a0J\u00e4rki S\u00e4rki voittoon! S\u00e4rki on hyv\u00e4\u00e4!<\/strong><\/p>\n\n\n\n<p><a href=\"http:\/\/www.maistasuomi.fi\/fi\/vuodenelintarvike\" target=\"_blank\" rel=\"noreferrer noopener\">&nbsp;\u00c4\u00e4nest\u00e4 17.4.16 menness\u00e4 t\u00e4st\u00e4 linkist\u00e4 (www)<\/a><\/p>\n\n\n\n<p>* * * * * * *\u00a0<\/p>\n\n\n\n<div class=\"wp-block-file\"><a href=\"http:\/\/89.166.51.80\/~pohjoispaij\/judinsalo\/wp-content\/uploads\/sites\/41\/2021\/01\/Kalamerkin-palautusohje.pdf\">Kalamerkin palautusohje (pdf)<\/a><a href=\"http:\/\/89.166.51.80\/~pohjoispaij\/judinsalo\/wp-content\/uploads\/sites\/41\/2021\/01\/Kalamerkin-palautusohje.pdf\" class=\"wp-block-file__button\" download>Lataa<\/a><\/div>\n\n\n\n<p><strong>Tiedote 15.3.2014 istutusmerkeist\u00e4:<\/strong><\/p>\n\n\n\n<p><strong>Merkeiss\u00e4 oleva palautuspuh.numero RKTL:\u00e4\u00e4n on virheellinen.&nbsp;Oikea numero on nykyisin 0295 327 233. Yhteyshenkil\u00f6 on Lili Porspakka. My\u00f6s RKTL:n vaihteeseen, 029 530 1000, voi tehd\u00e4 ilmoituksen ja tietysti netin kautta,&nbsp;<a href=\"mailto:lili.porspakka@rktl.fi\">lili.porspakka@rktl.fi<\/a><\/strong><\/p>\n\n\n\n<p><strong>Lili lupasi l\u00e4hett\u00e4\u00e4 Joukolle ja mulle meid\u00e4n uusimman istutusseurannan huhtikuun alkupuolella vuosikokouksessa informoitavaksi. RKTL:n sivuilla www.rktl.fi kannattaa my\u00f6s k\u00e4yd\u00e4 &#8230; ovat mielenkiintoiset!<\/strong><\/p>\n\n\n\n<div class=\"wp-block-file\"><a href=\"http:\/\/89.166.51.80\/~pohjoispaij\/judinsalo\/wp-content\/uploads\/sites\/41\/2021\/01\/Merkitse-pyydyksesi-oikein.pdf\">Merkitse pyydyksesi oikein (pdf)<\/a><a href=\"http:\/\/89.166.51.80\/~pohjoispaij\/judinsalo\/wp-content\/uploads\/sites\/41\/2021\/01\/Merkitse-pyydyksesi-oikein.pdf\" class=\"wp-block-file__button\" download>Lataa<\/a><\/div>\n\n\n\n<div class=\"wp-block-file\"><a href=\"http:\/\/89.166.51.80\/~pohjoispaij\/judinsalo\/wp-content\/uploads\/sites\/41\/2021\/01\/Talviverkkojen-merkinta-ELY.pdf\">Pyydysten merkint\u00e4 talvikalastuksessa (pdf)<\/a><a href=\"http:\/\/89.166.51.80\/~pohjoispaij\/judinsalo\/wp-content\/uploads\/sites\/41\/2021\/01\/Talviverkkojen-merkinta-ELY.pdf\" class=\"wp-block-file__button\" download>Lataa<\/a><\/div>\n\n\n\n<p>**************************************************************<\/p>\n\n\n\n<p><strong>5.4.2014:<\/strong><br><strong>Ker\u00e4\u00e4n t\u00e4lle sivulle aineistoa, joka tulee esille vuosikokouksessa. Tutustu ihmeess\u00e4 &#8230; tule kokoukseen ja kerro kommenttisi asioista! Varsinkin kalastuslain muutos on nyt &#8217;kuuma peruna&#8217; alalla. Kuulemme kokouksessa viimeisimm\u00e4t tiedot lain etenemisest\u00e4 hallinnossa.<\/strong><br><strong>Reijo Oinonen<\/strong><\/p>\n\n\n\n<div class=\"wp-block-file\"><a href=\"http:\/\/89.166.51.80\/~pohjoispaij\/judinsalo\/wp-content\/uploads\/sites\/41\/2021\/01\/11-Kokousmateriaali-2014-EKPK-VMP.pdf\">Kalastusalueiden kokousinfo (KS ELY-keskus: Veli-Matti Paananen) (pdf)<\/a><a href=\"http:\/\/89.166.51.80\/~pohjoispaij\/judinsalo\/wp-content\/uploads\/sites\/41\/2021\/01\/11-Kokousmateriaali-2014-EKPK-VMP.pdf\" class=\"wp-block-file__button\" download>Lataa<\/a><\/div>\n\n\n\n<p>Keski-Suomen ELY-keskuksessa vaikuttava Kalatalousasintuntija Veli-Matti Paananen piti t\u00e4m\u00e4n esityksen Pohjois-P\u00e4ij\u00e4nteen kalastusalueen vuosikokouksessa 31.3.2014. Paananen esitelm\u00f6i aiheesta eri puolilla Suomea alueiden tilaisuuksissa ja p\u00e4ivitt\u00e4\u00e4 tietoja sen mukaan, kun asiat etenev\u00e4t valtion hallinnossa!<\/p>\n\n\n\n<p>17.4.14: T\u00e4m\u00e4 on uusin versio; siin\u00e4 on\u00a0sinisell\u00e4 merkattu ne asiat, jotka ovat edenneet hallinnossa.<\/p>\n\n\n\n<div class=\"wp-block-file\"><a href=\"http:\/\/89.166.51.80\/~pohjoispaij\/judinsalo\/wp-content\/uploads\/sites\/41\/2021\/01\/Vesijatonlunastus.pdf\">Vesij\u00e4t\u00f6n lunastus (Maanmittauslaitos) (pdf)<\/a><a href=\"http:\/\/89.166.51.80\/~pohjoispaij\/judinsalo\/wp-content\/uploads\/sites\/41\/2021\/01\/Vesijatonlunastus.pdf\" class=\"wp-block-file__button\" download>Lataa<\/a><\/div>\n\n\n\n<p><a href=\"https:\/\/asiointi.maanmittauslaitos.fi\/karttapaikka\/\" target=\"_blank\" rel=\"noreferrer noopener\"><em>Miten selvit\u00e4n kiinteist\u00f6ni sijainnin (Maaanmittauslaitos, karttapaikka) (www)<\/em><\/a><\/p>\n\n\n\n<p>T\u00e4m\u00e4 linkki vie Maanmittauslaitoksen sivulle, jossa olevan kartan avulla&nbsp;voi selvitt\u00e4\u00e4 oman kiinteist\u00f6n sijainnin nimen tai kiinteist\u00f6tunnuksen avulla. Kartasta voi my\u00f6s karkeasti p\u00e4\u00e4tell\u00e4 mahdollisen vesij\u00e4t\u00f6n m\u00e4\u00e4r\u00e4n tilan kohdalla.<\/p>\n\n\n\n<div class=\"wp-block-file\"><a href=\"http:\/\/89.166.51.80\/~pohjoispaij\/judinsalo\/wp-content\/uploads\/sites\/41\/2021\/01\/Rannan-ruoppaus.pdf\">Rannan ruoppaus (Ymp\u00e4rist\u00f6) (pdf)<\/a><a href=\"http:\/\/89.166.51.80\/~pohjoispaij\/judinsalo\/wp-content\/uploads\/sites\/41\/2021\/01\/Rannan-ruoppaus.pdf\" class=\"wp-block-file__button\" download>Lataa<\/a><\/div>\n\n\n\n<p><em><a href=\"http:\/\/www.ymparisto.fi\/download\/noname\/%7BC0AD42FD-B32B-4E1C-B06E-70FA445C9C79%7D\/77679\" target=\"_blank\" rel=\"noreferrer noopener\">Ohjeita ruoppauksiin ja niittoihin (www)<\/a><\/em><\/p>\n\n\n\n<p><em><a href=\"http:\/\/www.ymparisto.fi\/download\/noname\/%7BC737C1F3-F1A3-4584-832D-BFE808D86C95%7D\/77000\" target=\"_blank\" rel=\"noreferrer noopener\">Ruoppaus- ja niittoilmoitus (www)<\/a><\/em><\/p>\n\n\n\n<p><em><a href=\"http:\/\/www.ymparisto.fi\/download\/noname\/%7B16B42106-B767-4B8C-9115-FC69EF812E46%7D\/77001\" target=\"_blank\" rel=\"noreferrer noopener\">Naapureiden ja vesialueen omistajan suostumus (www)<\/a><\/em><\/p>\n\n\n\n<p>T\u00e4m\u00e4 lomake pit\u00e4\u00e4 t\u00e4ytt\u00e4\u00e4 ilmoituksen \/ hakemuksen ja ruoppaussuunnitelman ja laskelmien liitteeksi.<\/p>\n\n\n\n<div class=\"wp-block-file\"><a href=\"http:\/\/89.166.51.80\/~pohjoispaij\/judinsalo\/wp-content\/uploads\/sites\/41\/2021\/01\/Vesikasvien-niitto-8-10-13-12.pdf\">Vesikasvien niitto; Luvanvaraisuus ja toiminta (pdf)<\/a><a href=\"http:\/\/89.166.51.80\/~pohjoispaij\/judinsalo\/wp-content\/uploads\/sites\/41\/2021\/01\/Vesikasvien-niitto-8-10-13-12.pdf\" class=\"wp-block-file__button\" download>Lataa<\/a><\/div>\n\n\n\n<p>Osa ymp\u00e4rist\u00f6suunnittelija Reijo L\u00e4hteenm\u00e4en (ESAELY) esityksest\u00e4.<\/p>\n\n\n\n<div class=\"wp-block-file\"><a href=\"http:\/\/89.166.51.80\/~pohjoispaij\/judinsalo\/wp-content\/uploads\/sites\/41\/2021\/01\/Pienet-vesirakennustyot.pdf\">Pienet vesirakennusty\u00f6t (pdf)<\/a><a href=\"http:\/\/89.166.51.80\/~pohjoispaij\/judinsalo\/wp-content\/uploads\/sites\/41\/2021\/01\/Pienet-vesirakennustyot.pdf\" class=\"wp-block-file__button\" download>Lataa<\/a><\/div>\n\n\n\n<p><em>Paikalliset s\u00e4hk\u00f6johtojen, vesi- ja viem\u00e4riputkien sek\u00e4 maal\u00e4mp\u00f6putkistojen sijoittamiset rantaan ja &nbsp;vesialueelle tulkitaan yleens\u00e4 pieniksi vesirakennust\u00f6iksi, joihon riitt\u00e4\u00e4 vesialueen omistajan (=osakaskunnan) lupa \/&nbsp;suostumus.<\/em><\/p>\n\n\n\n<div class=\"wp-block-file\"><a href=\"http:\/\/89.166.51.80\/~pohjoispaij\/judinsalo\/wp-content\/uploads\/sites\/41\/2021\/01\/Verkon-valinta-Kivikangas-vaaka.pdf\">Verkon solmuv\u00e4lin valinta kalalajin mukaan (pdf)<\/a><a href=\"http:\/\/89.166.51.80\/~pohjoispaij\/judinsalo\/wp-content\/uploads\/sites\/41\/2021\/01\/Verkon-valinta-Kivikangas-vaaka.pdf\" class=\"wp-block-file__button\" download>Lataa<\/a><\/div>\n\n\n\n<p><em>Ohjeellinen taulukko on verkonvalmistaja Kivikankaan tekem\u00e4.&nbsp;<strong>Muistakaa kuitenkin P\u00e4ij\u00e4nteen solmuv\u00e4lirajoitus, 41-54 mm!<\/strong><\/em><\/p>\n","protected":false},"excerpt":{"rendered":"<p>Neuvonta T\u00e4ll\u00e4 sivulla on ajankohtaista tietoa kalastukseen ja vesialueen hoitoon liittyen. Alleviivatun, kursivoidun otsikon (pdf)&nbsp;tai (www)&nbsp;takaa (klikkaamalla) avautuu uusi ikkuna, jossa&nbsp;on&nbsp;otsikko- aiheeseen liittyv\u00e4\u00e4 tietoa. Suomen Vapaaajan Kalastajien Keskusj\u00e4rjest\u00f6 (www) T\u00e4\u00e4ll\u00e4 on mm. tietoja suurkaloista eri vuosina ja suurkalojen ilmoittaminen. Osallistu uuteen &#8217;Vuoden Suomalainen elintarvike 2016&#8217; -kilpailuun (www) Kalastusalueen vuosikokouksessa 31.3.16 oli mm. yksi isompi, mielenkiintoinen<\/p>\n<p><a class=\"moretag\" href=\"https:\/\/pohjoispaijanteenkalatalousalue.fi\/judinsalo\/toiminta\/neuvonta\/\"> Lue lis\u00e4\u00e4 ><\/a><\/p>\n","protected":false},"author":1,"featured_media":0,"parent":250,"menu_order":0,"comment_status":"closed","ping_status":"closed","template":"basic-sivu.php","meta":{"_acf_changed":false,"footnotes":""},"class_list":["post-247","page","type-page","status-publish","hentry"],"acf":[],"yoast_head":"<!-- This site is optimized with the Yoast SEO plugin v27.1.1 - https:\/\/yoast.com\/product\/yoast-seo-wordpress\/ -->\n<title>Neuvonta - Judinsalon osakaskunta<\/title>\n<meta name=\"robots\" content=\"index, follow, max-snippet:-1, max-image-preview:large, max-video-preview:-1\" \/>\n<link rel=\"canonical\" href=\"https:\/\/pohjoispaijanteenkalatalousalue.fi\/judinsalo\/toiminta\/neuvonta\/\" \/>\n<meta property=\"og:locale\" content=\"fi_FI\" \/>\n<meta property=\"og:type\" content=\"article\" \/>\n<meta property=\"og:title\" content=\"Neuvonta - Judinsalon osakaskunta\" \/>\n<meta property=\"og:description\" content=\"Neuvonta T\u00e4ll\u00e4 sivulla on ajankohtaista tietoa kalastukseen ja vesialueen hoitoon liittyen. Alleviivatun, kursivoidun otsikon (pdf)&nbsp;tai (www)&nbsp;takaa (klikkaamalla) avautuu uusi ikkuna, jossa&nbsp;on&nbsp;otsikko- aiheeseen liittyv\u00e4\u00e4 tietoa. Suomen Vapaaajan Kalastajien Keskusj\u00e4rjest\u00f6 (www) T\u00e4\u00e4ll\u00e4 on mm. tietoja suurkaloista eri vuosina ja suurkalojen ilmoittaminen. Osallistu uuteen &#8217;Vuoden Suomalainen elintarvike 2016&#8217; -kilpailuun (www) Kalastusalueen vuosikokouksessa 31.3.16 oli mm. yksi isompi, mielenkiintoinen Lue lis\u00e4\u00e4 &gt;\" \/>\n<meta property=\"og:url\" content=\"https:\/\/pohjoispaijanteenkalatalousalue.fi\/judinsalo\/toiminta\/neuvonta\/\" \/>\n<meta property=\"og:site_name\" content=\"Judinsalon osakaskunta\" \/>\n<meta property=\"article:modified_time\" content=\"2021-01-18T11:15:14+00:00\" \/>\n<meta name=\"twitter:card\" content=\"summary_large_image\" \/>\n<meta name=\"twitter:label1\" content=\"Arvioitu lukuaika\" \/>\n\t<meta name=\"twitter:data1\" content=\"3 minuuttia\" \/>\n<script type=\"application\/ld+json\" class=\"yoast-schema-graph\">{\"@context\":\"https:\/\/schema.org\",\"@graph\":[{\"@type\":\"WebPage\",\"@id\":\"https:\/\/pohjoispaijanteenkalatalousalue.fi\/judinsalo\/toiminta\/neuvonta\/\",\"url\":\"https:\/\/pohjoispaijanteenkalatalousalue.fi\/judinsalo\/toiminta\/neuvonta\/\",\"name\":\"Neuvonta - Judinsalon osakaskunta\",\"isPartOf\":{\"@id\":\"https:\/\/pohjoispaijanteenkalatalousalue.fi\/judinsalo\/#website\"},\"datePublished\":\"2021-01-14T12:02:43+00:00\",\"dateModified\":\"2021-01-18T11:15:14+00:00\",\"breadcrumb\":{\"@id\":\"https:\/\/pohjoispaijanteenkalatalousalue.fi\/judinsalo\/toiminta\/neuvonta\/#breadcrumb\"},\"inLanguage\":\"fi\",\"potentialAction\":[{\"@type\":\"ReadAction\",\"target\":[\"https:\/\/pohjoispaijanteenkalatalousalue.fi\/judinsalo\/toiminta\/neuvonta\/\"]}]},{\"@type\":\"BreadcrumbList\",\"@id\":\"https:\/\/pohjoispaijanteenkalatalousalue.fi\/judinsalo\/toiminta\/neuvonta\/#breadcrumb\",\"itemListElement\":[{\"@type\":\"ListItem\",\"position\":1,\"name\":\"Home\",\"item\":\"https:\/\/pohjoispaijanteenkalatalousalue.fi\/judinsalo\/\"},{\"@type\":\"ListItem\",\"position\":2,\"name\":\"Yksityinen: Toiminta\",\"item\":\"https:\/\/pohjoispaijanteenkalatalousalue.fi\/judinsalo\/?page_id=250\"},{\"@type\":\"ListItem\",\"position\":3,\"name\":\"Neuvonta\"}]},{\"@type\":\"WebSite\",\"@id\":\"https:\/\/pohjoispaijanteenkalatalousalue.fi\/judinsalo\/#website\",\"url\":\"https:\/\/pohjoispaijanteenkalatalousalue.fi\/judinsalo\/\",\"name\":\"Judinsalon osakaskunta\",\"description\":\"\",\"potentialAction\":[{\"@type\":\"SearchAction\",\"target\":{\"@type\":\"EntryPoint\",\"urlTemplate\":\"https:\/\/pohjoispaijanteenkalatalousalue.fi\/judinsalo\/?s={search_term_string}\"},\"query-input\":{\"@type\":\"PropertyValueSpecification\",\"valueRequired\":true,\"valueName\":\"search_term_string\"}}],\"inLanguage\":\"fi\"}]}<\/script>\n<!-- \/ Yoast SEO plugin. -->","yoast_head_json":{"title":"Neuvonta - Judinsalon osakaskunta","robots":{"index":"index","follow":"follow","max-snippet":"max-snippet:-1","max-image-preview":"max-image-preview:large","max-video-preview":"max-video-preview:-1"},"canonical":"https:\/\/pohjoispaijanteenkalatalousalue.fi\/judinsalo\/toiminta\/neuvonta\/","og_locale":"fi_FI","og_type":"article","og_title":"Neuvonta - Judinsalon osakaskunta","og_description":"Neuvonta T\u00e4ll\u00e4 sivulla on ajankohtaista tietoa kalastukseen ja vesialueen hoitoon liittyen. Alleviivatun, kursivoidun otsikon (pdf)&nbsp;tai (www)&nbsp;takaa (klikkaamalla) avautuu uusi ikkuna, jossa&nbsp;on&nbsp;otsikko- aiheeseen liittyv\u00e4\u00e4 tietoa. Suomen Vapaaajan Kalastajien Keskusj\u00e4rjest\u00f6 (www) T\u00e4\u00e4ll\u00e4 on mm. tietoja suurkaloista eri vuosina ja suurkalojen ilmoittaminen. Osallistu uuteen &#8217;Vuoden Suomalainen elintarvike 2016&#8217; -kilpailuun (www) Kalastusalueen vuosikokouksessa 31.3.16 oli mm. yksi isompi, mielenkiintoinen Lue lis\u00e4\u00e4 >","og_url":"https:\/\/pohjoispaijanteenkalatalousalue.fi\/judinsalo\/toiminta\/neuvonta\/","og_site_name":"Judinsalon osakaskunta","article_modified_time":"2021-01-18T11:15:14+00:00","twitter_card":"summary_large_image","twitter_misc":{"Arvioitu lukuaika":"3 minuuttia"},"schema":{"@context":"https:\/\/schema.org","@graph":[{"@type":"WebPage","@id":"https:\/\/pohjoispaijanteenkalatalousalue.fi\/judinsalo\/toiminta\/neuvonta\/","url":"https:\/\/pohjoispaijanteenkalatalousalue.fi\/judinsalo\/toiminta\/neuvonta\/","name":"Neuvonta - Judinsalon osakaskunta","isPartOf":{"@id":"https:\/\/pohjoispaijanteenkalatalousalue.fi\/judinsalo\/#website"},"datePublished":"2021-01-14T12:02:43+00:00","dateModified":"2021-01-18T11:15:14+00:00","breadcrumb":{"@id":"https:\/\/pohjoispaijanteenkalatalousalue.fi\/judinsalo\/toiminta\/neuvonta\/#breadcrumb"},"inLanguage":"fi","potentialAction":[{"@type":"ReadAction","target":["https:\/\/pohjoispaijanteenkalatalousalue.fi\/judinsalo\/toiminta\/neuvonta\/"]}]},{"@type":"BreadcrumbList","@id":"https:\/\/pohjoispaijanteenkalatalousalue.fi\/judinsalo\/toiminta\/neuvonta\/#breadcrumb","itemListElement":[{"@type":"ListItem","position":1,"name":"Home","item":"https:\/\/pohjoispaijanteenkalatalousalue.fi\/judinsalo\/"},{"@type":"ListItem","position":2,"name":"Yksityinen: Toiminta","item":"https:\/\/pohjoispaijanteenkalatalousalue.fi\/judinsalo\/?page_id=250"},{"@type":"ListItem","position":3,"name":"Neuvonta"}]},{"@type":"WebSite","@id":"https:\/\/pohjoispaijanteenkalatalousalue.fi\/judinsalo\/#website","url":"https:\/\/pohjoispaijanteenkalatalousalue.fi\/judinsalo\/","name":"Judinsalon osakaskunta","description":"","potentialAction":[{"@type":"SearchAction","target":{"@type":"EntryPoint","urlTemplate":"https:\/\/pohjoispaijanteenkalatalousalue.fi\/judinsalo\/?s={search_term_string}"},"query-input":{"@type":"PropertyValueSpecification","valueRequired":true,"valueName":"search_term_string"}}],"inLanguage":"fi"}]}},"_links":{"self":[{"href":"https:\/\/pohjoispaijanteenkalatalousalue.fi\/judinsalo\/wp-json\/wp\/v2\/pages\/247","targetHints":{"allow":["GET"]}}],"collection":[{"href":"https:\/\/pohjoispaijanteenkalatalousalue.fi\/judinsalo\/wp-json\/wp\/v2\/pages"}],"about":[{"href":"https:\/\/pohjoispaijanteenkalatalousalue.fi\/judinsalo\/wp-json\/wp\/v2\/types\/page"}],"author":[{"embeddable":true,"href":"https:\/\/pohjoispaijanteenkalatalousalue.fi\/judinsalo\/wp-json\/wp\/v2\/users\/1"}],"replies":[{"embeddable":true,"href":"https:\/\/pohjoispaijanteenkalatalousalue.fi\/judinsalo\/wp-json\/wp\/v2\/comments?post=247"}],"version-history":[{"count":4,"href":"https:\/\/pohjoispaijanteenkalatalousalue.fi\/judinsalo\/wp-json\/wp\/v2\/pages\/247\/revisions"}],"predecessor-version":[{"id":411,"href":"https:\/\/pohjoispaijanteenkalatalousalue.fi\/judinsalo\/wp-json\/wp\/v2\/pages\/247\/revisions\/411"}],"up":[{"embeddable":true,"href":"https:\/\/pohjoispaijanteenkalatalousalue.fi\/judinsalo\/wp-json\/wp\/v2\/pages\/250"}],"wp:attachment":[{"href":"https:\/\/pohjoispaijanteenkalatalousalue.fi\/judinsalo\/wp-json\/wp\/v2\/media?parent=247"}],"curies":[{"name":"wp","href":"https:\/\/api.w.org\/{rel}","templated":true}]}}